{"id":9642,"date":"2026-03-17T09:42:21","date_gmt":"2026-03-17T08:42:21","guid":{"rendered":"https:\/\/www.rabuso.com\/es\/?page_id=9642"},"modified":"2026-04-13T19:31:01","modified_gmt":"2026-04-13T17:31:01","slug":"rocio-avi","status":"publish","type":"page","link":"https:\/\/www.rabuso.com\/es\/empresa\/equipo\/rocio-avi\/","title":{"rendered":"Roc\u00edo Avi"},"content":{"rendered":"<p><img decoding=\"async\" class=\"size-full wp-image-9639 aligncenter\" src=\"https:\/\/www.rabuso.com\/es\/cms\/files\/RABUSO_Rocio_Avi_690x390.jpg\" alt=\"\" width=\"690\" height=\"390\" srcset=\"https:\/\/www.rabuso.com\/es\/cms\/files\/RABUSO_Rocio_Avi_690x390.jpg 690w, https:\/\/www.rabuso.com\/es\/cms\/files\/RABUSO_Rocio_Avi_690x390-230x130.jpg 230w\" sizes=\"(max-width: 690px) 100vw, 690px\" \/><\/p>\n<h2>Coordinaci\u00f3n de asociaciones<\/h2>\n<ul>\n<li><strong>Idiomas:\u00a0<\/strong>Espa\u00f1ol, ingl\u00e9s, franc\u00e9s y portugu\u00e9s.<\/li>\n<\/ul>\n<p>Me llamo Roc\u00edo y soy licenciada en Traducci\u00f3n e Interpretaci\u00f3n por la Universidad de Granada, ciudad que me vio crecer.<\/p>\n<p>Siempre me ha apasionado el mundo de la comunicaci\u00f3n y los idiomas y he tenido la oportunidad de vivir y trabajar en varios pa\u00edses y continentes, lo que me ha permitido ver el mundo desde otra perspectiva y crecer mucho como persona.<\/p>\n<p>Me he dedicado toda la vida a la comunicaci\u00f3n y gesti\u00f3n de mi propia empresa, pero Rabuso apareci\u00f3 en mi vida en una etapa de transici\u00f3n y cambios en los que sent\u00ed que deb\u00eda integrarme en un equipo y sacar lo mejor de m\u00ed.<\/p>\n<p>En mi tiempo libre disfruto de cocinar para los m\u00edos, leer y hacer reflexiones sobre esos libros, estar con mis hijos y jugar al p\u00e1del.<\/p>\n<p>&nbsp;<\/p>\n","protected":false},"excerpt":{"rendered":"<p>Coordinaci\u00f3n de asociaciones Idiomas:\u00a0Espa\u00f1ol, ingl\u00e9s, franc\u00e9s y portugu\u00e9s. Me llamo Roc\u00edo y soy licenciada en Traducci\u00f3n e Interpretaci\u00f3n por la Universidad de Granada, ciudad que me vio crecer. Siempre me ha apasionado el mundo de la comunicaci\u00f3n y los idiomas y he tenido la oportunidad de vivir y trabajar en varios pa\u00edses y continentes, lo [&hellip;]<\/p>\n","protected":false},"author":383,"featured_media":0,"parent":5139,"menu_order":4,"comment_status":"closed","ping_status":"closed","template":"","meta":{"_acf_changed":false,"footnotes":""},"class_list":["post-9642","page","type-page","status-publish","hentry"],"acf":[],"aioseo_notices":[],"aioseo_head":"\n\t\t<!-- All in One SEO Pro 4.9.6.2 - aioseo.com -->\n\t<meta name=\"description\" content=\"Coordinaci\u00f3n de asociaciones Idiomas: Espa\u00f1ol, ingl\u00e9s, franc\u00e9s y portugu\u00e9s. Me llamo Roc\u00edo y soy licenciada en Traducci\u00f3n e Interpretaci\u00f3n por la Universidad de Granada, ciudad que me vio crecer. Siempre me ha apasionado el mundo de la comunicaci\u00f3n y los idiomas y he tenido la oportunidad de vivir y trabajar en varios pa\u00edses y continentes, lo\" \/>\n\t<meta name=\"robots\" content=\"max-image-preview:large\" \/>\n\t<link rel=\"canonical\" href=\"https:\/\/www.rabuso.com\/es\/empresa\/equipo\/rocio-avi\/\" \/>\n\t<meta name=\"generator\" content=\"All in One SEO Pro (AIOSEO) 4.9.6.2\" \/>\n\t\t<meta property=\"og:locale\" content=\"es_ES\" \/>\n\t\t<meta property=\"og:site_name\" content=\"RABUSO - Soluciones para asociaciones\" \/>\n\t\t<meta property=\"og:type\" content=\"article\" \/>\n\t\t<meta property=\"og:title\" content=\"Roc\u00edo Avi - RABUSO\" \/>\n\t\t<meta property=\"og:description\" content=\"Coordinaci\u00f3n de asociaciones Idiomas: Espa\u00f1ol, ingl\u00e9s, franc\u00e9s y portugu\u00e9s. Me llamo Roc\u00edo y soy licenciada en Traducci\u00f3n e Interpretaci\u00f3n por la Universidad de Granada, ciudad que me vio crecer. Siempre me ha apasionado el mundo de la comunicaci\u00f3n y los idiomas y he tenido la oportunidad de vivir y trabajar en varios pa\u00edses y continentes, lo\" \/>\n\t\t<meta property=\"og:url\" content=\"https:\/\/www.rabuso.com\/es\/empresa\/equipo\/rocio-avi\/\" \/>\n\t\t<meta property=\"og:image\" content=\"https:\/\/www.rabuso.com\/es\/cms\/files\/RABUSO_logo_h_rgb.jpg\" \/>\n\t\t<meta property=\"og:image:secure_url\" content=\"https:\/\/www.rabuso.com\/es\/cms\/files\/RABUSO_logo_h_rgb.jpg\" \/>\n\t\t<meta property=\"og:image:width\" content=\"945\" \/>\n\t\t<meta property=\"og:image:height\" content=\"354\" \/>\n\t\t<meta property=\"article:published_time\" content=\"2026-03-17T08:42:21+00:00\" \/>\n\t\t<meta property=\"article:modified_time\" content=\"2026-04-13T17:31:01+00:00\" \/>\n\t\t<meta name=\"twitter:card\" content=\"summary_large_image\" \/>\n\t\t<meta name=\"twitter:title\" content=\"Roc\u00edo Avi - RABUSO\" \/>\n\t\t<meta name=\"twitter:description\" content=\"Coordinaci\u00f3n de asociaciones Idiomas: Espa\u00f1ol, ingl\u00e9s, franc\u00e9s y portugu\u00e9s. Me llamo Roc\u00edo y soy licenciada en Traducci\u00f3n e Interpretaci\u00f3n por la Universidad de Granada, ciudad que me vio crecer. Siempre me ha apasionado el mundo de la comunicaci\u00f3n y los idiomas y he tenido la oportunidad de vivir y trabajar en varios pa\u00edses y continentes, lo\" \/>\n\t\t<meta name=\"twitter:image\" content=\"https:\/\/www.rabuso.com\/es\/cms\/files\/RABUSO_logo_h_rgb.jpg\" \/>\n\t\t<script type=\"application\/ld+json\" class=\"aioseo-schema\">\n\t\t\t{\"@context\":\"https:\\\/\\\/schema.org\",\"@graph\":[{\"@type\":\"BreadcrumbList\",\"@id\":\"https:\\\/\\\/www.rabuso.com\\\/es\\\/empresa\\\/equipo\\\/rocio-avi\\\/#breadcrumblist\",\"itemListElement\":[{\"@type\":\"ListItem\",\"@id\":\"https:\\\/\\\/www.rabuso.com\\\/es#listItem\",\"position\":1,\"name\":\"Home\",\"item\":\"https:\\\/\\\/www.rabuso.com\\\/es\",\"nextItem\":{\"@type\":\"ListItem\",\"@id\":\"https:\\\/\\\/www.rabuso.com\\\/es\\\/empresa\\\/#listItem\",\"name\":\"Empresa\"}},{\"@type\":\"ListItem\",\"@id\":\"https:\\\/\\\/www.rabuso.com\\\/es\\\/empresa\\\/#listItem\",\"position\":2,\"name\":\"Empresa\",\"item\":\"https:\\\/\\\/www.rabuso.com\\\/es\\\/empresa\\\/\",\"nextItem\":{\"@type\":\"ListItem\",\"@id\":\"https:\\\/\\\/www.rabuso.com\\\/es\\\/empresa\\\/equipo\\\/#listItem\",\"name\":\"Equipo\"},\"previousItem\":{\"@type\":\"ListItem\",\"@id\":\"https:\\\/\\\/www.rabuso.com\\\/es#listItem\",\"name\":\"Home\"}},{\"@type\":\"ListItem\",\"@id\":\"https:\\\/\\\/www.rabuso.com\\\/es\\\/empresa\\\/equipo\\\/#listItem\",\"position\":3,\"name\":\"Equipo\",\"item\":\"https:\\\/\\\/www.rabuso.com\\\/es\\\/empresa\\\/equipo\\\/\",\"nextItem\":{\"@type\":\"ListItem\",\"@id\":\"https:\\\/\\\/www.rabuso.com\\\/es\\\/empresa\\\/equipo\\\/rocio-avi\\\/#listItem\",\"name\":\"Roc\\u00edo Avi\"},\"previousItem\":{\"@type\":\"ListItem\",\"@id\":\"https:\\\/\\\/www.rabuso.com\\\/es\\\/empresa\\\/#listItem\",\"name\":\"Empresa\"}},{\"@type\":\"ListItem\",\"@id\":\"https:\\\/\\\/www.rabuso.com\\\/es\\\/empresa\\\/equipo\\\/rocio-avi\\\/#listItem\",\"position\":4,\"name\":\"Roc\\u00edo Avi\",\"previousItem\":{\"@type\":\"ListItem\",\"@id\":\"https:\\\/\\\/www.rabuso.com\\\/es\\\/empresa\\\/equipo\\\/#listItem\",\"name\":\"Equipo\"}}]},{\"@type\":\"Organization\",\"@id\":\"https:\\\/\\\/www.rabuso.com\\\/es\\\/#organization\",\"name\":\"RABUSO\",\"description\":\"Soluciones para asociaciones\",\"url\":\"https:\\\/\\\/www.rabuso.com\\\/es\\\/\",\"telephone\":\"+34912772037\",\"logo\":{\"@type\":\"ImageObject\",\"url\":\"https:\\\/\\\/www.rabuso.com\\\/es\\\/cms\\\/files\\\/RABUSO_logo_h_rgb.jpg\",\"@id\":\"https:\\\/\\\/www.rabuso.com\\\/es\\\/empresa\\\/equipo\\\/rocio-avi\\\/#organizationLogo\",\"width\":945,\"height\":354},\"image\":{\"@id\":\"https:\\\/\\\/www.rabuso.com\\\/es\\\/empresa\\\/equipo\\\/rocio-avi\\\/#organizationLogo\"},\"sameAs\":[\"https:\\\/\\\/www.youtube.com\\\/@RABUSOamc\",\"https:\\\/\\\/www.linkedin.com\\\/company\\\/RABUSOamc\"]},{\"@type\":\"WebPage\",\"@id\":\"https:\\\/\\\/www.rabuso.com\\\/es\\\/empresa\\\/equipo\\\/rocio-avi\\\/#webpage\",\"url\":\"https:\\\/\\\/www.rabuso.com\\\/es\\\/empresa\\\/equipo\\\/rocio-avi\\\/\",\"name\":\"Roc\\u00edo Avi - RABUSO\",\"description\":\"Coordinaci\\u00f3n de asociaciones Idiomas: Espa\\u00f1ol, ingl\\u00e9s, franc\\u00e9s y portugu\\u00e9s. Me llamo Roc\\u00edo y soy licenciada en Traducci\\u00f3n e Interpretaci\\u00f3n por la Universidad de Granada, ciudad que me vio crecer. Siempre me ha apasionado el mundo de la comunicaci\\u00f3n y los idiomas y he tenido la oportunidad de vivir y trabajar en varios pa\\u00edses y continentes, lo\",\"inLanguage\":\"es-ES\",\"isPartOf\":{\"@id\":\"https:\\\/\\\/www.rabuso.com\\\/es\\\/#website\"},\"breadcrumb\":{\"@id\":\"https:\\\/\\\/www.rabuso.com\\\/es\\\/empresa\\\/equipo\\\/rocio-avi\\\/#breadcrumblist\"},\"datePublished\":\"2026-03-17T09:42:21+01:00\",\"dateModified\":\"2026-04-13T19:31:01+02:00\"},{\"@type\":\"WebSite\",\"@id\":\"https:\\\/\\\/www.rabuso.com\\\/es\\\/#website\",\"url\":\"https:\\\/\\\/www.rabuso.com\\\/es\\\/\",\"name\":\"RABUSO\",\"description\":\"Soluciones para asociaciones\",\"inLanguage\":\"es-ES\",\"publisher\":{\"@id\":\"https:\\\/\\\/www.rabuso.com\\\/es\\\/#organization\"}}]}\n\t\t<\/script>\n\t\t<!-- All in One SEO Pro -->\r\n\t\t<title>Roc\u00edo Avi - RABUSO<\/title>\n\n","aioseo_head_json":{"title":"Roc\u00edo Avi - RABUSO","description":"Coordinaci\u00f3n de asociaciones Idiomas: Espa\u00f1ol, ingl\u00e9s, franc\u00e9s y portugu\u00e9s. Me llamo Roc\u00edo y soy licenciada en Traducci\u00f3n e Interpretaci\u00f3n por la Universidad de Granada, ciudad que me vio crecer. Siempre me ha apasionado el mundo de la comunicaci\u00f3n y los idiomas y he tenido la oportunidad de vivir y trabajar en varios pa\u00edses y continentes, lo","canonical_url":"https:\/\/www.rabuso.com\/es\/empresa\/equipo\/rocio-avi\/","robots":"max-image-preview:large","keywords":"","webmasterTools":{"miscellaneous":""},"schema":{"@context":"https:\/\/schema.org","@graph":[{"@type":"BreadcrumbList","@id":"https:\/\/www.rabuso.com\/es\/empresa\/equipo\/rocio-avi\/#breadcrumblist","itemListElement":[{"@type":"ListItem","@id":"https:\/\/www.rabuso.com\/es#listItem","position":1,"name":"Home","item":"https:\/\/www.rabuso.com\/es","nextItem":{"@type":"ListItem","@id":"https:\/\/www.rabuso.com\/es\/empresa\/#listItem","name":"Empresa"}},{"@type":"ListItem","@id":"https:\/\/www.rabuso.com\/es\/empresa\/#listItem","position":2,"name":"Empresa","item":"https:\/\/www.rabuso.com\/es\/empresa\/","nextItem":{"@type":"ListItem","@id":"https:\/\/www.rabuso.com\/es\/empresa\/equipo\/#listItem","name":"Equipo"},"previousItem":{"@type":"ListItem","@id":"https:\/\/www.rabuso.com\/es#listItem","name":"Home"}},{"@type":"ListItem","@id":"https:\/\/www.rabuso.com\/es\/empresa\/equipo\/#listItem","position":3,"name":"Equipo","item":"https:\/\/www.rabuso.com\/es\/empresa\/equipo\/","nextItem":{"@type":"ListItem","@id":"https:\/\/www.rabuso.com\/es\/empresa\/equipo\/rocio-avi\/#listItem","name":"Roc\u00edo Avi"},"previousItem":{"@type":"ListItem","@id":"https:\/\/www.rabuso.com\/es\/empresa\/#listItem","name":"Empresa"}},{"@type":"ListItem","@id":"https:\/\/www.rabuso.com\/es\/empresa\/equipo\/rocio-avi\/#listItem","position":4,"name":"Roc\u00edo Avi","previousItem":{"@type":"ListItem","@id":"https:\/\/www.rabuso.com\/es\/empresa\/equipo\/#listItem","name":"Equipo"}}]},{"@type":"Organization","@id":"https:\/\/www.rabuso.com\/es\/#organization","name":"RABUSO","description":"Soluciones para asociaciones","url":"https:\/\/www.rabuso.com\/es\/","telephone":"+34912772037","logo":{"@type":"ImageObject","url":"https:\/\/www.rabuso.com\/es\/cms\/files\/RABUSO_logo_h_rgb.jpg","@id":"https:\/\/www.rabuso.com\/es\/empresa\/equipo\/rocio-avi\/#organizationLogo","width":945,"height":354},"image":{"@id":"https:\/\/www.rabuso.com\/es\/empresa\/equipo\/rocio-avi\/#organizationLogo"},"sameAs":["https:\/\/www.youtube.com\/@RABUSOamc","https:\/\/www.linkedin.com\/company\/RABUSOamc"]},{"@type":"WebPage","@id":"https:\/\/www.rabuso.com\/es\/empresa\/equipo\/rocio-avi\/#webpage","url":"https:\/\/www.rabuso.com\/es\/empresa\/equipo\/rocio-avi\/","name":"Roc\u00edo Avi - RABUSO","description":"Coordinaci\u00f3n de asociaciones Idiomas: Espa\u00f1ol, ingl\u00e9s, franc\u00e9s y portugu\u00e9s. Me llamo Roc\u00edo y soy licenciada en Traducci\u00f3n e Interpretaci\u00f3n por la Universidad de Granada, ciudad que me vio crecer. Siempre me ha apasionado el mundo de la comunicaci\u00f3n y los idiomas y he tenido la oportunidad de vivir y trabajar en varios pa\u00edses y continentes, lo","inLanguage":"es-ES","isPartOf":{"@id":"https:\/\/www.rabuso.com\/es\/#website"},"breadcrumb":{"@id":"https:\/\/www.rabuso.com\/es\/empresa\/equipo\/rocio-avi\/#breadcrumblist"},"datePublished":"2026-03-17T09:42:21+01:00","dateModified":"2026-04-13T19:31:01+02:00"},{"@type":"WebSite","@id":"https:\/\/www.rabuso.com\/es\/#website","url":"https:\/\/www.rabuso.com\/es\/","name":"RABUSO","description":"Soluciones para asociaciones","inLanguage":"es-ES","publisher":{"@id":"https:\/\/www.rabuso.com\/es\/#organization"}}]},"og:locale":"es_ES","og:site_name":"RABUSO - Soluciones para asociaciones","og:type":"article","og:title":"Roc\u00edo Avi - RABUSO","og:description":"Coordinaci\u00f3n de asociaciones Idiomas: Espa\u00f1ol, ingl\u00e9s, franc\u00e9s y portugu\u00e9s. Me llamo Roc\u00edo y soy licenciada en Traducci\u00f3n e Interpretaci\u00f3n por la Universidad de Granada, ciudad que me vio crecer. Siempre me ha apasionado el mundo de la comunicaci\u00f3n y los idiomas y he tenido la oportunidad de vivir y trabajar en varios pa\u00edses y continentes, lo","og:url":"https:\/\/www.rabuso.com\/es\/empresa\/equipo\/rocio-avi\/","og:image":"https:\/\/www.rabuso.com\/es\/cms\/files\/RABUSO_logo_h_rgb.jpg","og:image:secure_url":"https:\/\/www.rabuso.com\/es\/cms\/files\/RABUSO_logo_h_rgb.jpg","og:image:width":945,"og:image:height":354,"article:published_time":"2026-03-17T08:42:21+00:00","article:modified_time":"2026-04-13T17:31:01+00:00","twitter:card":"summary_large_image","twitter:title":"Roc\u00edo Avi - RABUSO","twitter:description":"Coordinaci\u00f3n de asociaciones Idiomas: Espa\u00f1ol, ingl\u00e9s, franc\u00e9s y portugu\u00e9s. Me llamo Roc\u00edo y soy licenciada en Traducci\u00f3n e Interpretaci\u00f3n por la Universidad de Granada, ciudad que me vio crecer. Siempre me ha apasionado el mundo de la comunicaci\u00f3n y los idiomas y he tenido la oportunidad de vivir y trabajar en varios pa\u00edses y continentes, lo","twitter:image":"https:\/\/www.rabuso.com\/es\/cms\/files\/RABUSO_logo_h_rgb.jpg"},"aioseo_meta_data":{"post_id":"9642","title":null,"description":null,"keywords":null,"keyphrases":{"focus":{"keyphrase":"","score":0,"analysis":{"keyphraseInTitle":{"score":0,"maxScore":9,"error":1}}},"additional":[]},"primary_term":null,"canonical_url":null,"og_title":null,"og_description":null,"og_object_type":"default","og_image_type":"default","og_image_url":null,"og_image_width":null,"og_image_height":null,"og_image_custom_url":null,"og_image_custom_fields":null,"og_video":"","og_custom_url":null,"og_article_section":null,"og_article_tags":null,"twitter_use_og":false,"twitter_card":"default","twitter_image_type":"default","twitter_image_url":null,"twitter_image_custom_url":null,"twitter_image_custom_fields":null,"twitter_title":null,"twitter_description":null,"schema":{"blockGraphs":[],"customGraphs":[],"default":{"data":{"Article":[],"Course":[],"Dataset":[],"FAQPage":[],"Movie":[],"Person":[],"Product":[],"ProductReview":[],"Car":[],"Recipe":[],"Service":[],"SoftwareApplication":[],"WebPage":[]},"graphName":"WebPage","isEnabled":true},"graphs":[]},"schema_type":"default","schema_type_options":null,"pillar_content":false,"robots_default":true,"robots_noindex":false,"robots_noarchive":false,"robots_nosnippet":false,"robots_nofollow":false,"robots_noimageindex":false,"robots_noodp":false,"robots_notranslate":false,"robots_max_snippet":"-1","robots_max_videopreview":"-1","robots_max_imagepreview":"large","priority":null,"frequency":"default","local_seo":null,"seo_analyzer_scan_date":"2026-04-13 17:54:00","breadcrumb_settings":null,"limit_modified_date":false,"open_ai":null,"ai":{"faqs":[],"keyPoints":[],"titles":[],"descriptions":[],"socialPosts":{"email":[],"linkedin":[],"twitter":[],"facebook":[],"instagram":[]}},"created":"2026-03-17 08:40:14","updated":"2026-04-13 17:54:01"},"aioseo_breadcrumb":"<div class=\"aioseo-breadcrumbs\"><span class=\"aioseo-breadcrumb\">\n\t<a href=\"https:\/\/www.rabuso.com\/es\" title=\"Home\">Home<\/a>\n<\/span><span class=\"aioseo-breadcrumb-separator\">&raquo;<\/span><span class=\"aioseo-breadcrumb\">\n\t<a href=\"https:\/\/www.rabuso.com\/es\/empresa\/\" title=\"Empresa\">Empresa<\/a>\n<\/span><span class=\"aioseo-breadcrumb-separator\">&raquo;<\/span><span class=\"aioseo-breadcrumb\">\n\t<a href=\"https:\/\/www.rabuso.com\/es\/empresa\/equipo\/\" title=\"Equipo\">Equipo<\/a>\n<\/span><span class=\"aioseo-breadcrumb-separator\">&raquo;<\/span><span class=\"aioseo-breadcrumb\">\n\tRoc\u00edo Avi\n<\/span><\/div>","aioseo_breadcrumb_json":[{"label":"Home","link":"https:\/\/www.rabuso.com\/es"},{"label":"Empresa","link":"https:\/\/www.rabuso.com\/es\/empresa\/"},{"label":"Equipo","link":"https:\/\/www.rabuso.com\/es\/empresa\/equipo\/"},{"label":"Roc\u00edo Avi","link":"https:\/\/www.rabuso.com\/es\/empresa\/equipo\/rocio-avi\/"}],"_links":{"self":[{"href":"https:\/\/www.rabuso.com\/es\/wp-json\/wp\/v2\/pages\/9642","targetHints":{"allow":["GET"]}}],"collection":[{"href":"https:\/\/www.rabuso.com\/es\/wp-json\/wp\/v2\/pages"}],"about":[{"href":"https:\/\/www.rabuso.com\/es\/wp-json\/wp\/v2\/types\/page"}],"author":[{"embeddable":true,"href":"https:\/\/www.rabuso.com\/es\/wp-json\/wp\/v2\/users\/383"}],"replies":[{"embeddable":true,"href":"https:\/\/www.rabuso.com\/es\/wp-json\/wp\/v2\/comments?post=9642"}],"version-history":[{"count":4,"href":"https:\/\/www.rabuso.com\/es\/wp-json\/wp\/v2\/pages\/9642\/revisions"}],"predecessor-version":[{"id":9777,"href":"https:\/\/www.rabuso.com\/es\/wp-json\/wp\/v2\/pages\/9642\/revisions\/9777"}],"up":[{"embeddable":true,"href":"https:\/\/www.rabuso.com\/es\/wp-json\/wp\/v2\/pages\/5139"}],"wp:attachment":[{"href":"https:\/\/www.rabuso.com\/es\/wp-json\/wp\/v2\/media?parent=9642"}],"curies":[{"name":"wp","href":"https:\/\/api.w.org\/{rel}","templated":true}]}}