{"id":9416,"date":"2026-01-11T18:38:38","date_gmt":"2026-01-11T17:38:38","guid":{"rendered":"https:\/\/www.rabuso.com\/es\/?page_id=9416"},"modified":"2026-01-11T21:17:49","modified_gmt":"2026-01-11T20:17:49","slug":"mision-y-valores","status":"publish","type":"page","link":"https:\/\/www.rabuso.com\/es\/empresa\/mision-y-valores\/","title":{"rendered":"Misi\u00f3n y valores"},"content":{"rendered":"<p>Despu\u00e9s de casi 20 a\u00f1os de ejercicio profesional, en RABUSO hemos hecho (y repetido en numerosas ocasiones) el ejercicio de pensar y definir c\u00f3mo nos vemos y c\u00f3mo queremos que nos vean.<\/p>\n<p>En esta p\u00e1gina compartimos contigo estas reflexiones de forma transparente.<\/p>\n<h2>Nuestra misi\u00f3n<\/h2>\n<p><em>Acompa\u00f1amos a las asociaciones y colectivos para ayudarles a conseguir sus objetivos a trav\u00e9s del trabajo en equipo.<\/em><\/p>\n<p>&nbsp;<\/p>\n<h2>Nuestra visi\u00f3n<\/h2>\n<p><em>Queremos ser la empresa de referencia en la gesti\u00f3n de asociaciones empresariales y colectivos profesionales, en los sectores en los que trabajamos.<\/em><\/p>\n<p>&nbsp;<\/p>\n<h2>Nuestros valores<\/h2>\n<ol>\n<li><strong>Trabajo y felicidad<\/strong><br \/>\nGenera y mant\u00e9n un entorno de trabajo en el que ser felices. Trabaja en aquello que deseas para que tu esfuerzo tenga sentido y tus resultados te produzcan verdadera satisfacci\u00f3n.<\/li>\n<li><strong>Tu compromiso, tu proyecto y tu legado personal<\/strong><br \/>\nLos proyectos e iniciativas que llevamos a cabo o los problemas que resolvemos, sirven para que un colectivo crezca y mejore. Esto requiere el compromiso de nuestro equipo, vistiendo y sintiendo la camiseta de la asociaci\u00f3n con la que trabaja, y es un mensaje a los miembros para que est\u00e9n implicados y participen de forma activa.<\/li>\n<li><strong>Haz que suceda<\/strong><br \/>\nAyudar a las asociaciones a conseguir sus objetivos en nuestro caso significa, a menudo, buscar el modo de que las cosas sucedan, probar ideas e iniciativas para que las propuestas de los \u00f3rganos de gobierno y de los grupos de trabajo lleguen a buen puerto.<\/li>\n<li><strong>No te conformes<br \/>\n<\/strong>El resultado de nuestro trabajo queda y perdura. Un evento celebrado, una entrevista publicada, la soluci\u00f3n del problema para un socio,\u2026 so ejemplos de trabajo que o se hacen bien o se hacen mal, por eso nuestra aspiraci\u00f3n es siempre a la excelencia, a dar lo mejor de nosotros mismos.<\/li>\n<li><strong>Trabajando juntos cambiamos el mundo<br \/>\n<\/strong>El desarrollo de un colectivo, de un sector, y de la asociaci\u00f3n que lo representa, s\u00f3lo sucede si se aprende a trabajar juntos (instituciones, empresas y profesionales). Y para nosotros esto es fundamental, el trabajo asociativo es por definici\u00f3n trabajo en equipo.<\/li>\n<li><strong>Todo tiene que ser rentable<\/strong><br \/>\nSomos una empresa, y es nuestra responsabilidad, para nuestros socios y trabajadores y tambi\u00e9n para nuestros clientes, que el trabajo que hacemos sea rentable. Tenemos que obtener el rendimiento adecuado por el trabajo que hacemos, para que podamos crecer, ser resilientes y adaptarnos al cambio constante.<\/li>\n<\/ol>\n<p>&nbsp;<\/p>\n<h2>Pol\u00edtica de calidad<\/h2>\n<p>Desde la fundaci\u00f3n de la empresa, en el a\u00f1o 2006, siempre hemos tenido claro que la eficiencia y la resiliencia iban ligadas a una buena gesti\u00f3n.<\/p>\n<p>A lo largo de los a\u00f1os hemos ido elaborando y actualizando una gran librer\u00eda de procesos, procedimientos y materiales de referencia, que nos permiten dar un servicio de calidad a las asociaciones y colectivos con los que trabajamos.<\/p>\n<p>En el a\u00f1o 2025 iniciamos el camino para que esta metodolog\u00eda de trabajo estuviese adem\u00e1s revisada y auditada por terceros, mediante auditor\u00edas regulares y un camino que nos llevar\u00e1 a la certificaci\u00f3n conforme a las normas ISO 9001 (gesti\u00f3n de la calidad) y 27001 (gesti\u00f3n de la seguridad y privacidad de la informaci\u00f3n).<\/p>\n<p>Tenemos un compromiso con la calidad, implantando y manteniendo un sistema de gesti\u00f3n de calidad que permite asegurar la satisfacci\u00f3n de las asociaciones, sus miembros y de los trabajadores mediante el cumplimiento de todos los requisitos (legales y reglamentarios) con la calidad requerida dentro de un marco de mejora continua.<\/p>\n<p>Nuestra pol\u00edtica de calidad est\u00e1 enfocada hacia la mejora continua y permanente, involucrando a nuestros clientes, equipo, colaboradores y proveedores en la gesti\u00f3n de la calidad.<\/p>\n<p>Por eso, como parte de nuestra metodolog\u00eda de trabajo, <a href=\"https:\/\/www.rabuso.com\/es\/servicios\/procesos-y-certificacion\/\"><strong>hacemos part\u00edcipes de nuestros procesos y certificaci\u00f3n a las asociaciones con las que trabajamos<\/strong><\/a>.<\/p>\n<p>&nbsp;<\/p>\n","protected":false},"excerpt":{"rendered":"<p>Despu\u00e9s de casi 20 a\u00f1os de ejercicio profesional, en RABUSO hemos hecho (y repetido en numerosas ocasiones) el ejercicio de pensar y definir c\u00f3mo nos vemos y c\u00f3mo queremos que nos vean. En esta p\u00e1gina compartimos contigo estas reflexiones de forma transparente. Nuestra misi\u00f3n Acompa\u00f1amos a las asociaciones y colectivos para ayudarles a conseguir sus [&hellip;]<\/p>\n","protected":false},"author":373,"featured_media":0,"parent":4,"menu_order":3,"comment_status":"closed","ping_status":"closed","template":"","meta":{"_acf_changed":false,"footnotes":""},"class_list":["post-9416","page","type-page","status-publish","hentry"],"acf":[],"aioseo_notices":[],"aioseo_head":"\n\t\t<!-- All in One SEO Pro 4.9.6.1 - aioseo.com -->\n\t<meta name=\"description\" content=\"Despu\u00e9s de casi 20 a\u00f1os de ejercicio profesional, en RABUSO hemos hecho (y repetido en numerosas ocasiones) el ejercicio de pensar y definir c\u00f3mo nos vemos y c\u00f3mo queremos que nos vean. En esta p\u00e1gina compartimos contigo estas reflexiones de forma transparente. Nuestra misi\u00f3n Acompa\u00f1amos a las asociaciones y colectivos para ayudarles a conseguir sus\" \/>\n\t<meta name=\"robots\" content=\"max-image-preview:large\" \/>\n\t<link rel=\"canonical\" href=\"https:\/\/www.rabuso.com\/es\/empresa\/mision-y-valores\/\" \/>\n\t<meta name=\"generator\" content=\"All in One SEO Pro (AIOSEO) 4.9.6.1\" \/>\n\t\t<meta property=\"og:locale\" content=\"es_ES\" \/>\n\t\t<meta property=\"og:site_name\" content=\"RABUSO - Soluciones para asociaciones\" \/>\n\t\t<meta property=\"og:type\" content=\"article\" \/>\n\t\t<meta property=\"og:title\" content=\"Misi\u00f3n y valores - RABUSO\" \/>\n\t\t<meta property=\"og:description\" content=\"Despu\u00e9s de casi 20 a\u00f1os de ejercicio profesional, en RABUSO hemos hecho (y repetido en numerosas ocasiones) el ejercicio de pensar y definir c\u00f3mo nos vemos y c\u00f3mo queremos que nos vean. En esta p\u00e1gina compartimos contigo estas reflexiones de forma transparente. Nuestra misi\u00f3n Acompa\u00f1amos a las asociaciones y colectivos para ayudarles a conseguir sus\" \/>\n\t\t<meta property=\"og:url\" content=\"https:\/\/www.rabuso.com\/es\/empresa\/mision-y-valores\/\" \/>\n\t\t<meta property=\"og:image\" content=\"https:\/\/www.rabuso.com\/es\/cms\/files\/RABUSO_logo_h_rgb.jpg\" \/>\n\t\t<meta property=\"og:image:secure_url\" content=\"https:\/\/www.rabuso.com\/es\/cms\/files\/RABUSO_logo_h_rgb.jpg\" \/>\n\t\t<meta property=\"og:image:width\" content=\"945\" \/>\n\t\t<meta property=\"og:image:height\" content=\"354\" \/>\n\t\t<meta property=\"article:published_time\" content=\"2026-01-11T17:38:38+00:00\" \/>\n\t\t<meta property=\"article:modified_time\" content=\"2026-01-11T20:17:49+00:00\" \/>\n\t\t<meta name=\"twitter:card\" content=\"summary_large_image\" \/>\n\t\t<meta name=\"twitter:title\" content=\"Misi\u00f3n y valores - RABUSO\" \/>\n\t\t<meta name=\"twitter:description\" content=\"Despu\u00e9s de casi 20 a\u00f1os de ejercicio profesional, en RABUSO hemos hecho (y repetido en numerosas ocasiones) el ejercicio de pensar y definir c\u00f3mo nos vemos y c\u00f3mo queremos que nos vean. En esta p\u00e1gina compartimos contigo estas reflexiones de forma transparente. Nuestra misi\u00f3n Acompa\u00f1amos a las asociaciones y colectivos para ayudarles a conseguir sus\" \/>\n\t\t<meta name=\"twitter:image\" content=\"https:\/\/www.rabuso.com\/es\/cms\/files\/RABUSO_logo_h_rgb.jpg\" \/>\n\t\t<script type=\"application\/ld+json\" class=\"aioseo-schema\">\n\t\t\t{\"@context\":\"https:\\\/\\\/schema.org\",\"@graph\":[{\"@type\":\"BreadcrumbList\",\"@id\":\"https:\\\/\\\/www.rabuso.com\\\/es\\\/empresa\\\/mision-y-valores\\\/#breadcrumblist\",\"itemListElement\":[{\"@type\":\"ListItem\",\"@id\":\"https:\\\/\\\/www.rabuso.com\\\/es#listItem\",\"position\":1,\"name\":\"Home\",\"item\":\"https:\\\/\\\/www.rabuso.com\\\/es\",\"nextItem\":{\"@type\":\"ListItem\",\"@id\":\"https:\\\/\\\/www.rabuso.com\\\/es\\\/empresa\\\/#listItem\",\"name\":\"Empresa\"}},{\"@type\":\"ListItem\",\"@id\":\"https:\\\/\\\/www.rabuso.com\\\/es\\\/empresa\\\/#listItem\",\"position\":2,\"name\":\"Empresa\",\"item\":\"https:\\\/\\\/www.rabuso.com\\\/es\\\/empresa\\\/\",\"nextItem\":{\"@type\":\"ListItem\",\"@id\":\"https:\\\/\\\/www.rabuso.com\\\/es\\\/empresa\\\/mision-y-valores\\\/#listItem\",\"name\":\"Misi\\u00f3n y valores\"},\"previousItem\":{\"@type\":\"ListItem\",\"@id\":\"https:\\\/\\\/www.rabuso.com\\\/es#listItem\",\"name\":\"Home\"}},{\"@type\":\"ListItem\",\"@id\":\"https:\\\/\\\/www.rabuso.com\\\/es\\\/empresa\\\/mision-y-valores\\\/#listItem\",\"position\":3,\"name\":\"Misi\\u00f3n y valores\",\"previousItem\":{\"@type\":\"ListItem\",\"@id\":\"https:\\\/\\\/www.rabuso.com\\\/es\\\/empresa\\\/#listItem\",\"name\":\"Empresa\"}}]},{\"@type\":\"Organization\",\"@id\":\"https:\\\/\\\/www.rabuso.com\\\/es\\\/#organization\",\"name\":\"RABUSO\",\"description\":\"Soluciones para asociaciones\",\"url\":\"https:\\\/\\\/www.rabuso.com\\\/es\\\/\",\"telephone\":\"+34912772037\",\"logo\":{\"@type\":\"ImageObject\",\"url\":\"https:\\\/\\\/www.rabuso.com\\\/es\\\/cms\\\/files\\\/RABUSO_logo_h_rgb.jpg\",\"@id\":\"https:\\\/\\\/www.rabuso.com\\\/es\\\/empresa\\\/mision-y-valores\\\/#organizationLogo\",\"width\":945,\"height\":354},\"image\":{\"@id\":\"https:\\\/\\\/www.rabuso.com\\\/es\\\/empresa\\\/mision-y-valores\\\/#organizationLogo\"},\"sameAs\":[\"https:\\\/\\\/www.youtube.com\\\/@RABUSOamc\",\"https:\\\/\\\/www.linkedin.com\\\/company\\\/RABUSOamc\"]},{\"@type\":\"WebPage\",\"@id\":\"https:\\\/\\\/www.rabuso.com\\\/es\\\/empresa\\\/mision-y-valores\\\/#webpage\",\"url\":\"https:\\\/\\\/www.rabuso.com\\\/es\\\/empresa\\\/mision-y-valores\\\/\",\"name\":\"Misi\\u00f3n y valores - RABUSO\",\"description\":\"Despu\\u00e9s de casi 20 a\\u00f1os de ejercicio profesional, en RABUSO hemos hecho (y repetido en numerosas ocasiones) el ejercicio de pensar y definir c\\u00f3mo nos vemos y c\\u00f3mo queremos que nos vean. En esta p\\u00e1gina compartimos contigo estas reflexiones de forma transparente. Nuestra misi\\u00f3n Acompa\\u00f1amos a las asociaciones y colectivos para ayudarles a conseguir sus\",\"inLanguage\":\"es-ES\",\"isPartOf\":{\"@id\":\"https:\\\/\\\/www.rabuso.com\\\/es\\\/#website\"},\"breadcrumb\":{\"@id\":\"https:\\\/\\\/www.rabuso.com\\\/es\\\/empresa\\\/mision-y-valores\\\/#breadcrumblist\"},\"datePublished\":\"2026-01-11T18:38:38+01:00\",\"dateModified\":\"2026-01-11T21:17:49+01:00\"},{\"@type\":\"WebSite\",\"@id\":\"https:\\\/\\\/www.rabuso.com\\\/es\\\/#website\",\"url\":\"https:\\\/\\\/www.rabuso.com\\\/es\\\/\",\"name\":\"RABUSO\",\"description\":\"Soluciones para asociaciones\",\"inLanguage\":\"es-ES\",\"publisher\":{\"@id\":\"https:\\\/\\\/www.rabuso.com\\\/es\\\/#organization\"}}]}\n\t\t<\/script>\n\t\t<!-- All in One SEO Pro -->\r\n\t\t<title>Misi\u00f3n y valores - RABUSO<\/title>\n\n","aioseo_head_json":{"title":"Misi\u00f3n y valores - RABUSO","description":"Despu\u00e9s de casi 20 a\u00f1os de ejercicio profesional, en RABUSO hemos hecho (y repetido en numerosas ocasiones) el ejercicio de pensar y definir c\u00f3mo nos vemos y c\u00f3mo queremos que nos vean. En esta p\u00e1gina compartimos contigo estas reflexiones de forma transparente. Nuestra misi\u00f3n Acompa\u00f1amos a las asociaciones y colectivos para ayudarles a conseguir sus","canonical_url":"https:\/\/www.rabuso.com\/es\/empresa\/mision-y-valores\/","robots":"max-image-preview:large","keywords":"","webmasterTools":{"miscellaneous":""},"schema":{"@context":"https:\/\/schema.org","@graph":[{"@type":"BreadcrumbList","@id":"https:\/\/www.rabuso.com\/es\/empresa\/mision-y-valores\/#breadcrumblist","itemListElement":[{"@type":"ListItem","@id":"https:\/\/www.rabuso.com\/es#listItem","position":1,"name":"Home","item":"https:\/\/www.rabuso.com\/es","nextItem":{"@type":"ListItem","@id":"https:\/\/www.rabuso.com\/es\/empresa\/#listItem","name":"Empresa"}},{"@type":"ListItem","@id":"https:\/\/www.rabuso.com\/es\/empresa\/#listItem","position":2,"name":"Empresa","item":"https:\/\/www.rabuso.com\/es\/empresa\/","nextItem":{"@type":"ListItem","@id":"https:\/\/www.rabuso.com\/es\/empresa\/mision-y-valores\/#listItem","name":"Misi\u00f3n y valores"},"previousItem":{"@type":"ListItem","@id":"https:\/\/www.rabuso.com\/es#listItem","name":"Home"}},{"@type":"ListItem","@id":"https:\/\/www.rabuso.com\/es\/empresa\/mision-y-valores\/#listItem","position":3,"name":"Misi\u00f3n y valores","previousItem":{"@type":"ListItem","@id":"https:\/\/www.rabuso.com\/es\/empresa\/#listItem","name":"Empresa"}}]},{"@type":"Organization","@id":"https:\/\/www.rabuso.com\/es\/#organization","name":"RABUSO","description":"Soluciones para asociaciones","url":"https:\/\/www.rabuso.com\/es\/","telephone":"+34912772037","logo":{"@type":"ImageObject","url":"https:\/\/www.rabuso.com\/es\/cms\/files\/RABUSO_logo_h_rgb.jpg","@id":"https:\/\/www.rabuso.com\/es\/empresa\/mision-y-valores\/#organizationLogo","width":945,"height":354},"image":{"@id":"https:\/\/www.rabuso.com\/es\/empresa\/mision-y-valores\/#organizationLogo"},"sameAs":["https:\/\/www.youtube.com\/@RABUSOamc","https:\/\/www.linkedin.com\/company\/RABUSOamc"]},{"@type":"WebPage","@id":"https:\/\/www.rabuso.com\/es\/empresa\/mision-y-valores\/#webpage","url":"https:\/\/www.rabuso.com\/es\/empresa\/mision-y-valores\/","name":"Misi\u00f3n y valores - RABUSO","description":"Despu\u00e9s de casi 20 a\u00f1os de ejercicio profesional, en RABUSO hemos hecho (y repetido en numerosas ocasiones) el ejercicio de pensar y definir c\u00f3mo nos vemos y c\u00f3mo queremos que nos vean. En esta p\u00e1gina compartimos contigo estas reflexiones de forma transparente. Nuestra misi\u00f3n Acompa\u00f1amos a las asociaciones y colectivos para ayudarles a conseguir sus","inLanguage":"es-ES","isPartOf":{"@id":"https:\/\/www.rabuso.com\/es\/#website"},"breadcrumb":{"@id":"https:\/\/www.rabuso.com\/es\/empresa\/mision-y-valores\/#breadcrumblist"},"datePublished":"2026-01-11T18:38:38+01:00","dateModified":"2026-01-11T21:17:49+01:00"},{"@type":"WebSite","@id":"https:\/\/www.rabuso.com\/es\/#website","url":"https:\/\/www.rabuso.com\/es\/","name":"RABUSO","description":"Soluciones para asociaciones","inLanguage":"es-ES","publisher":{"@id":"https:\/\/www.rabuso.com\/es\/#organization"}}]},"og:locale":"es_ES","og:site_name":"RABUSO - Soluciones para asociaciones","og:type":"article","og:title":"Misi\u00f3n y valores - RABUSO","og:description":"Despu\u00e9s de casi 20 a\u00f1os de ejercicio profesional, en RABUSO hemos hecho (y repetido en numerosas ocasiones) el ejercicio de pensar y definir c\u00f3mo nos vemos y c\u00f3mo queremos que nos vean. En esta p\u00e1gina compartimos contigo estas reflexiones de forma transparente. Nuestra misi\u00f3n Acompa\u00f1amos a las asociaciones y colectivos para ayudarles a conseguir sus","og:url":"https:\/\/www.rabuso.com\/es\/empresa\/mision-y-valores\/","og:image":"https:\/\/www.rabuso.com\/es\/cms\/files\/RABUSO_logo_h_rgb.jpg","og:image:secure_url":"https:\/\/www.rabuso.com\/es\/cms\/files\/RABUSO_logo_h_rgb.jpg","og:image:width":945,"og:image:height":354,"article:published_time":"2026-01-11T17:38:38+00:00","article:modified_time":"2026-01-11T20:17:49+00:00","twitter:card":"summary_large_image","twitter:title":"Misi\u00f3n y valores - RABUSO","twitter:description":"Despu\u00e9s de casi 20 a\u00f1os de ejercicio profesional, en RABUSO hemos hecho (y repetido en numerosas ocasiones) el ejercicio de pensar y definir c\u00f3mo nos vemos y c\u00f3mo queremos que nos vean. En esta p\u00e1gina compartimos contigo estas reflexiones de forma transparente. Nuestra misi\u00f3n Acompa\u00f1amos a las asociaciones y colectivos para ayudarles a conseguir sus","twitter:image":"https:\/\/www.rabuso.com\/es\/cms\/files\/RABUSO_logo_h_rgb.jpg"},"aioseo_meta_data":{"post_id":"9416","title":null,"description":null,"keywords":null,"keyphrases":{"focus":{"keyphrase":"","score":0,"analysis":{"keyphraseInTitle":{"score":0,"maxScore":9,"error":1}}},"additional":[]},"primary_term":null,"canonical_url":null,"og_title":null,"og_description":null,"og_object_type":"default","og_image_type":"default","og_image_url":null,"og_image_width":null,"og_image_height":null,"og_image_custom_url":null,"og_image_custom_fields":null,"og_video":"","og_custom_url":null,"og_article_section":null,"og_article_tags":null,"twitter_use_og":false,"twitter_card":"default","twitter_image_type":"default","twitter_image_url":null,"twitter_image_custom_url":null,"twitter_image_custom_fields":null,"twitter_title":null,"twitter_description":null,"schema":{"blockGraphs":[],"customGraphs":[],"default":{"data":{"Article":[],"Course":[],"Dataset":[],"FAQPage":[],"Movie":[],"Person":[],"Product":[],"ProductReview":[],"Car":[],"Recipe":[],"Service":[],"SoftwareApplication":[],"WebPage":[]},"graphName":"WebPage","isEnabled":true},"graphs":[]},"schema_type":"default","schema_type_options":null,"pillar_content":false,"robots_default":true,"robots_noindex":false,"robots_noarchive":false,"robots_nosnippet":false,"robots_nofollow":false,"robots_noimageindex":false,"robots_noodp":false,"robots_notranslate":false,"robots_max_snippet":"-1","robots_max_videopreview":"-1","robots_max_imagepreview":"large","priority":null,"frequency":"default","local_seo":null,"seo_analyzer_scan_date":"2026-01-11 20:24:07","breadcrumb_settings":null,"limit_modified_date":false,"open_ai":null,"ai":{"faqs":[],"keyPoints":[],"titles":[],"descriptions":[],"socialPosts":{"email":[],"linkedin":[],"twitter":[],"facebook":[],"instagram":[]}},"created":"2026-01-11 17:38:03","updated":"2026-01-11 20:24:07"},"aioseo_breadcrumb":"<div class=\"aioseo-breadcrumbs\"><span class=\"aioseo-breadcrumb\">\n\t<a href=\"https:\/\/www.rabuso.com\/es\" title=\"Home\">Home<\/a>\n<\/span><span class=\"aioseo-breadcrumb-separator\">&raquo;<\/span><span class=\"aioseo-breadcrumb\">\n\t<a href=\"https:\/\/www.rabuso.com\/es\/empresa\/\" title=\"Empresa\">Empresa<\/a>\n<\/span><span class=\"aioseo-breadcrumb-separator\">&raquo;<\/span><span class=\"aioseo-breadcrumb\">\n\tMisi\u00f3n y valores\n<\/span><\/div>","aioseo_breadcrumb_json":[{"label":"Home","link":"https:\/\/www.rabuso.com\/es"},{"label":"Empresa","link":"https:\/\/www.rabuso.com\/es\/empresa\/"},{"label":"Misi\u00f3n y valores","link":"https:\/\/www.rabuso.com\/es\/empresa\/mision-y-valores\/"}],"_links":{"self":[{"href":"https:\/\/www.rabuso.com\/es\/wp-json\/wp\/v2\/pages\/9416","targetHints":{"allow":["GET"]}}],"collection":[{"href":"https:\/\/www.rabuso.com\/es\/wp-json\/wp\/v2\/pages"}],"about":[{"href":"https:\/\/www.rabuso.com\/es\/wp-json\/wp\/v2\/types\/page"}],"author":[{"embeddable":true,"href":"https:\/\/www.rabuso.com\/es\/wp-json\/wp\/v2\/users\/373"}],"replies":[{"embeddable":true,"href":"https:\/\/www.rabuso.com\/es\/wp-json\/wp\/v2\/comments?post=9416"}],"version-history":[{"count":0,"href":"https:\/\/www.rabuso.com\/es\/wp-json\/wp\/v2\/pages\/9416\/revisions"}],"up":[{"embeddable":true,"href":"https:\/\/www.rabuso.com\/es\/wp-json\/wp\/v2\/pages\/4"}],"wp:attachment":[{"href":"https:\/\/www.rabuso.com\/es\/wp-json\/wp\/v2\/media?parent=9416"}],"curies":[{"name":"wp","href":"https:\/\/api.w.org\/{rel}","templated":true}]}}