{"id":9389,"date":"2026-01-07T19:28:30","date_gmt":"2026-01-07T18:28:30","guid":{"rendered":"https:\/\/www.rabuso.com\/es\/?page_id=9389"},"modified":"2026-04-13T19:33:10","modified_gmt":"2026-04-13T17:33:10","slug":"alicia-martin","status":"publish","type":"page","link":"https:\/\/www.rabuso.com\/es\/empresa\/equipo\/alicia-martin\/","title":{"rendered":"Alicia Mart\u00edn"},"content":{"rendered":"<p><img decoding=\"async\" class=\"size-full wp-image-9712 aligncenter\" src=\"https:\/\/www.rabuso.com\/es\/cms\/files\/RABUSO_Alicia_Martin_690x390.jpg\" alt=\"\" width=\"690\" height=\"390\" srcset=\"https:\/\/www.rabuso.com\/es\/cms\/files\/RABUSO_Alicia_Martin_690x390.jpg 690w, https:\/\/www.rabuso.com\/es\/cms\/files\/RABUSO_Alicia_Martin_690x390-230x130.jpg 230w\" sizes=\"(max-width: 690px) 100vw, 690px\" \/><\/p>\n<h2>Comunicaci\u00f3n y eventos<\/h2>\n<ul>\n<li><strong>Idiomas<\/strong>: Espa\u00f1ol e Ingl\u00e9s.<\/li>\n<\/ul>\n<p>Soy de Madrid y estudi\u00e9 Periodismo en la Universidad Complutense.<\/p>\n<p>Durante estos a\u00f1os, adem\u00e1s, tuve la oportunidad de pasar un tiempo en Grecia form\u00e1ndome en comunicaci\u00f3n.<\/p>\n<p>Inici\u00e9 mi carrera laboral trabajando para varios medios, entre revistas y peri\u00f3dicos, para despu\u00e9s especializarme con un M\u00e1ster en Comunicaci\u00f3n Corporativa, Protocolo y Eventos.<\/p>\n<p>Soy una persona muy inquieta y curiosa, por lo que tambi\u00e9n tengo un M\u00e1ster en Investigaci\u00f3n, me encanta estar continuamente aprendiendo.<\/p>\n<p>Mi tiempo libre lo dedico a viajar y practicar deportes como k\u00e1rate y p\u00e1del, los cuales me apasionan.<\/p>\n<p>Tambi\u00e9n me encanta pasar tiempo con amigos y familia jugando juegos de mesa o disfrutando de una pel\u00edcula en el cine.<\/p>\n<p>&nbsp;<\/p>\n","protected":false},"excerpt":{"rendered":"<p>Comunicaci\u00f3n y eventos Idiomas: Espa\u00f1ol e Ingl\u00e9s. Soy de Madrid y estudi\u00e9 Periodismo en la Universidad Complutense. Durante estos a\u00f1os, adem\u00e1s, tuve la oportunidad de pasar un tiempo en Grecia form\u00e1ndome en comunicaci\u00f3n. Inici\u00e9 mi carrera laboral trabajando para varios medios, entre revistas y peri\u00f3dicos, para despu\u00e9s especializarme con un M\u00e1ster en Comunicaci\u00f3n Corporativa, Protocolo [&hellip;]<\/p>\n","protected":false},"author":373,"featured_media":0,"parent":5139,"menu_order":12,"comment_status":"closed","ping_status":"closed","template":"","meta":{"_acf_changed":false,"footnotes":""},"class_list":["post-9389","page","type-page","status-publish","hentry"],"acf":[],"aioseo_notices":[],"aioseo_head":"\n\t\t<!-- All in One SEO Pro 4.9.6.2 - aioseo.com -->\n\t<meta name=\"description\" content=\"Comunicaci\u00f3n y eventos Idiomas: Espa\u00f1ol e Ingl\u00e9s. Soy de Madrid y estudi\u00e9 Periodismo en la Universidad Complutense. Durante estos a\u00f1os, adem\u00e1s, tuve la oportunidad de pasar un tiempo en Grecia form\u00e1ndome en comunicaci\u00f3n. Inici\u00e9 mi carrera laboral trabajando para varios medios, entre revistas y peri\u00f3dicos, para despu\u00e9s especializarme con un M\u00e1ster en Comunicaci\u00f3n Corporativa, Protocolo\" \/>\n\t<meta name=\"robots\" content=\"max-image-preview:large\" \/>\n\t<link rel=\"canonical\" href=\"https:\/\/www.rabuso.com\/es\/empresa\/equipo\/alicia-martin\/\" \/>\n\t<meta name=\"generator\" content=\"All in One SEO Pro (AIOSEO) 4.9.6.2\" \/>\n\t\t<meta property=\"og:locale\" content=\"es_ES\" \/>\n\t\t<meta property=\"og:site_name\" content=\"RABUSO - Soluciones para asociaciones\" \/>\n\t\t<meta property=\"og:type\" content=\"article\" \/>\n\t\t<meta property=\"og:title\" content=\"Alicia Mart\u00edn - RABUSO\" \/>\n\t\t<meta property=\"og:description\" content=\"Comunicaci\u00f3n y eventos Idiomas: Espa\u00f1ol e Ingl\u00e9s. Soy de Madrid y estudi\u00e9 Periodismo en la Universidad Complutense. Durante estos a\u00f1os, adem\u00e1s, tuve la oportunidad de pasar un tiempo en Grecia form\u00e1ndome en comunicaci\u00f3n. Inici\u00e9 mi carrera laboral trabajando para varios medios, entre revistas y peri\u00f3dicos, para despu\u00e9s especializarme con un M\u00e1ster en Comunicaci\u00f3n Corporativa, Protocolo\" \/>\n\t\t<meta property=\"og:url\" content=\"https:\/\/www.rabuso.com\/es\/empresa\/equipo\/alicia-martin\/\" \/>\n\t\t<meta property=\"og:image\" content=\"https:\/\/www.rabuso.com\/es\/cms\/files\/RABUSO_logo_h_rgb.jpg\" \/>\n\t\t<meta property=\"og:image:secure_url\" content=\"https:\/\/www.rabuso.com\/es\/cms\/files\/RABUSO_logo_h_rgb.jpg\" \/>\n\t\t<meta property=\"og:image:width\" content=\"945\" \/>\n\t\t<meta property=\"og:image:height\" content=\"354\" \/>\n\t\t<meta property=\"article:published_time\" content=\"2026-01-07T18:28:30+00:00\" \/>\n\t\t<meta property=\"article:modified_time\" content=\"2026-04-13T17:33:10+00:00\" \/>\n\t\t<meta name=\"twitter:card\" content=\"summary_large_image\" \/>\n\t\t<meta name=\"twitter:title\" content=\"Alicia Mart\u00edn - RABUSO\" \/>\n\t\t<meta name=\"twitter:description\" content=\"Comunicaci\u00f3n y eventos Idiomas: Espa\u00f1ol e Ingl\u00e9s. Soy de Madrid y estudi\u00e9 Periodismo en la Universidad Complutense. Durante estos a\u00f1os, adem\u00e1s, tuve la oportunidad de pasar un tiempo en Grecia form\u00e1ndome en comunicaci\u00f3n. Inici\u00e9 mi carrera laboral trabajando para varios medios, entre revistas y peri\u00f3dicos, para despu\u00e9s especializarme con un M\u00e1ster en Comunicaci\u00f3n Corporativa, Protocolo\" \/>\n\t\t<meta name=\"twitter:image\" content=\"https:\/\/www.rabuso.com\/es\/cms\/files\/RABUSO_logo_h_rgb.jpg\" \/>\n\t\t<script type=\"application\/ld+json\" class=\"aioseo-schema\">\n\t\t\t{\"@context\":\"https:\\\/\\\/schema.org\",\"@graph\":[{\"@type\":\"BreadcrumbList\",\"@id\":\"https:\\\/\\\/www.rabuso.com\\\/es\\\/empresa\\\/equipo\\\/alicia-martin\\\/#breadcrumblist\",\"itemListElement\":[{\"@type\":\"ListItem\",\"@id\":\"https:\\\/\\\/www.rabuso.com\\\/es#listItem\",\"position\":1,\"name\":\"Home\",\"item\":\"https:\\\/\\\/www.rabuso.com\\\/es\",\"nextItem\":{\"@type\":\"ListItem\",\"@id\":\"https:\\\/\\\/www.rabuso.com\\\/es\\\/empresa\\\/#listItem\",\"name\":\"Empresa\"}},{\"@type\":\"ListItem\",\"@id\":\"https:\\\/\\\/www.rabuso.com\\\/es\\\/empresa\\\/#listItem\",\"position\":2,\"name\":\"Empresa\",\"item\":\"https:\\\/\\\/www.rabuso.com\\\/es\\\/empresa\\\/\",\"nextItem\":{\"@type\":\"ListItem\",\"@id\":\"https:\\\/\\\/www.rabuso.com\\\/es\\\/empresa\\\/equipo\\\/#listItem\",\"name\":\"Equipo\"},\"previousItem\":{\"@type\":\"ListItem\",\"@id\":\"https:\\\/\\\/www.rabuso.com\\\/es#listItem\",\"name\":\"Home\"}},{\"@type\":\"ListItem\",\"@id\":\"https:\\\/\\\/www.rabuso.com\\\/es\\\/empresa\\\/equipo\\\/#listItem\",\"position\":3,\"name\":\"Equipo\",\"item\":\"https:\\\/\\\/www.rabuso.com\\\/es\\\/empresa\\\/equipo\\\/\",\"nextItem\":{\"@type\":\"ListItem\",\"@id\":\"https:\\\/\\\/www.rabuso.com\\\/es\\\/empresa\\\/equipo\\\/alicia-martin\\\/#listItem\",\"name\":\"Alicia Mart\\u00edn\"},\"previousItem\":{\"@type\":\"ListItem\",\"@id\":\"https:\\\/\\\/www.rabuso.com\\\/es\\\/empresa\\\/#listItem\",\"name\":\"Empresa\"}},{\"@type\":\"ListItem\",\"@id\":\"https:\\\/\\\/www.rabuso.com\\\/es\\\/empresa\\\/equipo\\\/alicia-martin\\\/#listItem\",\"position\":4,\"name\":\"Alicia Mart\\u00edn\",\"previousItem\":{\"@type\":\"ListItem\",\"@id\":\"https:\\\/\\\/www.rabuso.com\\\/es\\\/empresa\\\/equipo\\\/#listItem\",\"name\":\"Equipo\"}}]},{\"@type\":\"Organization\",\"@id\":\"https:\\\/\\\/www.rabuso.com\\\/es\\\/#organization\",\"name\":\"RABUSO\",\"description\":\"Soluciones para asociaciones\",\"url\":\"https:\\\/\\\/www.rabuso.com\\\/es\\\/\",\"telephone\":\"+34912772037\",\"logo\":{\"@type\":\"ImageObject\",\"url\":\"https:\\\/\\\/www.rabuso.com\\\/es\\\/cms\\\/files\\\/RABUSO_logo_h_rgb.jpg\",\"@id\":\"https:\\\/\\\/www.rabuso.com\\\/es\\\/empresa\\\/equipo\\\/alicia-martin\\\/#organizationLogo\",\"width\":945,\"height\":354},\"image\":{\"@id\":\"https:\\\/\\\/www.rabuso.com\\\/es\\\/empresa\\\/equipo\\\/alicia-martin\\\/#organizationLogo\"},\"sameAs\":[\"https:\\\/\\\/www.youtube.com\\\/@RABUSOamc\",\"https:\\\/\\\/www.linkedin.com\\\/company\\\/RABUSOamc\"]},{\"@type\":\"WebPage\",\"@id\":\"https:\\\/\\\/www.rabuso.com\\\/es\\\/empresa\\\/equipo\\\/alicia-martin\\\/#webpage\",\"url\":\"https:\\\/\\\/www.rabuso.com\\\/es\\\/empresa\\\/equipo\\\/alicia-martin\\\/\",\"name\":\"Alicia Mart\\u00edn - RABUSO\",\"description\":\"Comunicaci\\u00f3n y eventos Idiomas: Espa\\u00f1ol e Ingl\\u00e9s. Soy de Madrid y estudi\\u00e9 Periodismo en la Universidad Complutense. Durante estos a\\u00f1os, adem\\u00e1s, tuve la oportunidad de pasar un tiempo en Grecia form\\u00e1ndome en comunicaci\\u00f3n. Inici\\u00e9 mi carrera laboral trabajando para varios medios, entre revistas y peri\\u00f3dicos, para despu\\u00e9s especializarme con un M\\u00e1ster en Comunicaci\\u00f3n Corporativa, Protocolo\",\"inLanguage\":\"es-ES\",\"isPartOf\":{\"@id\":\"https:\\\/\\\/www.rabuso.com\\\/es\\\/#website\"},\"breadcrumb\":{\"@id\":\"https:\\\/\\\/www.rabuso.com\\\/es\\\/empresa\\\/equipo\\\/alicia-martin\\\/#breadcrumblist\"},\"datePublished\":\"2026-01-07T19:28:30+01:00\",\"dateModified\":\"2026-04-13T19:33:10+02:00\"},{\"@type\":\"WebSite\",\"@id\":\"https:\\\/\\\/www.rabuso.com\\\/es\\\/#website\",\"url\":\"https:\\\/\\\/www.rabuso.com\\\/es\\\/\",\"name\":\"RABUSO\",\"description\":\"Soluciones para asociaciones\",\"inLanguage\":\"es-ES\",\"publisher\":{\"@id\":\"https:\\\/\\\/www.rabuso.com\\\/es\\\/#organization\"}}]}\n\t\t<\/script>\n\t\t<!-- All in One SEO Pro -->\r\n\t\t<title>Alicia Mart\u00edn - RABUSO<\/title>\n\n","aioseo_head_json":{"title":"Alicia Mart\u00edn - RABUSO","description":"Comunicaci\u00f3n y eventos Idiomas: Espa\u00f1ol e Ingl\u00e9s. Soy de Madrid y estudi\u00e9 Periodismo en la Universidad Complutense. Durante estos a\u00f1os, adem\u00e1s, tuve la oportunidad de pasar un tiempo en Grecia form\u00e1ndome en comunicaci\u00f3n. Inici\u00e9 mi carrera laboral trabajando para varios medios, entre revistas y peri\u00f3dicos, para despu\u00e9s especializarme con un M\u00e1ster en Comunicaci\u00f3n Corporativa, Protocolo","canonical_url":"https:\/\/www.rabuso.com\/es\/empresa\/equipo\/alicia-martin\/","robots":"max-image-preview:large","keywords":"","webmasterTools":{"miscellaneous":""},"schema":{"@context":"https:\/\/schema.org","@graph":[{"@type":"BreadcrumbList","@id":"https:\/\/www.rabuso.com\/es\/empresa\/equipo\/alicia-martin\/#breadcrumblist","itemListElement":[{"@type":"ListItem","@id":"https:\/\/www.rabuso.com\/es#listItem","position":1,"name":"Home","item":"https:\/\/www.rabuso.com\/es","nextItem":{"@type":"ListItem","@id":"https:\/\/www.rabuso.com\/es\/empresa\/#listItem","name":"Empresa"}},{"@type":"ListItem","@id":"https:\/\/www.rabuso.com\/es\/empresa\/#listItem","position":2,"name":"Empresa","item":"https:\/\/www.rabuso.com\/es\/empresa\/","nextItem":{"@type":"ListItem","@id":"https:\/\/www.rabuso.com\/es\/empresa\/equipo\/#listItem","name":"Equipo"},"previousItem":{"@type":"ListItem","@id":"https:\/\/www.rabuso.com\/es#listItem","name":"Home"}},{"@type":"ListItem","@id":"https:\/\/www.rabuso.com\/es\/empresa\/equipo\/#listItem","position":3,"name":"Equipo","item":"https:\/\/www.rabuso.com\/es\/empresa\/equipo\/","nextItem":{"@type":"ListItem","@id":"https:\/\/www.rabuso.com\/es\/empresa\/equipo\/alicia-martin\/#listItem","name":"Alicia Mart\u00edn"},"previousItem":{"@type":"ListItem","@id":"https:\/\/www.rabuso.com\/es\/empresa\/#listItem","name":"Empresa"}},{"@type":"ListItem","@id":"https:\/\/www.rabuso.com\/es\/empresa\/equipo\/alicia-martin\/#listItem","position":4,"name":"Alicia Mart\u00edn","previousItem":{"@type":"ListItem","@id":"https:\/\/www.rabuso.com\/es\/empresa\/equipo\/#listItem","name":"Equipo"}}]},{"@type":"Organization","@id":"https:\/\/www.rabuso.com\/es\/#organization","name":"RABUSO","description":"Soluciones para asociaciones","url":"https:\/\/www.rabuso.com\/es\/","telephone":"+34912772037","logo":{"@type":"ImageObject","url":"https:\/\/www.rabuso.com\/es\/cms\/files\/RABUSO_logo_h_rgb.jpg","@id":"https:\/\/www.rabuso.com\/es\/empresa\/equipo\/alicia-martin\/#organizationLogo","width":945,"height":354},"image":{"@id":"https:\/\/www.rabuso.com\/es\/empresa\/equipo\/alicia-martin\/#organizationLogo"},"sameAs":["https:\/\/www.youtube.com\/@RABUSOamc","https:\/\/www.linkedin.com\/company\/RABUSOamc"]},{"@type":"WebPage","@id":"https:\/\/www.rabuso.com\/es\/empresa\/equipo\/alicia-martin\/#webpage","url":"https:\/\/www.rabuso.com\/es\/empresa\/equipo\/alicia-martin\/","name":"Alicia Mart\u00edn - RABUSO","description":"Comunicaci\u00f3n y eventos Idiomas: Espa\u00f1ol e Ingl\u00e9s. Soy de Madrid y estudi\u00e9 Periodismo en la Universidad Complutense. Durante estos a\u00f1os, adem\u00e1s, tuve la oportunidad de pasar un tiempo en Grecia form\u00e1ndome en comunicaci\u00f3n. Inici\u00e9 mi carrera laboral trabajando para varios medios, entre revistas y peri\u00f3dicos, para despu\u00e9s especializarme con un M\u00e1ster en Comunicaci\u00f3n Corporativa, Protocolo","inLanguage":"es-ES","isPartOf":{"@id":"https:\/\/www.rabuso.com\/es\/#website"},"breadcrumb":{"@id":"https:\/\/www.rabuso.com\/es\/empresa\/equipo\/alicia-martin\/#breadcrumblist"},"datePublished":"2026-01-07T19:28:30+01:00","dateModified":"2026-04-13T19:33:10+02:00"},{"@type":"WebSite","@id":"https:\/\/www.rabuso.com\/es\/#website","url":"https:\/\/www.rabuso.com\/es\/","name":"RABUSO","description":"Soluciones para asociaciones","inLanguage":"es-ES","publisher":{"@id":"https:\/\/www.rabuso.com\/es\/#organization"}}]},"og:locale":"es_ES","og:site_name":"RABUSO - Soluciones para asociaciones","og:type":"article","og:title":"Alicia Mart\u00edn - RABUSO","og:description":"Comunicaci\u00f3n y eventos Idiomas: Espa\u00f1ol e Ingl\u00e9s. Soy de Madrid y estudi\u00e9 Periodismo en la Universidad Complutense. Durante estos a\u00f1os, adem\u00e1s, tuve la oportunidad de pasar un tiempo en Grecia form\u00e1ndome en comunicaci\u00f3n. Inici\u00e9 mi carrera laboral trabajando para varios medios, entre revistas y peri\u00f3dicos, para despu\u00e9s especializarme con un M\u00e1ster en Comunicaci\u00f3n Corporativa, Protocolo","og:url":"https:\/\/www.rabuso.com\/es\/empresa\/equipo\/alicia-martin\/","og:image":"https:\/\/www.rabuso.com\/es\/cms\/files\/RABUSO_logo_h_rgb.jpg","og:image:secure_url":"https:\/\/www.rabuso.com\/es\/cms\/files\/RABUSO_logo_h_rgb.jpg","og:image:width":945,"og:image:height":354,"article:published_time":"2026-01-07T18:28:30+00:00","article:modified_time":"2026-04-13T17:33:10+00:00","twitter:card":"summary_large_image","twitter:title":"Alicia Mart\u00edn - RABUSO","twitter:description":"Comunicaci\u00f3n y eventos Idiomas: Espa\u00f1ol e Ingl\u00e9s. Soy de Madrid y estudi\u00e9 Periodismo en la Universidad Complutense. Durante estos a\u00f1os, adem\u00e1s, tuve la oportunidad de pasar un tiempo en Grecia form\u00e1ndome en comunicaci\u00f3n. Inici\u00e9 mi carrera laboral trabajando para varios medios, entre revistas y peri\u00f3dicos, para despu\u00e9s especializarme con un M\u00e1ster en Comunicaci\u00f3n Corporativa, Protocolo","twitter:image":"https:\/\/www.rabuso.com\/es\/cms\/files\/RABUSO_logo_h_rgb.jpg"},"aioseo_meta_data":{"post_id":"9389","title":null,"description":null,"keywords":null,"keyphrases":{"focus":{"keyphrase":"","score":0,"analysis":{"keyphraseInTitle":{"score":0,"maxScore":9,"error":1}}},"additional":[]},"primary_term":null,"canonical_url":null,"og_title":null,"og_description":null,"og_object_type":"default","og_image_type":"default","og_image_url":null,"og_image_width":null,"og_image_height":null,"og_image_custom_url":null,"og_image_custom_fields":null,"og_video":"","og_custom_url":null,"og_article_section":null,"og_article_tags":null,"twitter_use_og":false,"twitter_card":"default","twitter_image_type":"default","twitter_image_url":null,"twitter_image_custom_url":null,"twitter_image_custom_fields":null,"twitter_title":null,"twitter_description":null,"schema":{"blockGraphs":[],"customGraphs":[],"default":{"data":{"Article":[],"Course":[],"Dataset":[],"FAQPage":[],"Movie":[],"Person":[],"Product":[],"ProductReview":[],"Car":[],"Recipe":[],"Service":[],"SoftwareApplication":[],"WebPage":[]},"graphName":"WebPage","isEnabled":true},"graphs":[]},"schema_type":"default","schema_type_options":null,"pillar_content":false,"robots_default":true,"robots_noindex":false,"robots_noarchive":false,"robots_nosnippet":false,"robots_nofollow":false,"robots_noimageindex":false,"robots_noodp":false,"robots_notranslate":false,"robots_max_snippet":"-1","robots_max_videopreview":"-1","robots_max_imagepreview":"large","priority":null,"frequency":"default","local_seo":null,"seo_analyzer_scan_date":"2026-04-13 17:58:35","breadcrumb_settings":null,"limit_modified_date":false,"open_ai":null,"ai":{"faqs":[],"keyPoints":[],"titles":[],"descriptions":[],"socialPosts":{"email":[],"linkedin":[],"twitter":[],"facebook":[],"instagram":[]}},"created":"2026-01-07 18:26:47","updated":"2026-04-13 17:58:35"},"aioseo_breadcrumb":"<div class=\"aioseo-breadcrumbs\"><span class=\"aioseo-breadcrumb\">\n\t<a href=\"https:\/\/www.rabuso.com\/es\" title=\"Home\">Home<\/a>\n<\/span><span class=\"aioseo-breadcrumb-separator\">&raquo;<\/span><span class=\"aioseo-breadcrumb\">\n\t<a href=\"https:\/\/www.rabuso.com\/es\/empresa\/\" title=\"Empresa\">Empresa<\/a>\n<\/span><span class=\"aioseo-breadcrumb-separator\">&raquo;<\/span><span class=\"aioseo-breadcrumb\">\n\t<a href=\"https:\/\/www.rabuso.com\/es\/empresa\/equipo\/\" title=\"Equipo\">Equipo<\/a>\n<\/span><span class=\"aioseo-breadcrumb-separator\">&raquo;<\/span><span class=\"aioseo-breadcrumb\">\n\tAlicia Mart\u00edn\n<\/span><\/div>","aioseo_breadcrumb_json":[{"label":"Home","link":"https:\/\/www.rabuso.com\/es"},{"label":"Empresa","link":"https:\/\/www.rabuso.com\/es\/empresa\/"},{"label":"Equipo","link":"https:\/\/www.rabuso.com\/es\/empresa\/equipo\/"},{"label":"Alicia Mart\u00edn","link":"https:\/\/www.rabuso.com\/es\/empresa\/equipo\/alicia-martin\/"}],"_links":{"self":[{"href":"https:\/\/www.rabuso.com\/es\/wp-json\/wp\/v2\/pages\/9389","targetHints":{"allow":["GET"]}}],"collection":[{"href":"https:\/\/www.rabuso.com\/es\/wp-json\/wp\/v2\/pages"}],"about":[{"href":"https:\/\/www.rabuso.com\/es\/wp-json\/wp\/v2\/types\/page"}],"author":[{"embeddable":true,"href":"https:\/\/www.rabuso.com\/es\/wp-json\/wp\/v2\/users\/373"}],"replies":[{"embeddable":true,"href":"https:\/\/www.rabuso.com\/es\/wp-json\/wp\/v2\/comments?post=9389"}],"version-history":[{"count":4,"href":"https:\/\/www.rabuso.com\/es\/wp-json\/wp\/v2\/pages\/9389\/revisions"}],"predecessor-version":[{"id":9791,"href":"https:\/\/www.rabuso.com\/es\/wp-json\/wp\/v2\/pages\/9389\/revisions\/9791"}],"up":[{"embeddable":true,"href":"https:\/\/www.rabuso.com\/es\/wp-json\/wp\/v2\/pages\/5139"}],"wp:attachment":[{"href":"https:\/\/www.rabuso.com\/es\/wp-json\/wp\/v2\/media?parent=9389"}],"curies":[{"name":"wp","href":"https:\/\/api.w.org\/{rel}","templated":true}]}}