{"id":9138,"date":"2025-10-24T13:06:19","date_gmt":"2025-10-24T11:06:19","guid":{"rendered":"https:\/\/www.rabuso.com\/es\/?page_id=9138"},"modified":"2026-04-13T19:35:25","modified_gmt":"2026-04-13T17:35:25","slug":"miguel-muguruza","status":"publish","type":"page","link":"https:\/\/www.rabuso.com\/es\/empresa\/equipo\/miguel-muguruza\/","title":{"rendered":"Miguel Muguruza"},"content":{"rendered":"<p><img decoding=\"async\" class=\"size-full wp-image-9588 aligncenter\" src=\"https:\/\/www.rabuso.com\/es\/cms\/files\/RABUSO_Miguel_Muguruza_690x390.jpg\" alt=\"\" width=\"690\" height=\"390\" srcset=\"https:\/\/www.rabuso.com\/es\/cms\/files\/RABUSO_Miguel_Muguruza_690x390.jpg 690w, https:\/\/www.rabuso.com\/es\/cms\/files\/RABUSO_Miguel_Muguruza_690x390-230x130.jpg 230w\" sizes=\"(max-width: 690px) 100vw, 690px\" \/><\/p>\n<h2>Contabilidad y administraci\u00f3n<\/h2>\n<ul>\n<li><strong>Idiomas: <\/strong>Espa\u00f1ol e Ingl\u00e9s.<\/li>\n<\/ul>\n<p>Natural de Madrid y vecino de Legan\u00e9s, mi pasi\u00f3n por los n\u00fameros y la econom\u00eda hizo que estudiara econom\u00eda y negocios internacionales en la Universidad de Alcal\u00e1, universidad en la que posteriormente estudi\u00e9 un m\u00e1ster en finanzas cuantitativas.<\/p>\n<p>Mi experiencia profesional ha estado ligada al mundo comercial y al desarrollo de proyectos, desempe\u00f1ando puestos que combinaban tanto funciones comerciales como t\u00e9cnicas.<\/p>\n<p>Esta combinaci\u00f3n de perfiles hizo que durante 7 a\u00f1os estuviera enfocado en el mundo tecnol\u00f3gico.<\/p>\n<p>En mis ratos libres me encanta disfrutar de la naturaleza, ya sea corriendo, escalando o simplemente dando un paseo, y del f\u00fatbol, si puede ser en vivo y en Butarque mejor.<\/p>\n<p>Como otras aficiones a destacar, tengo la cocina y la m\u00fasica.<\/p>\n<p>Como dato curioso, hace 2 a\u00f1os comenc\u00e9 mis estudios de Ingenier\u00eda Inform\u00e1tica por la UNED.<\/p>\n<p>&nbsp;<\/p>\n","protected":false},"excerpt":{"rendered":"<p>Contabilidad y administraci\u00f3n Idiomas: Espa\u00f1ol e Ingl\u00e9s. Natural de Madrid y vecino de Legan\u00e9s, mi pasi\u00f3n por los n\u00fameros y la econom\u00eda hizo que estudiara econom\u00eda y negocios internacionales en la Universidad de Alcal\u00e1, universidad en la que posteriormente estudi\u00e9 un m\u00e1ster en finanzas cuantitativas. Mi experiencia profesional ha estado ligada al mundo comercial y [&hellip;]<\/p>\n","protected":false},"author":383,"featured_media":0,"parent":5139,"menu_order":16,"comment_status":"closed","ping_status":"closed","template":"","meta":{"_acf_changed":false,"footnotes":""},"class_list":["post-9138","page","type-page","status-publish","hentry"],"acf":[],"aioseo_notices":[],"aioseo_head":"\n\t\t<!-- All in One SEO Pro 4.9.6.2 - aioseo.com -->\n\t<meta name=\"description\" content=\"Contabilidad y administraci\u00f3n Idiomas: Espa\u00f1ol e Ingl\u00e9s. Natural de Madrid y vecino de Legan\u00e9s, mi pasi\u00f3n por los n\u00fameros y la econom\u00eda hizo que estudiara econom\u00eda y negocios internacionales en la Universidad de Alcal\u00e1, universidad en la que posteriormente estudi\u00e9 un m\u00e1ster en finanzas cuantitativas. Mi experiencia profesional ha estado ligada al mundo comercial y\" \/>\n\t<meta name=\"robots\" content=\"max-image-preview:large\" \/>\n\t<link rel=\"canonical\" href=\"https:\/\/www.rabuso.com\/es\/empresa\/equipo\/miguel-muguruza\/\" \/>\n\t<meta name=\"generator\" content=\"All in One SEO Pro (AIOSEO) 4.9.6.2\" \/>\n\t\t<meta property=\"og:locale\" content=\"es_ES\" \/>\n\t\t<meta property=\"og:site_name\" content=\"RABUSO - Soluciones para asociaciones\" \/>\n\t\t<meta property=\"og:type\" content=\"article\" \/>\n\t\t<meta property=\"og:title\" content=\"Miguel Muguruza - RABUSO\" \/>\n\t\t<meta property=\"og:description\" content=\"Contabilidad y administraci\u00f3n Idiomas: Espa\u00f1ol e Ingl\u00e9s. Natural de Madrid y vecino de Legan\u00e9s, mi pasi\u00f3n por los n\u00fameros y la econom\u00eda hizo que estudiara econom\u00eda y negocios internacionales en la Universidad de Alcal\u00e1, universidad en la que posteriormente estudi\u00e9 un m\u00e1ster en finanzas cuantitativas. Mi experiencia profesional ha estado ligada al mundo comercial y\" \/>\n\t\t<meta property=\"og:url\" content=\"https:\/\/www.rabuso.com\/es\/empresa\/equipo\/miguel-muguruza\/\" \/>\n\t\t<meta property=\"og:image\" content=\"https:\/\/www.rabuso.com\/es\/cms\/files\/RABUSO_logo_h_rgb.jpg\" \/>\n\t\t<meta property=\"og:image:secure_url\" content=\"https:\/\/www.rabuso.com\/es\/cms\/files\/RABUSO_logo_h_rgb.jpg\" \/>\n\t\t<meta property=\"og:image:width\" content=\"945\" \/>\n\t\t<meta property=\"og:image:height\" content=\"354\" \/>\n\t\t<meta property=\"article:published_time\" content=\"2025-10-24T11:06:19+00:00\" \/>\n\t\t<meta property=\"article:modified_time\" content=\"2026-04-13T17:35:25+00:00\" \/>\n\t\t<meta name=\"twitter:card\" content=\"summary_large_image\" \/>\n\t\t<meta name=\"twitter:title\" content=\"Miguel Muguruza - RABUSO\" \/>\n\t\t<meta name=\"twitter:description\" content=\"Contabilidad y administraci\u00f3n Idiomas: Espa\u00f1ol e Ingl\u00e9s. Natural de Madrid y vecino de Legan\u00e9s, mi pasi\u00f3n por los n\u00fameros y la econom\u00eda hizo que estudiara econom\u00eda y negocios internacionales en la Universidad de Alcal\u00e1, universidad en la que posteriormente estudi\u00e9 un m\u00e1ster en finanzas cuantitativas. Mi experiencia profesional ha estado ligada al mundo comercial y\" \/>\n\t\t<meta name=\"twitter:image\" content=\"https:\/\/www.rabuso.com\/es\/cms\/files\/RABUSO_logo_h_rgb.jpg\" \/>\n\t\t<script type=\"application\/ld+json\" class=\"aioseo-schema\">\n\t\t\t{\"@context\":\"https:\\\/\\\/schema.org\",\"@graph\":[{\"@type\":\"BreadcrumbList\",\"@id\":\"https:\\\/\\\/www.rabuso.com\\\/es\\\/empresa\\\/equipo\\\/miguel-muguruza\\\/#breadcrumblist\",\"itemListElement\":[{\"@type\":\"ListItem\",\"@id\":\"https:\\\/\\\/www.rabuso.com\\\/es#listItem\",\"position\":1,\"name\":\"Home\",\"item\":\"https:\\\/\\\/www.rabuso.com\\\/es\",\"nextItem\":{\"@type\":\"ListItem\",\"@id\":\"https:\\\/\\\/www.rabuso.com\\\/es\\\/empresa\\\/#listItem\",\"name\":\"Empresa\"}},{\"@type\":\"ListItem\",\"@id\":\"https:\\\/\\\/www.rabuso.com\\\/es\\\/empresa\\\/#listItem\",\"position\":2,\"name\":\"Empresa\",\"item\":\"https:\\\/\\\/www.rabuso.com\\\/es\\\/empresa\\\/\",\"nextItem\":{\"@type\":\"ListItem\",\"@id\":\"https:\\\/\\\/www.rabuso.com\\\/es\\\/empresa\\\/equipo\\\/#listItem\",\"name\":\"Equipo\"},\"previousItem\":{\"@type\":\"ListItem\",\"@id\":\"https:\\\/\\\/www.rabuso.com\\\/es#listItem\",\"name\":\"Home\"}},{\"@type\":\"ListItem\",\"@id\":\"https:\\\/\\\/www.rabuso.com\\\/es\\\/empresa\\\/equipo\\\/#listItem\",\"position\":3,\"name\":\"Equipo\",\"item\":\"https:\\\/\\\/www.rabuso.com\\\/es\\\/empresa\\\/equipo\\\/\",\"nextItem\":{\"@type\":\"ListItem\",\"@id\":\"https:\\\/\\\/www.rabuso.com\\\/es\\\/empresa\\\/equipo\\\/miguel-muguruza\\\/#listItem\",\"name\":\"Miguel Muguruza\"},\"previousItem\":{\"@type\":\"ListItem\",\"@id\":\"https:\\\/\\\/www.rabuso.com\\\/es\\\/empresa\\\/#listItem\",\"name\":\"Empresa\"}},{\"@type\":\"ListItem\",\"@id\":\"https:\\\/\\\/www.rabuso.com\\\/es\\\/empresa\\\/equipo\\\/miguel-muguruza\\\/#listItem\",\"position\":4,\"name\":\"Miguel Muguruza\",\"previousItem\":{\"@type\":\"ListItem\",\"@id\":\"https:\\\/\\\/www.rabuso.com\\\/es\\\/empresa\\\/equipo\\\/#listItem\",\"name\":\"Equipo\"}}]},{\"@type\":\"Organization\",\"@id\":\"https:\\\/\\\/www.rabuso.com\\\/es\\\/#organization\",\"name\":\"RABUSO\",\"description\":\"Soluciones para asociaciones\",\"url\":\"https:\\\/\\\/www.rabuso.com\\\/es\\\/\",\"telephone\":\"+34912772037\",\"logo\":{\"@type\":\"ImageObject\",\"url\":\"https:\\\/\\\/www.rabuso.com\\\/es\\\/cms\\\/files\\\/RABUSO_logo_h_rgb.jpg\",\"@id\":\"https:\\\/\\\/www.rabuso.com\\\/es\\\/empresa\\\/equipo\\\/miguel-muguruza\\\/#organizationLogo\",\"width\":945,\"height\":354},\"image\":{\"@id\":\"https:\\\/\\\/www.rabuso.com\\\/es\\\/empresa\\\/equipo\\\/miguel-muguruza\\\/#organizationLogo\"},\"sameAs\":[\"https:\\\/\\\/www.youtube.com\\\/@RABUSOamc\",\"https:\\\/\\\/www.linkedin.com\\\/company\\\/RABUSOamc\"]},{\"@type\":\"WebPage\",\"@id\":\"https:\\\/\\\/www.rabuso.com\\\/es\\\/empresa\\\/equipo\\\/miguel-muguruza\\\/#webpage\",\"url\":\"https:\\\/\\\/www.rabuso.com\\\/es\\\/empresa\\\/equipo\\\/miguel-muguruza\\\/\",\"name\":\"Miguel Muguruza - RABUSO\",\"description\":\"Contabilidad y administraci\\u00f3n Idiomas: Espa\\u00f1ol e Ingl\\u00e9s. Natural de Madrid y vecino de Legan\\u00e9s, mi pasi\\u00f3n por los n\\u00fameros y la econom\\u00eda hizo que estudiara econom\\u00eda y negocios internacionales en la Universidad de Alcal\\u00e1, universidad en la que posteriormente estudi\\u00e9 un m\\u00e1ster en finanzas cuantitativas. Mi experiencia profesional ha estado ligada al mundo comercial y\",\"inLanguage\":\"es-ES\",\"isPartOf\":{\"@id\":\"https:\\\/\\\/www.rabuso.com\\\/es\\\/#website\"},\"breadcrumb\":{\"@id\":\"https:\\\/\\\/www.rabuso.com\\\/es\\\/empresa\\\/equipo\\\/miguel-muguruza\\\/#breadcrumblist\"},\"datePublished\":\"2025-10-24T13:06:19+02:00\",\"dateModified\":\"2026-04-13T19:35:25+02:00\"},{\"@type\":\"WebSite\",\"@id\":\"https:\\\/\\\/www.rabuso.com\\\/es\\\/#website\",\"url\":\"https:\\\/\\\/www.rabuso.com\\\/es\\\/\",\"name\":\"RABUSO\",\"description\":\"Soluciones para asociaciones\",\"inLanguage\":\"es-ES\",\"publisher\":{\"@id\":\"https:\\\/\\\/www.rabuso.com\\\/es\\\/#organization\"}}]}\n\t\t<\/script>\n\t\t<!-- All in One SEO Pro -->\r\n\t\t<title>Miguel Muguruza - RABUSO<\/title>\n\n","aioseo_head_json":{"title":"Miguel Muguruza - RABUSO","description":"Contabilidad y administraci\u00f3n Idiomas: Espa\u00f1ol e Ingl\u00e9s. Natural de Madrid y vecino de Legan\u00e9s, mi pasi\u00f3n por los n\u00fameros y la econom\u00eda hizo que estudiara econom\u00eda y negocios internacionales en la Universidad de Alcal\u00e1, universidad en la que posteriormente estudi\u00e9 un m\u00e1ster en finanzas cuantitativas. Mi experiencia profesional ha estado ligada al mundo comercial y","canonical_url":"https:\/\/www.rabuso.com\/es\/empresa\/equipo\/miguel-muguruza\/","robots":"max-image-preview:large","keywords":"","webmasterTools":{"miscellaneous":""},"schema":{"@context":"https:\/\/schema.org","@graph":[{"@type":"BreadcrumbList","@id":"https:\/\/www.rabuso.com\/es\/empresa\/equipo\/miguel-muguruza\/#breadcrumblist","itemListElement":[{"@type":"ListItem","@id":"https:\/\/www.rabuso.com\/es#listItem","position":1,"name":"Home","item":"https:\/\/www.rabuso.com\/es","nextItem":{"@type":"ListItem","@id":"https:\/\/www.rabuso.com\/es\/empresa\/#listItem","name":"Empresa"}},{"@type":"ListItem","@id":"https:\/\/www.rabuso.com\/es\/empresa\/#listItem","position":2,"name":"Empresa","item":"https:\/\/www.rabuso.com\/es\/empresa\/","nextItem":{"@type":"ListItem","@id":"https:\/\/www.rabuso.com\/es\/empresa\/equipo\/#listItem","name":"Equipo"},"previousItem":{"@type":"ListItem","@id":"https:\/\/www.rabuso.com\/es#listItem","name":"Home"}},{"@type":"ListItem","@id":"https:\/\/www.rabuso.com\/es\/empresa\/equipo\/#listItem","position":3,"name":"Equipo","item":"https:\/\/www.rabuso.com\/es\/empresa\/equipo\/","nextItem":{"@type":"ListItem","@id":"https:\/\/www.rabuso.com\/es\/empresa\/equipo\/miguel-muguruza\/#listItem","name":"Miguel Muguruza"},"previousItem":{"@type":"ListItem","@id":"https:\/\/www.rabuso.com\/es\/empresa\/#listItem","name":"Empresa"}},{"@type":"ListItem","@id":"https:\/\/www.rabuso.com\/es\/empresa\/equipo\/miguel-muguruza\/#listItem","position":4,"name":"Miguel Muguruza","previousItem":{"@type":"ListItem","@id":"https:\/\/www.rabuso.com\/es\/empresa\/equipo\/#listItem","name":"Equipo"}}]},{"@type":"Organization","@id":"https:\/\/www.rabuso.com\/es\/#organization","name":"RABUSO","description":"Soluciones para asociaciones","url":"https:\/\/www.rabuso.com\/es\/","telephone":"+34912772037","logo":{"@type":"ImageObject","url":"https:\/\/www.rabuso.com\/es\/cms\/files\/RABUSO_logo_h_rgb.jpg","@id":"https:\/\/www.rabuso.com\/es\/empresa\/equipo\/miguel-muguruza\/#organizationLogo","width":945,"height":354},"image":{"@id":"https:\/\/www.rabuso.com\/es\/empresa\/equipo\/miguel-muguruza\/#organizationLogo"},"sameAs":["https:\/\/www.youtube.com\/@RABUSOamc","https:\/\/www.linkedin.com\/company\/RABUSOamc"]},{"@type":"WebPage","@id":"https:\/\/www.rabuso.com\/es\/empresa\/equipo\/miguel-muguruza\/#webpage","url":"https:\/\/www.rabuso.com\/es\/empresa\/equipo\/miguel-muguruza\/","name":"Miguel Muguruza - RABUSO","description":"Contabilidad y administraci\u00f3n Idiomas: Espa\u00f1ol e Ingl\u00e9s. Natural de Madrid y vecino de Legan\u00e9s, mi pasi\u00f3n por los n\u00fameros y la econom\u00eda hizo que estudiara econom\u00eda y negocios internacionales en la Universidad de Alcal\u00e1, universidad en la que posteriormente estudi\u00e9 un m\u00e1ster en finanzas cuantitativas. Mi experiencia profesional ha estado ligada al mundo comercial y","inLanguage":"es-ES","isPartOf":{"@id":"https:\/\/www.rabuso.com\/es\/#website"},"breadcrumb":{"@id":"https:\/\/www.rabuso.com\/es\/empresa\/equipo\/miguel-muguruza\/#breadcrumblist"},"datePublished":"2025-10-24T13:06:19+02:00","dateModified":"2026-04-13T19:35:25+02:00"},{"@type":"WebSite","@id":"https:\/\/www.rabuso.com\/es\/#website","url":"https:\/\/www.rabuso.com\/es\/","name":"RABUSO","description":"Soluciones para asociaciones","inLanguage":"es-ES","publisher":{"@id":"https:\/\/www.rabuso.com\/es\/#organization"}}]},"og:locale":"es_ES","og:site_name":"RABUSO - Soluciones para asociaciones","og:type":"article","og:title":"Miguel Muguruza - RABUSO","og:description":"Contabilidad y administraci\u00f3n Idiomas: Espa\u00f1ol e Ingl\u00e9s. Natural de Madrid y vecino de Legan\u00e9s, mi pasi\u00f3n por los n\u00fameros y la econom\u00eda hizo que estudiara econom\u00eda y negocios internacionales en la Universidad de Alcal\u00e1, universidad en la que posteriormente estudi\u00e9 un m\u00e1ster en finanzas cuantitativas. Mi experiencia profesional ha estado ligada al mundo comercial y","og:url":"https:\/\/www.rabuso.com\/es\/empresa\/equipo\/miguel-muguruza\/","og:image":"https:\/\/www.rabuso.com\/es\/cms\/files\/RABUSO_logo_h_rgb.jpg","og:image:secure_url":"https:\/\/www.rabuso.com\/es\/cms\/files\/RABUSO_logo_h_rgb.jpg","og:image:width":945,"og:image:height":354,"article:published_time":"2025-10-24T11:06:19+00:00","article:modified_time":"2026-04-13T17:35:25+00:00","twitter:card":"summary_large_image","twitter:title":"Miguel Muguruza - RABUSO","twitter:description":"Contabilidad y administraci\u00f3n Idiomas: Espa\u00f1ol e Ingl\u00e9s. Natural de Madrid y vecino de Legan\u00e9s, mi pasi\u00f3n por los n\u00fameros y la econom\u00eda hizo que estudiara econom\u00eda y negocios internacionales en la Universidad de Alcal\u00e1, universidad en la que posteriormente estudi\u00e9 un m\u00e1ster en finanzas cuantitativas. Mi experiencia profesional ha estado ligada al mundo comercial y","twitter:image":"https:\/\/www.rabuso.com\/es\/cms\/files\/RABUSO_logo_h_rgb.jpg"},"aioseo_meta_data":{"post_id":"9138","title":null,"description":null,"keywords":null,"keyphrases":{"focus":{"keyphrase":"","score":0,"analysis":{"keyphraseInTitle":{"score":0,"maxScore":9,"error":1}}},"additional":[]},"primary_term":null,"canonical_url":null,"og_title":null,"og_description":null,"og_object_type":"default","og_image_type":"default","og_image_url":null,"og_image_width":null,"og_image_height":null,"og_image_custom_url":null,"og_image_custom_fields":null,"og_video":"","og_custom_url":null,"og_article_section":null,"og_article_tags":null,"twitter_use_og":false,"twitter_card":"default","twitter_image_type":"default","twitter_image_url":null,"twitter_image_custom_url":null,"twitter_image_custom_fields":null,"twitter_title":null,"twitter_description":null,"schema":{"blockGraphs":[],"customGraphs":[],"default":{"data":{"Article":[],"Course":[],"Dataset":[],"FAQPage":[],"Movie":[],"Person":[],"Product":[],"ProductReview":[],"Car":[],"Recipe":[],"Service":[],"SoftwareApplication":[],"WebPage":[]},"graphName":"WebPage","isEnabled":true},"graphs":[]},"schema_type":"default","schema_type_options":null,"pillar_content":false,"robots_default":true,"robots_noindex":false,"robots_noarchive":false,"robots_nosnippet":false,"robots_nofollow":false,"robots_noimageindex":false,"robots_noodp":false,"robots_notranslate":false,"robots_max_snippet":"-1","robots_max_videopreview":"-1","robots_max_imagepreview":"large","priority":null,"frequency":"default","local_seo":null,"seo_analyzer_scan_date":"2026-04-13 17:53:57","breadcrumb_settings":null,"limit_modified_date":false,"open_ai":null,"ai":{"faqs":[],"keyPoints":[],"titles":[],"descriptions":[],"socialPosts":{"email":[],"linkedin":[],"twitter":[],"facebook":[],"instagram":[]}},"created":"2025-10-24 11:01:06","updated":"2026-04-13 17:53:57"},"aioseo_breadcrumb":"<div class=\"aioseo-breadcrumbs\"><span class=\"aioseo-breadcrumb\">\n\t<a href=\"https:\/\/www.rabuso.com\/es\" title=\"Home\">Home<\/a>\n<\/span><span class=\"aioseo-breadcrumb-separator\">&raquo;<\/span><span class=\"aioseo-breadcrumb\">\n\t<a href=\"https:\/\/www.rabuso.com\/es\/empresa\/\" title=\"Empresa\">Empresa<\/a>\n<\/span><span class=\"aioseo-breadcrumb-separator\">&raquo;<\/span><span class=\"aioseo-breadcrumb\">\n\t<a href=\"https:\/\/www.rabuso.com\/es\/empresa\/equipo\/\" title=\"Equipo\">Equipo<\/a>\n<\/span><span class=\"aioseo-breadcrumb-separator\">&raquo;<\/span><span class=\"aioseo-breadcrumb\">\n\tMiguel Muguruza\n<\/span><\/div>","aioseo_breadcrumb_json":[{"label":"Home","link":"https:\/\/www.rabuso.com\/es"},{"label":"Empresa","link":"https:\/\/www.rabuso.com\/es\/empresa\/"},{"label":"Equipo","link":"https:\/\/www.rabuso.com\/es\/empresa\/equipo\/"},{"label":"Miguel Muguruza","link":"https:\/\/www.rabuso.com\/es\/empresa\/equipo\/miguel-muguruza\/"}],"_links":{"self":[{"href":"https:\/\/www.rabuso.com\/es\/wp-json\/wp\/v2\/pages\/9138","targetHints":{"allow":["GET"]}}],"collection":[{"href":"https:\/\/www.rabuso.com\/es\/wp-json\/wp\/v2\/pages"}],"about":[{"href":"https:\/\/www.rabuso.com\/es\/wp-json\/wp\/v2\/types\/page"}],"author":[{"embeddable":true,"href":"https:\/\/www.rabuso.com\/es\/wp-json\/wp\/v2\/users\/383"}],"replies":[{"embeddable":true,"href":"https:\/\/www.rabuso.com\/es\/wp-json\/wp\/v2\/comments?post=9138"}],"version-history":[{"count":4,"href":"https:\/\/www.rabuso.com\/es\/wp-json\/wp\/v2\/pages\/9138\/revisions"}],"predecessor-version":[{"id":9795,"href":"https:\/\/www.rabuso.com\/es\/wp-json\/wp\/v2\/pages\/9138\/revisions\/9795"}],"up":[{"embeddable":true,"href":"https:\/\/www.rabuso.com\/es\/wp-json\/wp\/v2\/pages\/5139"}],"wp:attachment":[{"href":"https:\/\/www.rabuso.com\/es\/wp-json\/wp\/v2\/media?parent=9138"}],"curies":[{"name":"wp","href":"https:\/\/api.w.org\/{rel}","templated":true}]}}