{"id":8714,"date":"2025-09-15T10:08:59","date_gmt":"2025-09-15T08:08:59","guid":{"rendered":"https:\/\/www.rabuso.com\/es\/?page_id=8714"},"modified":"2026-04-13T19:34:50","modified_gmt":"2026-04-13T17:34:50","slug":"cristina-redondo","status":"publish","type":"page","link":"https:\/\/www.rabuso.com\/es\/empresa\/equipo\/cristina-redondo\/","title":{"rendered":"Cristina Redondo"},"content":{"rendered":"<p><img decoding=\"async\" class=\"size-full wp-image-9716 aligncenter\" src=\"https:\/\/www.rabuso.com\/es\/cms\/files\/RABUSO_Cristina_Redondo_690x390.jpg\" alt=\"\" width=\"690\" height=\"390\" srcset=\"https:\/\/www.rabuso.com\/es\/cms\/files\/RABUSO_Cristina_Redondo_690x390.jpg 690w, https:\/\/www.rabuso.com\/es\/cms\/files\/RABUSO_Cristina_Redondo_690x390-230x130.jpg 230w\" sizes=\"(max-width: 690px) 100vw, 690px\" \/><\/p>\n<h2>Comunicaci\u00f3n y eventos<\/h2>\n<ul>\n<li><strong>Idiomas:\u00a0<\/strong>Espa\u00f1ol, Ingl\u00e9s y Franc\u00e9s<\/li>\n<\/ul>\n<p>El poder de la comunicaci\u00f3n siempre me ha atra\u00eddo.<\/p>\n<p>Aprender a llevar las historias a su m\u00e1ximo exponente, me llev\u00f3 a estudiar Comunicaci\u00f3n Audiovisual.<\/p>\n<p>Muy pronto, me di cuenta que lo que m\u00e1s me gustaba era conectar a las personas con las empresas y me especialic\u00e9 en Marketing y Storytelling.<\/p>\n<p>As\u00ed es como la organizaci\u00f3n de eventos y campa\u00f1as en redes sociales llegaron a mi vida para quedarse.<\/p>\n<p>Soy muy deportista, en mi tiempo libre me puedes ver corriendo, jugando a f\u00fatbol o pedaleando.<\/p>\n<p>El deporte me ense\u00f1a resiliencia y me divierte a la vez que impulsa mi creatividad.<\/p>\n<p>Siempre voy a aceptar nuevos retos para mi mente inquieta y crecer personal y profesionalmente.<\/p>\n<p>&nbsp;<\/p>\n","protected":false},"excerpt":{"rendered":"<p>Comunicaci\u00f3n y eventos Idiomas:\u00a0Espa\u00f1ol, Ingl\u00e9s y Franc\u00e9s El poder de la comunicaci\u00f3n siempre me ha atra\u00eddo. Aprender a llevar las historias a su m\u00e1ximo exponente, me llev\u00f3 a estudiar Comunicaci\u00f3n Audiovisual. Muy pronto, me di cuenta que lo que m\u00e1s me gustaba era conectar a las personas con las empresas y me especialic\u00e9 en Marketing [&hellip;]<\/p>\n","protected":false},"author":373,"featured_media":0,"parent":5139,"menu_order":14,"comment_status":"closed","ping_status":"closed","template":"","meta":{"_acf_changed":false,"footnotes":""},"class_list":["post-8714","page","type-page","status-publish","hentry"],"acf":[],"aioseo_notices":[],"aioseo_head":"\n\t\t<!-- All in One SEO Pro 4.9.6.2 - aioseo.com -->\n\t<meta name=\"description\" content=\"Comunicaci\u00f3n y eventos Idiomas: Espa\u00f1ol, Ingl\u00e9s y Franc\u00e9s El poder de la comunicaci\u00f3n siempre me ha atra\u00eddo. Aprender a llevar las historias a su m\u00e1ximo exponente, me llev\u00f3 a estudiar Comunicaci\u00f3n Audiovisual. Muy pronto, me di cuenta que lo que m\u00e1s me gustaba era conectar a las personas con las empresas y me especialic\u00e9 en Marketing\" \/>\n\t<meta name=\"robots\" content=\"max-image-preview:large\" \/>\n\t<link rel=\"canonical\" href=\"https:\/\/www.rabuso.com\/es\/empresa\/equipo\/cristina-redondo\/\" \/>\n\t<meta name=\"generator\" content=\"All in One SEO Pro (AIOSEO) 4.9.6.2\" \/>\n\t\t<meta property=\"og:locale\" content=\"es_ES\" \/>\n\t\t<meta property=\"og:site_name\" content=\"RABUSO - Soluciones para asociaciones\" \/>\n\t\t<meta property=\"og:type\" content=\"article\" \/>\n\t\t<meta property=\"og:title\" content=\"Cristina Redondo - RABUSO\" \/>\n\t\t<meta property=\"og:description\" content=\"Comunicaci\u00f3n y eventos Idiomas: Espa\u00f1ol, Ingl\u00e9s y Franc\u00e9s El poder de la comunicaci\u00f3n siempre me ha atra\u00eddo. Aprender a llevar las historias a su m\u00e1ximo exponente, me llev\u00f3 a estudiar Comunicaci\u00f3n Audiovisual. Muy pronto, me di cuenta que lo que m\u00e1s me gustaba era conectar a las personas con las empresas y me especialic\u00e9 en Marketing\" \/>\n\t\t<meta property=\"og:url\" content=\"https:\/\/www.rabuso.com\/es\/empresa\/equipo\/cristina-redondo\/\" \/>\n\t\t<meta property=\"og:image\" content=\"https:\/\/www.rabuso.com\/es\/cms\/files\/RABUSO_logo_h_rgb.jpg\" \/>\n\t\t<meta property=\"og:image:secure_url\" content=\"https:\/\/www.rabuso.com\/es\/cms\/files\/RABUSO_logo_h_rgb.jpg\" \/>\n\t\t<meta property=\"og:image:width\" content=\"945\" \/>\n\t\t<meta property=\"og:image:height\" content=\"354\" \/>\n\t\t<meta property=\"article:published_time\" content=\"2025-09-15T08:08:59+00:00\" \/>\n\t\t<meta property=\"article:modified_time\" content=\"2026-04-13T17:34:50+00:00\" \/>\n\t\t<meta name=\"twitter:card\" content=\"summary_large_image\" \/>\n\t\t<meta name=\"twitter:title\" content=\"Cristina Redondo - RABUSO\" \/>\n\t\t<meta name=\"twitter:description\" content=\"Comunicaci\u00f3n y eventos Idiomas: Espa\u00f1ol, Ingl\u00e9s y Franc\u00e9s El poder de la comunicaci\u00f3n siempre me ha atra\u00eddo. Aprender a llevar las historias a su m\u00e1ximo exponente, me llev\u00f3 a estudiar Comunicaci\u00f3n Audiovisual. Muy pronto, me di cuenta que lo que m\u00e1s me gustaba era conectar a las personas con las empresas y me especialic\u00e9 en Marketing\" \/>\n\t\t<meta name=\"twitter:image\" content=\"https:\/\/www.rabuso.com\/es\/cms\/files\/RABUSO_logo_h_rgb.jpg\" \/>\n\t\t<script type=\"application\/ld+json\" class=\"aioseo-schema\">\n\t\t\t{\"@context\":\"https:\\\/\\\/schema.org\",\"@graph\":[{\"@type\":\"BreadcrumbList\",\"@id\":\"https:\\\/\\\/www.rabuso.com\\\/es\\\/empresa\\\/equipo\\\/cristina-redondo\\\/#breadcrumblist\",\"itemListElement\":[{\"@type\":\"ListItem\",\"@id\":\"https:\\\/\\\/www.rabuso.com\\\/es#listItem\",\"position\":1,\"name\":\"Home\",\"item\":\"https:\\\/\\\/www.rabuso.com\\\/es\",\"nextItem\":{\"@type\":\"ListItem\",\"@id\":\"https:\\\/\\\/www.rabuso.com\\\/es\\\/empresa\\\/#listItem\",\"name\":\"Empresa\"}},{\"@type\":\"ListItem\",\"@id\":\"https:\\\/\\\/www.rabuso.com\\\/es\\\/empresa\\\/#listItem\",\"position\":2,\"name\":\"Empresa\",\"item\":\"https:\\\/\\\/www.rabuso.com\\\/es\\\/empresa\\\/\",\"nextItem\":{\"@type\":\"ListItem\",\"@id\":\"https:\\\/\\\/www.rabuso.com\\\/es\\\/empresa\\\/equipo\\\/#listItem\",\"name\":\"Equipo\"},\"previousItem\":{\"@type\":\"ListItem\",\"@id\":\"https:\\\/\\\/www.rabuso.com\\\/es#listItem\",\"name\":\"Home\"}},{\"@type\":\"ListItem\",\"@id\":\"https:\\\/\\\/www.rabuso.com\\\/es\\\/empresa\\\/equipo\\\/#listItem\",\"position\":3,\"name\":\"Equipo\",\"item\":\"https:\\\/\\\/www.rabuso.com\\\/es\\\/empresa\\\/equipo\\\/\",\"nextItem\":{\"@type\":\"ListItem\",\"@id\":\"https:\\\/\\\/www.rabuso.com\\\/es\\\/empresa\\\/equipo\\\/cristina-redondo\\\/#listItem\",\"name\":\"Cristina Redondo\"},\"previousItem\":{\"@type\":\"ListItem\",\"@id\":\"https:\\\/\\\/www.rabuso.com\\\/es\\\/empresa\\\/#listItem\",\"name\":\"Empresa\"}},{\"@type\":\"ListItem\",\"@id\":\"https:\\\/\\\/www.rabuso.com\\\/es\\\/empresa\\\/equipo\\\/cristina-redondo\\\/#listItem\",\"position\":4,\"name\":\"Cristina Redondo\",\"previousItem\":{\"@type\":\"ListItem\",\"@id\":\"https:\\\/\\\/www.rabuso.com\\\/es\\\/empresa\\\/equipo\\\/#listItem\",\"name\":\"Equipo\"}}]},{\"@type\":\"Organization\",\"@id\":\"https:\\\/\\\/www.rabuso.com\\\/es\\\/#organization\",\"name\":\"RABUSO\",\"description\":\"Soluciones para asociaciones\",\"url\":\"https:\\\/\\\/www.rabuso.com\\\/es\\\/\",\"telephone\":\"+34912772037\",\"logo\":{\"@type\":\"ImageObject\",\"url\":\"https:\\\/\\\/www.rabuso.com\\\/es\\\/cms\\\/files\\\/RABUSO_logo_h_rgb.jpg\",\"@id\":\"https:\\\/\\\/www.rabuso.com\\\/es\\\/empresa\\\/equipo\\\/cristina-redondo\\\/#organizationLogo\",\"width\":945,\"height\":354},\"image\":{\"@id\":\"https:\\\/\\\/www.rabuso.com\\\/es\\\/empresa\\\/equipo\\\/cristina-redondo\\\/#organizationLogo\"},\"sameAs\":[\"https:\\\/\\\/www.youtube.com\\\/@RABUSOamc\",\"https:\\\/\\\/www.linkedin.com\\\/company\\\/RABUSOamc\"]},{\"@type\":\"WebPage\",\"@id\":\"https:\\\/\\\/www.rabuso.com\\\/es\\\/empresa\\\/equipo\\\/cristina-redondo\\\/#webpage\",\"url\":\"https:\\\/\\\/www.rabuso.com\\\/es\\\/empresa\\\/equipo\\\/cristina-redondo\\\/\",\"name\":\"Cristina Redondo - RABUSO\",\"description\":\"Comunicaci\\u00f3n y eventos Idiomas: Espa\\u00f1ol, Ingl\\u00e9s y Franc\\u00e9s El poder de la comunicaci\\u00f3n siempre me ha atra\\u00eddo. Aprender a llevar las historias a su m\\u00e1ximo exponente, me llev\\u00f3 a estudiar Comunicaci\\u00f3n Audiovisual. Muy pronto, me di cuenta que lo que m\\u00e1s me gustaba era conectar a las personas con las empresas y me especialic\\u00e9 en Marketing\",\"inLanguage\":\"es-ES\",\"isPartOf\":{\"@id\":\"https:\\\/\\\/www.rabuso.com\\\/es\\\/#website\"},\"breadcrumb\":{\"@id\":\"https:\\\/\\\/www.rabuso.com\\\/es\\\/empresa\\\/equipo\\\/cristina-redondo\\\/#breadcrumblist\"},\"datePublished\":\"2025-09-15T10:08:59+02:00\",\"dateModified\":\"2026-04-13T19:34:50+02:00\"},{\"@type\":\"WebSite\",\"@id\":\"https:\\\/\\\/www.rabuso.com\\\/es\\\/#website\",\"url\":\"https:\\\/\\\/www.rabuso.com\\\/es\\\/\",\"name\":\"RABUSO\",\"description\":\"Soluciones para asociaciones\",\"inLanguage\":\"es-ES\",\"publisher\":{\"@id\":\"https:\\\/\\\/www.rabuso.com\\\/es\\\/#organization\"}}]}\n\t\t<\/script>\n\t\t<!-- All in One SEO Pro -->\r\n\t\t<title>Cristina Redondo - RABUSO<\/title>\n\n","aioseo_head_json":{"title":"Cristina Redondo - RABUSO","description":"Comunicaci\u00f3n y eventos Idiomas: Espa\u00f1ol, Ingl\u00e9s y Franc\u00e9s El poder de la comunicaci\u00f3n siempre me ha atra\u00eddo. Aprender a llevar las historias a su m\u00e1ximo exponente, me llev\u00f3 a estudiar Comunicaci\u00f3n Audiovisual. Muy pronto, me di cuenta que lo que m\u00e1s me gustaba era conectar a las personas con las empresas y me especialic\u00e9 en Marketing","canonical_url":"https:\/\/www.rabuso.com\/es\/empresa\/equipo\/cristina-redondo\/","robots":"max-image-preview:large","keywords":"","webmasterTools":{"miscellaneous":""},"schema":{"@context":"https:\/\/schema.org","@graph":[{"@type":"BreadcrumbList","@id":"https:\/\/www.rabuso.com\/es\/empresa\/equipo\/cristina-redondo\/#breadcrumblist","itemListElement":[{"@type":"ListItem","@id":"https:\/\/www.rabuso.com\/es#listItem","position":1,"name":"Home","item":"https:\/\/www.rabuso.com\/es","nextItem":{"@type":"ListItem","@id":"https:\/\/www.rabuso.com\/es\/empresa\/#listItem","name":"Empresa"}},{"@type":"ListItem","@id":"https:\/\/www.rabuso.com\/es\/empresa\/#listItem","position":2,"name":"Empresa","item":"https:\/\/www.rabuso.com\/es\/empresa\/","nextItem":{"@type":"ListItem","@id":"https:\/\/www.rabuso.com\/es\/empresa\/equipo\/#listItem","name":"Equipo"},"previousItem":{"@type":"ListItem","@id":"https:\/\/www.rabuso.com\/es#listItem","name":"Home"}},{"@type":"ListItem","@id":"https:\/\/www.rabuso.com\/es\/empresa\/equipo\/#listItem","position":3,"name":"Equipo","item":"https:\/\/www.rabuso.com\/es\/empresa\/equipo\/","nextItem":{"@type":"ListItem","@id":"https:\/\/www.rabuso.com\/es\/empresa\/equipo\/cristina-redondo\/#listItem","name":"Cristina Redondo"},"previousItem":{"@type":"ListItem","@id":"https:\/\/www.rabuso.com\/es\/empresa\/#listItem","name":"Empresa"}},{"@type":"ListItem","@id":"https:\/\/www.rabuso.com\/es\/empresa\/equipo\/cristina-redondo\/#listItem","position":4,"name":"Cristina Redondo","previousItem":{"@type":"ListItem","@id":"https:\/\/www.rabuso.com\/es\/empresa\/equipo\/#listItem","name":"Equipo"}}]},{"@type":"Organization","@id":"https:\/\/www.rabuso.com\/es\/#organization","name":"RABUSO","description":"Soluciones para asociaciones","url":"https:\/\/www.rabuso.com\/es\/","telephone":"+34912772037","logo":{"@type":"ImageObject","url":"https:\/\/www.rabuso.com\/es\/cms\/files\/RABUSO_logo_h_rgb.jpg","@id":"https:\/\/www.rabuso.com\/es\/empresa\/equipo\/cristina-redondo\/#organizationLogo","width":945,"height":354},"image":{"@id":"https:\/\/www.rabuso.com\/es\/empresa\/equipo\/cristina-redondo\/#organizationLogo"},"sameAs":["https:\/\/www.youtube.com\/@RABUSOamc","https:\/\/www.linkedin.com\/company\/RABUSOamc"]},{"@type":"WebPage","@id":"https:\/\/www.rabuso.com\/es\/empresa\/equipo\/cristina-redondo\/#webpage","url":"https:\/\/www.rabuso.com\/es\/empresa\/equipo\/cristina-redondo\/","name":"Cristina Redondo - RABUSO","description":"Comunicaci\u00f3n y eventos Idiomas: Espa\u00f1ol, Ingl\u00e9s y Franc\u00e9s El poder de la comunicaci\u00f3n siempre me ha atra\u00eddo. Aprender a llevar las historias a su m\u00e1ximo exponente, me llev\u00f3 a estudiar Comunicaci\u00f3n Audiovisual. Muy pronto, me di cuenta que lo que m\u00e1s me gustaba era conectar a las personas con las empresas y me especialic\u00e9 en Marketing","inLanguage":"es-ES","isPartOf":{"@id":"https:\/\/www.rabuso.com\/es\/#website"},"breadcrumb":{"@id":"https:\/\/www.rabuso.com\/es\/empresa\/equipo\/cristina-redondo\/#breadcrumblist"},"datePublished":"2025-09-15T10:08:59+02:00","dateModified":"2026-04-13T19:34:50+02:00"},{"@type":"WebSite","@id":"https:\/\/www.rabuso.com\/es\/#website","url":"https:\/\/www.rabuso.com\/es\/","name":"RABUSO","description":"Soluciones para asociaciones","inLanguage":"es-ES","publisher":{"@id":"https:\/\/www.rabuso.com\/es\/#organization"}}]},"og:locale":"es_ES","og:site_name":"RABUSO - Soluciones para asociaciones","og:type":"article","og:title":"Cristina Redondo - RABUSO","og:description":"Comunicaci\u00f3n y eventos Idiomas: Espa\u00f1ol, Ingl\u00e9s y Franc\u00e9s El poder de la comunicaci\u00f3n siempre me ha atra\u00eddo. Aprender a llevar las historias a su m\u00e1ximo exponente, me llev\u00f3 a estudiar Comunicaci\u00f3n Audiovisual. Muy pronto, me di cuenta que lo que m\u00e1s me gustaba era conectar a las personas con las empresas y me especialic\u00e9 en Marketing","og:url":"https:\/\/www.rabuso.com\/es\/empresa\/equipo\/cristina-redondo\/","og:image":"https:\/\/www.rabuso.com\/es\/cms\/files\/RABUSO_logo_h_rgb.jpg","og:image:secure_url":"https:\/\/www.rabuso.com\/es\/cms\/files\/RABUSO_logo_h_rgb.jpg","og:image:width":945,"og:image:height":354,"article:published_time":"2025-09-15T08:08:59+00:00","article:modified_time":"2026-04-13T17:34:50+00:00","twitter:card":"summary_large_image","twitter:title":"Cristina Redondo - RABUSO","twitter:description":"Comunicaci\u00f3n y eventos Idiomas: Espa\u00f1ol, Ingl\u00e9s y Franc\u00e9s El poder de la comunicaci\u00f3n siempre me ha atra\u00eddo. Aprender a llevar las historias a su m\u00e1ximo exponente, me llev\u00f3 a estudiar Comunicaci\u00f3n Audiovisual. Muy pronto, me di cuenta que lo que m\u00e1s me gustaba era conectar a las personas con las empresas y me especialic\u00e9 en Marketing","twitter:image":"https:\/\/www.rabuso.com\/es\/cms\/files\/RABUSO_logo_h_rgb.jpg"},"aioseo_meta_data":{"post_id":"8714","title":null,"description":null,"keywords":null,"keyphrases":{"focus":{"keyphrase":"","score":0,"analysis":{"keyphraseInTitle":{"score":0,"maxScore":9,"error":1}}},"additional":[]},"primary_term":null,"canonical_url":null,"og_title":null,"og_description":null,"og_object_type":"default","og_image_type":"default","og_image_url":null,"og_image_width":null,"og_image_height":null,"og_image_custom_url":null,"og_image_custom_fields":null,"og_video":"","og_custom_url":null,"og_article_section":null,"og_article_tags":null,"twitter_use_og":false,"twitter_card":"default","twitter_image_type":"default","twitter_image_url":null,"twitter_image_custom_url":null,"twitter_image_custom_fields":null,"twitter_title":null,"twitter_description":null,"schema":{"blockGraphs":[],"customGraphs":[],"default":{"data":{"Article":[],"Course":[],"Dataset":[],"FAQPage":[],"Movie":[],"Person":[],"Product":[],"ProductReview":[],"Car":[],"Recipe":[],"Service":[],"SoftwareApplication":[],"WebPage":[]},"graphName":"WebPage","isEnabled":true},"graphs":[]},"schema_type":"default","schema_type_options":null,"pillar_content":false,"robots_default":true,"robots_noindex":false,"robots_noarchive":false,"robots_nosnippet":false,"robots_nofollow":false,"robots_noimageindex":false,"robots_noodp":false,"robots_notranslate":false,"robots_max_snippet":"-1","robots_max_videopreview":"-1","robots_max_imagepreview":"large","priority":null,"frequency":"default","local_seo":null,"seo_analyzer_scan_date":"2026-04-13 17:55:59","breadcrumb_settings":null,"limit_modified_date":false,"open_ai":null,"ai":{"faqs":[],"keyPoints":[],"titles":[],"descriptions":[],"socialPosts":{"email":[],"linkedin":[],"twitter":[],"facebook":[],"instagram":[]}},"created":"2025-09-15 08:08:40","updated":"2026-04-13 17:55:59"},"aioseo_breadcrumb":"<div class=\"aioseo-breadcrumbs\"><span class=\"aioseo-breadcrumb\">\n\t<a href=\"https:\/\/www.rabuso.com\/es\" title=\"Home\">Home<\/a>\n<\/span><span class=\"aioseo-breadcrumb-separator\">&raquo;<\/span><span class=\"aioseo-breadcrumb\">\n\t<a href=\"https:\/\/www.rabuso.com\/es\/empresa\/\" title=\"Empresa\">Empresa<\/a>\n<\/span><span class=\"aioseo-breadcrumb-separator\">&raquo;<\/span><span class=\"aioseo-breadcrumb\">\n\t<a href=\"https:\/\/www.rabuso.com\/es\/empresa\/equipo\/\" title=\"Equipo\">Equipo<\/a>\n<\/span><span class=\"aioseo-breadcrumb-separator\">&raquo;<\/span><span class=\"aioseo-breadcrumb\">\n\tCristina Redondo\n<\/span><\/div>","aioseo_breadcrumb_json":[{"label":"Home","link":"https:\/\/www.rabuso.com\/es"},{"label":"Empresa","link":"https:\/\/www.rabuso.com\/es\/empresa\/"},{"label":"Equipo","link":"https:\/\/www.rabuso.com\/es\/empresa\/equipo\/"},{"label":"Cristina Redondo","link":"https:\/\/www.rabuso.com\/es\/empresa\/equipo\/cristina-redondo\/"}],"_links":{"self":[{"href":"https:\/\/www.rabuso.com\/es\/wp-json\/wp\/v2\/pages\/8714","targetHints":{"allow":["GET"]}}],"collection":[{"href":"https:\/\/www.rabuso.com\/es\/wp-json\/wp\/v2\/pages"}],"about":[{"href":"https:\/\/www.rabuso.com\/es\/wp-json\/wp\/v2\/types\/page"}],"author":[{"embeddable":true,"href":"https:\/\/www.rabuso.com\/es\/wp-json\/wp\/v2\/users\/373"}],"replies":[{"embeddable":true,"href":"https:\/\/www.rabuso.com\/es\/wp-json\/wp\/v2\/comments?post=8714"}],"version-history":[{"count":8,"href":"https:\/\/www.rabuso.com\/es\/wp-json\/wp\/v2\/pages\/8714\/revisions"}],"predecessor-version":[{"id":9793,"href":"https:\/\/www.rabuso.com\/es\/wp-json\/wp\/v2\/pages\/8714\/revisions\/9793"}],"up":[{"embeddable":true,"href":"https:\/\/www.rabuso.com\/es\/wp-json\/wp\/v2\/pages\/5139"}],"wp:attachment":[{"href":"https:\/\/www.rabuso.com\/es\/wp-json\/wp\/v2\/media?parent=8714"}],"curies":[{"name":"wp","href":"https:\/\/api.w.org\/{rel}","templated":true}]}}