{"id":72,"date":"2012-03-10T15:00:42","date_gmt":"2012-03-10T15:00:42","guid":{"rendered":"http:\/\/www.rabuso.com\/es\/?page_id=72"},"modified":"2026-01-11T18:49:26","modified_gmt":"2026-01-11T17:49:26","slug":"mapa-web","status":"publish","type":"page","link":"https:\/\/www.rabuso.com\/es\/mapa-web\/","title":{"rendered":"Mapa web"},"content":{"rendered":"<h3 style=\"padding-left: 40px;\"><a href=\"https:\/\/www.rabuso.com\/es\/\">Inicio<\/a><\/h3>\n<ul>\n<li style=\"list-style-type: none;\">\n<ul>\n<li><a href=\"https:\/\/www.rabuso.com\/es\/aviso-legal\/\">Aviso legal<\/a><\/li>\n<li><a href=\"https:\/\/www.rabuso.com\/es\/mapa-web\/\">Mapa web<\/a><\/li>\n<\/ul>\n<\/li>\n<\/ul>\n<h3 style=\"padding-left: 40px;\"><a href=\"https:\/\/www.rabuso.com\/es\/empresa\/presentacion\/\">Empresa<\/a><\/h3>\n<ul>\n<li style=\"list-style-type: none;\">\n<ul>\n<li><a href=\"https:\/\/www.rabuso.com\/es\/empresa\/presentacion\/\">Presentaci\u00f3n<\/a><\/li>\n<li><a href=\"https:\/\/www.rabuso.com\/es\/empresa\/nombre-y-marca\/\">Principios y objetivos<\/a><\/li>\n<li><a href=\"https:\/\/www.rabuso.com\/es\/empresa\/metodologia\/\">Metodolog\u00eda<\/a><\/li>\n<li><a href=\"https:\/\/www.rabuso.com\/es\/empresa\/equipo\/\">Equipo<\/a><\/li>\n<li><a href=\"https:\/\/www.rabuso.com\/es\/empresa\/trabaja-con-nosotros\/\">Trabaja con nosotros<\/a><\/li>\n<\/ul>\n<\/li>\n<\/ul>\n<h3 style=\"padding-left: 40px;\"><a href=\"https:\/\/www.rabuso.com\/es\/servicios\/gestion-de-asociaciones\/\">Servicios<\/a><\/h3>\n<ul>\n<li style=\"list-style-type: none;\">\n<ul>\n<li><a href=\"https:\/\/www.rabuso.com\/es\/servicios\/gestion-de-asociaciones\/\">Gesti\u00f3n de asociaciones<\/a><\/li>\n<li><a href=\"https:\/\/www.rabuso.com\/es\/servicios\/areas-de-trabajo\/\">\u00c1reas de trabajo<\/a>\n<ul>\n<li><a href=\"https:\/\/www.rabuso.com\/es\/servicios\/areas-de-trabajo\/direccion-y-estrategia\/\">Direcci\u00f3n y estrategia<\/a><\/li>\n<li><a href=\"https:\/\/www.rabuso.com\/es\/servicios\/areas-de-trabajo\/comunicacion-y-marketing\/\">Comunicaci\u00f3n y marketing\u00a0<\/a><\/li>\n<li><a href=\"https:\/\/www.rabuso.com\/es\/servicios\/areas-de-trabajo\/eventos-y-actividades\/\">Eventos y actividades<\/a><\/li>\n<li><a href=\"https:\/\/www.rabuso.com\/es\/servicios\/areas-de-trabajo\/gestion-del-conocimiento\/\">Gesti\u00f3n del conocimiento<\/a><\/li>\n<li><a href=\"https:\/\/www.rabuso.com\/es\/servicios\/areas-de-trabajo\/audiovisual-y-produccion\/\">Audiovisual y producci\u00f3n<\/a><\/li>\n<li><a href=\"https:\/\/www.rabuso.com\/es\/servicios\/areas-de-trabajo\/operativa\/\">Operativa<\/a><\/li>\n<\/ul>\n<\/li>\n<li><a href=\"https:\/\/www.rabuso.com\/es\/servicios\/soluciones\/\">Soluciones<\/a>\n<ul>\n<li><a href=\"https:\/\/www.rabuso.com\/es\/servicios\/soluciones\/representacion\/\">Representaci\u00f3n<\/a><\/li>\n<li><a href=\"https:\/\/www.rabuso.com\/es\/servicios\/soluciones\/asistencia\/\">Asistencia<\/a><\/li>\n<\/ul>\n<\/li>\n<li><a href=\"https:\/\/www.rabuso.com\/es\/servicios\/catalogo\/\">Cat\u00e1logo<\/a><\/li>\n<\/ul>\n<\/li>\n<\/ul>\n<h3 style=\"padding-left: 40px;\"><a href=\"https:\/\/www.rabuso.com\/es\/blog\/novedades\/\">Blog<\/a><\/h3>\n<ul>\n<li style=\"list-style-type: none;\">\n<ul>\n<li><a href=\"https:\/\/www.rabuso.com\/es\/novedades\/\">Novedades<\/a><\/li>\n<li><a href=\"https:\/\/www.rabuso.com\/es\/blog\/casos\/\">Casos pr\u00e1cticos<\/a><\/li>\n<li><a href=\"https:\/\/www.rabuso.com\/es\/blog\/referencias\/\">Referencias<\/a><\/li>\n<li><a href=\"https:\/\/www.rabuso.com\/es\/blog\/videos\/\">V\u00eddeos<\/a><\/li>\n<\/ul>\n<\/li>\n<\/ul>\n<h3 style=\"padding-left: 40px;\"><a href=\"https:\/\/www.rabuso.com\/es\/contacto\/como-podemos-ayudarte\/\">Contacto<\/a><\/h3>\n<ul>\n<li style=\"list-style-type: none;\">\n<ul>\n<li><a href=\"https:\/\/www.rabuso.com\/es\/contacto\/como-podemos-ayudarte\/\">\u00bfC\u00f3mo podemos ayudarte?<\/a><\/li>\n<li><a href=\"https:\/\/www.rabuso.com\/es\/contacto\/madrid\/\">Madrid<\/a><\/li>\n<li><a href=\"https:\/\/www.rabuso.com\/es\/contacto\/bruselas\/\">Bruselas<\/a><\/li>\n<\/ul>\n<\/li>\n<\/ul>\n<p>&nbsp;<\/p>\n","protected":false},"excerpt":{"rendered":"<p>Inicio Aviso legal Mapa web Empresa Presentaci\u00f3n Principios y objetivos Metodolog\u00eda Equipo Trabaja con nosotros Servicios Gesti\u00f3n de asociaciones \u00c1reas de trabajo Direcci\u00f3n y estrategia Comunicaci\u00f3n y marketing\u00a0 Eventos y actividades Gesti\u00f3n del conocimiento Audiovisual y producci\u00f3n Operativa Soluciones Representaci\u00f3n Asistencia Cat\u00e1logo Blog Novedades Casos pr\u00e1cticos Referencias V\u00eddeos Contacto \u00bfC\u00f3mo podemos ayudarte? Madrid Bruselas &nbsp;<\/p>\n","protected":false},"author":373,"featured_media":0,"parent":0,"menu_order":7,"comment_status":"closed","ping_status":"closed","template":"","meta":{"_acf_changed":false,"footnotes":""},"class_list":["post-72","page","type-page","status-publish","hentry"],"acf":[],"aioseo_notices":[],"aioseo_head":"\n\t\t<!-- All in One SEO Pro 4.9.6.2 - aioseo.com -->\n\t<meta name=\"description\" content=\"Inicio Aviso legal Mapa web Empresa Presentaci\u00f3n Principios y objetivos Metodolog\u00eda Equipo Trabaja con nosotros Servicios Gesti\u00f3n de asociaciones \u00c1reas de trabajo Direcci\u00f3n y estrategia Comunicaci\u00f3n y marketing Eventos y actividades Gesti\u00f3n del conocimiento Audiovisual y producci\u00f3n Operativa Soluciones Representaci\u00f3n Asistencia Cat\u00e1logo Blog Novedades Casos pr\u00e1cticos Referencias V\u00eddeos Contacto \u00bfC\u00f3mo podemos ayudarte? Madrid Bruselas\" \/>\n\t<meta name=\"robots\" content=\"max-image-preview:large\" \/>\n\t<link rel=\"canonical\" href=\"https:\/\/www.rabuso.com\/es\/mapa-web\/\" \/>\n\t<meta name=\"generator\" content=\"All in One SEO Pro (AIOSEO) 4.9.6.2\" \/>\n\t\t<meta property=\"og:locale\" content=\"es_ES\" \/>\n\t\t<meta property=\"og:site_name\" content=\"RABUSO - Soluciones para asociaciones\" \/>\n\t\t<meta property=\"og:type\" content=\"article\" \/>\n\t\t<meta property=\"og:title\" content=\"Mapa web - RABUSO\" \/>\n\t\t<meta property=\"og:description\" content=\"Inicio Aviso legal Mapa web Empresa Presentaci\u00f3n Principios y objetivos Metodolog\u00eda Equipo Trabaja con nosotros Servicios Gesti\u00f3n de asociaciones \u00c1reas de trabajo Direcci\u00f3n y estrategia Comunicaci\u00f3n y marketing Eventos y actividades Gesti\u00f3n del conocimiento Audiovisual y producci\u00f3n Operativa Soluciones Representaci\u00f3n Asistencia Cat\u00e1logo Blog Novedades Casos pr\u00e1cticos Referencias V\u00eddeos Contacto \u00bfC\u00f3mo podemos ayudarte? Madrid Bruselas\" \/>\n\t\t<meta property=\"og:url\" content=\"https:\/\/www.rabuso.com\/es\/mapa-web\/\" \/>\n\t\t<meta property=\"og:image\" content=\"https:\/\/www.rabuso.com\/es\/cms\/files\/RABUSO_logo_h_rgb.jpg\" \/>\n\t\t<meta property=\"og:image:secure_url\" content=\"https:\/\/www.rabuso.com\/es\/cms\/files\/RABUSO_logo_h_rgb.jpg\" \/>\n\t\t<meta property=\"og:image:width\" content=\"945\" \/>\n\t\t<meta property=\"og:image:height\" content=\"354\" \/>\n\t\t<meta property=\"article:published_time\" content=\"2012-03-10T15:00:42+00:00\" \/>\n\t\t<meta property=\"article:modified_time\" content=\"2026-01-11T17:49:26+00:00\" \/>\n\t\t<meta name=\"twitter:card\" content=\"summary_large_image\" \/>\n\t\t<meta name=\"twitter:title\" content=\"Mapa web - RABUSO\" \/>\n\t\t<meta name=\"twitter:description\" content=\"Inicio Aviso legal Mapa web Empresa Presentaci\u00f3n Principios y objetivos Metodolog\u00eda Equipo Trabaja con nosotros Servicios Gesti\u00f3n de asociaciones \u00c1reas de trabajo Direcci\u00f3n y estrategia Comunicaci\u00f3n y marketing Eventos y actividades Gesti\u00f3n del conocimiento Audiovisual y producci\u00f3n Operativa Soluciones Representaci\u00f3n Asistencia Cat\u00e1logo Blog Novedades Casos pr\u00e1cticos Referencias V\u00eddeos Contacto \u00bfC\u00f3mo podemos ayudarte? Madrid Bruselas\" \/>\n\t\t<meta name=\"twitter:image\" content=\"https:\/\/www.rabuso.com\/es\/cms\/files\/RABUSO_logo_h_rgb.jpg\" \/>\n\t\t<script type=\"application\/ld+json\" class=\"aioseo-schema\">\n\t\t\t{\"@context\":\"https:\\\/\\\/schema.org\",\"@graph\":[{\"@type\":\"BreadcrumbList\",\"@id\":\"https:\\\/\\\/www.rabuso.com\\\/es\\\/mapa-web\\\/#breadcrumblist\",\"itemListElement\":[{\"@type\":\"ListItem\",\"@id\":\"https:\\\/\\\/www.rabuso.com\\\/es#listItem\",\"position\":1,\"name\":\"Home\",\"item\":\"https:\\\/\\\/www.rabuso.com\\\/es\",\"nextItem\":{\"@type\":\"ListItem\",\"@id\":\"https:\\\/\\\/www.rabuso.com\\\/es\\\/mapa-web\\\/#listItem\",\"name\":\"Mapa web\"}},{\"@type\":\"ListItem\",\"@id\":\"https:\\\/\\\/www.rabuso.com\\\/es\\\/mapa-web\\\/#listItem\",\"position\":2,\"name\":\"Mapa web\",\"previousItem\":{\"@type\":\"ListItem\",\"@id\":\"https:\\\/\\\/www.rabuso.com\\\/es#listItem\",\"name\":\"Home\"}}]},{\"@type\":\"Organization\",\"@id\":\"https:\\\/\\\/www.rabuso.com\\\/es\\\/#organization\",\"name\":\"RABUSO\",\"description\":\"Soluciones para asociaciones\",\"url\":\"https:\\\/\\\/www.rabuso.com\\\/es\\\/\",\"telephone\":\"+34912772037\",\"logo\":{\"@type\":\"ImageObject\",\"url\":\"https:\\\/\\\/www.rabuso.com\\\/es\\\/cms\\\/files\\\/RABUSO_logo_h_rgb.jpg\",\"@id\":\"https:\\\/\\\/www.rabuso.com\\\/es\\\/mapa-web\\\/#organizationLogo\",\"width\":945,\"height\":354},\"image\":{\"@id\":\"https:\\\/\\\/www.rabuso.com\\\/es\\\/mapa-web\\\/#organizationLogo\"},\"sameAs\":[\"https:\\\/\\\/www.youtube.com\\\/@RABUSOamc\",\"https:\\\/\\\/www.linkedin.com\\\/company\\\/RABUSOamc\"]},{\"@type\":\"WebPage\",\"@id\":\"https:\\\/\\\/www.rabuso.com\\\/es\\\/mapa-web\\\/#webpage\",\"url\":\"https:\\\/\\\/www.rabuso.com\\\/es\\\/mapa-web\\\/\",\"name\":\"Mapa web - RABUSO\",\"description\":\"Inicio Aviso legal Mapa web Empresa Presentaci\\u00f3n Principios y objetivos Metodolog\\u00eda Equipo Trabaja con nosotros Servicios Gesti\\u00f3n de asociaciones \\u00c1reas de trabajo Direcci\\u00f3n y estrategia Comunicaci\\u00f3n y marketing Eventos y actividades Gesti\\u00f3n del conocimiento Audiovisual y producci\\u00f3n Operativa Soluciones Representaci\\u00f3n Asistencia Cat\\u00e1logo Blog Novedades Casos pr\\u00e1cticos Referencias V\\u00eddeos Contacto \\u00bfC\\u00f3mo podemos ayudarte? Madrid Bruselas\",\"inLanguage\":\"es-ES\",\"isPartOf\":{\"@id\":\"https:\\\/\\\/www.rabuso.com\\\/es\\\/#website\"},\"breadcrumb\":{\"@id\":\"https:\\\/\\\/www.rabuso.com\\\/es\\\/mapa-web\\\/#breadcrumblist\"},\"datePublished\":\"2012-03-10T15:00:42+01:00\",\"dateModified\":\"2026-01-11T18:49:26+01:00\"},{\"@type\":\"WebSite\",\"@id\":\"https:\\\/\\\/www.rabuso.com\\\/es\\\/#website\",\"url\":\"https:\\\/\\\/www.rabuso.com\\\/es\\\/\",\"name\":\"RABUSO\",\"description\":\"Soluciones para asociaciones\",\"inLanguage\":\"es-ES\",\"publisher\":{\"@id\":\"https:\\\/\\\/www.rabuso.com\\\/es\\\/#organization\"}}]}\n\t\t<\/script>\n\t\t<!-- All in One SEO Pro -->\r\n\t\t<title>Mapa web - RABUSO<\/title>\n\n","aioseo_head_json":{"title":"Mapa web - RABUSO","description":"Inicio Aviso legal Mapa web Empresa Presentaci\u00f3n Principios y objetivos Metodolog\u00eda Equipo Trabaja con nosotros Servicios Gesti\u00f3n de asociaciones \u00c1reas de trabajo Direcci\u00f3n y estrategia Comunicaci\u00f3n y marketing Eventos y actividades Gesti\u00f3n del conocimiento Audiovisual y producci\u00f3n Operativa Soluciones Representaci\u00f3n Asistencia Cat\u00e1logo Blog Novedades Casos pr\u00e1cticos Referencias V\u00eddeos Contacto \u00bfC\u00f3mo podemos ayudarte? Madrid Bruselas","canonical_url":"https:\/\/www.rabuso.com\/es\/mapa-web\/","robots":"max-image-preview:large","keywords":"","webmasterTools":{"miscellaneous":""},"schema":{"@context":"https:\/\/schema.org","@graph":[{"@type":"BreadcrumbList","@id":"https:\/\/www.rabuso.com\/es\/mapa-web\/#breadcrumblist","itemListElement":[{"@type":"ListItem","@id":"https:\/\/www.rabuso.com\/es#listItem","position":1,"name":"Home","item":"https:\/\/www.rabuso.com\/es","nextItem":{"@type":"ListItem","@id":"https:\/\/www.rabuso.com\/es\/mapa-web\/#listItem","name":"Mapa web"}},{"@type":"ListItem","@id":"https:\/\/www.rabuso.com\/es\/mapa-web\/#listItem","position":2,"name":"Mapa web","previousItem":{"@type":"ListItem","@id":"https:\/\/www.rabuso.com\/es#listItem","name":"Home"}}]},{"@type":"Organization","@id":"https:\/\/www.rabuso.com\/es\/#organization","name":"RABUSO","description":"Soluciones para asociaciones","url":"https:\/\/www.rabuso.com\/es\/","telephone":"+34912772037","logo":{"@type":"ImageObject","url":"https:\/\/www.rabuso.com\/es\/cms\/files\/RABUSO_logo_h_rgb.jpg","@id":"https:\/\/www.rabuso.com\/es\/mapa-web\/#organizationLogo","width":945,"height":354},"image":{"@id":"https:\/\/www.rabuso.com\/es\/mapa-web\/#organizationLogo"},"sameAs":["https:\/\/www.youtube.com\/@RABUSOamc","https:\/\/www.linkedin.com\/company\/RABUSOamc"]},{"@type":"WebPage","@id":"https:\/\/www.rabuso.com\/es\/mapa-web\/#webpage","url":"https:\/\/www.rabuso.com\/es\/mapa-web\/","name":"Mapa web - RABUSO","description":"Inicio Aviso legal Mapa web Empresa Presentaci\u00f3n Principios y objetivos Metodolog\u00eda Equipo Trabaja con nosotros Servicios Gesti\u00f3n de asociaciones \u00c1reas de trabajo Direcci\u00f3n y estrategia Comunicaci\u00f3n y marketing Eventos y actividades Gesti\u00f3n del conocimiento Audiovisual y producci\u00f3n Operativa Soluciones Representaci\u00f3n Asistencia Cat\u00e1logo Blog Novedades Casos pr\u00e1cticos Referencias V\u00eddeos Contacto \u00bfC\u00f3mo podemos ayudarte? Madrid Bruselas","inLanguage":"es-ES","isPartOf":{"@id":"https:\/\/www.rabuso.com\/es\/#website"},"breadcrumb":{"@id":"https:\/\/www.rabuso.com\/es\/mapa-web\/#breadcrumblist"},"datePublished":"2012-03-10T15:00:42+01:00","dateModified":"2026-01-11T18:49:26+01:00"},{"@type":"WebSite","@id":"https:\/\/www.rabuso.com\/es\/#website","url":"https:\/\/www.rabuso.com\/es\/","name":"RABUSO","description":"Soluciones para asociaciones","inLanguage":"es-ES","publisher":{"@id":"https:\/\/www.rabuso.com\/es\/#organization"}}]},"og:locale":"es_ES","og:site_name":"RABUSO - Soluciones para asociaciones","og:type":"article","og:title":"Mapa web - RABUSO","og:description":"Inicio Aviso legal Mapa web Empresa Presentaci\u00f3n Principios y objetivos Metodolog\u00eda Equipo Trabaja con nosotros Servicios Gesti\u00f3n de asociaciones \u00c1reas de trabajo Direcci\u00f3n y estrategia Comunicaci\u00f3n y marketing Eventos y actividades Gesti\u00f3n del conocimiento Audiovisual y producci\u00f3n Operativa Soluciones Representaci\u00f3n Asistencia Cat\u00e1logo Blog Novedades Casos pr\u00e1cticos Referencias V\u00eddeos Contacto \u00bfC\u00f3mo podemos ayudarte? Madrid Bruselas","og:url":"https:\/\/www.rabuso.com\/es\/mapa-web\/","og:image":"https:\/\/www.rabuso.com\/es\/cms\/files\/RABUSO_logo_h_rgb.jpg","og:image:secure_url":"https:\/\/www.rabuso.com\/es\/cms\/files\/RABUSO_logo_h_rgb.jpg","og:image:width":945,"og:image:height":354,"article:published_time":"2012-03-10T15:00:42+00:00","article:modified_time":"2026-01-11T17:49:26+00:00","twitter:card":"summary_large_image","twitter:title":"Mapa web - RABUSO","twitter:description":"Inicio Aviso legal Mapa web Empresa Presentaci\u00f3n Principios y objetivos Metodolog\u00eda Equipo Trabaja con nosotros Servicios Gesti\u00f3n de asociaciones \u00c1reas de trabajo Direcci\u00f3n y estrategia Comunicaci\u00f3n y marketing Eventos y actividades Gesti\u00f3n del conocimiento Audiovisual y producci\u00f3n Operativa Soluciones Representaci\u00f3n Asistencia Cat\u00e1logo Blog Novedades Casos pr\u00e1cticos Referencias V\u00eddeos Contacto \u00bfC\u00f3mo podemos ayudarte? Madrid Bruselas","twitter:image":"https:\/\/www.rabuso.com\/es\/cms\/files\/RABUSO_logo_h_rgb.jpg"},"aioseo_meta_data":{"post_id":"72","title":null,"description":null,"keywords":null,"keyphrases":{"focus":{"keyphrase":"","score":0,"analysis":{"keyphraseInTitle":{"score":0,"maxScore":9,"error":1}}},"additional":[]},"primary_term":null,"canonical_url":null,"og_title":null,"og_description":null,"og_object_type":"default","og_image_type":"default","og_image_url":null,"og_image_width":null,"og_image_height":null,"og_image_custom_url":null,"og_image_custom_fields":null,"og_video":"","og_custom_url":null,"og_article_section":null,"og_article_tags":null,"twitter_use_og":false,"twitter_card":"default","twitter_image_type":"default","twitter_image_url":null,"twitter_image_custom_url":null,"twitter_image_custom_fields":null,"twitter_title":null,"twitter_description":null,"schema":{"blockGraphs":[],"customGraphs":[],"default":{"data":{"Article":[],"Course":[],"Dataset":[],"FAQPage":[],"Movie":[],"Person":[],"Product":[],"ProductReview":[],"Car":[],"Recipe":[],"Service":[],"SoftwareApplication":[],"WebPage":[]},"graphName":"WebPage","isEnabled":true},"graphs":[]},"schema_type":"default","schema_type_options":null,"pillar_content":false,"robots_default":true,"robots_noindex":false,"robots_noarchive":false,"robots_nosnippet":false,"robots_nofollow":false,"robots_noimageindex":false,"robots_noodp":false,"robots_notranslate":false,"robots_max_snippet":"-1","robots_max_videopreview":"-1","robots_max_imagepreview":"large","priority":null,"frequency":"default","local_seo":null,"seo_analyzer_scan_date":"2026-01-11 17:52:15","breadcrumb_settings":null,"limit_modified_date":false,"open_ai":"{\"title\":{\"suggestions\":[],\"usage\":0},\"description\":{\"suggestions\":[],\"usage\":0}}","ai":{"faqs":[],"keyPoints":[],"titles":[],"descriptions":[],"socialPosts":{"email":[],"linkedin":[],"twitter":[],"facebook":[],"instagram":[]}},"created":"2024-05-02 15:07:52","updated":"2026-01-11 17:52:15"},"aioseo_breadcrumb":"<div class=\"aioseo-breadcrumbs\"><span class=\"aioseo-breadcrumb\">\n\t<a href=\"https:\/\/www.rabuso.com\/es\" title=\"Home\">Home<\/a>\n<\/span><span class=\"aioseo-breadcrumb-separator\">&raquo;<\/span><span class=\"aioseo-breadcrumb\">\n\tMapa web\n<\/span><\/div>","aioseo_breadcrumb_json":[{"label":"Home","link":"https:\/\/www.rabuso.com\/es"},{"label":"Mapa web","link":"https:\/\/www.rabuso.com\/es\/mapa-web\/"}],"_links":{"self":[{"href":"https:\/\/www.rabuso.com\/es\/wp-json\/wp\/v2\/pages\/72","targetHints":{"allow":["GET"]}}],"collection":[{"href":"https:\/\/www.rabuso.com\/es\/wp-json\/wp\/v2\/pages"}],"about":[{"href":"https:\/\/www.rabuso.com\/es\/wp-json\/wp\/v2\/types\/page"}],"author":[{"embeddable":true,"href":"https:\/\/www.rabuso.com\/es\/wp-json\/wp\/v2\/users\/373"}],"replies":[{"embeddable":true,"href":"https:\/\/www.rabuso.com\/es\/wp-json\/wp\/v2\/comments?post=72"}],"version-history":[{"count":0,"href":"https:\/\/www.rabuso.com\/es\/wp-json\/wp\/v2\/pages\/72\/revisions"}],"wp:attachment":[{"href":"https:\/\/www.rabuso.com\/es\/wp-json\/wp\/v2\/media?parent=72"}],"curies":[{"name":"wp","href":"https:\/\/api.w.org\/{rel}","templated":true}]}}