{"id":70,"date":"2012-03-10T15:00:23","date_gmt":"2012-03-10T15:00:23","guid":{"rendered":"http:\/\/www.rabuso.com\/es\/?page_id=70"},"modified":"2026-01-11T18:52:10","modified_gmt":"2026-01-11T17:52:10","slug":"marco-normativo","status":"publish","type":"page","link":"https:\/\/www.rabuso.com\/es\/marco-normativo\/","title":{"rendered":"Marco normativo"},"content":{"rendered":"<p><!--:es--><\/p>\n<p>Para poder hacer uso de algunos de los servicios o productos que se ofrecen a trav\u00e9s de <em>www.rabuso.com\/es<\/em>, los usuarios deber\u00e1n cumplimentar formularios, indicando datos de car\u00e1cter personal.<\/p>\n<p>En cumplimiento de la Ley Org\u00e1nica Espa\u00f1ola 15\/1999, de 13\/12\/99, de Protecci\u00f3n de Datos de Car\u00e1cter Personal, el titular de este sitio informa que dichos datos se incluir\u00e1n en una base de datos para la explotaci\u00f3n comercial de Rabuso comunicaci\u00f3n.<\/p>\n<p>El usuario de este sitio autoriza a <em>Rabuso comunicaci\u00f3n S.L.U.<\/em>, en adelante Rabuso, como propietario y titular del sitio Web, al tratamiento automatizado de los datos enviados y de la base de datos de car\u00e1cter profesional que se genera.<\/p>\n<p>El usuario dispone en todo momento de los derechos de informaci\u00f3n, acceso, rectificaci\u00f3n, oposici\u00f3n y cancelaci\u00f3n, en virtud de lo dispuesto en la mencionada ley org\u00e1nica.<\/p>\n<p>Cualquier ejecuci\u00f3n de estos derechos puede realizarse por correo postal, dirigi\u00e9ndose a:<\/p>\n<blockquote><p><em>Rabuso comunicaci\u00f3n S.L.U.<\/em><br \/>\nAv. Rey Juan Carlos 92, 4<br \/>\n28916 Legan\u00e9s \u2013 Madrid (SPAIN)<\/p><\/blockquote>\n<p><em>Rabuso <\/em> se compromete a no ceder, vender, ni compartir los datos personales en beneficio de terceros, ajenos a este sitio.<\/p>\n<p>Los datos facilitados no ser\u00e1n usados con finalidades distintas a la prestaci\u00f3n del servicio y ser\u00e1n cancelados cuando dejen de ser necesarios.<\/p>\n<p>Este sitio web puede contener enlaces a otros sitios Web, de forma que no podemos garantizar la seguridad de la informaci\u00f3n que el usuario proporcione a esos sitios.<\/p>\n<p><em>Rabuso <\/em> no se hace responsable del contenido de ning\u00fan sitio externo, ni las operaciones comerciales que el usuario realice en ellos. <em>Rabuso <\/em> se reserva el derecho a realizar modificaciones del contenido establecido en esta pol\u00edtica de privacidad.<\/p>\n<p><em>Rabuso <\/em> declara que ha adoptado todas las medidas necesarias, dentro de sus posibilidades y del estado de la tecnolog\u00eda, para garantizar el funcionamiento de este sitio web y evitar la existencia y transmisi\u00f3n de virus y dem\u00e1s componentes da\u00f1inos a los usuarios.<\/p>\n<p>En cumplimiento de la Ley de servicios de la sociedad de la informaci\u00f3n y de comercio electr\u00f3nico espa\u00f1ola informamos que, al hacer uso de nuestros servicios, el usuario acepta recibir comunicaciones peri\u00f3dicas mediante correo electr\u00f3nico.<\/p>\n<p>Las relaciones establecidas entre <em>Rabuso <\/em> y el usuario se regir\u00e1n por lo dispuesto en la normativa vigente acerca de la legislaci\u00f3n aplicable y la jurisdicci\u00f3n competente.<\/p>\n<p>No obstante, para los casos en los que la normativa prevea la posibilidad a las partes de someterse a un fuero, <em>Rabuso <\/em> y el usuario, con renuncia expresa a cualquier otro fuero que pudiera corresponderles, se someten a los Juzgados y Tribunales de la ciudad de Madrid.<\/p>\n<p>&nbsp;<\/p>\n<p><!--:--><\/p>\n","protected":false},"excerpt":{"rendered":"<p>Para poder hacer uso de algunos de los servicios o productos que se ofrecen a trav\u00e9s de www.rabuso.com\/es, los usuarios deber\u00e1n cumplimentar formularios, indicando datos de car\u00e1cter personal. En cumplimiento de la Ley Org\u00e1nica Espa\u00f1ola 15\/1999, de 13\/12\/99, de Protecci\u00f3n de Datos de Car\u00e1cter Personal, el titular de este sitio informa que dichos datos se [&hellip;]<\/p>\n","protected":false},"author":373,"featured_media":0,"parent":0,"menu_order":6,"comment_status":"closed","ping_status":"closed","template":"","meta":{"_acf_changed":false,"footnotes":""},"class_list":["post-70","page","type-page","status-publish","hentry"],"acf":[],"aioseo_notices":[],"aioseo_head":"\n\t\t<!-- All in One SEO Pro 4.9.5.2 - aioseo.com -->\n\t<meta name=\"description\" content=\"Para poder hacer uso de algunos de los servicios o productos que se ofrecen a trav\u00e9s de www.rabuso.com\/es, los usuarios deber\u00e1n cumplimentar formularios, indicando datos de car\u00e1cter personal. En cumplimiento de la Ley Org\u00e1nica Espa\u00f1ola 15\/1999, de 13\/12\/99, de Protecci\u00f3n de Datos de Car\u00e1cter Personal, el titular de este sitio informa que dichos datos se\" \/>\n\t<meta name=\"robots\" content=\"max-image-preview:large\" \/>\n\t<link rel=\"canonical\" href=\"https:\/\/www.rabuso.com\/es\/marco-normativo\/\" \/>\n\t<meta name=\"generator\" content=\"All in One SEO Pro (AIOSEO) 4.9.5.2\" \/>\n\t\t<meta property=\"og:locale\" content=\"es_ES\" \/>\n\t\t<meta property=\"og:site_name\" content=\"RABUSO - Soluciones para asociaciones\" \/>\n\t\t<meta property=\"og:type\" content=\"article\" \/>\n\t\t<meta property=\"og:title\" content=\"Marco normativo - RABUSO\" \/>\n\t\t<meta property=\"og:description\" content=\"Para poder hacer uso de algunos de los servicios o productos que se ofrecen a trav\u00e9s de www.rabuso.com\/es, los usuarios deber\u00e1n cumplimentar formularios, indicando datos de car\u00e1cter personal. En cumplimiento de la Ley Org\u00e1nica Espa\u00f1ola 15\/1999, de 13\/12\/99, de Protecci\u00f3n de Datos de Car\u00e1cter Personal, el titular de este sitio informa que dichos datos se\" \/>\n\t\t<meta property=\"og:url\" content=\"https:\/\/www.rabuso.com\/es\/marco-normativo\/\" \/>\n\t\t<meta property=\"og:image\" content=\"https:\/\/www.rabuso.com\/es\/cms\/files\/RABUSO_logo_h_rgb.jpg\" \/>\n\t\t<meta property=\"og:image:secure_url\" content=\"https:\/\/www.rabuso.com\/es\/cms\/files\/RABUSO_logo_h_rgb.jpg\" \/>\n\t\t<meta property=\"og:image:width\" content=\"945\" \/>\n\t\t<meta property=\"og:image:height\" content=\"354\" \/>\n\t\t<meta property=\"article:published_time\" content=\"2012-03-10T15:00:23+00:00\" \/>\n\t\t<meta property=\"article:modified_time\" content=\"2026-01-11T17:52:10+00:00\" \/>\n\t\t<meta name=\"twitter:card\" content=\"summary_large_image\" \/>\n\t\t<meta name=\"twitter:title\" content=\"Marco normativo - RABUSO\" \/>\n\t\t<meta name=\"twitter:description\" content=\"Para poder hacer uso de algunos de los servicios o productos que se ofrecen a trav\u00e9s de www.rabuso.com\/es, los usuarios deber\u00e1n cumplimentar formularios, indicando datos de car\u00e1cter personal. En cumplimiento de la Ley Org\u00e1nica Espa\u00f1ola 15\/1999, de 13\/12\/99, de Protecci\u00f3n de Datos de Car\u00e1cter Personal, el titular de este sitio informa que dichos datos se\" \/>\n\t\t<meta name=\"twitter:image\" content=\"https:\/\/www.rabuso.com\/es\/cms\/files\/RABUSO_logo_h_rgb.jpg\" \/>\n\t\t<script type=\"application\/ld+json\" class=\"aioseo-schema\">\n\t\t\t{\"@context\":\"https:\\\/\\\/schema.org\",\"@graph\":[{\"@type\":\"BreadcrumbList\",\"@id\":\"https:\\\/\\\/www.rabuso.com\\\/es\\\/marco-normativo\\\/#breadcrumblist\",\"itemListElement\":[{\"@type\":\"ListItem\",\"@id\":\"https:\\\/\\\/www.rabuso.com\\\/es#listItem\",\"position\":1,\"name\":\"Home\",\"item\":\"https:\\\/\\\/www.rabuso.com\\\/es\",\"nextItem\":{\"@type\":\"ListItem\",\"@id\":\"https:\\\/\\\/www.rabuso.com\\\/es\\\/marco-normativo\\\/#listItem\",\"name\":\"Marco normativo\"}},{\"@type\":\"ListItem\",\"@id\":\"https:\\\/\\\/www.rabuso.com\\\/es\\\/marco-normativo\\\/#listItem\",\"position\":2,\"name\":\"Marco normativo\",\"previousItem\":{\"@type\":\"ListItem\",\"@id\":\"https:\\\/\\\/www.rabuso.com\\\/es#listItem\",\"name\":\"Home\"}}]},{\"@type\":\"Organization\",\"@id\":\"https:\\\/\\\/www.rabuso.com\\\/es\\\/#organization\",\"name\":\"RABUSO\",\"description\":\"Soluciones para asociaciones\",\"url\":\"https:\\\/\\\/www.rabuso.com\\\/es\\\/\",\"telephone\":\"+34912772037\",\"logo\":{\"@type\":\"ImageObject\",\"url\":\"https:\\\/\\\/www.rabuso.com\\\/es\\\/cms\\\/files\\\/RABUSO_logo_h_rgb.jpg\",\"@id\":\"https:\\\/\\\/www.rabuso.com\\\/es\\\/marco-normativo\\\/#organizationLogo\",\"width\":945,\"height\":354},\"image\":{\"@id\":\"https:\\\/\\\/www.rabuso.com\\\/es\\\/marco-normativo\\\/#organizationLogo\"},\"sameAs\":[\"https:\\\/\\\/www.youtube.com\\\/@RABUSOamc\",\"https:\\\/\\\/www.linkedin.com\\\/company\\\/RABUSOamc\"]},{\"@type\":\"WebPage\",\"@id\":\"https:\\\/\\\/www.rabuso.com\\\/es\\\/marco-normativo\\\/#webpage\",\"url\":\"https:\\\/\\\/www.rabuso.com\\\/es\\\/marco-normativo\\\/\",\"name\":\"Marco normativo - RABUSO\",\"description\":\"Para poder hacer uso de algunos de los servicios o productos que se ofrecen a trav\\u00e9s de www.rabuso.com\\\/es, los usuarios deber\\u00e1n cumplimentar formularios, indicando datos de car\\u00e1cter personal. En cumplimiento de la Ley Org\\u00e1nica Espa\\u00f1ola 15\\\/1999, de 13\\\/12\\\/99, de Protecci\\u00f3n de Datos de Car\\u00e1cter Personal, el titular de este sitio informa que dichos datos se\",\"inLanguage\":\"es-ES\",\"isPartOf\":{\"@id\":\"https:\\\/\\\/www.rabuso.com\\\/es\\\/#website\"},\"breadcrumb\":{\"@id\":\"https:\\\/\\\/www.rabuso.com\\\/es\\\/marco-normativo\\\/#breadcrumblist\"},\"datePublished\":\"2012-03-10T15:00:23+01:00\",\"dateModified\":\"2026-01-11T18:52:10+01:00\"},{\"@type\":\"WebSite\",\"@id\":\"https:\\\/\\\/www.rabuso.com\\\/es\\\/#website\",\"url\":\"https:\\\/\\\/www.rabuso.com\\\/es\\\/\",\"name\":\"RABUSO\",\"description\":\"Soluciones para asociaciones\",\"inLanguage\":\"es-ES\",\"publisher\":{\"@id\":\"https:\\\/\\\/www.rabuso.com\\\/es\\\/#organization\"}}]}\n\t\t<\/script>\n\t\t<!-- All in One SEO Pro -->\r\n\t\t<title>Marco normativo - RABUSO<\/title>\n\n","aioseo_head_json":{"title":"Marco normativo - RABUSO","description":"Para poder hacer uso de algunos de los servicios o productos que se ofrecen a trav\u00e9s de www.rabuso.com\/es, los usuarios deber\u00e1n cumplimentar formularios, indicando datos de car\u00e1cter personal. En cumplimiento de la Ley Org\u00e1nica Espa\u00f1ola 15\/1999, de 13\/12\/99, de Protecci\u00f3n de Datos de Car\u00e1cter Personal, el titular de este sitio informa que dichos datos se","canonical_url":"https:\/\/www.rabuso.com\/es\/marco-normativo\/","robots":"max-image-preview:large","keywords":"","webmasterTools":{"miscellaneous":""},"schema":{"@context":"https:\/\/schema.org","@graph":[{"@type":"BreadcrumbList","@id":"https:\/\/www.rabuso.com\/es\/marco-normativo\/#breadcrumblist","itemListElement":[{"@type":"ListItem","@id":"https:\/\/www.rabuso.com\/es#listItem","position":1,"name":"Home","item":"https:\/\/www.rabuso.com\/es","nextItem":{"@type":"ListItem","@id":"https:\/\/www.rabuso.com\/es\/marco-normativo\/#listItem","name":"Marco normativo"}},{"@type":"ListItem","@id":"https:\/\/www.rabuso.com\/es\/marco-normativo\/#listItem","position":2,"name":"Marco normativo","previousItem":{"@type":"ListItem","@id":"https:\/\/www.rabuso.com\/es#listItem","name":"Home"}}]},{"@type":"Organization","@id":"https:\/\/www.rabuso.com\/es\/#organization","name":"RABUSO","description":"Soluciones para asociaciones","url":"https:\/\/www.rabuso.com\/es\/","telephone":"+34912772037","logo":{"@type":"ImageObject","url":"https:\/\/www.rabuso.com\/es\/cms\/files\/RABUSO_logo_h_rgb.jpg","@id":"https:\/\/www.rabuso.com\/es\/marco-normativo\/#organizationLogo","width":945,"height":354},"image":{"@id":"https:\/\/www.rabuso.com\/es\/marco-normativo\/#organizationLogo"},"sameAs":["https:\/\/www.youtube.com\/@RABUSOamc","https:\/\/www.linkedin.com\/company\/RABUSOamc"]},{"@type":"WebPage","@id":"https:\/\/www.rabuso.com\/es\/marco-normativo\/#webpage","url":"https:\/\/www.rabuso.com\/es\/marco-normativo\/","name":"Marco normativo - RABUSO","description":"Para poder hacer uso de algunos de los servicios o productos que se ofrecen a trav\u00e9s de www.rabuso.com\/es, los usuarios deber\u00e1n cumplimentar formularios, indicando datos de car\u00e1cter personal. En cumplimiento de la Ley Org\u00e1nica Espa\u00f1ola 15\/1999, de 13\/12\/99, de Protecci\u00f3n de Datos de Car\u00e1cter Personal, el titular de este sitio informa que dichos datos se","inLanguage":"es-ES","isPartOf":{"@id":"https:\/\/www.rabuso.com\/es\/#website"},"breadcrumb":{"@id":"https:\/\/www.rabuso.com\/es\/marco-normativo\/#breadcrumblist"},"datePublished":"2012-03-10T15:00:23+01:00","dateModified":"2026-01-11T18:52:10+01:00"},{"@type":"WebSite","@id":"https:\/\/www.rabuso.com\/es\/#website","url":"https:\/\/www.rabuso.com\/es\/","name":"RABUSO","description":"Soluciones para asociaciones","inLanguage":"es-ES","publisher":{"@id":"https:\/\/www.rabuso.com\/es\/#organization"}}]},"og:locale":"es_ES","og:site_name":"RABUSO - Soluciones para asociaciones","og:type":"article","og:title":"Marco normativo - RABUSO","og:description":"Para poder hacer uso de algunos de los servicios o productos que se ofrecen a trav\u00e9s de www.rabuso.com\/es, los usuarios deber\u00e1n cumplimentar formularios, indicando datos de car\u00e1cter personal. En cumplimiento de la Ley Org\u00e1nica Espa\u00f1ola 15\/1999, de 13\/12\/99, de Protecci\u00f3n de Datos de Car\u00e1cter Personal, el titular de este sitio informa que dichos datos se","og:url":"https:\/\/www.rabuso.com\/es\/marco-normativo\/","og:image":"https:\/\/www.rabuso.com\/es\/cms\/files\/RABUSO_logo_h_rgb.jpg","og:image:secure_url":"https:\/\/www.rabuso.com\/es\/cms\/files\/RABUSO_logo_h_rgb.jpg","og:image:width":945,"og:image:height":354,"article:published_time":"2012-03-10T15:00:23+00:00","article:modified_time":"2026-01-11T17:52:10+00:00","twitter:card":"summary_large_image","twitter:title":"Marco normativo - RABUSO","twitter:description":"Para poder hacer uso de algunos de los servicios o productos que se ofrecen a trav\u00e9s de www.rabuso.com\/es, los usuarios deber\u00e1n cumplimentar formularios, indicando datos de car\u00e1cter personal. En cumplimiento de la Ley Org\u00e1nica Espa\u00f1ola 15\/1999, de 13\/12\/99, de Protecci\u00f3n de Datos de Car\u00e1cter Personal, el titular de este sitio informa que dichos datos se","twitter:image":"https:\/\/www.rabuso.com\/es\/cms\/files\/RABUSO_logo_h_rgb.jpg"},"aioseo_meta_data":{"post_id":"70","title":"#post_title #separator_sa #site_title","description":"#post_excerpt","keywords":null,"keyphrases":{"focus":{"keyphrase":"","score":0,"analysis":{"keyphraseInTitle":{"score":0,"maxScore":9,"error":1}}},"additional":[]},"primary_term":null,"canonical_url":null,"og_title":null,"og_description":null,"og_object_type":"default","og_image_type":"default","og_image_url":null,"og_image_width":null,"og_image_height":null,"og_image_custom_url":null,"og_image_custom_fields":null,"og_video":"","og_custom_url":null,"og_article_section":null,"og_article_tags":null,"twitter_use_og":false,"twitter_card":"default","twitter_image_type":"default","twitter_image_url":null,"twitter_image_custom_url":null,"twitter_image_custom_fields":null,"twitter_title":null,"twitter_description":null,"schema":{"blockGraphs":[],"customGraphs":[],"default":{"data":{"Article":[],"Course":[],"Dataset":[],"FAQPage":[],"Movie":[],"Person":[],"Product":[],"ProductReview":[],"Car":[],"Recipe":[],"Service":[],"SoftwareApplication":[],"WebPage":[]},"graphName":"WebPage","isEnabled":true},"graphs":[]},"schema_type":"default","schema_type_options":null,"pillar_content":false,"robots_default":true,"robots_noindex":false,"robots_noarchive":false,"robots_nosnippet":false,"robots_nofollow":false,"robots_noimageindex":false,"robots_noodp":false,"robots_notranslate":false,"robots_max_snippet":"-1","robots_max_videopreview":"-1","robots_max_imagepreview":"large","priority":null,"frequency":"default","local_seo":null,"seo_analyzer_scan_date":"2026-01-11 17:52:14","breadcrumb_settings":null,"limit_modified_date":false,"open_ai":null,"ai":{"faqs":[],"keyPoints":[],"titles":[],"descriptions":[],"socialPosts":{"email":[],"linkedin":[],"twitter":[],"facebook":[],"instagram":[]}},"created":"2024-05-02 15:07:52","updated":"2026-01-11 17:52:14"},"aioseo_breadcrumb":"<div class=\"aioseo-breadcrumbs\"><span class=\"aioseo-breadcrumb\">\n\t<a href=\"https:\/\/www.rabuso.com\/es\" title=\"Home\">Home<\/a>\n<\/span><span class=\"aioseo-breadcrumb-separator\">&raquo;<\/span><span class=\"aioseo-breadcrumb\">\n\tMarco normativo\n<\/span><\/div>","aioseo_breadcrumb_json":[{"label":"Home","link":"https:\/\/www.rabuso.com\/es"},{"label":"Marco normativo","link":"https:\/\/www.rabuso.com\/es\/marco-normativo\/"}],"_links":{"self":[{"href":"https:\/\/www.rabuso.com\/es\/wp-json\/wp\/v2\/pages\/70","targetHints":{"allow":["GET"]}}],"collection":[{"href":"https:\/\/www.rabuso.com\/es\/wp-json\/wp\/v2\/pages"}],"about":[{"href":"https:\/\/www.rabuso.com\/es\/wp-json\/wp\/v2\/types\/page"}],"author":[{"embeddable":true,"href":"https:\/\/www.rabuso.com\/es\/wp-json\/wp\/v2\/users\/373"}],"replies":[{"embeddable":true,"href":"https:\/\/www.rabuso.com\/es\/wp-json\/wp\/v2\/comments?post=70"}],"version-history":[{"count":0,"href":"https:\/\/www.rabuso.com\/es\/wp-json\/wp\/v2\/pages\/70\/revisions"}],"wp:attachment":[{"href":"https:\/\/www.rabuso.com\/es\/wp-json\/wp\/v2\/media?parent=70"}],"curies":[{"name":"wp","href":"https:\/\/api.w.org\/{rel}","templated":true}]}}