{"id":5561,"date":"2021-03-10T09:43:33","date_gmt":"2021-03-10T08:43:33","guid":{"rendered":"https:\/\/www.rabuso.com\/es\/?page_id=5561"},"modified":"2021-03-10T09:43:33","modified_gmt":"2021-03-10T08:43:33","slug":"catalogo-interactivo","status":"publish","type":"page","link":"https:\/\/www.rabuso.com\/es\/servicios\/catalogo\/catalogo-interactivo\/","title":{"rendered":"Cat\u00e1logo interactivo"},"content":{"rendered":"<p>Descubre nuestros servicios.<\/p>\n<div class=\"_3d-flip-book  fb3d-fullscreen-mode full-size\" data-id=\"5552\" data-mode=\"fullscreen\" data-title=\"false\" data-template=\"short-white-book-view\" data-lightbox=\"dark-shadow\" data-urlparam=\"fb3d-page\" data-page-n=\"0\" data-pdf=\"\" data-tax=\"null\" data-thumbnail=\"\" data-cols=\"3\" data-book-template=\"default\" data-trigger=\"\"><\/div><script type=\"text\/javascript\">window.FB3D_CLIENT_DATA = window.FB3D_CLIENT_DATA || [];FB3D_CLIENT_DATA.push('eyJwb3N0cyI6eyI1NTUyIjp7IklEIjo1NTUyLCJ0aXRsZSI6IlJBQlVTTyAtIENhdFx1MDBlMWxvZ28iLCJ0eXBlIjoicGRmIiwicmVhZHlfZnVuY3Rpb24iOiIiLCJib29rX3N0eWxlIjoiZmxhdCIsImJvb2tfdGVtcGxhdGUiOiJub25lIiwib3V0bGluZSI6W10sImRhdGEiOnsicG9zdF9JRCI6IjU1NTMiLCJndWlkIjoiaHR0cHM6XC9cL3d3dy5yYWJ1c28uY29tXC9lc1wvY21zXC9maWxlc1wvUkFCVVNPX0NhdGFsb2dvX0VTXzIxMDIxOF9XZWIucGRmIiwicGRmX3BhZ2VzIjoiMTIiLCJwYWdlc19jdXN0b21pemF0aW9uIjoibm9uZSJ9LCJ0aHVtYm5haWwiOnsiZGF0YSI6eyJwb3N0X0lEIjoiMCJ9LCJ0eXBlIjoiYXV0byJ9LCJwcm9wcyI6eyJiYWNrZ3JvdW5kQ29sb3IiOiJhdXRvIiwiYmFja2dyb3VuZEltYWdlIjoiYXV0byIsImJhY2tncm91bmRTdHlsZSI6ImF1dG8iLCJoaWdobGlnaHRMaW5rcyI6ImF1dG8iLCJsaWdodGluZyI6ImF1dG8iLCJjYWNoZWRQYWdlcyI6ImF1dG8iLCJyZW5kZXJJbmFjdGl2ZVBhZ2VzIjoiYXV0byIsInJlbmRlckluYWN0aXZlUGFnZXNPbk1vYmlsZSI6ImF1dG8iLCJyZW5kZXJXaGlsZUZsaXBwaW5nIjoiYXV0byIsInByZWxvYWRQYWdlcyI6ImF1dG8iLCJhdXRvUGxheUR1cmF0aW9uIjoiYXV0byIsInJ0bCI6ImF1dG8iLCJpbnRlcmFjdGl2ZUNvcm5lcnMiOiJhdXRvIiwibWF4RGVwdGgiOiJhdXRvIiwic2hlZXQiOnsic3RhcnRWZWxvY2l0eSI6ImF1dG8iLCJ3YXZlIjoiYXV0byIsInNoYXBlIjoiYXV0byIsIndpZHRoVGV4ZWxzIjoiYXV0byIsImNvbG9yIjoiYXV0byIsInNpZGUiOiJhdXRvIiwiY29ybmVyRGV2aWF0aW9uIjoiYXV0byIsImZsZXhpYmlsaXR5IjoiYXV0byIsImZsZXhpYmxlQ29ybmVyIjoiYXV0byIsImJlbmRpbmciOiJhdXRvIiwiaGVpZ2h0VGV4ZWxzIjoiYXV0byJ9LCJjb3ZlciI6eyJ3YXZlIjoiYXV0byIsImNvbG9yIjoiYXV0byIsInNpZGUiOiJhdXRvIiwiYmluZGVyVGV4dHVyZSI6ImF1dG8iLCJkZXB0aCI6ImF1dG8iLCJwYWRkaW5nIjoiYXV0byIsInN0YXJ0VmVsb2NpdHkiOiJhdXRvIiwiZmxleGliaWxpdHkiOiJhdXRvIiwiZmxleGlibGVDb3JuZXIiOiJhdXRvIiwiYmVuZGluZyI6ImF1dG8iLCJ3aWR0aFRleGVscyI6ImF1dG8iLCJoZWlnaHRUZXhlbHMiOiJhdXRvIiwibWFzcyI6ImF1dG8iLCJzaGFwZSI6ImF1dG8ifSwicGFnZSI6eyJ3YXZlIjoiYXV0byIsImNvbG9yIjoiYXV0byIsInNpZGUiOiJhdXRvIiwiZGVwdGgiOiJhdXRvIiwic3RhcnRWZWxvY2l0eSI6ImF1dG8iLCJmbGV4aWJpbGl0eSI6ImF1dG8iLCJmbGV4aWJsZUNvcm5lciI6ImF1dG8iLCJiZW5kaW5nIjoiYXV0byIsIndpZHRoVGV4ZWxzIjoiYXV0byIsImhlaWdodFRleGVscyI6ImF1dG8iLCJtYXNzIjoiYXV0byIsInNoYXBlIjoiYXV0byJ9LCJoZWlnaHQiOiJhdXRvIiwid2lkdGgiOiJhdXRvIiwiZ3Jhdml0eSI6ImF1dG8iLCJwYWdlc0ZvclByZWRpY3RpbmciOiJhdXRvIn0sImNvbnRyb2xQcm9wcyI6eyJhY3Rpb25zIjp7ImNtZFRvYyI6eyJlbmFibGVkIjoiYXV0byIsImVuYWJsZWRJbk5hcnJvdyI6ImF1dG8iLCJhY3RpdmUiOiJhdXRvIiwiZGVmYXVsdFRhYiI6ImF1dG8ifSwiY21kQXV0b1BsYXkiOnsiZW5hYmxlZCI6ImF1dG8iLCJlbmFibGVkSW5OYXJyb3ciOiJhdXRvIiwiYWN0aXZlIjoiYXV0byJ9LCJjbWRTYXZlIjp7ImVuYWJsZWQiOiIxIiwiZW5hYmxlZEluTmFycm93IjoiMSJ9LCJjbWRQcmludCI6eyJlbmFibGVkIjoiMSIsImVuYWJsZWRJbk5hcnJvdyI6IjAifSwiY21kU2luZ2xlUGFnZSI6eyJlbmFibGVkIjoiYXV0byIsImVuYWJsZWRJbk5hcnJvdyI6ImF1dG8iLCJhY3RpdmUiOiJhdXRvIiwiYWN0aXZlRm9yTW9iaWxlIjoiYXV0byJ9LCJ3aWRUb29sYmFyIjp7ImVuYWJsZWQiOiJhdXRvIiwiZW5hYmxlZEluTmFycm93IjoiYXV0byJ9fX0sImF1dG9UaHVtYm5haWwiOiJodHRwczpcL1wvd3d3LnJhYnVzby5jb21cL2VzXC9jbXNcL2ZpbGVzXC8zZC1mbGlwLWJvb2tcL2F1dG8tdGh1bWJuYWlsc1wvNTU1Mi5wbmciLCJwb3N0X25hbWUiOiJyYWJ1c28tY2F0YWxvZ28iLCJwb3N0X3R5cGUiOiIzZC1mbGlwLWJvb2sifX0sInBhZ2VzIjpbXSwiZmlyc3RQYWdlcyI6W119');window.FB3D_CLIENT_LOCALE && FB3D_CLIENT_LOCALE.render && FB3D_CLIENT_LOCALE.render();<\/script>\n<p>&nbsp;<\/p>\n<h2>\u00bfC\u00f3mo podemos ayudarte?<\/h2>\n<p>Si necesitas m\u00e1s informaci\u00f3n o prefieres tener una interacci\u00f3n directa, <a href=\"https:\/\/www.rabuso.com\/es\/contacto\/como-podemos-ayudarte\/\">cont\u00e1ctanos<\/a>.<\/p>\n<p>&nbsp;<\/p>\n","protected":false},"excerpt":{"rendered":"<p>Descubre nuestros servicios. &nbsp; \u00bfC\u00f3mo podemos ayudarte? Si necesitas m\u00e1s informaci\u00f3n o prefieres tener una interacci\u00f3n directa, cont\u00e1ctanos. &nbsp;<\/p>\n","protected":false},"author":373,"featured_media":0,"parent":5555,"menu_order":0,"comment_status":"closed","ping_status":"closed","template":"","meta":{"_acf_changed":false,"footnotes":""},"class_list":["post-5561","page","type-page","status-publish","hentry"],"acf":[],"aioseo_notices":[],"aioseo_head":"\n\t\t<!-- All in One SEO Pro 4.9.6.1 - aioseo.com -->\n\t<meta name=\"description\" content=\"Descubre nuestros servicios. \u00bfC\u00f3mo podemos ayudarte? Si necesitas m\u00e1s informaci\u00f3n o prefieres tener una interacci\u00f3n directa, cont\u00e1ctanos.\" \/>\n\t<meta name=\"robots\" content=\"max-image-preview:large\" \/>\n\t<link rel=\"canonical\" href=\"https:\/\/www.rabuso.com\/es\/servicios\/catalogo\/catalogo-interactivo\/\" \/>\n\t<meta name=\"generator\" content=\"All in One SEO Pro (AIOSEO) 4.9.6.1\" \/>\n\t\t<meta property=\"og:locale\" content=\"es_ES\" \/>\n\t\t<meta property=\"og:site_name\" content=\"RABUSO - Soluciones para asociaciones\" \/>\n\t\t<meta property=\"og:type\" content=\"article\" \/>\n\t\t<meta property=\"og:title\" content=\"Cat\u00e1logo interactivo - RABUSO\" \/>\n\t\t<meta property=\"og:description\" content=\"Descubre nuestros servicios. \u00bfC\u00f3mo podemos ayudarte? Si necesitas m\u00e1s informaci\u00f3n o prefieres tener una interacci\u00f3n directa, cont\u00e1ctanos.\" \/>\n\t\t<meta property=\"og:url\" content=\"https:\/\/www.rabuso.com\/es\/servicios\/catalogo\/catalogo-interactivo\/\" \/>\n\t\t<meta property=\"og:image\" content=\"https:\/\/www.rabuso.com\/es\/cms\/files\/RABUSO_logo_h_rgb.jpg\" \/>\n\t\t<meta property=\"og:image:secure_url\" content=\"https:\/\/www.rabuso.com\/es\/cms\/files\/RABUSO_logo_h_rgb.jpg\" \/>\n\t\t<meta property=\"og:image:width\" content=\"945\" \/>\n\t\t<meta property=\"og:image:height\" content=\"354\" \/>\n\t\t<meta property=\"article:published_time\" content=\"2021-03-10T08:43:33+00:00\" \/>\n\t\t<meta property=\"article:modified_time\" content=\"2021-03-10T08:43:33+00:00\" \/>\n\t\t<meta name=\"twitter:card\" content=\"summary_large_image\" \/>\n\t\t<meta name=\"twitter:title\" content=\"Cat\u00e1logo interactivo - RABUSO\" \/>\n\t\t<meta name=\"twitter:description\" content=\"Descubre nuestros servicios. \u00bfC\u00f3mo podemos ayudarte? Si necesitas m\u00e1s informaci\u00f3n o prefieres tener una interacci\u00f3n directa, cont\u00e1ctanos.\" \/>\n\t\t<meta name=\"twitter:image\" content=\"https:\/\/www.rabuso.com\/es\/cms\/files\/RABUSO_logo_h_rgb.jpg\" \/>\n\t\t<script type=\"application\/ld+json\" class=\"aioseo-schema\">\n\t\t\t{\"@context\":\"https:\\\/\\\/schema.org\",\"@graph\":[{\"@type\":\"BreadcrumbList\",\"@id\":\"https:\\\/\\\/www.rabuso.com\\\/es\\\/servicios\\\/catalogo\\\/catalogo-interactivo\\\/#breadcrumblist\",\"itemListElement\":[{\"@type\":\"ListItem\",\"@id\":\"https:\\\/\\\/www.rabuso.com\\\/es#listItem\",\"position\":1,\"name\":\"Home\",\"item\":\"https:\\\/\\\/www.rabuso.com\\\/es\",\"nextItem\":{\"@type\":\"ListItem\",\"@id\":\"https:\\\/\\\/www.rabuso.com\\\/es\\\/servicios\\\/#listItem\",\"name\":\"Servicios\"}},{\"@type\":\"ListItem\",\"@id\":\"https:\\\/\\\/www.rabuso.com\\\/es\\\/servicios\\\/#listItem\",\"position\":2,\"name\":\"Servicios\",\"item\":\"https:\\\/\\\/www.rabuso.com\\\/es\\\/servicios\\\/\",\"nextItem\":{\"@type\":\"ListItem\",\"@id\":\"https:\\\/\\\/www.rabuso.com\\\/es\\\/servicios\\\/catalogo\\\/#listItem\",\"name\":\"Cat\\u00e1logo\"},\"previousItem\":{\"@type\":\"ListItem\",\"@id\":\"https:\\\/\\\/www.rabuso.com\\\/es#listItem\",\"name\":\"Home\"}},{\"@type\":\"ListItem\",\"@id\":\"https:\\\/\\\/www.rabuso.com\\\/es\\\/servicios\\\/catalogo\\\/#listItem\",\"position\":3,\"name\":\"Cat\\u00e1logo\",\"item\":\"https:\\\/\\\/www.rabuso.com\\\/es\\\/servicios\\\/catalogo\\\/\",\"nextItem\":{\"@type\":\"ListItem\",\"@id\":\"https:\\\/\\\/www.rabuso.com\\\/es\\\/servicios\\\/catalogo\\\/catalogo-interactivo\\\/#listItem\",\"name\":\"Cat\\u00e1logo interactivo\"},\"previousItem\":{\"@type\":\"ListItem\",\"@id\":\"https:\\\/\\\/www.rabuso.com\\\/es\\\/servicios\\\/#listItem\",\"name\":\"Servicios\"}},{\"@type\":\"ListItem\",\"@id\":\"https:\\\/\\\/www.rabuso.com\\\/es\\\/servicios\\\/catalogo\\\/catalogo-interactivo\\\/#listItem\",\"position\":4,\"name\":\"Cat\\u00e1logo interactivo\",\"previousItem\":{\"@type\":\"ListItem\",\"@id\":\"https:\\\/\\\/www.rabuso.com\\\/es\\\/servicios\\\/catalogo\\\/#listItem\",\"name\":\"Cat\\u00e1logo\"}}]},{\"@type\":\"Organization\",\"@id\":\"https:\\\/\\\/www.rabuso.com\\\/es\\\/#organization\",\"name\":\"RABUSO\",\"description\":\"Soluciones para asociaciones\",\"url\":\"https:\\\/\\\/www.rabuso.com\\\/es\\\/\",\"telephone\":\"+34912772037\",\"logo\":{\"@type\":\"ImageObject\",\"url\":\"https:\\\/\\\/www.rabuso.com\\\/es\\\/cms\\\/files\\\/RABUSO_logo_h_rgb.jpg\",\"@id\":\"https:\\\/\\\/www.rabuso.com\\\/es\\\/servicios\\\/catalogo\\\/catalogo-interactivo\\\/#organizationLogo\",\"width\":945,\"height\":354},\"image\":{\"@id\":\"https:\\\/\\\/www.rabuso.com\\\/es\\\/servicios\\\/catalogo\\\/catalogo-interactivo\\\/#organizationLogo\"},\"sameAs\":[\"https:\\\/\\\/www.youtube.com\\\/@RABUSOamc\",\"https:\\\/\\\/www.linkedin.com\\\/company\\\/RABUSOamc\"]},{\"@type\":\"WebPage\",\"@id\":\"https:\\\/\\\/www.rabuso.com\\\/es\\\/servicios\\\/catalogo\\\/catalogo-interactivo\\\/#webpage\",\"url\":\"https:\\\/\\\/www.rabuso.com\\\/es\\\/servicios\\\/catalogo\\\/catalogo-interactivo\\\/\",\"name\":\"Cat\\u00e1logo interactivo - RABUSO\",\"description\":\"Descubre nuestros servicios. \\u00bfC\\u00f3mo podemos ayudarte? Si necesitas m\\u00e1s informaci\\u00f3n o prefieres tener una interacci\\u00f3n directa, cont\\u00e1ctanos.\",\"inLanguage\":\"es-ES\",\"isPartOf\":{\"@id\":\"https:\\\/\\\/www.rabuso.com\\\/es\\\/#website\"},\"breadcrumb\":{\"@id\":\"https:\\\/\\\/www.rabuso.com\\\/es\\\/servicios\\\/catalogo\\\/catalogo-interactivo\\\/#breadcrumblist\"},\"datePublished\":\"2021-03-10T09:43:33+01:00\",\"dateModified\":\"2021-03-10T09:43:33+01:00\"},{\"@type\":\"WebSite\",\"@id\":\"https:\\\/\\\/www.rabuso.com\\\/es\\\/#website\",\"url\":\"https:\\\/\\\/www.rabuso.com\\\/es\\\/\",\"name\":\"RABUSO\",\"description\":\"Soluciones para asociaciones\",\"inLanguage\":\"es-ES\",\"publisher\":{\"@id\":\"https:\\\/\\\/www.rabuso.com\\\/es\\\/#organization\"}}]}\n\t\t<\/script>\n\t\t<!-- All in One SEO Pro -->\r\n\t\t<title>Cat\u00e1logo interactivo - RABUSO<\/title>\n\n","aioseo_head_json":{"title":"Cat\u00e1logo interactivo - RABUSO","description":"Descubre nuestros servicios. \u00bfC\u00f3mo podemos ayudarte? Si necesitas m\u00e1s informaci\u00f3n o prefieres tener una interacci\u00f3n directa, cont\u00e1ctanos.","canonical_url":"https:\/\/www.rabuso.com\/es\/servicios\/catalogo\/catalogo-interactivo\/","robots":"max-image-preview:large","keywords":"","webmasterTools":{"miscellaneous":""},"schema":{"@context":"https:\/\/schema.org","@graph":[{"@type":"BreadcrumbList","@id":"https:\/\/www.rabuso.com\/es\/servicios\/catalogo\/catalogo-interactivo\/#breadcrumblist","itemListElement":[{"@type":"ListItem","@id":"https:\/\/www.rabuso.com\/es#listItem","position":1,"name":"Home","item":"https:\/\/www.rabuso.com\/es","nextItem":{"@type":"ListItem","@id":"https:\/\/www.rabuso.com\/es\/servicios\/#listItem","name":"Servicios"}},{"@type":"ListItem","@id":"https:\/\/www.rabuso.com\/es\/servicios\/#listItem","position":2,"name":"Servicios","item":"https:\/\/www.rabuso.com\/es\/servicios\/","nextItem":{"@type":"ListItem","@id":"https:\/\/www.rabuso.com\/es\/servicios\/catalogo\/#listItem","name":"Cat\u00e1logo"},"previousItem":{"@type":"ListItem","@id":"https:\/\/www.rabuso.com\/es#listItem","name":"Home"}},{"@type":"ListItem","@id":"https:\/\/www.rabuso.com\/es\/servicios\/catalogo\/#listItem","position":3,"name":"Cat\u00e1logo","item":"https:\/\/www.rabuso.com\/es\/servicios\/catalogo\/","nextItem":{"@type":"ListItem","@id":"https:\/\/www.rabuso.com\/es\/servicios\/catalogo\/catalogo-interactivo\/#listItem","name":"Cat\u00e1logo interactivo"},"previousItem":{"@type":"ListItem","@id":"https:\/\/www.rabuso.com\/es\/servicios\/#listItem","name":"Servicios"}},{"@type":"ListItem","@id":"https:\/\/www.rabuso.com\/es\/servicios\/catalogo\/catalogo-interactivo\/#listItem","position":4,"name":"Cat\u00e1logo interactivo","previousItem":{"@type":"ListItem","@id":"https:\/\/www.rabuso.com\/es\/servicios\/catalogo\/#listItem","name":"Cat\u00e1logo"}}]},{"@type":"Organization","@id":"https:\/\/www.rabuso.com\/es\/#organization","name":"RABUSO","description":"Soluciones para asociaciones","url":"https:\/\/www.rabuso.com\/es\/","telephone":"+34912772037","logo":{"@type":"ImageObject","url":"https:\/\/www.rabuso.com\/es\/cms\/files\/RABUSO_logo_h_rgb.jpg","@id":"https:\/\/www.rabuso.com\/es\/servicios\/catalogo\/catalogo-interactivo\/#organizationLogo","width":945,"height":354},"image":{"@id":"https:\/\/www.rabuso.com\/es\/servicios\/catalogo\/catalogo-interactivo\/#organizationLogo"},"sameAs":["https:\/\/www.youtube.com\/@RABUSOamc","https:\/\/www.linkedin.com\/company\/RABUSOamc"]},{"@type":"WebPage","@id":"https:\/\/www.rabuso.com\/es\/servicios\/catalogo\/catalogo-interactivo\/#webpage","url":"https:\/\/www.rabuso.com\/es\/servicios\/catalogo\/catalogo-interactivo\/","name":"Cat\u00e1logo interactivo - RABUSO","description":"Descubre nuestros servicios. \u00bfC\u00f3mo podemos ayudarte? Si necesitas m\u00e1s informaci\u00f3n o prefieres tener una interacci\u00f3n directa, cont\u00e1ctanos.","inLanguage":"es-ES","isPartOf":{"@id":"https:\/\/www.rabuso.com\/es\/#website"},"breadcrumb":{"@id":"https:\/\/www.rabuso.com\/es\/servicios\/catalogo\/catalogo-interactivo\/#breadcrumblist"},"datePublished":"2021-03-10T09:43:33+01:00","dateModified":"2021-03-10T09:43:33+01:00"},{"@type":"WebSite","@id":"https:\/\/www.rabuso.com\/es\/#website","url":"https:\/\/www.rabuso.com\/es\/","name":"RABUSO","description":"Soluciones para asociaciones","inLanguage":"es-ES","publisher":{"@id":"https:\/\/www.rabuso.com\/es\/#organization"}}]},"og:locale":"es_ES","og:site_name":"RABUSO - Soluciones para asociaciones","og:type":"article","og:title":"Cat\u00e1logo interactivo - RABUSO","og:description":"Descubre nuestros servicios. \u00bfC\u00f3mo podemos ayudarte? Si necesitas m\u00e1s informaci\u00f3n o prefieres tener una interacci\u00f3n directa, cont\u00e1ctanos.","og:url":"https:\/\/www.rabuso.com\/es\/servicios\/catalogo\/catalogo-interactivo\/","og:image":"https:\/\/www.rabuso.com\/es\/cms\/files\/RABUSO_logo_h_rgb.jpg","og:image:secure_url":"https:\/\/www.rabuso.com\/es\/cms\/files\/RABUSO_logo_h_rgb.jpg","og:image:width":945,"og:image:height":354,"article:published_time":"2021-03-10T08:43:33+00:00","article:modified_time":"2021-03-10T08:43:33+00:00","twitter:card":"summary_large_image","twitter:title":"Cat\u00e1logo interactivo - RABUSO","twitter:description":"Descubre nuestros servicios. \u00bfC\u00f3mo podemos ayudarte? Si necesitas m\u00e1s informaci\u00f3n o prefieres tener una interacci\u00f3n directa, cont\u00e1ctanos.","twitter:image":"https:\/\/www.rabuso.com\/es\/cms\/files\/RABUSO_logo_h_rgb.jpg"},"aioseo_meta_data":{"post_id":"5561","title":null,"description":null,"keywords":null,"keyphrases":null,"primary_term":null,"canonical_url":null,"og_title":null,"og_description":null,"og_object_type":"default","og_image_type":"default","og_image_url":null,"og_image_width":null,"og_image_height":null,"og_image_custom_url":null,"og_image_custom_fields":null,"og_video":null,"og_custom_url":null,"og_article_section":null,"og_article_tags":null,"twitter_use_og":false,"twitter_card":"default","twitter_image_type":"default","twitter_image_url":null,"twitter_image_custom_url":null,"twitter_image_custom_fields":null,"twitter_title":null,"twitter_description":null,"schema":{"blockGraphs":[],"customGraphs":[],"default":{"data":{"Article":[],"Course":[],"Dataset":[],"FAQPage":[],"Movie":[],"Person":[],"Product":[],"ProductReview":[],"Car":[],"Recipe":[],"Service":[],"SoftwareApplication":[],"WebPage":[]},"graphName":"","isEnabled":true},"graphs":[]},"schema_type":"default","schema_type_options":null,"pillar_content":false,"robots_default":true,"robots_noindex":false,"robots_noarchive":false,"robots_nosnippet":false,"robots_nofollow":false,"robots_noimageindex":false,"robots_noodp":false,"robots_notranslate":false,"robots_max_snippet":null,"robots_max_videopreview":null,"robots_max_imagepreview":"large","priority":null,"frequency":null,"local_seo":null,"seo_analyzer_scan_date":"2025-08-15 07:57:21","breadcrumb_settings":null,"limit_modified_date":false,"open_ai":null,"ai":null,"created":"2024-05-02 15:11:54","updated":"2025-08-15 07:57:21"},"aioseo_breadcrumb":"<div class=\"aioseo-breadcrumbs\"><span class=\"aioseo-breadcrumb\">\n\t<a href=\"https:\/\/www.rabuso.com\/es\" title=\"Home\">Home<\/a>\n<\/span><span class=\"aioseo-breadcrumb-separator\">&raquo;<\/span><span class=\"aioseo-breadcrumb\">\n\t<a href=\"https:\/\/www.rabuso.com\/es\/servicios\/\" title=\"Servicios\">Servicios<\/a>\n<\/span><span class=\"aioseo-breadcrumb-separator\">&raquo;<\/span><span class=\"aioseo-breadcrumb\">\n\t<a href=\"https:\/\/www.rabuso.com\/es\/servicios\/catalogo\/\" title=\"Cat\u00e1logo\">Cat\u00e1logo<\/a>\n<\/span><span class=\"aioseo-breadcrumb-separator\">&raquo;<\/span><span class=\"aioseo-breadcrumb\">\n\tCat\u00e1logo interactivo\n<\/span><\/div>","aioseo_breadcrumb_json":[{"label":"Home","link":"https:\/\/www.rabuso.com\/es"},{"label":"Servicios","link":"https:\/\/www.rabuso.com\/es\/servicios\/"},{"label":"Cat\u00e1logo","link":"https:\/\/www.rabuso.com\/es\/servicios\/catalogo\/"},{"label":"Cat\u00e1logo interactivo","link":"https:\/\/www.rabuso.com\/es\/servicios\/catalogo\/catalogo-interactivo\/"}],"_links":{"self":[{"href":"https:\/\/www.rabuso.com\/es\/wp-json\/wp\/v2\/pages\/5561","targetHints":{"allow":["GET"]}}],"collection":[{"href":"https:\/\/www.rabuso.com\/es\/wp-json\/wp\/v2\/pages"}],"about":[{"href":"https:\/\/www.rabuso.com\/es\/wp-json\/wp\/v2\/types\/page"}],"author":[{"embeddable":true,"href":"https:\/\/www.rabuso.com\/es\/wp-json\/wp\/v2\/users\/373"}],"replies":[{"embeddable":true,"href":"https:\/\/www.rabuso.com\/es\/wp-json\/wp\/v2\/comments?post=5561"}],"version-history":[{"count":0,"href":"https:\/\/www.rabuso.com\/es\/wp-json\/wp\/v2\/pages\/5561\/revisions"}],"up":[{"embeddable":true,"href":"https:\/\/www.rabuso.com\/es\/wp-json\/wp\/v2\/pages\/5555"}],"wp:attachment":[{"href":"https:\/\/www.rabuso.com\/es\/wp-json\/wp\/v2\/media?parent=5561"}],"curies":[{"name":"wp","href":"https:\/\/api.w.org\/{rel}","templated":true}]}}