{"id":5179,"date":"2021-02-11T10:19:14","date_gmt":"2021-02-11T09:19:14","guid":{"rendered":"https:\/\/www.rabuso.com\/es\/?page_id=5179"},"modified":"2025-08-18T14:35:24","modified_gmt":"2025-08-18T12:35:24","slug":"como-podemos-ayudarte","status":"publish","type":"page","link":"https:\/\/www.rabuso.com\/es\/contacto\/como-podemos-ayudarte\/","title":{"rendered":"\u00bfC\u00f3mo podemos ayudarte?"},"content":{"rendered":"<p><img decoding=\"async\" class=\"size-full wp-image-7202 aligncenter\" src=\"https:\/\/www.rabuso.com\/es\/cms\/files\/RABUSO_Foto_Oficina_690x390_230327.jpg\" alt=\"\" width=\"693\" height=\"390\" srcset=\"https:\/\/www.rabuso.com\/es\/cms\/files\/RABUSO_Foto_Oficina_690x390_230327.jpg 693w, https:\/\/www.rabuso.com\/es\/cms\/files\/RABUSO_Foto_Oficina_690x390_230327-690x388.jpg 690w, https:\/\/www.rabuso.com\/es\/cms\/files\/RABUSO_Foto_Oficina_690x390_230327-230x130.jpg 230w\" sizes=\"(max-width: 693px) 100vw, 693px\" \/><\/p>\n<p>&nbsp;<\/p>\n<p>En nuestra, empresa t\u00fa eres el conductor: el cliente, el miembro de una asociaci\u00f3n, la Administraci\u00f3n P\u00fablica, el usuario final,&#8230;<\/p>\n<p>&nbsp;<\/p>\n<p><strong>\u00a1Queremos saber de ti!<\/strong><\/p>\n<div class=\"wpforms-container wpforms-container-full\" id=\"wpforms-4847\"><form id=\"wpforms-form-4847\" class=\"wpforms-validate wpforms-form\" data-formid=\"4847\" method=\"post\" enctype=\"multipart\/form-data\" action=\"\/es\/wp-json\/wp\/v2\/pages\/5179\" data-token=\"7a982e024c9685fd75f455c9e3e6deae\" data-token-time=\"1776597261\"><noscript class=\"wpforms-error-noscript\">Por favor, activa JavaScript en tu navegador para completar este formulario.<\/noscript><div class=\"wpforms-field-container\"><div id=\"wpforms-4847-field_1-container\" class=\"wpforms-field wpforms-field-text\" data-field-id=\"1\"><label class=\"wpforms-field-label\" for=\"wpforms-4847-field_1\">Nombre y apellidos: <span class=\"wpforms-required-label\">*<\/span><\/label><input type=\"text\" id=\"wpforms-4847-field_1\" class=\"wpforms-field-large wpforms-field-required\" name=\"wpforms[fields][1]\" required><\/div><div id=\"wpforms-4847-field_3-container\" class=\"wpforms-field wpforms-field-email\" data-field-id=\"3\"><label class=\"wpforms-field-label\" for=\"wpforms-4847-field_3\">E-mail: <span class=\"wpforms-required-label\">*<\/span><\/label><input type=\"email\" id=\"wpforms-4847-field_3\" class=\"wpforms-field-large wpforms-field-required\" name=\"wpforms[fields][3]\" spellcheck=\"false\" required><\/div><div id=\"wpforms-4847-field_6-container\" class=\"wpforms-field wpforms-field-textarea\" data-field-id=\"6\"><label class=\"wpforms-field-label\" for=\"wpforms-4847-field_6\">Mensaje: <span class=\"wpforms-required-label\">*<\/span><\/label><textarea id=\"wpforms-4847-field_6\" class=\"wpforms-field-medium wpforms-field-required\" name=\"wpforms[fields][6]\" required><\/textarea><\/div><div id=\"wpforms-4847-field_8-container\" class=\"wpforms-field wpforms-field-checkbox\" data-field-id=\"8\"><label class=\"wpforms-field-label\">Aviso legal: <span class=\"wpforms-required-label\">*<\/span><\/label><ul id=\"wpforms-4847-field_8\" class=\"wpforms-field-required\"><li class=\"choice-0 depth-1\"><input type=\"checkbox\" id=\"wpforms-4847-field_8_0\" name=\"wpforms[fields][8][]\" value=\"Acepto la &lt;a href=&quot;https:\/\/www.rabuso.com\/es\/aviso-legal\/&quot; target=&quot;_blank&quot;&gt;pol\u00edtica de privacidad y protecci\u00f3n de datos de RABUSO&lt;\/a&gt;\" required ><label class=\"wpforms-field-label-inline\" for=\"wpforms-4847-field_8_0\">Acepto la <a href=\"https:\/\/www.rabuso.com\/es\/aviso-legal\/\" target=\"_blank\">pol\u00edtica de privacidad y protecci\u00f3n de datos de RABUSO<\/a><\/label><\/li><\/ul><\/div><div id=\"wpforms-4847-field_11-container\" class=\"wpforms-field wpforms-field-html\" data-field-id=\"11\"><div id=\"wpforms-4847-field_11\"><p>Al enviar el formulario, recibir\u00e1s autom\u00e1ticamente un correo con la copia de tu solicitud.<\/p><\/div><\/div><\/div><!-- .wpforms-field-container --><div class=\"wpforms-field wpforms-field-hp\"><label for=\"wpforms-4847-field-hp\" class=\"wpforms-field-label\">Website<\/label><input type=\"text\" name=\"wpforms[hp]\" id=\"wpforms-4847-field-hp\" class=\"wpforms-field-medium\"><\/div><div class=\"wpforms-recaptcha-container wpforms-is-recaptcha wpforms-is-recaptcha-type-v3\" ><input type=\"hidden\" name=\"wpforms[recaptcha]\" value=\"\"><\/div><div class=\"wpforms-submit-container\" ><input type=\"hidden\" name=\"wpforms[id]\" value=\"4847\"><input type=\"hidden\" name=\"page_title\" value=\"\"><input type=\"hidden\" name=\"page_url\" value=\"https:\/\/www.rabuso.com\/es\/wp-json\/wp\/v2\/pages\/5179\"><input type=\"hidden\" name=\"url_referer\" value=\"\"><button type=\"submit\" name=\"wpforms[submit]\" id=\"wpforms-submit-4847\" class=\"wpforms-submit\" data-alt-text=\"Enviando\" data-submit-text=\"Enviar\" aria-live=\"assertive\" value=\"wpforms-submit\">Enviar<\/button><\/div><\/form><\/div>  <!-- .wpforms-container -->\n<p>&nbsp;<\/p>\n<h2>\u00bfD\u00f3nde?<\/h2>\n<p>Nuestra sede est\u00e1 en <a href=\"https:\/\/www.rabuso.com\/es\/contacto\/madrid\/\">Madrid (Espa\u00f1a)<\/a> y tambi\u00e9n tenemos oficinas en <a href=\"https:\/\/www.rabuso.com\/es\/contacto\/bruselas\/\">Bruselas (B\u00e9lgica)<\/a>.<\/p>\n<p>&nbsp;<\/p>\n<h2>\u00bfCu\u00e1ndo?<\/h2>\n<p>Nuestro horario habitual de oficina es de lunes a jueves (8 &#8211; 17) y viernes (8 &#8211; 15).<\/p>\n<p>Cerramos por vacaciones del 1 al 15 de agosto y del 24 de diciembre al 1 de enero.<\/p>\n","protected":false},"excerpt":{"rendered":"<p>&nbsp; En nuestra, empresa t\u00fa eres el conductor: el cliente, el miembro de una asociaci\u00f3n, la Administraci\u00f3n P\u00fablica, el usuario final,&#8230; &nbsp; \u00a1Queremos saber de ti! &nbsp; \u00bfD\u00f3nde? Nuestra sede est\u00e1 en Madrid (Espa\u00f1a) y tambi\u00e9n tenemos oficinas en Bruselas (B\u00e9lgica). &nbsp; \u00bfCu\u00e1ndo? Nuestro horario habitual de oficina es de lunes a jueves (8 &#8211; [&hellip;]<\/p>\n","protected":false},"author":373,"featured_media":0,"parent":12,"menu_order":1,"comment_status":"closed","ping_status":"closed","template":"","meta":{"_acf_changed":false,"footnotes":""},"class_list":["post-5179","page","type-page","status-publish","hentry"],"acf":[],"aioseo_notices":[],"aioseo_head":"\n\t\t<!-- All in One SEO Pro 4.9.6.2 - aioseo.com -->\n\t<meta name=\"description\" content=\"En nuestra, empresa t\u00fa eres el conductor: el cliente, el miembro de una asociaci\u00f3n, la Administraci\u00f3n P\u00fablica, el usuario final,... \u00a1Queremos saber de ti! \u00bfD\u00f3nde? Nuestra sede est\u00e1 en Madrid (Espa\u00f1a) y tambi\u00e9n tenemos oficinas en Bruselas (B\u00e9lgica). \u00bfCu\u00e1ndo? Nuestro horario habitual de oficina es de lunes a jueves (8 -\" \/>\n\t<meta name=\"robots\" content=\"max-image-preview:large\" \/>\n\t<link rel=\"canonical\" href=\"https:\/\/www.rabuso.com\/es\/contacto\/como-podemos-ayudarte\/\" \/>\n\t<meta name=\"generator\" content=\"All in One SEO Pro (AIOSEO) 4.9.6.2\" \/>\n\t\t<meta property=\"og:locale\" content=\"es_ES\" \/>\n\t\t<meta property=\"og:site_name\" content=\"RABUSO - Soluciones para asociaciones\" \/>\n\t\t<meta property=\"og:type\" content=\"article\" \/>\n\t\t<meta property=\"og:title\" content=\"\u00bfC\u00f3mo podemos ayudarte? - RABUSO\" \/>\n\t\t<meta property=\"og:description\" content=\"En nuestra, empresa t\u00fa eres el conductor: el cliente, el miembro de una asociaci\u00f3n, la Administraci\u00f3n P\u00fablica, el usuario final,... \u00a1Queremos saber de ti! \u00bfD\u00f3nde? Nuestra sede est\u00e1 en Madrid (Espa\u00f1a) y tambi\u00e9n tenemos oficinas en Bruselas (B\u00e9lgica). \u00bfCu\u00e1ndo? Nuestro horario habitual de oficina es de lunes a jueves (8 -\" \/>\n\t\t<meta property=\"og:url\" content=\"https:\/\/www.rabuso.com\/es\/contacto\/como-podemos-ayudarte\/\" \/>\n\t\t<meta property=\"og:image\" content=\"https:\/\/www.rabuso.com\/es\/cms\/files\/RABUSO_logo_h_rgb.jpg\" \/>\n\t\t<meta property=\"og:image:secure_url\" content=\"https:\/\/www.rabuso.com\/es\/cms\/files\/RABUSO_logo_h_rgb.jpg\" \/>\n\t\t<meta property=\"og:image:width\" content=\"945\" \/>\n\t\t<meta property=\"og:image:height\" content=\"354\" \/>\n\t\t<meta property=\"article:published_time\" content=\"2021-02-11T09:19:14+00:00\" \/>\n\t\t<meta property=\"article:modified_time\" content=\"2025-08-18T12:35:24+00:00\" \/>\n\t\t<meta name=\"twitter:card\" content=\"summary_large_image\" \/>\n\t\t<meta name=\"twitter:title\" content=\"\u00bfC\u00f3mo podemos ayudarte? - RABUSO\" \/>\n\t\t<meta name=\"twitter:description\" content=\"En nuestra, empresa t\u00fa eres el conductor: el cliente, el miembro de una asociaci\u00f3n, la Administraci\u00f3n P\u00fablica, el usuario final,... \u00a1Queremos saber de ti! \u00bfD\u00f3nde? Nuestra sede est\u00e1 en Madrid (Espa\u00f1a) y tambi\u00e9n tenemos oficinas en Bruselas (B\u00e9lgica). \u00bfCu\u00e1ndo? Nuestro horario habitual de oficina es de lunes a jueves (8 -\" \/>\n\t\t<meta name=\"twitter:image\" content=\"https:\/\/www.rabuso.com\/es\/cms\/files\/RABUSO_logo_h_rgb.jpg\" \/>\n\t\t<script type=\"application\/ld+json\" class=\"aioseo-schema\">\n\t\t\t{\"@context\":\"https:\\\/\\\/schema.org\",\"@graph\":[{\"@type\":\"BreadcrumbList\",\"@id\":\"https:\\\/\\\/www.rabuso.com\\\/es\\\/contacto\\\/como-podemos-ayudarte\\\/#breadcrumblist\",\"itemListElement\":[{\"@type\":\"ListItem\",\"@id\":\"https:\\\/\\\/www.rabuso.com\\\/es#listItem\",\"position\":1,\"name\":\"Home\",\"item\":\"https:\\\/\\\/www.rabuso.com\\\/es\",\"nextItem\":{\"@type\":\"ListItem\",\"@id\":\"https:\\\/\\\/www.rabuso.com\\\/es\\\/contacto\\\/#listItem\",\"name\":\"Contacto\"}},{\"@type\":\"ListItem\",\"@id\":\"https:\\\/\\\/www.rabuso.com\\\/es\\\/contacto\\\/#listItem\",\"position\":2,\"name\":\"Contacto\",\"item\":\"https:\\\/\\\/www.rabuso.com\\\/es\\\/contacto\\\/\",\"nextItem\":{\"@type\":\"ListItem\",\"@id\":\"https:\\\/\\\/www.rabuso.com\\\/es\\\/contacto\\\/como-podemos-ayudarte\\\/#listItem\",\"name\":\"\\u00bfC\\u00f3mo podemos ayudarte?\"},\"previousItem\":{\"@type\":\"ListItem\",\"@id\":\"https:\\\/\\\/www.rabuso.com\\\/es#listItem\",\"name\":\"Home\"}},{\"@type\":\"ListItem\",\"@id\":\"https:\\\/\\\/www.rabuso.com\\\/es\\\/contacto\\\/como-podemos-ayudarte\\\/#listItem\",\"position\":3,\"name\":\"\\u00bfC\\u00f3mo podemos ayudarte?\",\"previousItem\":{\"@type\":\"ListItem\",\"@id\":\"https:\\\/\\\/www.rabuso.com\\\/es\\\/contacto\\\/#listItem\",\"name\":\"Contacto\"}}]},{\"@type\":\"Organization\",\"@id\":\"https:\\\/\\\/www.rabuso.com\\\/es\\\/#organization\",\"name\":\"RABUSO\",\"description\":\"Soluciones para asociaciones\",\"url\":\"https:\\\/\\\/www.rabuso.com\\\/es\\\/\",\"telephone\":\"+34912772037\",\"logo\":{\"@type\":\"ImageObject\",\"url\":\"https:\\\/\\\/www.rabuso.com\\\/es\\\/cms\\\/files\\\/RABUSO_logo_h_rgb.jpg\",\"@id\":\"https:\\\/\\\/www.rabuso.com\\\/es\\\/contacto\\\/como-podemos-ayudarte\\\/#organizationLogo\",\"width\":945,\"height\":354},\"image\":{\"@id\":\"https:\\\/\\\/www.rabuso.com\\\/es\\\/contacto\\\/como-podemos-ayudarte\\\/#organizationLogo\"},\"sameAs\":[\"https:\\\/\\\/www.youtube.com\\\/@RABUSOamc\",\"https:\\\/\\\/www.linkedin.com\\\/company\\\/RABUSOamc\"]},{\"@type\":\"WebPage\",\"@id\":\"https:\\\/\\\/www.rabuso.com\\\/es\\\/contacto\\\/como-podemos-ayudarte\\\/#webpage\",\"url\":\"https:\\\/\\\/www.rabuso.com\\\/es\\\/contacto\\\/como-podemos-ayudarte\\\/\",\"name\":\"\\u00bfC\\u00f3mo podemos ayudarte? - RABUSO\",\"description\":\"En nuestra, empresa t\\u00fa eres el conductor: el cliente, el miembro de una asociaci\\u00f3n, la Administraci\\u00f3n P\\u00fablica, el usuario final,... \\u00a1Queremos saber de ti! \\u00bfD\\u00f3nde? Nuestra sede est\\u00e1 en Madrid (Espa\\u00f1a) y tambi\\u00e9n tenemos oficinas en Bruselas (B\\u00e9lgica). \\u00bfCu\\u00e1ndo? Nuestro horario habitual de oficina es de lunes a jueves (8 -\",\"inLanguage\":\"es-ES\",\"isPartOf\":{\"@id\":\"https:\\\/\\\/www.rabuso.com\\\/es\\\/#website\"},\"breadcrumb\":{\"@id\":\"https:\\\/\\\/www.rabuso.com\\\/es\\\/contacto\\\/como-podemos-ayudarte\\\/#breadcrumblist\"},\"datePublished\":\"2021-02-11T10:19:14+01:00\",\"dateModified\":\"2025-08-18T14:35:24+02:00\"},{\"@type\":\"WebSite\",\"@id\":\"https:\\\/\\\/www.rabuso.com\\\/es\\\/#website\",\"url\":\"https:\\\/\\\/www.rabuso.com\\\/es\\\/\",\"name\":\"RABUSO\",\"description\":\"Soluciones para asociaciones\",\"inLanguage\":\"es-ES\",\"publisher\":{\"@id\":\"https:\\\/\\\/www.rabuso.com\\\/es\\\/#organization\"}}]}\n\t\t<\/script>\n\t\t<!-- All in One SEO Pro -->\r\n\t\t<title>\u00bfC\u00f3mo podemos ayudarte? - RABUSO<\/title>\n\n","aioseo_head_json":{"title":"\u00bfC\u00f3mo podemos ayudarte? - RABUSO","description":"En nuestra, empresa t\u00fa eres el conductor: el cliente, el miembro de una asociaci\u00f3n, la Administraci\u00f3n P\u00fablica, el usuario final,... \u00a1Queremos saber de ti! \u00bfD\u00f3nde? Nuestra sede est\u00e1 en Madrid (Espa\u00f1a) y tambi\u00e9n tenemos oficinas en Bruselas (B\u00e9lgica). \u00bfCu\u00e1ndo? Nuestro horario habitual de oficina es de lunes a jueves (8 -","canonical_url":"https:\/\/www.rabuso.com\/es\/contacto\/como-podemos-ayudarte\/","robots":"max-image-preview:large","keywords":"","webmasterTools":{"miscellaneous":""},"schema":{"@context":"https:\/\/schema.org","@graph":[{"@type":"BreadcrumbList","@id":"https:\/\/www.rabuso.com\/es\/contacto\/como-podemos-ayudarte\/#breadcrumblist","itemListElement":[{"@type":"ListItem","@id":"https:\/\/www.rabuso.com\/es#listItem","position":1,"name":"Home","item":"https:\/\/www.rabuso.com\/es","nextItem":{"@type":"ListItem","@id":"https:\/\/www.rabuso.com\/es\/contacto\/#listItem","name":"Contacto"}},{"@type":"ListItem","@id":"https:\/\/www.rabuso.com\/es\/contacto\/#listItem","position":2,"name":"Contacto","item":"https:\/\/www.rabuso.com\/es\/contacto\/","nextItem":{"@type":"ListItem","@id":"https:\/\/www.rabuso.com\/es\/contacto\/como-podemos-ayudarte\/#listItem","name":"\u00bfC\u00f3mo podemos ayudarte?"},"previousItem":{"@type":"ListItem","@id":"https:\/\/www.rabuso.com\/es#listItem","name":"Home"}},{"@type":"ListItem","@id":"https:\/\/www.rabuso.com\/es\/contacto\/como-podemos-ayudarte\/#listItem","position":3,"name":"\u00bfC\u00f3mo podemos ayudarte?","previousItem":{"@type":"ListItem","@id":"https:\/\/www.rabuso.com\/es\/contacto\/#listItem","name":"Contacto"}}]},{"@type":"Organization","@id":"https:\/\/www.rabuso.com\/es\/#organization","name":"RABUSO","description":"Soluciones para asociaciones","url":"https:\/\/www.rabuso.com\/es\/","telephone":"+34912772037","logo":{"@type":"ImageObject","url":"https:\/\/www.rabuso.com\/es\/cms\/files\/RABUSO_logo_h_rgb.jpg","@id":"https:\/\/www.rabuso.com\/es\/contacto\/como-podemos-ayudarte\/#organizationLogo","width":945,"height":354},"image":{"@id":"https:\/\/www.rabuso.com\/es\/contacto\/como-podemos-ayudarte\/#organizationLogo"},"sameAs":["https:\/\/www.youtube.com\/@RABUSOamc","https:\/\/www.linkedin.com\/company\/RABUSOamc"]},{"@type":"WebPage","@id":"https:\/\/www.rabuso.com\/es\/contacto\/como-podemos-ayudarte\/#webpage","url":"https:\/\/www.rabuso.com\/es\/contacto\/como-podemos-ayudarte\/","name":"\u00bfC\u00f3mo podemos ayudarte? - RABUSO","description":"En nuestra, empresa t\u00fa eres el conductor: el cliente, el miembro de una asociaci\u00f3n, la Administraci\u00f3n P\u00fablica, el usuario final,... \u00a1Queremos saber de ti! \u00bfD\u00f3nde? Nuestra sede est\u00e1 en Madrid (Espa\u00f1a) y tambi\u00e9n tenemos oficinas en Bruselas (B\u00e9lgica). \u00bfCu\u00e1ndo? Nuestro horario habitual de oficina es de lunes a jueves (8 -","inLanguage":"es-ES","isPartOf":{"@id":"https:\/\/www.rabuso.com\/es\/#website"},"breadcrumb":{"@id":"https:\/\/www.rabuso.com\/es\/contacto\/como-podemos-ayudarte\/#breadcrumblist"},"datePublished":"2021-02-11T10:19:14+01:00","dateModified":"2025-08-18T14:35:24+02:00"},{"@type":"WebSite","@id":"https:\/\/www.rabuso.com\/es\/#website","url":"https:\/\/www.rabuso.com\/es\/","name":"RABUSO","description":"Soluciones para asociaciones","inLanguage":"es-ES","publisher":{"@id":"https:\/\/www.rabuso.com\/es\/#organization"}}]},"og:locale":"es_ES","og:site_name":"RABUSO - Soluciones para asociaciones","og:type":"article","og:title":"\u00bfC\u00f3mo podemos ayudarte? - RABUSO","og:description":"En nuestra, empresa t\u00fa eres el conductor: el cliente, el miembro de una asociaci\u00f3n, la Administraci\u00f3n P\u00fablica, el usuario final,... \u00a1Queremos saber de ti! \u00bfD\u00f3nde? Nuestra sede est\u00e1 en Madrid (Espa\u00f1a) y tambi\u00e9n tenemos oficinas en Bruselas (B\u00e9lgica). \u00bfCu\u00e1ndo? Nuestro horario habitual de oficina es de lunes a jueves (8 -","og:url":"https:\/\/www.rabuso.com\/es\/contacto\/como-podemos-ayudarte\/","og:image":"https:\/\/www.rabuso.com\/es\/cms\/files\/RABUSO_logo_h_rgb.jpg","og:image:secure_url":"https:\/\/www.rabuso.com\/es\/cms\/files\/RABUSO_logo_h_rgb.jpg","og:image:width":945,"og:image:height":354,"article:published_time":"2021-02-11T09:19:14+00:00","article:modified_time":"2025-08-18T12:35:24+00:00","twitter:card":"summary_large_image","twitter:title":"\u00bfC\u00f3mo podemos ayudarte? - RABUSO","twitter:description":"En nuestra, empresa t\u00fa eres el conductor: el cliente, el miembro de una asociaci\u00f3n, la Administraci\u00f3n P\u00fablica, el usuario final,... \u00a1Queremos saber de ti! \u00bfD\u00f3nde? Nuestra sede est\u00e1 en Madrid (Espa\u00f1a) y tambi\u00e9n tenemos oficinas en Bruselas (B\u00e9lgica). \u00bfCu\u00e1ndo? Nuestro horario habitual de oficina es de lunes a jueves (8 -","twitter:image":"https:\/\/www.rabuso.com\/es\/cms\/files\/RABUSO_logo_h_rgb.jpg"},"aioseo_meta_data":{"post_id":"5179","title":null,"description":null,"keywords":null,"keyphrases":{"focus":{"keyphrase":"","score":0,"analysis":{"keyphraseInTitle":{"score":0,"maxScore":9,"error":1}}},"additional":[]},"primary_term":null,"canonical_url":null,"og_title":null,"og_description":null,"og_object_type":"default","og_image_type":"default","og_image_url":null,"og_image_width":null,"og_image_height":null,"og_image_custom_url":null,"og_image_custom_fields":null,"og_video":"","og_custom_url":null,"og_article_section":null,"og_article_tags":null,"twitter_use_og":false,"twitter_card":"default","twitter_image_type":"default","twitter_image_url":null,"twitter_image_custom_url":null,"twitter_image_custom_fields":null,"twitter_title":null,"twitter_description":null,"schema":{"blockGraphs":[],"customGraphs":[],"default":{"data":{"Article":[],"Course":[],"Dataset":[],"FAQPage":[],"Movie":[],"Person":[],"Product":[],"ProductReview":[],"Car":[],"Recipe":[],"Service":[],"SoftwareApplication":[],"WebPage":[]},"graphName":"WebPage","isEnabled":true},"graphs":[]},"schema_type":"default","schema_type_options":null,"pillar_content":false,"robots_default":true,"robots_noindex":false,"robots_noarchive":false,"robots_nosnippet":false,"robots_nofollow":false,"robots_noimageindex":false,"robots_noodp":false,"robots_notranslate":false,"robots_max_snippet":"-1","robots_max_videopreview":"-1","robots_max_imagepreview":"large","priority":null,"frequency":"default","local_seo":null,"seo_analyzer_scan_date":"2025-08-18 12:43:36","breadcrumb_settings":null,"limit_modified_date":false,"open_ai":null,"ai":{"faqs":[],"keyPoints":[],"titles":[],"descriptions":[],"socialPosts":{"email":[],"linkedin":[],"twitter":[],"facebook":[],"instagram":[]}},"created":"2024-05-02 15:11:54","updated":"2025-08-18 12:43:36"},"aioseo_breadcrumb":"<div class=\"aioseo-breadcrumbs\"><span class=\"aioseo-breadcrumb\">\n\t<a href=\"https:\/\/www.rabuso.com\/es\" title=\"Home\">Home<\/a>\n<\/span><span class=\"aioseo-breadcrumb-separator\">&raquo;<\/span><span class=\"aioseo-breadcrumb\">\n\t<a href=\"https:\/\/www.rabuso.com\/es\/contacto\/\" title=\"Contacto\">Contacto<\/a>\n<\/span><span class=\"aioseo-breadcrumb-separator\">&raquo;<\/span><span class=\"aioseo-breadcrumb\">\n\t\u00bfC\u00f3mo podemos ayudarte?\n<\/span><\/div>","aioseo_breadcrumb_json":[{"label":"Home","link":"https:\/\/www.rabuso.com\/es"},{"label":"Contacto","link":"https:\/\/www.rabuso.com\/es\/contacto\/"},{"label":"\u00bfC\u00f3mo podemos ayudarte?","link":"https:\/\/www.rabuso.com\/es\/contacto\/como-podemos-ayudarte\/"}],"_links":{"self":[{"href":"https:\/\/www.rabuso.com\/es\/wp-json\/wp\/v2\/pages\/5179","targetHints":{"allow":["GET"]}}],"collection":[{"href":"https:\/\/www.rabuso.com\/es\/wp-json\/wp\/v2\/pages"}],"about":[{"href":"https:\/\/www.rabuso.com\/es\/wp-json\/wp\/v2\/types\/page"}],"author":[{"embeddable":true,"href":"https:\/\/www.rabuso.com\/es\/wp-json\/wp\/v2\/users\/373"}],"replies":[{"embeddable":true,"href":"https:\/\/www.rabuso.com\/es\/wp-json\/wp\/v2\/comments?post=5179"}],"version-history":[{"count":0,"href":"https:\/\/www.rabuso.com\/es\/wp-json\/wp\/v2\/pages\/5179\/revisions"}],"up":[{"embeddable":true,"href":"https:\/\/www.rabuso.com\/es\/wp-json\/wp\/v2\/pages\/12"}],"wp:attachment":[{"href":"https:\/\/www.rabuso.com\/es\/wp-json\/wp\/v2\/media?parent=5179"}],"curies":[{"name":"wp","href":"https:\/\/api.w.org\/{rel}","templated":true}]}}