{"id":5165,"date":"2021-02-11T10:13:26","date_gmt":"2021-02-11T09:13:26","guid":{"rendered":"https:\/\/www.rabuso.com\/es\/?page_id=5165"},"modified":"2021-03-05T13:49:26","modified_gmt":"2021-03-05T12:49:26","slug":"representacion","status":"publish","type":"page","link":"https:\/\/www.rabuso.com\/es\/servicios\/soluciones\/representacion\/","title":{"rendered":"Representaci\u00f3n"},"content":{"rendered":"<p><img decoding=\"async\" class=\"aligncenter size-full wp-image-5225\" src=\"https:\/\/www.rabuso.com\/es\/cms\/files\/RABUSO_Iustracion_Managment_690x390.jpg\" alt=\"\" width=\"690\" height=\"390\" srcset=\"https:\/\/www.rabuso.com\/es\/cms\/files\/RABUSO_Iustracion_Managment_690x390.jpg 690w, https:\/\/www.rabuso.com\/es\/cms\/files\/RABUSO_Iustracion_Managment_690x390-230x130.jpg 230w\" sizes=\"(max-width: 690px) 100vw, 690px\" \/><\/p>\n<p>En el caso de algunas asociaciones que no tienen una Secretar\u00eda permanente, ofrecemos soluciones de representaci\u00f3n. Este servicio consiste en la representaci\u00f3n integral de asociaciones empresariales dise\u00f1adas a medida.<\/p>\n<p>Para ello, contamos con un equipo de especialistas en diferentes \u00e1reas de trabajo que se encargan de dise\u00f1ar un plan a medida que incluye<\/p>\n<ul>\n<li>Software de gesti\u00f3n Rabuso.<\/li>\n<li>Implantaci\u00f3n de la sede social con servicio de oficina remota.<\/li>\n<li>Tiempo y dinero para los servicios a la asociaci\u00f3n.<\/li>\n<li>Nombramiento de personal espec\u00edfico para el servicio.<\/li>\n<\/ul>\n<p>Adem\u00e1s, se organiza un proyecto anual, previamente consensuado con la Junta Directiva, que establece las tareas a realizar por la Secretar\u00eda.<\/p>\n<p>Otro de los servicios que ofrece esta soluci\u00f3n es la creaci\u00f3n de los libros oficiales de la asociaci\u00f3n y la gesti\u00f3n de su documentaci\u00f3n.<\/p>\n","protected":false},"excerpt":{"rendered":"<p>En el caso de algunas asociaciones que no tienen una Secretar\u00eda permanente, ofrecemos soluciones de representaci\u00f3n. Este servicio consiste en la representaci\u00f3n integral de asociaciones empresariales dise\u00f1adas a medida. Para ello, contamos con un equipo de especialistas en diferentes \u00e1reas de trabajo que se encargan de dise\u00f1ar un plan a medida que incluye Software de [&hellip;]<\/p>\n","protected":false},"author":373,"featured_media":0,"parent":10,"menu_order":1,"comment_status":"closed","ping_status":"closed","template":"","meta":{"_acf_changed":false,"footnotes":""},"class_list":["post-5165","page","type-page","status-publish","hentry"],"acf":[],"aioseo_notices":[],"aioseo_head":"\n\t\t<!-- All in One SEO Pro 4.9.6.1 - aioseo.com -->\n\t<meta name=\"description\" content=\"En el caso de algunas asociaciones que no tienen una Secretar\u00eda permanente, ofrecemos soluciones de representaci\u00f3n. Este servicio consiste en la representaci\u00f3n integral de asociaciones empresariales dise\u00f1adas a medida. Para ello, contamos con un equipo de especialistas en diferentes \u00e1reas de trabajo que se encargan de dise\u00f1ar un plan a medida que incluye Software de\" \/>\n\t<meta name=\"robots\" content=\"max-image-preview:large\" \/>\n\t<link rel=\"canonical\" href=\"https:\/\/www.rabuso.com\/es\/servicios\/soluciones\/representacion\/\" \/>\n\t<meta name=\"generator\" content=\"All in One SEO Pro (AIOSEO) 4.9.6.1\" \/>\n\t\t<meta property=\"og:locale\" content=\"es_ES\" \/>\n\t\t<meta property=\"og:site_name\" content=\"RABUSO - Soluciones para asociaciones\" \/>\n\t\t<meta property=\"og:type\" content=\"article\" \/>\n\t\t<meta property=\"og:title\" content=\"Representaci\u00f3n - RABUSO\" \/>\n\t\t<meta property=\"og:description\" content=\"En el caso de algunas asociaciones que no tienen una Secretar\u00eda permanente, ofrecemos soluciones de representaci\u00f3n. Este servicio consiste en la representaci\u00f3n integral de asociaciones empresariales dise\u00f1adas a medida. Para ello, contamos con un equipo de especialistas en diferentes \u00e1reas de trabajo que se encargan de dise\u00f1ar un plan a medida que incluye Software de\" \/>\n\t\t<meta property=\"og:url\" content=\"https:\/\/www.rabuso.com\/es\/servicios\/soluciones\/representacion\/\" \/>\n\t\t<meta property=\"og:image\" content=\"https:\/\/www.rabuso.com\/es\/cms\/files\/RABUSO_logo_h_rgb.jpg\" \/>\n\t\t<meta property=\"og:image:secure_url\" content=\"https:\/\/www.rabuso.com\/es\/cms\/files\/RABUSO_logo_h_rgb.jpg\" \/>\n\t\t<meta property=\"og:image:width\" content=\"945\" \/>\n\t\t<meta property=\"og:image:height\" content=\"354\" \/>\n\t\t<meta property=\"article:published_time\" content=\"2021-02-11T09:13:26+00:00\" \/>\n\t\t<meta property=\"article:modified_time\" content=\"2021-03-05T12:49:26+00:00\" \/>\n\t\t<meta name=\"twitter:card\" content=\"summary_large_image\" \/>\n\t\t<meta name=\"twitter:title\" content=\"Representaci\u00f3n - RABUSO\" \/>\n\t\t<meta name=\"twitter:description\" content=\"En el caso de algunas asociaciones que no tienen una Secretar\u00eda permanente, ofrecemos soluciones de representaci\u00f3n. Este servicio consiste en la representaci\u00f3n integral de asociaciones empresariales dise\u00f1adas a medida. Para ello, contamos con un equipo de especialistas en diferentes \u00e1reas de trabajo que se encargan de dise\u00f1ar un plan a medida que incluye Software de\" \/>\n\t\t<meta name=\"twitter:image\" content=\"https:\/\/www.rabuso.com\/es\/cms\/files\/RABUSO_logo_h_rgb.jpg\" \/>\n\t\t<script type=\"application\/ld+json\" class=\"aioseo-schema\">\n\t\t\t{\"@context\":\"https:\\\/\\\/schema.org\",\"@graph\":[{\"@type\":\"BreadcrumbList\",\"@id\":\"https:\\\/\\\/www.rabuso.com\\\/es\\\/servicios\\\/soluciones\\\/representacion\\\/#breadcrumblist\",\"itemListElement\":[{\"@type\":\"ListItem\",\"@id\":\"https:\\\/\\\/www.rabuso.com\\\/es#listItem\",\"position\":1,\"name\":\"Home\",\"item\":\"https:\\\/\\\/www.rabuso.com\\\/es\",\"nextItem\":{\"@type\":\"ListItem\",\"@id\":\"https:\\\/\\\/www.rabuso.com\\\/es\\\/servicios\\\/#listItem\",\"name\":\"Servicios\"}},{\"@type\":\"ListItem\",\"@id\":\"https:\\\/\\\/www.rabuso.com\\\/es\\\/servicios\\\/#listItem\",\"position\":2,\"name\":\"Servicios\",\"item\":\"https:\\\/\\\/www.rabuso.com\\\/es\\\/servicios\\\/\",\"nextItem\":{\"@type\":\"ListItem\",\"@id\":\"https:\\\/\\\/www.rabuso.com\\\/es\\\/servicios\\\/soluciones\\\/#listItem\",\"name\":\"Soluciones\"},\"previousItem\":{\"@type\":\"ListItem\",\"@id\":\"https:\\\/\\\/www.rabuso.com\\\/es#listItem\",\"name\":\"Home\"}},{\"@type\":\"ListItem\",\"@id\":\"https:\\\/\\\/www.rabuso.com\\\/es\\\/servicios\\\/soluciones\\\/#listItem\",\"position\":3,\"name\":\"Soluciones\",\"item\":\"https:\\\/\\\/www.rabuso.com\\\/es\\\/servicios\\\/soluciones\\\/\",\"nextItem\":{\"@type\":\"ListItem\",\"@id\":\"https:\\\/\\\/www.rabuso.com\\\/es\\\/servicios\\\/soluciones\\\/representacion\\\/#listItem\",\"name\":\"Representaci\\u00f3n\"},\"previousItem\":{\"@type\":\"ListItem\",\"@id\":\"https:\\\/\\\/www.rabuso.com\\\/es\\\/servicios\\\/#listItem\",\"name\":\"Servicios\"}},{\"@type\":\"ListItem\",\"@id\":\"https:\\\/\\\/www.rabuso.com\\\/es\\\/servicios\\\/soluciones\\\/representacion\\\/#listItem\",\"position\":4,\"name\":\"Representaci\\u00f3n\",\"previousItem\":{\"@type\":\"ListItem\",\"@id\":\"https:\\\/\\\/www.rabuso.com\\\/es\\\/servicios\\\/soluciones\\\/#listItem\",\"name\":\"Soluciones\"}}]},{\"@type\":\"Organization\",\"@id\":\"https:\\\/\\\/www.rabuso.com\\\/es\\\/#organization\",\"name\":\"RABUSO\",\"description\":\"Soluciones para asociaciones\",\"url\":\"https:\\\/\\\/www.rabuso.com\\\/es\\\/\",\"telephone\":\"+34912772037\",\"logo\":{\"@type\":\"ImageObject\",\"url\":\"https:\\\/\\\/www.rabuso.com\\\/es\\\/cms\\\/files\\\/RABUSO_logo_h_rgb.jpg\",\"@id\":\"https:\\\/\\\/www.rabuso.com\\\/es\\\/servicios\\\/soluciones\\\/representacion\\\/#organizationLogo\",\"width\":945,\"height\":354},\"image\":{\"@id\":\"https:\\\/\\\/www.rabuso.com\\\/es\\\/servicios\\\/soluciones\\\/representacion\\\/#organizationLogo\"},\"sameAs\":[\"https:\\\/\\\/www.youtube.com\\\/@RABUSOamc\",\"https:\\\/\\\/www.linkedin.com\\\/company\\\/RABUSOamc\"]},{\"@type\":\"WebPage\",\"@id\":\"https:\\\/\\\/www.rabuso.com\\\/es\\\/servicios\\\/soluciones\\\/representacion\\\/#webpage\",\"url\":\"https:\\\/\\\/www.rabuso.com\\\/es\\\/servicios\\\/soluciones\\\/representacion\\\/\",\"name\":\"Representaci\\u00f3n - RABUSO\",\"description\":\"En el caso de algunas asociaciones que no tienen una Secretar\\u00eda permanente, ofrecemos soluciones de representaci\\u00f3n. Este servicio consiste en la representaci\\u00f3n integral de asociaciones empresariales dise\\u00f1adas a medida. Para ello, contamos con un equipo de especialistas en diferentes \\u00e1reas de trabajo que se encargan de dise\\u00f1ar un plan a medida que incluye Software de\",\"inLanguage\":\"es-ES\",\"isPartOf\":{\"@id\":\"https:\\\/\\\/www.rabuso.com\\\/es\\\/#website\"},\"breadcrumb\":{\"@id\":\"https:\\\/\\\/www.rabuso.com\\\/es\\\/servicios\\\/soluciones\\\/representacion\\\/#breadcrumblist\"},\"datePublished\":\"2021-02-11T10:13:26+01:00\",\"dateModified\":\"2021-03-05T13:49:26+01:00\"},{\"@type\":\"WebSite\",\"@id\":\"https:\\\/\\\/www.rabuso.com\\\/es\\\/#website\",\"url\":\"https:\\\/\\\/www.rabuso.com\\\/es\\\/\",\"name\":\"RABUSO\",\"description\":\"Soluciones para asociaciones\",\"inLanguage\":\"es-ES\",\"publisher\":{\"@id\":\"https:\\\/\\\/www.rabuso.com\\\/es\\\/#organization\"}}]}\n\t\t<\/script>\n\t\t<!-- All in One SEO Pro -->\r\n\t\t<title>Representaci\u00f3n - RABUSO<\/title>\n\n","aioseo_head_json":{"title":"Representaci\u00f3n - RABUSO","description":"En el caso de algunas asociaciones que no tienen una Secretar\u00eda permanente, ofrecemos soluciones de representaci\u00f3n. Este servicio consiste en la representaci\u00f3n integral de asociaciones empresariales dise\u00f1adas a medida. Para ello, contamos con un equipo de especialistas en diferentes \u00e1reas de trabajo que se encargan de dise\u00f1ar un plan a medida que incluye Software de","canonical_url":"https:\/\/www.rabuso.com\/es\/servicios\/soluciones\/representacion\/","robots":"max-image-preview:large","keywords":"","webmasterTools":{"miscellaneous":""},"schema":{"@context":"https:\/\/schema.org","@graph":[{"@type":"BreadcrumbList","@id":"https:\/\/www.rabuso.com\/es\/servicios\/soluciones\/representacion\/#breadcrumblist","itemListElement":[{"@type":"ListItem","@id":"https:\/\/www.rabuso.com\/es#listItem","position":1,"name":"Home","item":"https:\/\/www.rabuso.com\/es","nextItem":{"@type":"ListItem","@id":"https:\/\/www.rabuso.com\/es\/servicios\/#listItem","name":"Servicios"}},{"@type":"ListItem","@id":"https:\/\/www.rabuso.com\/es\/servicios\/#listItem","position":2,"name":"Servicios","item":"https:\/\/www.rabuso.com\/es\/servicios\/","nextItem":{"@type":"ListItem","@id":"https:\/\/www.rabuso.com\/es\/servicios\/soluciones\/#listItem","name":"Soluciones"},"previousItem":{"@type":"ListItem","@id":"https:\/\/www.rabuso.com\/es#listItem","name":"Home"}},{"@type":"ListItem","@id":"https:\/\/www.rabuso.com\/es\/servicios\/soluciones\/#listItem","position":3,"name":"Soluciones","item":"https:\/\/www.rabuso.com\/es\/servicios\/soluciones\/","nextItem":{"@type":"ListItem","@id":"https:\/\/www.rabuso.com\/es\/servicios\/soluciones\/representacion\/#listItem","name":"Representaci\u00f3n"},"previousItem":{"@type":"ListItem","@id":"https:\/\/www.rabuso.com\/es\/servicios\/#listItem","name":"Servicios"}},{"@type":"ListItem","@id":"https:\/\/www.rabuso.com\/es\/servicios\/soluciones\/representacion\/#listItem","position":4,"name":"Representaci\u00f3n","previousItem":{"@type":"ListItem","@id":"https:\/\/www.rabuso.com\/es\/servicios\/soluciones\/#listItem","name":"Soluciones"}}]},{"@type":"Organization","@id":"https:\/\/www.rabuso.com\/es\/#organization","name":"RABUSO","description":"Soluciones para asociaciones","url":"https:\/\/www.rabuso.com\/es\/","telephone":"+34912772037","logo":{"@type":"ImageObject","url":"https:\/\/www.rabuso.com\/es\/cms\/files\/RABUSO_logo_h_rgb.jpg","@id":"https:\/\/www.rabuso.com\/es\/servicios\/soluciones\/representacion\/#organizationLogo","width":945,"height":354},"image":{"@id":"https:\/\/www.rabuso.com\/es\/servicios\/soluciones\/representacion\/#organizationLogo"},"sameAs":["https:\/\/www.youtube.com\/@RABUSOamc","https:\/\/www.linkedin.com\/company\/RABUSOamc"]},{"@type":"WebPage","@id":"https:\/\/www.rabuso.com\/es\/servicios\/soluciones\/representacion\/#webpage","url":"https:\/\/www.rabuso.com\/es\/servicios\/soluciones\/representacion\/","name":"Representaci\u00f3n - RABUSO","description":"En el caso de algunas asociaciones que no tienen una Secretar\u00eda permanente, ofrecemos soluciones de representaci\u00f3n. Este servicio consiste en la representaci\u00f3n integral de asociaciones empresariales dise\u00f1adas a medida. Para ello, contamos con un equipo de especialistas en diferentes \u00e1reas de trabajo que se encargan de dise\u00f1ar un plan a medida que incluye Software de","inLanguage":"es-ES","isPartOf":{"@id":"https:\/\/www.rabuso.com\/es\/#website"},"breadcrumb":{"@id":"https:\/\/www.rabuso.com\/es\/servicios\/soluciones\/representacion\/#breadcrumblist"},"datePublished":"2021-02-11T10:13:26+01:00","dateModified":"2021-03-05T13:49:26+01:00"},{"@type":"WebSite","@id":"https:\/\/www.rabuso.com\/es\/#website","url":"https:\/\/www.rabuso.com\/es\/","name":"RABUSO","description":"Soluciones para asociaciones","inLanguage":"es-ES","publisher":{"@id":"https:\/\/www.rabuso.com\/es\/#organization"}}]},"og:locale":"es_ES","og:site_name":"RABUSO - Soluciones para asociaciones","og:type":"article","og:title":"Representaci\u00f3n - RABUSO","og:description":"En el caso de algunas asociaciones que no tienen una Secretar\u00eda permanente, ofrecemos soluciones de representaci\u00f3n. Este servicio consiste en la representaci\u00f3n integral de asociaciones empresariales dise\u00f1adas a medida. Para ello, contamos con un equipo de especialistas en diferentes \u00e1reas de trabajo que se encargan de dise\u00f1ar un plan a medida que incluye Software de","og:url":"https:\/\/www.rabuso.com\/es\/servicios\/soluciones\/representacion\/","og:image":"https:\/\/www.rabuso.com\/es\/cms\/files\/RABUSO_logo_h_rgb.jpg","og:image:secure_url":"https:\/\/www.rabuso.com\/es\/cms\/files\/RABUSO_logo_h_rgb.jpg","og:image:width":945,"og:image:height":354,"article:published_time":"2021-02-11T09:13:26+00:00","article:modified_time":"2021-03-05T12:49:26+00:00","twitter:card":"summary_large_image","twitter:title":"Representaci\u00f3n - RABUSO","twitter:description":"En el caso de algunas asociaciones que no tienen una Secretar\u00eda permanente, ofrecemos soluciones de representaci\u00f3n. Este servicio consiste en la representaci\u00f3n integral de asociaciones empresariales dise\u00f1adas a medida. Para ello, contamos con un equipo de especialistas en diferentes \u00e1reas de trabajo que se encargan de dise\u00f1ar un plan a medida que incluye Software de","twitter:image":"https:\/\/www.rabuso.com\/es\/cms\/files\/RABUSO_logo_h_rgb.jpg"},"aioseo_meta_data":{"post_id":"5165","title":null,"description":null,"keywords":null,"keyphrases":null,"primary_term":null,"canonical_url":null,"og_title":null,"og_description":null,"og_object_type":"default","og_image_type":"default","og_image_url":null,"og_image_width":null,"og_image_height":null,"og_image_custom_url":null,"og_image_custom_fields":null,"og_video":null,"og_custom_url":null,"og_article_section":null,"og_article_tags":null,"twitter_use_og":false,"twitter_card":"default","twitter_image_type":"default","twitter_image_url":null,"twitter_image_custom_url":null,"twitter_image_custom_fields":null,"twitter_title":null,"twitter_description":null,"schema":{"blockGraphs":[],"customGraphs":[],"default":{"data":{"Article":[],"Course":[],"Dataset":[],"FAQPage":[],"Movie":[],"Person":[],"Product":[],"ProductReview":[],"Car":[],"Recipe":[],"Service":[],"SoftwareApplication":[],"WebPage":[]},"graphName":"","isEnabled":true},"graphs":[]},"schema_type":"default","schema_type_options":null,"pillar_content":false,"robots_default":true,"robots_noindex":false,"robots_noarchive":false,"robots_nosnippet":false,"robots_nofollow":false,"robots_noimageindex":false,"robots_noodp":false,"robots_notranslate":false,"robots_max_snippet":null,"robots_max_videopreview":null,"robots_max_imagepreview":"large","priority":null,"frequency":null,"local_seo":null,"seo_analyzer_scan_date":"2025-08-15 06:52:26","breadcrumb_settings":null,"limit_modified_date":false,"open_ai":null,"ai":null,"created":"2024-05-02 15:11:54","updated":"2025-08-15 06:52:26"},"aioseo_breadcrumb":"<div class=\"aioseo-breadcrumbs\"><span class=\"aioseo-breadcrumb\">\n\t<a href=\"https:\/\/www.rabuso.com\/es\" title=\"Home\">Home<\/a>\n<\/span><span class=\"aioseo-breadcrumb-separator\">&raquo;<\/span><span class=\"aioseo-breadcrumb\">\n\t<a href=\"https:\/\/www.rabuso.com\/es\/servicios\/\" title=\"Servicios\">Servicios<\/a>\n<\/span><span class=\"aioseo-breadcrumb-separator\">&raquo;<\/span><span class=\"aioseo-breadcrumb\">\n\t<a href=\"https:\/\/www.rabuso.com\/es\/servicios\/soluciones\/\" title=\"Soluciones\">Soluciones<\/a>\n<\/span><span class=\"aioseo-breadcrumb-separator\">&raquo;<\/span><span class=\"aioseo-breadcrumb\">\n\tRepresentaci\u00f3n\n<\/span><\/div>","aioseo_breadcrumb_json":[{"label":"Home","link":"https:\/\/www.rabuso.com\/es"},{"label":"Servicios","link":"https:\/\/www.rabuso.com\/es\/servicios\/"},{"label":"Soluciones","link":"https:\/\/www.rabuso.com\/es\/servicios\/soluciones\/"},{"label":"Representaci\u00f3n","link":"https:\/\/www.rabuso.com\/es\/servicios\/soluciones\/representacion\/"}],"_links":{"self":[{"href":"https:\/\/www.rabuso.com\/es\/wp-json\/wp\/v2\/pages\/5165","targetHints":{"allow":["GET"]}}],"collection":[{"href":"https:\/\/www.rabuso.com\/es\/wp-json\/wp\/v2\/pages"}],"about":[{"href":"https:\/\/www.rabuso.com\/es\/wp-json\/wp\/v2\/types\/page"}],"author":[{"embeddable":true,"href":"https:\/\/www.rabuso.com\/es\/wp-json\/wp\/v2\/users\/373"}],"replies":[{"embeddable":true,"href":"https:\/\/www.rabuso.com\/es\/wp-json\/wp\/v2\/comments?post=5165"}],"version-history":[{"count":0,"href":"https:\/\/www.rabuso.com\/es\/wp-json\/wp\/v2\/pages\/5165\/revisions"}],"up":[{"embeddable":true,"href":"https:\/\/www.rabuso.com\/es\/wp-json\/wp\/v2\/pages\/10"}],"wp:attachment":[{"href":"https:\/\/www.rabuso.com\/es\/wp-json\/wp\/v2\/media?parent=5165"}],"curies":[{"name":"wp","href":"https:\/\/api.w.org\/{rel}","templated":true}]}}