{"id":5163,"date":"2021-02-11T10:13:07","date_gmt":"2021-02-11T09:13:07","guid":{"rendered":"https:\/\/www.rabuso.com\/es\/?page_id=5163"},"modified":"2026-01-11T19:28:45","modified_gmt":"2026-01-11T18:28:45","slug":"operativa","status":"publish","type":"page","link":"https:\/\/www.rabuso.com\/es\/servicios\/areas-de-trabajo\/operativa\/","title":{"rendered":"Operativa"},"content":{"rendered":"<p><img decoding=\"async\" class=\"aligncenter size-full wp-image-5495\" src=\"https:\/\/www.rabuso.com\/es\/cms\/files\/RABUSO_Icono_Operativa.png\" alt=\"\" width=\"690\" height=\"388\" srcset=\"https:\/\/www.rabuso.com\/es\/cms\/files\/RABUSO_Icono_Operativa.png 690w, https:\/\/www.rabuso.com\/es\/cms\/files\/RABUSO_Icono_Operativa-230x130.png 230w\" sizes=\"(max-width: 690px) 100vw, 690px\" \/><\/p>\n<p>Estos son los servicios que ofrecemos en esta \u00e1rea:<\/p>\n<h3><img decoding=\"async\" class=\"size-full wp-image-5478 alignleft\" src=\"https:\/\/www.rabuso.com\/es\/cms\/files\/RABUSO_Icono_Miembros.jpg\" alt=\"\" width=\"230\" height=\"130\" \/>Atenci\u00f3n a miembros<\/h3>\n<p>Atenci\u00f3n personalizada de miembros y del p\u00fablico objetivo de su asociaci\u00f3n, tanto por v\u00eda telef\u00f3nica, como presencialmente.<\/p>\n<p>Gesti\u00f3n inmediata y registro de solicitudes.<\/p>\n<p>&nbsp;<\/p>\n<p><img decoding=\"async\" class=\"size-full wp-image-5453 alignleft\" src=\"https:\/\/www.rabuso.com\/es\/cms\/files\/RABUSO_Icono_Acreditacion.jpg\" alt=\"\" width=\"230\" height=\"130\" \/><\/p>\n<h3>Acreditaci\u00f3n y certificaci\u00f3n<\/h3>\n<p>Elaboraci\u00f3n e implantaci\u00f3n de protocolos de acreditaci\u00f3n que aporten valor a la actividad de la asociaci\u00f3n. Gesti\u00f3n integral de certificaciones peri\u00f3dicas, y coordinaci\u00f3n de referenciales con organismos externos.<\/p>\n<p>&nbsp;<\/p>\n<p>&nbsp;<\/p>\n<p><img decoding=\"async\" class=\"size-full wp-image-5454 alignleft\" src=\"https:\/\/www.rabuso.com\/es\/cms\/files\/RABUSO_Icono_Administracion.jpg\" alt=\"\" width=\"230\" height=\"130\" \/><\/p>\n<h3>Administraci\u00f3n<\/h3>\n<p>Gesti\u00f3n documental integral de su asociaci\u00f3n: preparaci\u00f3n, presentaci\u00f3n, encuadernaci\u00f3n y archivo de todos los libros oficiales. Tramitaci\u00f3n de denuncias, incidencias, escritos y consultas vinculantes a organismos p\u00fablicos.<\/p>\n<p>&nbsp;<\/p>\n<p>&nbsp;<\/p>\n<p><img decoding=\"async\" class=\"size-full wp-image-5480 alignleft\" src=\"https:\/\/www.rabuso.com\/es\/cms\/files\/RABUSO_Icono_Oficina_Remota.jpg\" alt=\"\" width=\"230\" height=\"130\" \/><\/p>\n<h3>Oficina remota<\/h3>\n<p>Servicio de domicilio fiscal y\/o social para su asociaci\u00f3n en nuestras oficinas. Recepci\u00f3n de visitas y correspondencia. Acceso a salas de reuniones y plataformas de comunicaci\u00f3n.<\/p>\n<p>&nbsp;<\/p>\n<p>&nbsp;<\/p>\n<p><img decoding=\"async\" class=\"size-full wp-image-5460 alignleft\" src=\"https:\/\/www.rabuso.com\/es\/cms\/files\/RABUSO_Icono_Contabilidad.jpg\" alt=\"\" width=\"230\" height=\"130\" \/><\/p>\n<h3>Contabilidad<\/h3>\n<p>Elaboraci\u00f3n de presupuestos, gestiones bancarias, reclamaci\u00f3n de pagos, revisi\u00f3n de la tesorer\u00eda, presentaci\u00f3n de las cuentas a los organismos oficiales, emisi\u00f3n de recibos y facturas.<\/p>\n<p>&nbsp;<\/p>\n<p>&nbsp;<\/p>\n<p><img decoding=\"async\" class=\"size-full wp-image-5486 alignleft\" src=\"https:\/\/www.rabuso.com\/es\/cms\/files\/RABUSO_Icono_Servicios.jpg\" alt=\"\" width=\"230\" height=\"130\" \/><\/p>\n<h3>Tangibles y servicios<\/h3>\n<p>Coordinaci\u00f3n y negociaci\u00f3n de servicios de inter\u00e9s, descuentos y otras ventajas directas dirigidas a los miembros de su asociaci\u00f3n.<\/p>\n<p>&nbsp;<\/p>\n<p>&nbsp;<\/p>\n<h2>V\u00eddeo<\/h2>\n<p><iframe src=\"https:\/\/www.youtube.com\/embed\/l15rHn0P30w\" width=\"690\" height=\"388\" frameborder=\"0\" allowfullscreen=\"allowfullscreen\" data-mce-fragment=\"1\"><span data-mce-type=\"bookmark\" style=\"display: inline-block; width: 0px; overflow: hidden; line-height: 0;\" class=\"mce_SELRES_start\">\ufeff<\/span><span data-mce-type=\"bookmark\" style=\"display: inline-block; width: 0px; overflow: hidden; line-height: 0;\" class=\"mce_SELRES_start\">\ufeff<\/span><span data-mce-type=\"bookmark\" style=\"display: inline-block; width: 0px; overflow: hidden; line-height: 0;\" class=\"mce_SELRES_start\">\ufeff<\/span><\/iframe><\/p>\n","protected":false},"excerpt":{"rendered":"<p>Estos son los servicios que ofrecemos en esta \u00e1rea: Atenci\u00f3n a miembros Atenci\u00f3n personalizada de miembros y del p\u00fablico objetivo de su asociaci\u00f3n, tanto por v\u00eda telef\u00f3nica, como presencialmente. Gesti\u00f3n inmediata y registro de solicitudes. &nbsp; Acreditaci\u00f3n y certificaci\u00f3n Elaboraci\u00f3n e implantaci\u00f3n de protocolos de acreditaci\u00f3n que aporten valor a la actividad de la asociaci\u00f3n. [&hellip;]<\/p>\n","protected":false},"author":373,"featured_media":0,"parent":9475,"menu_order":6,"comment_status":"closed","ping_status":"closed","template":"","meta":{"_acf_changed":false,"footnotes":""},"class_list":["post-5163","page","type-page","status-publish","hentry"],"acf":[],"aioseo_notices":[],"aioseo_head":"\n\t\t<!-- All in One SEO Pro 4.9.6.2 - aioseo.com -->\n\t<meta name=\"description\" content=\"Estos son los servicios que ofrecemos en esta \u00e1rea: Atenci\u00f3n a miembros Atenci\u00f3n personalizada de miembros y del p\u00fablico objetivo de su asociaci\u00f3n, tanto por v\u00eda telef\u00f3nica, como presencialmente. Gesti\u00f3n inmediata y registro de solicitudes. Acreditaci\u00f3n y certificaci\u00f3n Elaboraci\u00f3n e implantaci\u00f3n de protocolos de acreditaci\u00f3n que aporten valor a la actividad de la asociaci\u00f3n.\" \/>\n\t<meta name=\"robots\" content=\"max-image-preview:large\" \/>\n\t<link rel=\"canonical\" href=\"https:\/\/www.rabuso.com\/es\/servicios\/areas-de-trabajo\/operativa\/\" \/>\n\t<meta name=\"generator\" content=\"All in One SEO Pro (AIOSEO) 4.9.6.2\" \/>\n\t\t<meta property=\"og:locale\" content=\"es_ES\" \/>\n\t\t<meta property=\"og:site_name\" content=\"RABUSO - Soluciones para asociaciones\" \/>\n\t\t<meta property=\"og:type\" content=\"article\" \/>\n\t\t<meta property=\"og:title\" content=\"Operativa - RABUSO\" \/>\n\t\t<meta property=\"og:description\" content=\"Estos son los servicios que ofrecemos en esta \u00e1rea: Atenci\u00f3n a miembros Atenci\u00f3n personalizada de miembros y del p\u00fablico objetivo de su asociaci\u00f3n, tanto por v\u00eda telef\u00f3nica, como presencialmente. Gesti\u00f3n inmediata y registro de solicitudes. Acreditaci\u00f3n y certificaci\u00f3n Elaboraci\u00f3n e implantaci\u00f3n de protocolos de acreditaci\u00f3n que aporten valor a la actividad de la asociaci\u00f3n.\" \/>\n\t\t<meta property=\"og:url\" content=\"https:\/\/www.rabuso.com\/es\/servicios\/areas-de-trabajo\/operativa\/\" \/>\n\t\t<meta property=\"og:image\" content=\"https:\/\/www.rabuso.com\/es\/cms\/files\/RABUSO_logo_h_rgb.jpg\" \/>\n\t\t<meta property=\"og:image:secure_url\" content=\"https:\/\/www.rabuso.com\/es\/cms\/files\/RABUSO_logo_h_rgb.jpg\" \/>\n\t\t<meta property=\"og:image:width\" content=\"945\" \/>\n\t\t<meta property=\"og:image:height\" content=\"354\" \/>\n\t\t<meta property=\"article:published_time\" content=\"2021-02-11T09:13:07+00:00\" \/>\n\t\t<meta property=\"article:modified_time\" content=\"2026-01-11T18:28:45+00:00\" \/>\n\t\t<meta name=\"twitter:card\" content=\"summary_large_image\" \/>\n\t\t<meta name=\"twitter:title\" content=\"Operativa - RABUSO\" \/>\n\t\t<meta name=\"twitter:description\" content=\"Estos son los servicios que ofrecemos en esta \u00e1rea: Atenci\u00f3n a miembros Atenci\u00f3n personalizada de miembros y del p\u00fablico objetivo de su asociaci\u00f3n, tanto por v\u00eda telef\u00f3nica, como presencialmente. Gesti\u00f3n inmediata y registro de solicitudes. Acreditaci\u00f3n y certificaci\u00f3n Elaboraci\u00f3n e implantaci\u00f3n de protocolos de acreditaci\u00f3n que aporten valor a la actividad de la asociaci\u00f3n.\" \/>\n\t\t<meta name=\"twitter:image\" content=\"https:\/\/www.rabuso.com\/es\/cms\/files\/RABUSO_logo_h_rgb.jpg\" \/>\n\t\t<script type=\"application\/ld+json\" class=\"aioseo-schema\">\n\t\t\t{\"@context\":\"https:\\\/\\\/schema.org\",\"@graph\":[{\"@type\":\"BreadcrumbList\",\"@id\":\"https:\\\/\\\/www.rabuso.com\\\/es\\\/servicios\\\/areas-de-trabajo\\\/operativa\\\/#breadcrumblist\",\"itemListElement\":[{\"@type\":\"ListItem\",\"@id\":\"https:\\\/\\\/www.rabuso.com\\\/es#listItem\",\"position\":1,\"name\":\"Home\",\"item\":\"https:\\\/\\\/www.rabuso.com\\\/es\",\"nextItem\":{\"@type\":\"ListItem\",\"@id\":\"https:\\\/\\\/www.rabuso.com\\\/es\\\/servicios\\\/#listItem\",\"name\":\"Servicios\"}},{\"@type\":\"ListItem\",\"@id\":\"https:\\\/\\\/www.rabuso.com\\\/es\\\/servicios\\\/#listItem\",\"position\":2,\"name\":\"Servicios\",\"item\":\"https:\\\/\\\/www.rabuso.com\\\/es\\\/servicios\\\/\",\"nextItem\":{\"@type\":\"ListItem\",\"@id\":\"https:\\\/\\\/www.rabuso.com\\\/es\\\/servicios\\\/areas-de-trabajo\\\/#listItem\",\"name\":\"\\u00c1reas de trabajo\"},\"previousItem\":{\"@type\":\"ListItem\",\"@id\":\"https:\\\/\\\/www.rabuso.com\\\/es#listItem\",\"name\":\"Home\"}},{\"@type\":\"ListItem\",\"@id\":\"https:\\\/\\\/www.rabuso.com\\\/es\\\/servicios\\\/areas-de-trabajo\\\/#listItem\",\"position\":3,\"name\":\"\\u00c1reas de trabajo\",\"item\":\"https:\\\/\\\/www.rabuso.com\\\/es\\\/servicios\\\/areas-de-trabajo\\\/\",\"nextItem\":{\"@type\":\"ListItem\",\"@id\":\"https:\\\/\\\/www.rabuso.com\\\/es\\\/servicios\\\/areas-de-trabajo\\\/operativa\\\/#listItem\",\"name\":\"Operativa\"},\"previousItem\":{\"@type\":\"ListItem\",\"@id\":\"https:\\\/\\\/www.rabuso.com\\\/es\\\/servicios\\\/#listItem\",\"name\":\"Servicios\"}},{\"@type\":\"ListItem\",\"@id\":\"https:\\\/\\\/www.rabuso.com\\\/es\\\/servicios\\\/areas-de-trabajo\\\/operativa\\\/#listItem\",\"position\":4,\"name\":\"Operativa\",\"previousItem\":{\"@type\":\"ListItem\",\"@id\":\"https:\\\/\\\/www.rabuso.com\\\/es\\\/servicios\\\/areas-de-trabajo\\\/#listItem\",\"name\":\"\\u00c1reas de trabajo\"}}]},{\"@type\":\"Organization\",\"@id\":\"https:\\\/\\\/www.rabuso.com\\\/es\\\/#organization\",\"name\":\"RABUSO\",\"description\":\"Soluciones para asociaciones\",\"url\":\"https:\\\/\\\/www.rabuso.com\\\/es\\\/\",\"telephone\":\"+34912772037\",\"logo\":{\"@type\":\"ImageObject\",\"url\":\"https:\\\/\\\/www.rabuso.com\\\/es\\\/cms\\\/files\\\/RABUSO_logo_h_rgb.jpg\",\"@id\":\"https:\\\/\\\/www.rabuso.com\\\/es\\\/servicios\\\/areas-de-trabajo\\\/operativa\\\/#organizationLogo\",\"width\":945,\"height\":354},\"image\":{\"@id\":\"https:\\\/\\\/www.rabuso.com\\\/es\\\/servicios\\\/areas-de-trabajo\\\/operativa\\\/#organizationLogo\"},\"sameAs\":[\"https:\\\/\\\/www.youtube.com\\\/@RABUSOamc\",\"https:\\\/\\\/www.linkedin.com\\\/company\\\/RABUSOamc\"]},{\"@type\":\"WebPage\",\"@id\":\"https:\\\/\\\/www.rabuso.com\\\/es\\\/servicios\\\/areas-de-trabajo\\\/operativa\\\/#webpage\",\"url\":\"https:\\\/\\\/www.rabuso.com\\\/es\\\/servicios\\\/areas-de-trabajo\\\/operativa\\\/\",\"name\":\"Operativa - RABUSO\",\"description\":\"Estos son los servicios que ofrecemos en esta \\u00e1rea: Atenci\\u00f3n a miembros Atenci\\u00f3n personalizada de miembros y del p\\u00fablico objetivo de su asociaci\\u00f3n, tanto por v\\u00eda telef\\u00f3nica, como presencialmente. Gesti\\u00f3n inmediata y registro de solicitudes. Acreditaci\\u00f3n y certificaci\\u00f3n Elaboraci\\u00f3n e implantaci\\u00f3n de protocolos de acreditaci\\u00f3n que aporten valor a la actividad de la asociaci\\u00f3n.\",\"inLanguage\":\"es-ES\",\"isPartOf\":{\"@id\":\"https:\\\/\\\/www.rabuso.com\\\/es\\\/#website\"},\"breadcrumb\":{\"@id\":\"https:\\\/\\\/www.rabuso.com\\\/es\\\/servicios\\\/areas-de-trabajo\\\/operativa\\\/#breadcrumblist\"},\"datePublished\":\"2021-02-11T10:13:07+01:00\",\"dateModified\":\"2026-01-11T19:28:45+01:00\"},{\"@type\":\"WebSite\",\"@id\":\"https:\\\/\\\/www.rabuso.com\\\/es\\\/#website\",\"url\":\"https:\\\/\\\/www.rabuso.com\\\/es\\\/\",\"name\":\"RABUSO\",\"description\":\"Soluciones para asociaciones\",\"inLanguage\":\"es-ES\",\"publisher\":{\"@id\":\"https:\\\/\\\/www.rabuso.com\\\/es\\\/#organization\"}}]}\n\t\t<\/script>\n\t\t<!-- All in One SEO Pro -->\r\n\t\t<title>Operativa - RABUSO<\/title>\n\n","aioseo_head_json":{"title":"Operativa - RABUSO","description":"Estos son los servicios que ofrecemos en esta \u00e1rea: Atenci\u00f3n a miembros Atenci\u00f3n personalizada de miembros y del p\u00fablico objetivo de su asociaci\u00f3n, tanto por v\u00eda telef\u00f3nica, como presencialmente. Gesti\u00f3n inmediata y registro de solicitudes. Acreditaci\u00f3n y certificaci\u00f3n Elaboraci\u00f3n e implantaci\u00f3n de protocolos de acreditaci\u00f3n que aporten valor a la actividad de la asociaci\u00f3n.","canonical_url":"https:\/\/www.rabuso.com\/es\/servicios\/areas-de-trabajo\/operativa\/","robots":"max-image-preview:large","keywords":"","webmasterTools":{"miscellaneous":""},"schema":{"@context":"https:\/\/schema.org","@graph":[{"@type":"BreadcrumbList","@id":"https:\/\/www.rabuso.com\/es\/servicios\/areas-de-trabajo\/operativa\/#breadcrumblist","itemListElement":[{"@type":"ListItem","@id":"https:\/\/www.rabuso.com\/es#listItem","position":1,"name":"Home","item":"https:\/\/www.rabuso.com\/es","nextItem":{"@type":"ListItem","@id":"https:\/\/www.rabuso.com\/es\/servicios\/#listItem","name":"Servicios"}},{"@type":"ListItem","@id":"https:\/\/www.rabuso.com\/es\/servicios\/#listItem","position":2,"name":"Servicios","item":"https:\/\/www.rabuso.com\/es\/servicios\/","nextItem":{"@type":"ListItem","@id":"https:\/\/www.rabuso.com\/es\/servicios\/areas-de-trabajo\/#listItem","name":"\u00c1reas de trabajo"},"previousItem":{"@type":"ListItem","@id":"https:\/\/www.rabuso.com\/es#listItem","name":"Home"}},{"@type":"ListItem","@id":"https:\/\/www.rabuso.com\/es\/servicios\/areas-de-trabajo\/#listItem","position":3,"name":"\u00c1reas de trabajo","item":"https:\/\/www.rabuso.com\/es\/servicios\/areas-de-trabajo\/","nextItem":{"@type":"ListItem","@id":"https:\/\/www.rabuso.com\/es\/servicios\/areas-de-trabajo\/operativa\/#listItem","name":"Operativa"},"previousItem":{"@type":"ListItem","@id":"https:\/\/www.rabuso.com\/es\/servicios\/#listItem","name":"Servicios"}},{"@type":"ListItem","@id":"https:\/\/www.rabuso.com\/es\/servicios\/areas-de-trabajo\/operativa\/#listItem","position":4,"name":"Operativa","previousItem":{"@type":"ListItem","@id":"https:\/\/www.rabuso.com\/es\/servicios\/areas-de-trabajo\/#listItem","name":"\u00c1reas de trabajo"}}]},{"@type":"Organization","@id":"https:\/\/www.rabuso.com\/es\/#organization","name":"RABUSO","description":"Soluciones para asociaciones","url":"https:\/\/www.rabuso.com\/es\/","telephone":"+34912772037","logo":{"@type":"ImageObject","url":"https:\/\/www.rabuso.com\/es\/cms\/files\/RABUSO_logo_h_rgb.jpg","@id":"https:\/\/www.rabuso.com\/es\/servicios\/areas-de-trabajo\/operativa\/#organizationLogo","width":945,"height":354},"image":{"@id":"https:\/\/www.rabuso.com\/es\/servicios\/areas-de-trabajo\/operativa\/#organizationLogo"},"sameAs":["https:\/\/www.youtube.com\/@RABUSOamc","https:\/\/www.linkedin.com\/company\/RABUSOamc"]},{"@type":"WebPage","@id":"https:\/\/www.rabuso.com\/es\/servicios\/areas-de-trabajo\/operativa\/#webpage","url":"https:\/\/www.rabuso.com\/es\/servicios\/areas-de-trabajo\/operativa\/","name":"Operativa - RABUSO","description":"Estos son los servicios que ofrecemos en esta \u00e1rea: Atenci\u00f3n a miembros Atenci\u00f3n personalizada de miembros y del p\u00fablico objetivo de su asociaci\u00f3n, tanto por v\u00eda telef\u00f3nica, como presencialmente. Gesti\u00f3n inmediata y registro de solicitudes. Acreditaci\u00f3n y certificaci\u00f3n Elaboraci\u00f3n e implantaci\u00f3n de protocolos de acreditaci\u00f3n que aporten valor a la actividad de la asociaci\u00f3n.","inLanguage":"es-ES","isPartOf":{"@id":"https:\/\/www.rabuso.com\/es\/#website"},"breadcrumb":{"@id":"https:\/\/www.rabuso.com\/es\/servicios\/areas-de-trabajo\/operativa\/#breadcrumblist"},"datePublished":"2021-02-11T10:13:07+01:00","dateModified":"2026-01-11T19:28:45+01:00"},{"@type":"WebSite","@id":"https:\/\/www.rabuso.com\/es\/#website","url":"https:\/\/www.rabuso.com\/es\/","name":"RABUSO","description":"Soluciones para asociaciones","inLanguage":"es-ES","publisher":{"@id":"https:\/\/www.rabuso.com\/es\/#organization"}}]},"og:locale":"es_ES","og:site_name":"RABUSO - Soluciones para asociaciones","og:type":"article","og:title":"Operativa - RABUSO","og:description":"Estos son los servicios que ofrecemos en esta \u00e1rea: Atenci\u00f3n a miembros Atenci\u00f3n personalizada de miembros y del p\u00fablico objetivo de su asociaci\u00f3n, tanto por v\u00eda telef\u00f3nica, como presencialmente. Gesti\u00f3n inmediata y registro de solicitudes. Acreditaci\u00f3n y certificaci\u00f3n Elaboraci\u00f3n e implantaci\u00f3n de protocolos de acreditaci\u00f3n que aporten valor a la actividad de la asociaci\u00f3n.","og:url":"https:\/\/www.rabuso.com\/es\/servicios\/areas-de-trabajo\/operativa\/","og:image":"https:\/\/www.rabuso.com\/es\/cms\/files\/RABUSO_logo_h_rgb.jpg","og:image:secure_url":"https:\/\/www.rabuso.com\/es\/cms\/files\/RABUSO_logo_h_rgb.jpg","og:image:width":945,"og:image:height":354,"article:published_time":"2021-02-11T09:13:07+00:00","article:modified_time":"2026-01-11T18:28:45+00:00","twitter:card":"summary_large_image","twitter:title":"Operativa - RABUSO","twitter:description":"Estos son los servicios que ofrecemos en esta \u00e1rea: Atenci\u00f3n a miembros Atenci\u00f3n personalizada de miembros y del p\u00fablico objetivo de su asociaci\u00f3n, tanto por v\u00eda telef\u00f3nica, como presencialmente. Gesti\u00f3n inmediata y registro de solicitudes. Acreditaci\u00f3n y certificaci\u00f3n Elaboraci\u00f3n e implantaci\u00f3n de protocolos de acreditaci\u00f3n que aporten valor a la actividad de la asociaci\u00f3n.","twitter:image":"https:\/\/www.rabuso.com\/es\/cms\/files\/RABUSO_logo_h_rgb.jpg"},"aioseo_meta_data":{"post_id":"5163","title":"#post_title #separator_sa #site_title","description":"#post_excerpt","keywords":null,"keyphrases":null,"primary_term":null,"canonical_url":null,"og_title":null,"og_description":null,"og_object_type":"default","og_image_type":"default","og_image_url":null,"og_image_width":null,"og_image_height":null,"og_image_custom_url":null,"og_image_custom_fields":null,"og_video":null,"og_custom_url":null,"og_article_section":null,"og_article_tags":null,"twitter_use_og":false,"twitter_card":"default","twitter_image_type":"default","twitter_image_url":null,"twitter_image_custom_url":null,"twitter_image_custom_fields":null,"twitter_title":null,"twitter_description":null,"schema":{"blockGraphs":[],"customGraphs":[],"default":{"data":{"Article":[],"Course":[],"Dataset":[],"FAQPage":[],"Movie":[],"Person":[],"Product":[],"ProductReview":[],"Car":[],"Recipe":[],"Service":[],"SoftwareApplication":[],"WebPage":[]},"graphName":"","isEnabled":true},"graphs":[]},"schema_type":"default","schema_type_options":null,"pillar_content":false,"robots_default":true,"robots_noindex":false,"robots_noarchive":false,"robots_nosnippet":false,"robots_nofollow":false,"robots_noimageindex":false,"robots_noodp":false,"robots_notranslate":false,"robots_max_snippet":null,"robots_max_videopreview":null,"robots_max_imagepreview":"large","priority":null,"frequency":null,"local_seo":null,"seo_analyzer_scan_date":"2026-01-11 18:31:52","breadcrumb_settings":null,"limit_modified_date":false,"open_ai":null,"ai":null,"created":"2024-05-02 15:09:53","updated":"2026-01-11 18:31:52"},"aioseo_breadcrumb":"<div class=\"aioseo-breadcrumbs\"><span class=\"aioseo-breadcrumb\">\n\t<a href=\"https:\/\/www.rabuso.com\/es\" title=\"Home\">Home<\/a>\n<\/span><span class=\"aioseo-breadcrumb-separator\">&raquo;<\/span><span class=\"aioseo-breadcrumb\">\n\t<a href=\"https:\/\/www.rabuso.com\/es\/servicios\/\" title=\"Servicios\">Servicios<\/a>\n<\/span><span class=\"aioseo-breadcrumb-separator\">&raquo;<\/span><span class=\"aioseo-breadcrumb\">\n\t<a href=\"https:\/\/www.rabuso.com\/es\/servicios\/areas-de-trabajo\/\" title=\"\u00c1reas de trabajo\">\u00c1reas de trabajo<\/a>\n<\/span><span class=\"aioseo-breadcrumb-separator\">&raquo;<\/span><span class=\"aioseo-breadcrumb\">\n\tOperativa\n<\/span><\/div>","aioseo_breadcrumb_json":[{"label":"Home","link":"https:\/\/www.rabuso.com\/es"},{"label":"Servicios","link":"https:\/\/www.rabuso.com\/es\/servicios\/"},{"label":"\u00c1reas de trabajo","link":"https:\/\/www.rabuso.com\/es\/servicios\/areas-de-trabajo\/"},{"label":"Operativa","link":"https:\/\/www.rabuso.com\/es\/servicios\/areas-de-trabajo\/operativa\/"}],"_links":{"self":[{"href":"https:\/\/www.rabuso.com\/es\/wp-json\/wp\/v2\/pages\/5163","targetHints":{"allow":["GET"]}}],"collection":[{"href":"https:\/\/www.rabuso.com\/es\/wp-json\/wp\/v2\/pages"}],"about":[{"href":"https:\/\/www.rabuso.com\/es\/wp-json\/wp\/v2\/types\/page"}],"author":[{"embeddable":true,"href":"https:\/\/www.rabuso.com\/es\/wp-json\/wp\/v2\/users\/373"}],"replies":[{"embeddable":true,"href":"https:\/\/www.rabuso.com\/es\/wp-json\/wp\/v2\/comments?post=5163"}],"version-history":[{"count":0,"href":"https:\/\/www.rabuso.com\/es\/wp-json\/wp\/v2\/pages\/5163\/revisions"}],"up":[{"embeddable":true,"href":"https:\/\/www.rabuso.com\/es\/wp-json\/wp\/v2\/pages\/9475"}],"wp:attachment":[{"href":"https:\/\/www.rabuso.com\/es\/wp-json\/wp\/v2\/media?parent=5163"}],"curies":[{"name":"wp","href":"https:\/\/api.w.org\/{rel}","templated":true}]}}