{"id":5159,"date":"2021-02-11T10:12:29","date_gmt":"2021-02-11T09:12:29","guid":{"rendered":"https:\/\/www.rabuso.com\/es\/?page_id=5159"},"modified":"2026-01-11T19:28:29","modified_gmt":"2026-01-11T18:28:29","slug":"gestion-del-conocimiento","status":"publish","type":"page","link":"https:\/\/www.rabuso.com\/es\/servicios\/areas-de-trabajo\/gestion-del-conocimiento\/","title":{"rendered":"Gesti\u00f3n del conocimiento"},"content":{"rendered":"<p><img decoding=\"async\" class=\"aligncenter size-full wp-image-5490\" src=\"https:\/\/www.rabuso.com\/es\/cms\/files\/RABUSO_Gestion_Conocimiento.png\" alt=\"\" width=\"690\" height=\"388\" srcset=\"https:\/\/www.rabuso.com\/es\/cms\/files\/RABUSO_Gestion_Conocimiento.png 690w, https:\/\/www.rabuso.com\/es\/cms\/files\/RABUSO_Gestion_Conocimiento-230x130.png 230w\" sizes=\"(max-width: 690px) 100vw, 690px\" \/><\/p>\n<p>Estos son los servicios que ofrecemos en esta \u00e1rea:<\/p>\n<p><img decoding=\"async\" class=\"size-full wp-image-5456 alignleft\" src=\"https:\/\/www.rabuso.com\/es\/cms\/files\/RABUSO_Icono_Asistencia.jpg\" alt=\"\" width=\"230\" height=\"130\" \/><\/p>\n<h3>Asistencia t\u00e9cnica<\/h3>\n<p>Creaci\u00f3n y gesti\u00f3n de plataformas de asistencia t\u00e9cnica. Recopilaci\u00f3n de documentaci\u00f3n t\u00e9cnica actualizada y acceso a las principales fuentes de informaci\u00f3n para los miembros de su asociaci\u00f3n.<\/p>\n<p>&nbsp;<\/p>\n<p>&nbsp;<\/p>\n<p><img decoding=\"async\" class=\"size-full wp-image-5483 alignleft\" src=\"https:\/\/www.rabuso.com\/es\/cms\/files\/RABUSO_Icono_Proyectos.jpg\" alt=\"\" width=\"230\" height=\"130\" \/><\/p>\n<h3>Proyectos y subvenciones<\/h3>\n<p>Elaboraci\u00f3n de la memoria de proyectos y apoyo para su coordinaci\u00f3n integral.<\/p>\n<p>Presentaci\u00f3n de subvenciones para proyectos de asociaciones y la coordinaci\u00f3n de proyectos en los que intervienen miembros.<\/p>\n<p>&nbsp;<\/p>\n<p><img decoding=\"async\" class=\"size-full wp-image-5471 alignleft\" src=\"https:\/\/www.rabuso.com\/es\/cms\/files\/RABUSO_Icono_Grupos_Trabajo.jpg\" alt=\"\" width=\"230\" height=\"130\" \/><\/p>\n<h3>Grupos de trabajo y comit\u00e9s<\/h3>\n<p>Puesta en marcha y coordinaci\u00f3n de grupos de trabajo internos, externos o mixtos. Seguimiento del trabajo de los grupos y comit\u00e9s o preparaci\u00f3n de entregables.<\/p>\n<p>&nbsp;<\/p>\n<p>&nbsp;<\/p>\n<p><img decoding=\"async\" class=\"size-full wp-image-5482 alignleft\" src=\"https:\/\/www.rabuso.com\/es\/cms\/files\/RABUSO_Icono_PRL.jpg\" alt=\"\" width=\"230\" height=\"130\" \/><\/p>\n<h3>Formaci\u00f3n y PRL<\/h3>\n<p>Elaboraci\u00f3n de itinerarios formativos y programas sectoriales de formaci\u00f3n. Negociaci\u00f3n con entidades relacionadas de planes de formaci\u00f3n y regulaci\u00f3n de la Prevenci\u00f3n de Riesgos Laborales espec\u00edfica para actividades profesionales.<\/p>\n<p>&nbsp;<\/p>\n<p>&nbsp;<\/p>\n<p><img decoding=\"async\" class=\"size-full wp-image-5466 alignleft\" src=\"https:\/\/www.rabuso.com\/es\/cms\/files\/RABUSO_Icono_Estudios_Publicaciones.jpg\" alt=\"\" width=\"230\" height=\"130\" \/><\/p>\n<h3>Estudios y publicaciones<\/h3>\n<p>Elaboraci\u00f3n de estudios sectoriales\/tem\u00e1ticos, de \u00e1mbito nacional o internacional.<\/p>\n<p>Apoyo en la elaboraci\u00f3n de publicaciones t\u00e9cnicas o divulgativas, tanto en la parte editorial como en la comercial.<\/p>\n<p>&nbsp;<\/p>\n<p><img decoding=\"async\" class=\"size-full wp-image-5461 alignleft\" src=\"https:\/\/www.rabuso.com\/es\/cms\/files\/RABUSO_Icono_Cursos.jpg\" alt=\"\" width=\"230\" height=\"130\" \/><\/p>\n<p><strong>\u00a0<\/strong><\/p>\n<h3>Cursos divulgativos<\/h3>\n<p>Dise\u00f1o, coordinaci\u00f3n y realizaci\u00f3n de cursos divulgativos para su publicaci\u00f3n on-line. Adem\u00e1s de plataforma propia, tenemos una gran variedad de recursos y experiencias en este campo.<\/p>\n<p>&nbsp;<\/p>\n<p>&nbsp;<\/p>\n<h2>V\u00eddeo<\/h2>\n<p><iframe src=\"https:\/\/www.youtube.com\/embed\/7SeSMk0eIIE\" width=\"690\" height=\"388\" frameborder=\"0\" allowfullscreen=\"allowfullscreen\" data-mce-fragment=\"1\"><span data-mce-type=\"bookmark\" style=\"display: inline-block; width: 0px; overflow: hidden; line-height: 0;\" class=\"mce_SELRES_start\">\ufeff<\/span><span data-mce-type=\"bookmark\" style=\"display: inline-block; width: 0px; overflow: hidden; line-height: 0;\" class=\"mce_SELRES_start\">\ufeff<\/span><span data-mce-type=\"bookmark\" style=\"display: inline-block; width: 0px; overflow: hidden; line-height: 0;\" class=\"mce_SELRES_start\">\ufeff<\/span><\/iframe><\/p>\n","protected":false},"excerpt":{"rendered":"<p>Estos son los servicios que ofrecemos en esta \u00e1rea: Asistencia t\u00e9cnica Creaci\u00f3n y gesti\u00f3n de plataformas de asistencia t\u00e9cnica. Recopilaci\u00f3n de documentaci\u00f3n t\u00e9cnica actualizada y acceso a las principales fuentes de informaci\u00f3n para los miembros de su asociaci\u00f3n. &nbsp; &nbsp; Proyectos y subvenciones Elaboraci\u00f3n de la memoria de proyectos y apoyo para su coordinaci\u00f3n integral. [&hellip;]<\/p>\n","protected":false},"author":373,"featured_media":0,"parent":9475,"menu_order":4,"comment_status":"closed","ping_status":"closed","template":"","meta":{"_acf_changed":false,"footnotes":""},"class_list":["post-5159","page","type-page","status-publish","hentry"],"acf":[],"aioseo_notices":[],"aioseo_head":"\n\t\t<!-- All in One SEO Pro 4.9.6.1 - aioseo.com -->\n\t<meta name=\"description\" content=\"Estos son los servicios que ofrecemos en esta \u00e1rea: Asistencia t\u00e9cnica Creaci\u00f3n y gesti\u00f3n de plataformas de asistencia t\u00e9cnica. Recopilaci\u00f3n de documentaci\u00f3n t\u00e9cnica actualizada y acceso a las principales fuentes de informaci\u00f3n para los miembros de su asociaci\u00f3n. Proyectos y subvenciones Elaboraci\u00f3n de la memoria de proyectos y apoyo para su coordinaci\u00f3n integral.\" \/>\n\t<meta name=\"robots\" content=\"max-image-preview:large\" \/>\n\t<link rel=\"canonical\" href=\"https:\/\/www.rabuso.com\/es\/servicios\/areas-de-trabajo\/gestion-del-conocimiento\/\" \/>\n\t<meta name=\"generator\" content=\"All in One SEO Pro (AIOSEO) 4.9.6.1\" \/>\n\t\t<meta property=\"og:locale\" content=\"es_ES\" \/>\n\t\t<meta property=\"og:site_name\" content=\"RABUSO - Soluciones para asociaciones\" \/>\n\t\t<meta property=\"og:type\" content=\"article\" \/>\n\t\t<meta property=\"og:title\" content=\"Gesti\u00f3n del conocimiento - RABUSO\" \/>\n\t\t<meta property=\"og:description\" content=\"Estos son los servicios que ofrecemos en esta \u00e1rea: Asistencia t\u00e9cnica Creaci\u00f3n y gesti\u00f3n de plataformas de asistencia t\u00e9cnica. Recopilaci\u00f3n de documentaci\u00f3n t\u00e9cnica actualizada y acceso a las principales fuentes de informaci\u00f3n para los miembros de su asociaci\u00f3n. Proyectos y subvenciones Elaboraci\u00f3n de la memoria de proyectos y apoyo para su coordinaci\u00f3n integral.\" \/>\n\t\t<meta property=\"og:url\" content=\"https:\/\/www.rabuso.com\/es\/servicios\/areas-de-trabajo\/gestion-del-conocimiento\/\" \/>\n\t\t<meta property=\"og:image\" content=\"https:\/\/www.rabuso.com\/es\/cms\/files\/RABUSO_logo_h_rgb.jpg\" \/>\n\t\t<meta property=\"og:image:secure_url\" content=\"https:\/\/www.rabuso.com\/es\/cms\/files\/RABUSO_logo_h_rgb.jpg\" \/>\n\t\t<meta property=\"og:image:width\" content=\"945\" \/>\n\t\t<meta property=\"og:image:height\" content=\"354\" \/>\n\t\t<meta property=\"article:published_time\" content=\"2021-02-11T09:12:29+00:00\" \/>\n\t\t<meta property=\"article:modified_time\" content=\"2026-01-11T18:28:29+00:00\" \/>\n\t\t<meta name=\"twitter:card\" content=\"summary_large_image\" \/>\n\t\t<meta name=\"twitter:title\" content=\"Gesti\u00f3n del conocimiento - RABUSO\" \/>\n\t\t<meta name=\"twitter:description\" content=\"Estos son los servicios que ofrecemos en esta \u00e1rea: Asistencia t\u00e9cnica Creaci\u00f3n y gesti\u00f3n de plataformas de asistencia t\u00e9cnica. Recopilaci\u00f3n de documentaci\u00f3n t\u00e9cnica actualizada y acceso a las principales fuentes de informaci\u00f3n para los miembros de su asociaci\u00f3n. Proyectos y subvenciones Elaboraci\u00f3n de la memoria de proyectos y apoyo para su coordinaci\u00f3n integral.\" \/>\n\t\t<meta name=\"twitter:image\" content=\"https:\/\/www.rabuso.com\/es\/cms\/files\/RABUSO_logo_h_rgb.jpg\" \/>\n\t\t<script type=\"application\/ld+json\" class=\"aioseo-schema\">\n\t\t\t{\"@context\":\"https:\\\/\\\/schema.org\",\"@graph\":[{\"@type\":\"BreadcrumbList\",\"@id\":\"https:\\\/\\\/www.rabuso.com\\\/es\\\/servicios\\\/areas-de-trabajo\\\/gestion-del-conocimiento\\\/#breadcrumblist\",\"itemListElement\":[{\"@type\":\"ListItem\",\"@id\":\"https:\\\/\\\/www.rabuso.com\\\/es#listItem\",\"position\":1,\"name\":\"Home\",\"item\":\"https:\\\/\\\/www.rabuso.com\\\/es\",\"nextItem\":{\"@type\":\"ListItem\",\"@id\":\"https:\\\/\\\/www.rabuso.com\\\/es\\\/servicios\\\/#listItem\",\"name\":\"Servicios\"}},{\"@type\":\"ListItem\",\"@id\":\"https:\\\/\\\/www.rabuso.com\\\/es\\\/servicios\\\/#listItem\",\"position\":2,\"name\":\"Servicios\",\"item\":\"https:\\\/\\\/www.rabuso.com\\\/es\\\/servicios\\\/\",\"nextItem\":{\"@type\":\"ListItem\",\"@id\":\"https:\\\/\\\/www.rabuso.com\\\/es\\\/servicios\\\/areas-de-trabajo\\\/#listItem\",\"name\":\"\\u00c1reas de trabajo\"},\"previousItem\":{\"@type\":\"ListItem\",\"@id\":\"https:\\\/\\\/www.rabuso.com\\\/es#listItem\",\"name\":\"Home\"}},{\"@type\":\"ListItem\",\"@id\":\"https:\\\/\\\/www.rabuso.com\\\/es\\\/servicios\\\/areas-de-trabajo\\\/#listItem\",\"position\":3,\"name\":\"\\u00c1reas de trabajo\",\"item\":\"https:\\\/\\\/www.rabuso.com\\\/es\\\/servicios\\\/areas-de-trabajo\\\/\",\"nextItem\":{\"@type\":\"ListItem\",\"@id\":\"https:\\\/\\\/www.rabuso.com\\\/es\\\/servicios\\\/areas-de-trabajo\\\/gestion-del-conocimiento\\\/#listItem\",\"name\":\"Gesti\\u00f3n del conocimiento\"},\"previousItem\":{\"@type\":\"ListItem\",\"@id\":\"https:\\\/\\\/www.rabuso.com\\\/es\\\/servicios\\\/#listItem\",\"name\":\"Servicios\"}},{\"@type\":\"ListItem\",\"@id\":\"https:\\\/\\\/www.rabuso.com\\\/es\\\/servicios\\\/areas-de-trabajo\\\/gestion-del-conocimiento\\\/#listItem\",\"position\":4,\"name\":\"Gesti\\u00f3n del conocimiento\",\"previousItem\":{\"@type\":\"ListItem\",\"@id\":\"https:\\\/\\\/www.rabuso.com\\\/es\\\/servicios\\\/areas-de-trabajo\\\/#listItem\",\"name\":\"\\u00c1reas de trabajo\"}}]},{\"@type\":\"Organization\",\"@id\":\"https:\\\/\\\/www.rabuso.com\\\/es\\\/#organization\",\"name\":\"RABUSO\",\"description\":\"Soluciones para asociaciones\",\"url\":\"https:\\\/\\\/www.rabuso.com\\\/es\\\/\",\"telephone\":\"+34912772037\",\"logo\":{\"@type\":\"ImageObject\",\"url\":\"https:\\\/\\\/www.rabuso.com\\\/es\\\/cms\\\/files\\\/RABUSO_logo_h_rgb.jpg\",\"@id\":\"https:\\\/\\\/www.rabuso.com\\\/es\\\/servicios\\\/areas-de-trabajo\\\/gestion-del-conocimiento\\\/#organizationLogo\",\"width\":945,\"height\":354},\"image\":{\"@id\":\"https:\\\/\\\/www.rabuso.com\\\/es\\\/servicios\\\/areas-de-trabajo\\\/gestion-del-conocimiento\\\/#organizationLogo\"},\"sameAs\":[\"https:\\\/\\\/www.youtube.com\\\/@RABUSOamc\",\"https:\\\/\\\/www.linkedin.com\\\/company\\\/RABUSOamc\"]},{\"@type\":\"WebPage\",\"@id\":\"https:\\\/\\\/www.rabuso.com\\\/es\\\/servicios\\\/areas-de-trabajo\\\/gestion-del-conocimiento\\\/#webpage\",\"url\":\"https:\\\/\\\/www.rabuso.com\\\/es\\\/servicios\\\/areas-de-trabajo\\\/gestion-del-conocimiento\\\/\",\"name\":\"Gesti\\u00f3n del conocimiento - RABUSO\",\"description\":\"Estos son los servicios que ofrecemos en esta \\u00e1rea: Asistencia t\\u00e9cnica Creaci\\u00f3n y gesti\\u00f3n de plataformas de asistencia t\\u00e9cnica. Recopilaci\\u00f3n de documentaci\\u00f3n t\\u00e9cnica actualizada y acceso a las principales fuentes de informaci\\u00f3n para los miembros de su asociaci\\u00f3n. Proyectos y subvenciones Elaboraci\\u00f3n de la memoria de proyectos y apoyo para su coordinaci\\u00f3n integral.\",\"inLanguage\":\"es-ES\",\"isPartOf\":{\"@id\":\"https:\\\/\\\/www.rabuso.com\\\/es\\\/#website\"},\"breadcrumb\":{\"@id\":\"https:\\\/\\\/www.rabuso.com\\\/es\\\/servicios\\\/areas-de-trabajo\\\/gestion-del-conocimiento\\\/#breadcrumblist\"},\"datePublished\":\"2021-02-11T10:12:29+01:00\",\"dateModified\":\"2026-01-11T19:28:29+01:00\"},{\"@type\":\"WebSite\",\"@id\":\"https:\\\/\\\/www.rabuso.com\\\/es\\\/#website\",\"url\":\"https:\\\/\\\/www.rabuso.com\\\/es\\\/\",\"name\":\"RABUSO\",\"description\":\"Soluciones para asociaciones\",\"inLanguage\":\"es-ES\",\"publisher\":{\"@id\":\"https:\\\/\\\/www.rabuso.com\\\/es\\\/#organization\"}}]}\n\t\t<\/script>\n\t\t<!-- All in One SEO Pro -->\r\n\t\t<title>Gesti\u00f3n del conocimiento - RABUSO<\/title>\n\n","aioseo_head_json":{"title":"Gesti\u00f3n del conocimiento - RABUSO","description":"Estos son los servicios que ofrecemos en esta \u00e1rea: Asistencia t\u00e9cnica Creaci\u00f3n y gesti\u00f3n de plataformas de asistencia t\u00e9cnica. Recopilaci\u00f3n de documentaci\u00f3n t\u00e9cnica actualizada y acceso a las principales fuentes de informaci\u00f3n para los miembros de su asociaci\u00f3n. Proyectos y subvenciones Elaboraci\u00f3n de la memoria de proyectos y apoyo para su coordinaci\u00f3n integral.","canonical_url":"https:\/\/www.rabuso.com\/es\/servicios\/areas-de-trabajo\/gestion-del-conocimiento\/","robots":"max-image-preview:large","keywords":"","webmasterTools":{"miscellaneous":""},"schema":{"@context":"https:\/\/schema.org","@graph":[{"@type":"BreadcrumbList","@id":"https:\/\/www.rabuso.com\/es\/servicios\/areas-de-trabajo\/gestion-del-conocimiento\/#breadcrumblist","itemListElement":[{"@type":"ListItem","@id":"https:\/\/www.rabuso.com\/es#listItem","position":1,"name":"Home","item":"https:\/\/www.rabuso.com\/es","nextItem":{"@type":"ListItem","@id":"https:\/\/www.rabuso.com\/es\/servicios\/#listItem","name":"Servicios"}},{"@type":"ListItem","@id":"https:\/\/www.rabuso.com\/es\/servicios\/#listItem","position":2,"name":"Servicios","item":"https:\/\/www.rabuso.com\/es\/servicios\/","nextItem":{"@type":"ListItem","@id":"https:\/\/www.rabuso.com\/es\/servicios\/areas-de-trabajo\/#listItem","name":"\u00c1reas de trabajo"},"previousItem":{"@type":"ListItem","@id":"https:\/\/www.rabuso.com\/es#listItem","name":"Home"}},{"@type":"ListItem","@id":"https:\/\/www.rabuso.com\/es\/servicios\/areas-de-trabajo\/#listItem","position":3,"name":"\u00c1reas de trabajo","item":"https:\/\/www.rabuso.com\/es\/servicios\/areas-de-trabajo\/","nextItem":{"@type":"ListItem","@id":"https:\/\/www.rabuso.com\/es\/servicios\/areas-de-trabajo\/gestion-del-conocimiento\/#listItem","name":"Gesti\u00f3n del conocimiento"},"previousItem":{"@type":"ListItem","@id":"https:\/\/www.rabuso.com\/es\/servicios\/#listItem","name":"Servicios"}},{"@type":"ListItem","@id":"https:\/\/www.rabuso.com\/es\/servicios\/areas-de-trabajo\/gestion-del-conocimiento\/#listItem","position":4,"name":"Gesti\u00f3n del conocimiento","previousItem":{"@type":"ListItem","@id":"https:\/\/www.rabuso.com\/es\/servicios\/areas-de-trabajo\/#listItem","name":"\u00c1reas de trabajo"}}]},{"@type":"Organization","@id":"https:\/\/www.rabuso.com\/es\/#organization","name":"RABUSO","description":"Soluciones para asociaciones","url":"https:\/\/www.rabuso.com\/es\/","telephone":"+34912772037","logo":{"@type":"ImageObject","url":"https:\/\/www.rabuso.com\/es\/cms\/files\/RABUSO_logo_h_rgb.jpg","@id":"https:\/\/www.rabuso.com\/es\/servicios\/areas-de-trabajo\/gestion-del-conocimiento\/#organizationLogo","width":945,"height":354},"image":{"@id":"https:\/\/www.rabuso.com\/es\/servicios\/areas-de-trabajo\/gestion-del-conocimiento\/#organizationLogo"},"sameAs":["https:\/\/www.youtube.com\/@RABUSOamc","https:\/\/www.linkedin.com\/company\/RABUSOamc"]},{"@type":"WebPage","@id":"https:\/\/www.rabuso.com\/es\/servicios\/areas-de-trabajo\/gestion-del-conocimiento\/#webpage","url":"https:\/\/www.rabuso.com\/es\/servicios\/areas-de-trabajo\/gestion-del-conocimiento\/","name":"Gesti\u00f3n del conocimiento - RABUSO","description":"Estos son los servicios que ofrecemos en esta \u00e1rea: Asistencia t\u00e9cnica Creaci\u00f3n y gesti\u00f3n de plataformas de asistencia t\u00e9cnica. Recopilaci\u00f3n de documentaci\u00f3n t\u00e9cnica actualizada y acceso a las principales fuentes de informaci\u00f3n para los miembros de su asociaci\u00f3n. Proyectos y subvenciones Elaboraci\u00f3n de la memoria de proyectos y apoyo para su coordinaci\u00f3n integral.","inLanguage":"es-ES","isPartOf":{"@id":"https:\/\/www.rabuso.com\/es\/#website"},"breadcrumb":{"@id":"https:\/\/www.rabuso.com\/es\/servicios\/areas-de-trabajo\/gestion-del-conocimiento\/#breadcrumblist"},"datePublished":"2021-02-11T10:12:29+01:00","dateModified":"2026-01-11T19:28:29+01:00"},{"@type":"WebSite","@id":"https:\/\/www.rabuso.com\/es\/#website","url":"https:\/\/www.rabuso.com\/es\/","name":"RABUSO","description":"Soluciones para asociaciones","inLanguage":"es-ES","publisher":{"@id":"https:\/\/www.rabuso.com\/es\/#organization"}}]},"og:locale":"es_ES","og:site_name":"RABUSO - Soluciones para asociaciones","og:type":"article","og:title":"Gesti\u00f3n del conocimiento - RABUSO","og:description":"Estos son los servicios que ofrecemos en esta \u00e1rea: Asistencia t\u00e9cnica Creaci\u00f3n y gesti\u00f3n de plataformas de asistencia t\u00e9cnica. Recopilaci\u00f3n de documentaci\u00f3n t\u00e9cnica actualizada y acceso a las principales fuentes de informaci\u00f3n para los miembros de su asociaci\u00f3n. Proyectos y subvenciones Elaboraci\u00f3n de la memoria de proyectos y apoyo para su coordinaci\u00f3n integral.","og:url":"https:\/\/www.rabuso.com\/es\/servicios\/areas-de-trabajo\/gestion-del-conocimiento\/","og:image":"https:\/\/www.rabuso.com\/es\/cms\/files\/RABUSO_logo_h_rgb.jpg","og:image:secure_url":"https:\/\/www.rabuso.com\/es\/cms\/files\/RABUSO_logo_h_rgb.jpg","og:image:width":945,"og:image:height":354,"article:published_time":"2021-02-11T09:12:29+00:00","article:modified_time":"2026-01-11T18:28:29+00:00","twitter:card":"summary_large_image","twitter:title":"Gesti\u00f3n del conocimiento - RABUSO","twitter:description":"Estos son los servicios que ofrecemos en esta \u00e1rea: Asistencia t\u00e9cnica Creaci\u00f3n y gesti\u00f3n de plataformas de asistencia t\u00e9cnica. Recopilaci\u00f3n de documentaci\u00f3n t\u00e9cnica actualizada y acceso a las principales fuentes de informaci\u00f3n para los miembros de su asociaci\u00f3n. Proyectos y subvenciones Elaboraci\u00f3n de la memoria de proyectos y apoyo para su coordinaci\u00f3n integral.","twitter:image":"https:\/\/www.rabuso.com\/es\/cms\/files\/RABUSO_logo_h_rgb.jpg"},"aioseo_meta_data":{"post_id":"5159","title":"#post_title #separator_sa #site_title","description":"#post_excerpt","keywords":null,"keyphrases":null,"primary_term":null,"canonical_url":null,"og_title":null,"og_description":null,"og_object_type":"default","og_image_type":"default","og_image_url":null,"og_image_width":null,"og_image_height":null,"og_image_custom_url":null,"og_image_custom_fields":null,"og_video":null,"og_custom_url":null,"og_article_section":null,"og_article_tags":null,"twitter_use_og":false,"twitter_card":"default","twitter_image_type":"default","twitter_image_url":null,"twitter_image_custom_url":null,"twitter_image_custom_fields":null,"twitter_title":null,"twitter_description":null,"schema":{"blockGraphs":[],"customGraphs":[],"default":{"data":{"Article":[],"Course":[],"Dataset":[],"FAQPage":[],"Movie":[],"Person":[],"Product":[],"ProductReview":[],"Car":[],"Recipe":[],"Service":[],"SoftwareApplication":[],"WebPage":[]},"graphName":"","isEnabled":true},"graphs":[]},"schema_type":"default","schema_type_options":null,"pillar_content":false,"robots_default":true,"robots_noindex":false,"robots_noarchive":false,"robots_nosnippet":false,"robots_nofollow":false,"robots_noimageindex":false,"robots_noodp":false,"robots_notranslate":false,"robots_max_snippet":null,"robots_max_videopreview":null,"robots_max_imagepreview":"large","priority":null,"frequency":null,"local_seo":null,"seo_analyzer_scan_date":"2026-01-11 18:31:49","breadcrumb_settings":null,"limit_modified_date":false,"open_ai":null,"ai":null,"created":"2024-05-02 15:09:53","updated":"2026-01-11 18:31:49"},"aioseo_breadcrumb":"<div class=\"aioseo-breadcrumbs\"><span class=\"aioseo-breadcrumb\">\n\t<a href=\"https:\/\/www.rabuso.com\/es\" title=\"Home\">Home<\/a>\n<\/span><span class=\"aioseo-breadcrumb-separator\">&raquo;<\/span><span class=\"aioseo-breadcrumb\">\n\t<a href=\"https:\/\/www.rabuso.com\/es\/servicios\/\" title=\"Servicios\">Servicios<\/a>\n<\/span><span class=\"aioseo-breadcrumb-separator\">&raquo;<\/span><span class=\"aioseo-breadcrumb\">\n\t<a href=\"https:\/\/www.rabuso.com\/es\/servicios\/areas-de-trabajo\/\" title=\"\u00c1reas de trabajo\">\u00c1reas de trabajo<\/a>\n<\/span><span class=\"aioseo-breadcrumb-separator\">&raquo;<\/span><span class=\"aioseo-breadcrumb\">\n\tGesti\u00f3n del conocimiento\n<\/span><\/div>","aioseo_breadcrumb_json":[{"label":"Home","link":"https:\/\/www.rabuso.com\/es"},{"label":"Servicios","link":"https:\/\/www.rabuso.com\/es\/servicios\/"},{"label":"\u00c1reas de trabajo","link":"https:\/\/www.rabuso.com\/es\/servicios\/areas-de-trabajo\/"},{"label":"Gesti\u00f3n del conocimiento","link":"https:\/\/www.rabuso.com\/es\/servicios\/areas-de-trabajo\/gestion-del-conocimiento\/"}],"_links":{"self":[{"href":"https:\/\/www.rabuso.com\/es\/wp-json\/wp\/v2\/pages\/5159","targetHints":{"allow":["GET"]}}],"collection":[{"href":"https:\/\/www.rabuso.com\/es\/wp-json\/wp\/v2\/pages"}],"about":[{"href":"https:\/\/www.rabuso.com\/es\/wp-json\/wp\/v2\/types\/page"}],"author":[{"embeddable":true,"href":"https:\/\/www.rabuso.com\/es\/wp-json\/wp\/v2\/users\/373"}],"replies":[{"embeddable":true,"href":"https:\/\/www.rabuso.com\/es\/wp-json\/wp\/v2\/comments?post=5159"}],"version-history":[{"count":0,"href":"https:\/\/www.rabuso.com\/es\/wp-json\/wp\/v2\/pages\/5159\/revisions"}],"up":[{"embeddable":true,"href":"https:\/\/www.rabuso.com\/es\/wp-json\/wp\/v2\/pages\/9475"}],"wp:attachment":[{"href":"https:\/\/www.rabuso.com\/es\/wp-json\/wp\/v2\/media?parent=5159"}],"curies":[{"name":"wp","href":"https:\/\/api.w.org\/{rel}","templated":true}]}}