{"id":5157,"date":"2021-02-11T10:12:06","date_gmt":"2021-02-11T09:12:06","guid":{"rendered":"https:\/\/www.rabuso.com\/es\/?page_id=5157"},"modified":"2026-01-11T19:28:24","modified_gmt":"2026-01-11T18:28:24","slug":"eventos-y-actividades","status":"publish","type":"page","link":"https:\/\/www.rabuso.com\/es\/servicios\/areas-de-trabajo\/eventos-y-actividades\/","title":{"rendered":"Eventos y actividades"},"content":{"rendered":"<p><img decoding=\"async\" class=\"aligncenter size-full wp-image-5494\" src=\"https:\/\/www.rabuso.com\/es\/cms\/files\/RABUSO_Icono_Eventos_y_actividades.png\" alt=\"\" width=\"690\" height=\"388\" srcset=\"https:\/\/www.rabuso.com\/es\/cms\/files\/RABUSO_Icono_Eventos_y_actividades.png 690w, https:\/\/www.rabuso.com\/es\/cms\/files\/RABUSO_Icono_Eventos_y_actividades-230x130.png 230w\" sizes=\"(max-width: 690px) 100vw, 690px\" \/><\/p>\n<p>Estos son los servicios que ofrecemos en esta \u00e1rea:<\/p>\n<p><img decoding=\"async\" class=\"size-full wp-image-5455 alignleft\" src=\"https:\/\/www.rabuso.com\/es\/cms\/files\/RABUSO_Icono_Asambleas.jpg\" alt=\"\" width=\"230\" height=\"130\" \/><\/p>\n<h3>Asambleas y Juntas Directivas<\/h3>\n<p>Apoyo en la preparaci\u00f3n, coordinaci\u00f3n y organizaci\u00f3n de todo tipo de reuniones de Gobierno, presencialmente\u00a0o por videoconferencia.<\/p>\n<p>&nbsp;<\/p>\n<p>&nbsp;<\/p>\n<p><img decoding=\"async\" class=\"size-full wp-image-5488 alignleft\" src=\"https:\/\/www.rabuso.com\/es\/cms\/files\/RABUSO_Icono_Webinars.jpg\" alt=\"\" width=\"230\" height=\"130\" \/><\/p>\n<h3>Webinars<\/h3>\n<p>Organizaci\u00f3n y coordinaci\u00f3n de v\u00eddeo-seminarios y sesiones de trabajo on-line, sobre temas t\u00e9cnicos o divulgativos. Gran variedad de recursos propios para la gesti\u00f3n de sesiones on-line.<\/p>\n<p>&nbsp;<\/p>\n<p>&nbsp;<\/p>\n<p><img decoding=\"async\" class=\"size-full wp-image-5475 alignleft\" src=\"https:\/\/www.rabuso.com\/es\/cms\/files\/RABUSO_Icono_Jornadas.jpg\" alt=\"\" width=\"230\" height=\"130\" \/><\/p>\n<h3>Jornadas y cursos divulgativos<\/h3>\n<p>Dise\u00f1o, coordinaci\u00f3n, difusi\u00f3n y gesti\u00f3n integral de jornadas t\u00e9cnicas y cursos divulgativos. Desde la preparaci\u00f3n de los materiales b\u00e1sicos, la gesti\u00f3n de las inscripciones o ponentes a la moderaci\u00f3n de las sesiones.<\/p>\n<p>&nbsp;<\/p>\n<p>&nbsp;<\/p>\n<p><img decoding=\"async\" class=\"size-full wp-image-5487 alignleft\" src=\"https:\/\/www.rabuso.com\/es\/cms\/files\/RABUSO_Icono_Viajes.jpg\" alt=\"\" width=\"230\" height=\"130\" \/><\/p>\n<h3>Viajes e intercambios<\/h3>\n<p>Coordinaci\u00f3n de viajes de estudio, delegaciones internacionales y otras iniciativas de intercambio con otros pa\u00edses. Amplia experiencia en multitud de delegaciones, de incentivos, con patrocinios o puramente institucionales.<\/p>\n<p>&nbsp;<\/p>\n<p>&nbsp;<\/p>\n<p><img decoding=\"async\" class=\"size-full wp-image-5468 alignleft\" src=\"https:\/\/www.rabuso.com\/es\/cms\/files\/RABUSO_Icono_Foros.jpg\" alt=\"\" width=\"230\" height=\"130\" \/><\/p>\n<h3>Foros y congresos<\/h3>\n<p>Preparaci\u00f3n y realizaci\u00f3n de eventos t\u00e9cnicos, divulgativos o comerciales, para la promoci\u00f3n de su asociaci\u00f3n y sus temas de inter\u00e9s. Desde la elaboraci\u00f3n de la memoria a la gesti\u00f3n integral de la Secretar\u00eda T\u00e9cnica y\/o Comercial.<\/p>\n<p>&nbsp;<\/p>\n<p>&nbsp;<\/p>\n<p><img decoding=\"async\" class=\"size-full wp-image-5467 alignleft\" src=\"https:\/\/www.rabuso.com\/es\/cms\/files\/RABUSO_Icono_Ferias.jpg\" alt=\"\" width=\"230\" height=\"130\" \/><\/p>\n<h3>Ferias y grandes eventos<\/h3>\n<p>Gesti\u00f3n de la presencia en ferias especializadas (organizaci\u00f3n, stand, carteler\u00eda, materiales, \u2026) y coordinaci\u00f3n de intercambios con organizadores. Organizaci\u00f3n de ferias o eventos expositivos para su asociaci\u00f3n.<\/p>\n<p>&nbsp;<\/p>\n<p>&nbsp;<\/p>\n<p>&nbsp;<\/p>\n<h2>V\u00eddeo<\/h2>\n<p><iframe src=\"https:\/\/www.youtube.com\/embed\/QMVWaeyl71g\" width=\"690\" height=\"388\" frameborder=\"0\" allowfullscreen=\"allowfullscreen\" data-mce-fragment=\"1\"><span data-mce-type=\"bookmark\" style=\"display: inline-block; width: 0px; overflow: hidden; line-height: 0;\" class=\"mce_SELRES_start\">\ufeff<\/span><span data-mce-type=\"bookmark\" style=\"display: inline-block; width: 0px; overflow: hidden; line-height: 0;\" class=\"mce_SELRES_start\">\ufeff<\/span><span data-mce-type=\"bookmark\" style=\"display: inline-block; width: 0px; overflow: hidden; line-height: 0;\" class=\"mce_SELRES_start\">\ufeff<\/span><\/iframe><\/p>\n","protected":false},"excerpt":{"rendered":"<p>Estos son los servicios que ofrecemos en esta \u00e1rea: Asambleas y Juntas Directivas Apoyo en la preparaci\u00f3n, coordinaci\u00f3n y organizaci\u00f3n de todo tipo de reuniones de Gobierno, presencialmente\u00a0o por videoconferencia. &nbsp; &nbsp; Webinars Organizaci\u00f3n y coordinaci\u00f3n de v\u00eddeo-seminarios y sesiones de trabajo on-line, sobre temas t\u00e9cnicos o divulgativos. Gran variedad de recursos propios para la [&hellip;]<\/p>\n","protected":false},"author":373,"featured_media":0,"parent":9475,"menu_order":3,"comment_status":"closed","ping_status":"closed","template":"","meta":{"_acf_changed":false,"footnotes":""},"class_list":["post-5157","page","type-page","status-publish","hentry"],"acf":[],"aioseo_notices":[],"aioseo_head":"\n\t\t<!-- All in One SEO Pro 4.9.6.2 - aioseo.com -->\n\t<meta name=\"description\" content=\"Estos son los servicios que ofrecemos en esta \u00e1rea: Asambleas y Juntas Directivas Apoyo en la preparaci\u00f3n, coordinaci\u00f3n y organizaci\u00f3n de todo tipo de reuniones de Gobierno, presencialmente o por videoconferencia. Webinars Organizaci\u00f3n y coordinaci\u00f3n de v\u00eddeo-seminarios y sesiones de trabajo on-line, sobre temas t\u00e9cnicos o divulgativos. Gran variedad de recursos propios para la\" \/>\n\t<meta name=\"robots\" content=\"max-image-preview:large\" \/>\n\t<link rel=\"canonical\" href=\"https:\/\/www.rabuso.com\/es\/servicios\/areas-de-trabajo\/eventos-y-actividades\/\" \/>\n\t<meta name=\"generator\" content=\"All in One SEO Pro (AIOSEO) 4.9.6.2\" \/>\n\t\t<meta property=\"og:locale\" content=\"es_ES\" \/>\n\t\t<meta property=\"og:site_name\" content=\"RABUSO - Soluciones para asociaciones\" \/>\n\t\t<meta property=\"og:type\" content=\"article\" \/>\n\t\t<meta property=\"og:title\" content=\"Eventos y actividades - RABUSO\" \/>\n\t\t<meta property=\"og:description\" content=\"Estos son los servicios que ofrecemos en esta \u00e1rea: Asambleas y Juntas Directivas Apoyo en la preparaci\u00f3n, coordinaci\u00f3n y organizaci\u00f3n de todo tipo de reuniones de Gobierno, presencialmente o por videoconferencia. Webinars Organizaci\u00f3n y coordinaci\u00f3n de v\u00eddeo-seminarios y sesiones de trabajo on-line, sobre temas t\u00e9cnicos o divulgativos. Gran variedad de recursos propios para la\" \/>\n\t\t<meta property=\"og:url\" content=\"https:\/\/www.rabuso.com\/es\/servicios\/areas-de-trabajo\/eventos-y-actividades\/\" \/>\n\t\t<meta property=\"og:image\" content=\"https:\/\/www.rabuso.com\/es\/cms\/files\/RABUSO_logo_h_rgb.jpg\" \/>\n\t\t<meta property=\"og:image:secure_url\" content=\"https:\/\/www.rabuso.com\/es\/cms\/files\/RABUSO_logo_h_rgb.jpg\" \/>\n\t\t<meta property=\"og:image:width\" content=\"945\" \/>\n\t\t<meta property=\"og:image:height\" content=\"354\" \/>\n\t\t<meta property=\"article:published_time\" content=\"2021-02-11T09:12:06+00:00\" \/>\n\t\t<meta property=\"article:modified_time\" content=\"2026-01-11T18:28:24+00:00\" \/>\n\t\t<meta name=\"twitter:card\" content=\"summary_large_image\" \/>\n\t\t<meta name=\"twitter:title\" content=\"Eventos y actividades - RABUSO\" \/>\n\t\t<meta name=\"twitter:description\" content=\"Estos son los servicios que ofrecemos en esta \u00e1rea: Asambleas y Juntas Directivas Apoyo en la preparaci\u00f3n, coordinaci\u00f3n y organizaci\u00f3n de todo tipo de reuniones de Gobierno, presencialmente o por videoconferencia. Webinars Organizaci\u00f3n y coordinaci\u00f3n de v\u00eddeo-seminarios y sesiones de trabajo on-line, sobre temas t\u00e9cnicos o divulgativos. Gran variedad de recursos propios para la\" \/>\n\t\t<meta name=\"twitter:image\" content=\"https:\/\/www.rabuso.com\/es\/cms\/files\/RABUSO_logo_h_rgb.jpg\" \/>\n\t\t<script type=\"application\/ld+json\" class=\"aioseo-schema\">\n\t\t\t{\"@context\":\"https:\\\/\\\/schema.org\",\"@graph\":[{\"@type\":\"BreadcrumbList\",\"@id\":\"https:\\\/\\\/www.rabuso.com\\\/es\\\/servicios\\\/areas-de-trabajo\\\/eventos-y-actividades\\\/#breadcrumblist\",\"itemListElement\":[{\"@type\":\"ListItem\",\"@id\":\"https:\\\/\\\/www.rabuso.com\\\/es#listItem\",\"position\":1,\"name\":\"Home\",\"item\":\"https:\\\/\\\/www.rabuso.com\\\/es\",\"nextItem\":{\"@type\":\"ListItem\",\"@id\":\"https:\\\/\\\/www.rabuso.com\\\/es\\\/servicios\\\/#listItem\",\"name\":\"Servicios\"}},{\"@type\":\"ListItem\",\"@id\":\"https:\\\/\\\/www.rabuso.com\\\/es\\\/servicios\\\/#listItem\",\"position\":2,\"name\":\"Servicios\",\"item\":\"https:\\\/\\\/www.rabuso.com\\\/es\\\/servicios\\\/\",\"nextItem\":{\"@type\":\"ListItem\",\"@id\":\"https:\\\/\\\/www.rabuso.com\\\/es\\\/servicios\\\/areas-de-trabajo\\\/#listItem\",\"name\":\"\\u00c1reas de trabajo\"},\"previousItem\":{\"@type\":\"ListItem\",\"@id\":\"https:\\\/\\\/www.rabuso.com\\\/es#listItem\",\"name\":\"Home\"}},{\"@type\":\"ListItem\",\"@id\":\"https:\\\/\\\/www.rabuso.com\\\/es\\\/servicios\\\/areas-de-trabajo\\\/#listItem\",\"position\":3,\"name\":\"\\u00c1reas de trabajo\",\"item\":\"https:\\\/\\\/www.rabuso.com\\\/es\\\/servicios\\\/areas-de-trabajo\\\/\",\"nextItem\":{\"@type\":\"ListItem\",\"@id\":\"https:\\\/\\\/www.rabuso.com\\\/es\\\/servicios\\\/areas-de-trabajo\\\/eventos-y-actividades\\\/#listItem\",\"name\":\"Eventos y actividades\"},\"previousItem\":{\"@type\":\"ListItem\",\"@id\":\"https:\\\/\\\/www.rabuso.com\\\/es\\\/servicios\\\/#listItem\",\"name\":\"Servicios\"}},{\"@type\":\"ListItem\",\"@id\":\"https:\\\/\\\/www.rabuso.com\\\/es\\\/servicios\\\/areas-de-trabajo\\\/eventos-y-actividades\\\/#listItem\",\"position\":4,\"name\":\"Eventos y actividades\",\"previousItem\":{\"@type\":\"ListItem\",\"@id\":\"https:\\\/\\\/www.rabuso.com\\\/es\\\/servicios\\\/areas-de-trabajo\\\/#listItem\",\"name\":\"\\u00c1reas de trabajo\"}}]},{\"@type\":\"Organization\",\"@id\":\"https:\\\/\\\/www.rabuso.com\\\/es\\\/#organization\",\"name\":\"RABUSO\",\"description\":\"Soluciones para asociaciones\",\"url\":\"https:\\\/\\\/www.rabuso.com\\\/es\\\/\",\"telephone\":\"+34912772037\",\"logo\":{\"@type\":\"ImageObject\",\"url\":\"https:\\\/\\\/www.rabuso.com\\\/es\\\/cms\\\/files\\\/RABUSO_logo_h_rgb.jpg\",\"@id\":\"https:\\\/\\\/www.rabuso.com\\\/es\\\/servicios\\\/areas-de-trabajo\\\/eventos-y-actividades\\\/#organizationLogo\",\"width\":945,\"height\":354},\"image\":{\"@id\":\"https:\\\/\\\/www.rabuso.com\\\/es\\\/servicios\\\/areas-de-trabajo\\\/eventos-y-actividades\\\/#organizationLogo\"},\"sameAs\":[\"https:\\\/\\\/www.youtube.com\\\/@RABUSOamc\",\"https:\\\/\\\/www.linkedin.com\\\/company\\\/RABUSOamc\"]},{\"@type\":\"WebPage\",\"@id\":\"https:\\\/\\\/www.rabuso.com\\\/es\\\/servicios\\\/areas-de-trabajo\\\/eventos-y-actividades\\\/#webpage\",\"url\":\"https:\\\/\\\/www.rabuso.com\\\/es\\\/servicios\\\/areas-de-trabajo\\\/eventos-y-actividades\\\/\",\"name\":\"Eventos y actividades - RABUSO\",\"description\":\"Estos son los servicios que ofrecemos en esta \\u00e1rea: Asambleas y Juntas Directivas Apoyo en la preparaci\\u00f3n, coordinaci\\u00f3n y organizaci\\u00f3n de todo tipo de reuniones de Gobierno, presencialmente o por videoconferencia. Webinars Organizaci\\u00f3n y coordinaci\\u00f3n de v\\u00eddeo-seminarios y sesiones de trabajo on-line, sobre temas t\\u00e9cnicos o divulgativos. Gran variedad de recursos propios para la\",\"inLanguage\":\"es-ES\",\"isPartOf\":{\"@id\":\"https:\\\/\\\/www.rabuso.com\\\/es\\\/#website\"},\"breadcrumb\":{\"@id\":\"https:\\\/\\\/www.rabuso.com\\\/es\\\/servicios\\\/areas-de-trabajo\\\/eventos-y-actividades\\\/#breadcrumblist\"},\"datePublished\":\"2021-02-11T10:12:06+01:00\",\"dateModified\":\"2026-01-11T19:28:24+01:00\"},{\"@type\":\"WebSite\",\"@id\":\"https:\\\/\\\/www.rabuso.com\\\/es\\\/#website\",\"url\":\"https:\\\/\\\/www.rabuso.com\\\/es\\\/\",\"name\":\"RABUSO\",\"description\":\"Soluciones para asociaciones\",\"inLanguage\":\"es-ES\",\"publisher\":{\"@id\":\"https:\\\/\\\/www.rabuso.com\\\/es\\\/#organization\"}}]}\n\t\t<\/script>\n\t\t<!-- All in One SEO Pro -->\r\n\t\t<title>Eventos y actividades - RABUSO<\/title>\n\n","aioseo_head_json":{"title":"Eventos y actividades - RABUSO","description":"Estos son los servicios que ofrecemos en esta \u00e1rea: Asambleas y Juntas Directivas Apoyo en la preparaci\u00f3n, coordinaci\u00f3n y organizaci\u00f3n de todo tipo de reuniones de Gobierno, presencialmente o por videoconferencia. Webinars Organizaci\u00f3n y coordinaci\u00f3n de v\u00eddeo-seminarios y sesiones de trabajo on-line, sobre temas t\u00e9cnicos o divulgativos. Gran variedad de recursos propios para la","canonical_url":"https:\/\/www.rabuso.com\/es\/servicios\/areas-de-trabajo\/eventos-y-actividades\/","robots":"max-image-preview:large","keywords":"","webmasterTools":{"miscellaneous":""},"schema":{"@context":"https:\/\/schema.org","@graph":[{"@type":"BreadcrumbList","@id":"https:\/\/www.rabuso.com\/es\/servicios\/areas-de-trabajo\/eventos-y-actividades\/#breadcrumblist","itemListElement":[{"@type":"ListItem","@id":"https:\/\/www.rabuso.com\/es#listItem","position":1,"name":"Home","item":"https:\/\/www.rabuso.com\/es","nextItem":{"@type":"ListItem","@id":"https:\/\/www.rabuso.com\/es\/servicios\/#listItem","name":"Servicios"}},{"@type":"ListItem","@id":"https:\/\/www.rabuso.com\/es\/servicios\/#listItem","position":2,"name":"Servicios","item":"https:\/\/www.rabuso.com\/es\/servicios\/","nextItem":{"@type":"ListItem","@id":"https:\/\/www.rabuso.com\/es\/servicios\/areas-de-trabajo\/#listItem","name":"\u00c1reas de trabajo"},"previousItem":{"@type":"ListItem","@id":"https:\/\/www.rabuso.com\/es#listItem","name":"Home"}},{"@type":"ListItem","@id":"https:\/\/www.rabuso.com\/es\/servicios\/areas-de-trabajo\/#listItem","position":3,"name":"\u00c1reas de trabajo","item":"https:\/\/www.rabuso.com\/es\/servicios\/areas-de-trabajo\/","nextItem":{"@type":"ListItem","@id":"https:\/\/www.rabuso.com\/es\/servicios\/areas-de-trabajo\/eventos-y-actividades\/#listItem","name":"Eventos y actividades"},"previousItem":{"@type":"ListItem","@id":"https:\/\/www.rabuso.com\/es\/servicios\/#listItem","name":"Servicios"}},{"@type":"ListItem","@id":"https:\/\/www.rabuso.com\/es\/servicios\/areas-de-trabajo\/eventos-y-actividades\/#listItem","position":4,"name":"Eventos y actividades","previousItem":{"@type":"ListItem","@id":"https:\/\/www.rabuso.com\/es\/servicios\/areas-de-trabajo\/#listItem","name":"\u00c1reas de trabajo"}}]},{"@type":"Organization","@id":"https:\/\/www.rabuso.com\/es\/#organization","name":"RABUSO","description":"Soluciones para asociaciones","url":"https:\/\/www.rabuso.com\/es\/","telephone":"+34912772037","logo":{"@type":"ImageObject","url":"https:\/\/www.rabuso.com\/es\/cms\/files\/RABUSO_logo_h_rgb.jpg","@id":"https:\/\/www.rabuso.com\/es\/servicios\/areas-de-trabajo\/eventos-y-actividades\/#organizationLogo","width":945,"height":354},"image":{"@id":"https:\/\/www.rabuso.com\/es\/servicios\/areas-de-trabajo\/eventos-y-actividades\/#organizationLogo"},"sameAs":["https:\/\/www.youtube.com\/@RABUSOamc","https:\/\/www.linkedin.com\/company\/RABUSOamc"]},{"@type":"WebPage","@id":"https:\/\/www.rabuso.com\/es\/servicios\/areas-de-trabajo\/eventos-y-actividades\/#webpage","url":"https:\/\/www.rabuso.com\/es\/servicios\/areas-de-trabajo\/eventos-y-actividades\/","name":"Eventos y actividades - RABUSO","description":"Estos son los servicios que ofrecemos en esta \u00e1rea: Asambleas y Juntas Directivas Apoyo en la preparaci\u00f3n, coordinaci\u00f3n y organizaci\u00f3n de todo tipo de reuniones de Gobierno, presencialmente o por videoconferencia. Webinars Organizaci\u00f3n y coordinaci\u00f3n de v\u00eddeo-seminarios y sesiones de trabajo on-line, sobre temas t\u00e9cnicos o divulgativos. Gran variedad de recursos propios para la","inLanguage":"es-ES","isPartOf":{"@id":"https:\/\/www.rabuso.com\/es\/#website"},"breadcrumb":{"@id":"https:\/\/www.rabuso.com\/es\/servicios\/areas-de-trabajo\/eventos-y-actividades\/#breadcrumblist"},"datePublished":"2021-02-11T10:12:06+01:00","dateModified":"2026-01-11T19:28:24+01:00"},{"@type":"WebSite","@id":"https:\/\/www.rabuso.com\/es\/#website","url":"https:\/\/www.rabuso.com\/es\/","name":"RABUSO","description":"Soluciones para asociaciones","inLanguage":"es-ES","publisher":{"@id":"https:\/\/www.rabuso.com\/es\/#organization"}}]},"og:locale":"es_ES","og:site_name":"RABUSO - Soluciones para asociaciones","og:type":"article","og:title":"Eventos y actividades - RABUSO","og:description":"Estos son los servicios que ofrecemos en esta \u00e1rea: Asambleas y Juntas Directivas Apoyo en la preparaci\u00f3n, coordinaci\u00f3n y organizaci\u00f3n de todo tipo de reuniones de Gobierno, presencialmente o por videoconferencia. Webinars Organizaci\u00f3n y coordinaci\u00f3n de v\u00eddeo-seminarios y sesiones de trabajo on-line, sobre temas t\u00e9cnicos o divulgativos. Gran variedad de recursos propios para la","og:url":"https:\/\/www.rabuso.com\/es\/servicios\/areas-de-trabajo\/eventos-y-actividades\/","og:image":"https:\/\/www.rabuso.com\/es\/cms\/files\/RABUSO_logo_h_rgb.jpg","og:image:secure_url":"https:\/\/www.rabuso.com\/es\/cms\/files\/RABUSO_logo_h_rgb.jpg","og:image:width":945,"og:image:height":354,"article:published_time":"2021-02-11T09:12:06+00:00","article:modified_time":"2026-01-11T18:28:24+00:00","twitter:card":"summary_large_image","twitter:title":"Eventos y actividades - RABUSO","twitter:description":"Estos son los servicios que ofrecemos en esta \u00e1rea: Asambleas y Juntas Directivas Apoyo en la preparaci\u00f3n, coordinaci\u00f3n y organizaci\u00f3n de todo tipo de reuniones de Gobierno, presencialmente o por videoconferencia. Webinars Organizaci\u00f3n y coordinaci\u00f3n de v\u00eddeo-seminarios y sesiones de trabajo on-line, sobre temas t\u00e9cnicos o divulgativos. Gran variedad de recursos propios para la","twitter:image":"https:\/\/www.rabuso.com\/es\/cms\/files\/RABUSO_logo_h_rgb.jpg"},"aioseo_meta_data":{"post_id":"5157","title":"#post_title #separator_sa #site_title","description":"#post_excerpt","keywords":null,"keyphrases":null,"primary_term":null,"canonical_url":null,"og_title":null,"og_description":null,"og_object_type":"default","og_image_type":"default","og_image_url":null,"og_image_width":null,"og_image_height":null,"og_image_custom_url":null,"og_image_custom_fields":null,"og_video":null,"og_custom_url":null,"og_article_section":null,"og_article_tags":null,"twitter_use_og":false,"twitter_card":"default","twitter_image_type":"default","twitter_image_url":null,"twitter_image_custom_url":null,"twitter_image_custom_fields":null,"twitter_title":null,"twitter_description":null,"schema":{"blockGraphs":[],"customGraphs":[],"default":{"data":{"Article":[],"Course":[],"Dataset":[],"FAQPage":[],"Movie":[],"Person":[],"Product":[],"ProductReview":[],"Car":[],"Recipe":[],"Service":[],"SoftwareApplication":[],"WebPage":[]},"graphName":"","isEnabled":true},"graphs":[]},"schema_type":"default","schema_type_options":null,"pillar_content":false,"robots_default":true,"robots_noindex":false,"robots_noarchive":false,"robots_nosnippet":false,"robots_nofollow":false,"robots_noimageindex":false,"robots_noodp":false,"robots_notranslate":false,"robots_max_snippet":null,"robots_max_videopreview":null,"robots_max_imagepreview":"large","priority":null,"frequency":null,"local_seo":null,"seo_analyzer_scan_date":"2026-01-11 18:31:48","breadcrumb_settings":null,"limit_modified_date":false,"open_ai":null,"ai":null,"created":"2024-05-02 15:09:53","updated":"2026-01-11 18:31:48"},"aioseo_breadcrumb":"<div class=\"aioseo-breadcrumbs\"><span class=\"aioseo-breadcrumb\">\n\t<a href=\"https:\/\/www.rabuso.com\/es\" title=\"Home\">Home<\/a>\n<\/span><span class=\"aioseo-breadcrumb-separator\">&raquo;<\/span><span class=\"aioseo-breadcrumb\">\n\t<a href=\"https:\/\/www.rabuso.com\/es\/servicios\/\" title=\"Servicios\">Servicios<\/a>\n<\/span><span class=\"aioseo-breadcrumb-separator\">&raquo;<\/span><span class=\"aioseo-breadcrumb\">\n\t<a href=\"https:\/\/www.rabuso.com\/es\/servicios\/areas-de-trabajo\/\" title=\"\u00c1reas de trabajo\">\u00c1reas de trabajo<\/a>\n<\/span><span class=\"aioseo-breadcrumb-separator\">&raquo;<\/span><span class=\"aioseo-breadcrumb\">\n\tEventos y actividades\n<\/span><\/div>","aioseo_breadcrumb_json":[{"label":"Home","link":"https:\/\/www.rabuso.com\/es"},{"label":"Servicios","link":"https:\/\/www.rabuso.com\/es\/servicios\/"},{"label":"\u00c1reas de trabajo","link":"https:\/\/www.rabuso.com\/es\/servicios\/areas-de-trabajo\/"},{"label":"Eventos y actividades","link":"https:\/\/www.rabuso.com\/es\/servicios\/areas-de-trabajo\/eventos-y-actividades\/"}],"_links":{"self":[{"href":"https:\/\/www.rabuso.com\/es\/wp-json\/wp\/v2\/pages\/5157","targetHints":{"allow":["GET"]}}],"collection":[{"href":"https:\/\/www.rabuso.com\/es\/wp-json\/wp\/v2\/pages"}],"about":[{"href":"https:\/\/www.rabuso.com\/es\/wp-json\/wp\/v2\/types\/page"}],"author":[{"embeddable":true,"href":"https:\/\/www.rabuso.com\/es\/wp-json\/wp\/v2\/users\/373"}],"replies":[{"embeddable":true,"href":"https:\/\/www.rabuso.com\/es\/wp-json\/wp\/v2\/comments?post=5157"}],"version-history":[{"count":0,"href":"https:\/\/www.rabuso.com\/es\/wp-json\/wp\/v2\/pages\/5157\/revisions"}],"up":[{"embeddable":true,"href":"https:\/\/www.rabuso.com\/es\/wp-json\/wp\/v2\/pages\/9475"}],"wp:attachment":[{"href":"https:\/\/www.rabuso.com\/es\/wp-json\/wp\/v2\/media?parent=5157"}],"curies":[{"name":"wp","href":"https:\/\/api.w.org\/{rel}","templated":true}]}}