{"id":5155,"date":"2021-02-11T10:11:48","date_gmt":"2021-02-11T09:11:48","guid":{"rendered":"https:\/\/www.rabuso.com\/es\/?page_id=5155"},"modified":"2026-01-11T19:28:17","modified_gmt":"2026-01-11T18:28:17","slug":"comunicacion-y-marketing","status":"publish","type":"page","link":"https:\/\/www.rabuso.com\/es\/servicios\/areas-de-trabajo\/comunicacion-y-marketing\/","title":{"rendered":"Comunicaci\u00f3n y marketing"},"content":{"rendered":"<p><img decoding=\"async\" class=\"aligncenter size-full wp-image-5492\" src=\"https:\/\/www.rabuso.com\/es\/cms\/files\/RABUSO_Icono_Comunicacion_y_marketing.png\" alt=\"\" width=\"690\" height=\"388\" srcset=\"https:\/\/www.rabuso.com\/es\/cms\/files\/RABUSO_Icono_Comunicacion_y_marketing.png 690w, https:\/\/www.rabuso.com\/es\/cms\/files\/RABUSO_Icono_Comunicacion_y_marketing-230x130.png 230w\" sizes=\"(max-width: 690px) 100vw, 690px\" \/><\/p>\n<p>Estos son los servicios que ofrecemos en esta \u00e1rea:<\/p>\n<p><img decoding=\"async\" class=\"size-full wp-image-5458 alignleft\" src=\"https:\/\/www.rabuso.com\/es\/cms\/files\/RABUSO_Icono_Comunicacion.jpg\" alt=\"\" width=\"230\" height=\"130\" \/><\/p>\n<h3>Comunicaci\u00f3n interna y externa<\/h3>\n<p>Redacci\u00f3n y publicaci\u00f3n de contenidos, art\u00edculos y notas de prensa. Creaci\u00f3n y env\u00edo de boletines y difusi\u00f3n de las noticias de su asociaci\u00f3n.<\/p>\n<p>&nbsp;<\/p>\n<p>&nbsp;<\/p>\n<p><img decoding=\"async\" class=\"size-full wp-image-5477 alignleft\" src=\"https:\/\/www.rabuso.com\/es\/cms\/files\/RABUSO_Icono_Memorias.jpg\" alt=\"\" width=\"230\" height=\"130\" \/><\/p>\n<h3>Memorias y anuarios<\/h3>\n<p>Maquetaci\u00f3n y elaboraci\u00f3n de contenidos para memorias y anuarios de su asociaci\u00f3n, en formato digital o impreso. Coordinaci\u00f3n de la parte de contenidos y gesti\u00f3n de la parte comercial.<\/p>\n<p>&nbsp;<\/p>\n<p>&nbsp;<\/p>\n<p><img decoding=\"async\" class=\"size-full wp-image-5476 alignleft\" src=\"https:\/\/www.rabuso.com\/es\/cms\/files\/RABUSO_Icono_Medios.jpg\" alt=\"\" width=\"230\" height=\"130\" \/><\/p>\n<h3>Gesti\u00f3n de medios y RRPP<\/h3>\n<p>Elaboraci\u00f3n y actualizaci\u00f3n de la agenda de medios del sector. Relaciones con medios especializados\u00a0y prensa generalista. Preparaci\u00f3n de informes de presencia en medios y clipping de prensa.<\/p>\n<p>&nbsp;<\/p>\n<p>&nbsp;<\/p>\n<p><img decoding=\"async\" class=\"size-full wp-image-5462 alignleft\" src=\"https:\/\/www.rabuso.com\/es\/cms\/files\/RABUSO_Icono_Difusion.jpg\" alt=\"\" width=\"230\" height=\"130\" \/><\/p>\n<h3>Planes y campa\u00f1as de difusi\u00f3n<\/h3>\n<p>Elaboraci\u00f3n de planes estrat\u00e9gicos de marketing para dar m\u00e1s visiblidad a su asociaci\u00f3n. Desarrollo de campa\u00f1as de difusi\u00f3n, para posicionar o destacar actividades o proyectos especiales.<\/p>\n<p>&nbsp;<\/p>\n<p>&nbsp;<\/p>\n<p><img decoding=\"async\" class=\"size-full wp-image-5474 alignleft\" src=\"https:\/\/www.rabuso.com\/es\/cms\/files\/RABUSO_Icono_Internet.jpg\" alt=\"\" width=\"230\" height=\"130\" \/><\/p>\n<h3>Internet y redes sociales<\/h3>\n<p>Dise\u00f1o, actualizaci\u00f3n y mantenimiento de sitios web o portales tem\u00e1ticos. Creaci\u00f3n de canales oficiales de su asociaci\u00f3n en redes sociales.\u00a0Elaboraci\u00f3n y publicaci\u00f3n de contenidos en sitios web y en redes sociales.<\/p>\n<p>&nbsp;<\/p>\n<p>&nbsp;<\/p>\n<p><img decoding=\"async\" class=\"size-full wp-image-5457 alignleft\" src=\"https:\/\/www.rabuso.com\/es\/cms\/files\/RABUSO_Icono_Comercial.jpg\" alt=\"\" width=\"230\" height=\"130\" \/><\/p>\n<h3>Apoyo comercial<\/h3>\n<p>Asistencia en la preparaci\u00f3n de oportunidades de marketing para eventos, publicaciones y otras iniciativas de su asociaci\u00f3n. Gesti\u00f3n integral, de la representaci\u00f3n comercial, para atraer nuevos miembros o patrocinadores.<\/p>\n<p>&nbsp;<\/p>\n<p>&nbsp;<\/p>\n<h3><strong>V\u00eddeo<\/strong><\/h3>\n<p><iframe src=\"https:\/\/www.youtube.com\/embed\/xeEbsCIKuFs\" width=\"690\" height=\"388\" frameborder=\"0\" allowfullscreen=\"allowfullscreen\"><span data-mce-type=\"bookmark\" style=\"display: inline-block; width: 0px; overflow: hidden; line-height: 0;\" class=\"mce_SELRES_start\">\ufeff<\/span><span data-mce-type=\"bookmark\" style=\"display: inline-block; width: 0px; overflow: hidden; line-height: 0;\" class=\"mce_SELRES_start\">\ufeff<\/span><span data-mce-type=\"bookmark\" style=\"display: inline-block; width: 0px; overflow: hidden; line-height: 0;\" class=\"mce_SELRES_start\">\ufeff<\/span><\/iframe><\/p>\n","protected":false},"excerpt":{"rendered":"<p>Estos son los servicios que ofrecemos en esta \u00e1rea: Comunicaci\u00f3n interna y externa Redacci\u00f3n y publicaci\u00f3n de contenidos, art\u00edculos y notas de prensa. Creaci\u00f3n y env\u00edo de boletines y difusi\u00f3n de las noticias de su asociaci\u00f3n. &nbsp; &nbsp; Memorias y anuarios Maquetaci\u00f3n y elaboraci\u00f3n de contenidos para memorias y anuarios de su asociaci\u00f3n, en formato [&hellip;]<\/p>\n","protected":false},"author":373,"featured_media":0,"parent":9475,"menu_order":2,"comment_status":"closed","ping_status":"closed","template":"","meta":{"_acf_changed":false,"footnotes":""},"class_list":["post-5155","page","type-page","status-publish","hentry"],"acf":[],"aioseo_notices":[],"aioseo_head":"\n\t\t<!-- All in One SEO Pro 4.9.6.1 - aioseo.com -->\n\t<meta name=\"description\" content=\"Estos son los servicios que ofrecemos en esta \u00e1rea: Comunicaci\u00f3n interna y externa Redacci\u00f3n y publicaci\u00f3n de contenidos, art\u00edculos y notas de prensa. Creaci\u00f3n y env\u00edo de boletines y difusi\u00f3n de las noticias de su asociaci\u00f3n. Memorias y anuarios Maquetaci\u00f3n y elaboraci\u00f3n de contenidos para memorias y anuarios de su asociaci\u00f3n, en formato\" \/>\n\t<meta name=\"robots\" content=\"max-image-preview:large\" \/>\n\t<link rel=\"canonical\" href=\"https:\/\/www.rabuso.com\/es\/servicios\/areas-de-trabajo\/comunicacion-y-marketing\/\" \/>\n\t<meta name=\"generator\" content=\"All in One SEO Pro (AIOSEO) 4.9.6.1\" \/>\n\t\t<meta property=\"og:locale\" content=\"es_ES\" \/>\n\t\t<meta property=\"og:site_name\" content=\"RABUSO - Soluciones para asociaciones\" \/>\n\t\t<meta property=\"og:type\" content=\"article\" \/>\n\t\t<meta property=\"og:title\" content=\"Comunicaci\u00f3n y marketing - RABUSO\" \/>\n\t\t<meta property=\"og:description\" content=\"Estos son los servicios que ofrecemos en esta \u00e1rea: Comunicaci\u00f3n interna y externa Redacci\u00f3n y publicaci\u00f3n de contenidos, art\u00edculos y notas de prensa. Creaci\u00f3n y env\u00edo de boletines y difusi\u00f3n de las noticias de su asociaci\u00f3n. Memorias y anuarios Maquetaci\u00f3n y elaboraci\u00f3n de contenidos para memorias y anuarios de su asociaci\u00f3n, en formato\" \/>\n\t\t<meta property=\"og:url\" content=\"https:\/\/www.rabuso.com\/es\/servicios\/areas-de-trabajo\/comunicacion-y-marketing\/\" \/>\n\t\t<meta property=\"og:image\" content=\"https:\/\/www.rabuso.com\/es\/cms\/files\/RABUSO_logo_h_rgb.jpg\" \/>\n\t\t<meta property=\"og:image:secure_url\" content=\"https:\/\/www.rabuso.com\/es\/cms\/files\/RABUSO_logo_h_rgb.jpg\" \/>\n\t\t<meta property=\"og:image:width\" content=\"945\" \/>\n\t\t<meta property=\"og:image:height\" content=\"354\" \/>\n\t\t<meta property=\"article:published_time\" content=\"2021-02-11T09:11:48+00:00\" \/>\n\t\t<meta property=\"article:modified_time\" content=\"2026-01-11T18:28:17+00:00\" \/>\n\t\t<meta name=\"twitter:card\" content=\"summary_large_image\" \/>\n\t\t<meta name=\"twitter:title\" content=\"Comunicaci\u00f3n y marketing - RABUSO\" \/>\n\t\t<meta name=\"twitter:description\" content=\"Estos son los servicios que ofrecemos en esta \u00e1rea: Comunicaci\u00f3n interna y externa Redacci\u00f3n y publicaci\u00f3n de contenidos, art\u00edculos y notas de prensa. Creaci\u00f3n y env\u00edo de boletines y difusi\u00f3n de las noticias de su asociaci\u00f3n. Memorias y anuarios Maquetaci\u00f3n y elaboraci\u00f3n de contenidos para memorias y anuarios de su asociaci\u00f3n, en formato\" \/>\n\t\t<meta name=\"twitter:image\" content=\"https:\/\/www.rabuso.com\/es\/cms\/files\/RABUSO_logo_h_rgb.jpg\" \/>\n\t\t<script type=\"application\/ld+json\" class=\"aioseo-schema\">\n\t\t\t{\"@context\":\"https:\\\/\\\/schema.org\",\"@graph\":[{\"@type\":\"BreadcrumbList\",\"@id\":\"https:\\\/\\\/www.rabuso.com\\\/es\\\/servicios\\\/areas-de-trabajo\\\/comunicacion-y-marketing\\\/#breadcrumblist\",\"itemListElement\":[{\"@type\":\"ListItem\",\"@id\":\"https:\\\/\\\/www.rabuso.com\\\/es#listItem\",\"position\":1,\"name\":\"Home\",\"item\":\"https:\\\/\\\/www.rabuso.com\\\/es\",\"nextItem\":{\"@type\":\"ListItem\",\"@id\":\"https:\\\/\\\/www.rabuso.com\\\/es\\\/servicios\\\/#listItem\",\"name\":\"Servicios\"}},{\"@type\":\"ListItem\",\"@id\":\"https:\\\/\\\/www.rabuso.com\\\/es\\\/servicios\\\/#listItem\",\"position\":2,\"name\":\"Servicios\",\"item\":\"https:\\\/\\\/www.rabuso.com\\\/es\\\/servicios\\\/\",\"nextItem\":{\"@type\":\"ListItem\",\"@id\":\"https:\\\/\\\/www.rabuso.com\\\/es\\\/servicios\\\/areas-de-trabajo\\\/#listItem\",\"name\":\"\\u00c1reas de trabajo\"},\"previousItem\":{\"@type\":\"ListItem\",\"@id\":\"https:\\\/\\\/www.rabuso.com\\\/es#listItem\",\"name\":\"Home\"}},{\"@type\":\"ListItem\",\"@id\":\"https:\\\/\\\/www.rabuso.com\\\/es\\\/servicios\\\/areas-de-trabajo\\\/#listItem\",\"position\":3,\"name\":\"\\u00c1reas de trabajo\",\"item\":\"https:\\\/\\\/www.rabuso.com\\\/es\\\/servicios\\\/areas-de-trabajo\\\/\",\"nextItem\":{\"@type\":\"ListItem\",\"@id\":\"https:\\\/\\\/www.rabuso.com\\\/es\\\/servicios\\\/areas-de-trabajo\\\/comunicacion-y-marketing\\\/#listItem\",\"name\":\"Comunicaci\\u00f3n y marketing\"},\"previousItem\":{\"@type\":\"ListItem\",\"@id\":\"https:\\\/\\\/www.rabuso.com\\\/es\\\/servicios\\\/#listItem\",\"name\":\"Servicios\"}},{\"@type\":\"ListItem\",\"@id\":\"https:\\\/\\\/www.rabuso.com\\\/es\\\/servicios\\\/areas-de-trabajo\\\/comunicacion-y-marketing\\\/#listItem\",\"position\":4,\"name\":\"Comunicaci\\u00f3n y marketing\",\"previousItem\":{\"@type\":\"ListItem\",\"@id\":\"https:\\\/\\\/www.rabuso.com\\\/es\\\/servicios\\\/areas-de-trabajo\\\/#listItem\",\"name\":\"\\u00c1reas de trabajo\"}}]},{\"@type\":\"Organization\",\"@id\":\"https:\\\/\\\/www.rabuso.com\\\/es\\\/#organization\",\"name\":\"RABUSO\",\"description\":\"Soluciones para asociaciones\",\"url\":\"https:\\\/\\\/www.rabuso.com\\\/es\\\/\",\"telephone\":\"+34912772037\",\"logo\":{\"@type\":\"ImageObject\",\"url\":\"https:\\\/\\\/www.rabuso.com\\\/es\\\/cms\\\/files\\\/RABUSO_logo_h_rgb.jpg\",\"@id\":\"https:\\\/\\\/www.rabuso.com\\\/es\\\/servicios\\\/areas-de-trabajo\\\/comunicacion-y-marketing\\\/#organizationLogo\",\"width\":945,\"height\":354},\"image\":{\"@id\":\"https:\\\/\\\/www.rabuso.com\\\/es\\\/servicios\\\/areas-de-trabajo\\\/comunicacion-y-marketing\\\/#organizationLogo\"},\"sameAs\":[\"https:\\\/\\\/www.youtube.com\\\/@RABUSOamc\",\"https:\\\/\\\/www.linkedin.com\\\/company\\\/RABUSOamc\"]},{\"@type\":\"WebPage\",\"@id\":\"https:\\\/\\\/www.rabuso.com\\\/es\\\/servicios\\\/areas-de-trabajo\\\/comunicacion-y-marketing\\\/#webpage\",\"url\":\"https:\\\/\\\/www.rabuso.com\\\/es\\\/servicios\\\/areas-de-trabajo\\\/comunicacion-y-marketing\\\/\",\"name\":\"Comunicaci\\u00f3n y marketing - RABUSO\",\"description\":\"Estos son los servicios que ofrecemos en esta \\u00e1rea: Comunicaci\\u00f3n interna y externa Redacci\\u00f3n y publicaci\\u00f3n de contenidos, art\\u00edculos y notas de prensa. Creaci\\u00f3n y env\\u00edo de boletines y difusi\\u00f3n de las noticias de su asociaci\\u00f3n. Memorias y anuarios Maquetaci\\u00f3n y elaboraci\\u00f3n de contenidos para memorias y anuarios de su asociaci\\u00f3n, en formato\",\"inLanguage\":\"es-ES\",\"isPartOf\":{\"@id\":\"https:\\\/\\\/www.rabuso.com\\\/es\\\/#website\"},\"breadcrumb\":{\"@id\":\"https:\\\/\\\/www.rabuso.com\\\/es\\\/servicios\\\/areas-de-trabajo\\\/comunicacion-y-marketing\\\/#breadcrumblist\"},\"datePublished\":\"2021-02-11T10:11:48+01:00\",\"dateModified\":\"2026-01-11T19:28:17+01:00\"},{\"@type\":\"WebSite\",\"@id\":\"https:\\\/\\\/www.rabuso.com\\\/es\\\/#website\",\"url\":\"https:\\\/\\\/www.rabuso.com\\\/es\\\/\",\"name\":\"RABUSO\",\"description\":\"Soluciones para asociaciones\",\"inLanguage\":\"es-ES\",\"publisher\":{\"@id\":\"https:\\\/\\\/www.rabuso.com\\\/es\\\/#organization\"}}]}\n\t\t<\/script>\n\t\t<!-- All in One SEO Pro -->\r\n\t\t<title>Comunicaci\u00f3n y marketing - RABUSO<\/title>\n\n","aioseo_head_json":{"title":"Comunicaci\u00f3n y marketing - RABUSO","description":"Estos son los servicios que ofrecemos en esta \u00e1rea: Comunicaci\u00f3n interna y externa Redacci\u00f3n y publicaci\u00f3n de contenidos, art\u00edculos y notas de prensa. Creaci\u00f3n y env\u00edo de boletines y difusi\u00f3n de las noticias de su asociaci\u00f3n. Memorias y anuarios Maquetaci\u00f3n y elaboraci\u00f3n de contenidos para memorias y anuarios de su asociaci\u00f3n, en formato","canonical_url":"https:\/\/www.rabuso.com\/es\/servicios\/areas-de-trabajo\/comunicacion-y-marketing\/","robots":"max-image-preview:large","keywords":"","webmasterTools":{"miscellaneous":""},"schema":{"@context":"https:\/\/schema.org","@graph":[{"@type":"BreadcrumbList","@id":"https:\/\/www.rabuso.com\/es\/servicios\/areas-de-trabajo\/comunicacion-y-marketing\/#breadcrumblist","itemListElement":[{"@type":"ListItem","@id":"https:\/\/www.rabuso.com\/es#listItem","position":1,"name":"Home","item":"https:\/\/www.rabuso.com\/es","nextItem":{"@type":"ListItem","@id":"https:\/\/www.rabuso.com\/es\/servicios\/#listItem","name":"Servicios"}},{"@type":"ListItem","@id":"https:\/\/www.rabuso.com\/es\/servicios\/#listItem","position":2,"name":"Servicios","item":"https:\/\/www.rabuso.com\/es\/servicios\/","nextItem":{"@type":"ListItem","@id":"https:\/\/www.rabuso.com\/es\/servicios\/areas-de-trabajo\/#listItem","name":"\u00c1reas de trabajo"},"previousItem":{"@type":"ListItem","@id":"https:\/\/www.rabuso.com\/es#listItem","name":"Home"}},{"@type":"ListItem","@id":"https:\/\/www.rabuso.com\/es\/servicios\/areas-de-trabajo\/#listItem","position":3,"name":"\u00c1reas de trabajo","item":"https:\/\/www.rabuso.com\/es\/servicios\/areas-de-trabajo\/","nextItem":{"@type":"ListItem","@id":"https:\/\/www.rabuso.com\/es\/servicios\/areas-de-trabajo\/comunicacion-y-marketing\/#listItem","name":"Comunicaci\u00f3n y marketing"},"previousItem":{"@type":"ListItem","@id":"https:\/\/www.rabuso.com\/es\/servicios\/#listItem","name":"Servicios"}},{"@type":"ListItem","@id":"https:\/\/www.rabuso.com\/es\/servicios\/areas-de-trabajo\/comunicacion-y-marketing\/#listItem","position":4,"name":"Comunicaci\u00f3n y marketing","previousItem":{"@type":"ListItem","@id":"https:\/\/www.rabuso.com\/es\/servicios\/areas-de-trabajo\/#listItem","name":"\u00c1reas de trabajo"}}]},{"@type":"Organization","@id":"https:\/\/www.rabuso.com\/es\/#organization","name":"RABUSO","description":"Soluciones para asociaciones","url":"https:\/\/www.rabuso.com\/es\/","telephone":"+34912772037","logo":{"@type":"ImageObject","url":"https:\/\/www.rabuso.com\/es\/cms\/files\/RABUSO_logo_h_rgb.jpg","@id":"https:\/\/www.rabuso.com\/es\/servicios\/areas-de-trabajo\/comunicacion-y-marketing\/#organizationLogo","width":945,"height":354},"image":{"@id":"https:\/\/www.rabuso.com\/es\/servicios\/areas-de-trabajo\/comunicacion-y-marketing\/#organizationLogo"},"sameAs":["https:\/\/www.youtube.com\/@RABUSOamc","https:\/\/www.linkedin.com\/company\/RABUSOamc"]},{"@type":"WebPage","@id":"https:\/\/www.rabuso.com\/es\/servicios\/areas-de-trabajo\/comunicacion-y-marketing\/#webpage","url":"https:\/\/www.rabuso.com\/es\/servicios\/areas-de-trabajo\/comunicacion-y-marketing\/","name":"Comunicaci\u00f3n y marketing - RABUSO","description":"Estos son los servicios que ofrecemos en esta \u00e1rea: Comunicaci\u00f3n interna y externa Redacci\u00f3n y publicaci\u00f3n de contenidos, art\u00edculos y notas de prensa. Creaci\u00f3n y env\u00edo de boletines y difusi\u00f3n de las noticias de su asociaci\u00f3n. Memorias y anuarios Maquetaci\u00f3n y elaboraci\u00f3n de contenidos para memorias y anuarios de su asociaci\u00f3n, en formato","inLanguage":"es-ES","isPartOf":{"@id":"https:\/\/www.rabuso.com\/es\/#website"},"breadcrumb":{"@id":"https:\/\/www.rabuso.com\/es\/servicios\/areas-de-trabajo\/comunicacion-y-marketing\/#breadcrumblist"},"datePublished":"2021-02-11T10:11:48+01:00","dateModified":"2026-01-11T19:28:17+01:00"},{"@type":"WebSite","@id":"https:\/\/www.rabuso.com\/es\/#website","url":"https:\/\/www.rabuso.com\/es\/","name":"RABUSO","description":"Soluciones para asociaciones","inLanguage":"es-ES","publisher":{"@id":"https:\/\/www.rabuso.com\/es\/#organization"}}]},"og:locale":"es_ES","og:site_name":"RABUSO - Soluciones para asociaciones","og:type":"article","og:title":"Comunicaci\u00f3n y marketing - RABUSO","og:description":"Estos son los servicios que ofrecemos en esta \u00e1rea: Comunicaci\u00f3n interna y externa Redacci\u00f3n y publicaci\u00f3n de contenidos, art\u00edculos y notas de prensa. Creaci\u00f3n y env\u00edo de boletines y difusi\u00f3n de las noticias de su asociaci\u00f3n. Memorias y anuarios Maquetaci\u00f3n y elaboraci\u00f3n de contenidos para memorias y anuarios de su asociaci\u00f3n, en formato","og:url":"https:\/\/www.rabuso.com\/es\/servicios\/areas-de-trabajo\/comunicacion-y-marketing\/","og:image":"https:\/\/www.rabuso.com\/es\/cms\/files\/RABUSO_logo_h_rgb.jpg","og:image:secure_url":"https:\/\/www.rabuso.com\/es\/cms\/files\/RABUSO_logo_h_rgb.jpg","og:image:width":945,"og:image:height":354,"article:published_time":"2021-02-11T09:11:48+00:00","article:modified_time":"2026-01-11T18:28:17+00:00","twitter:card":"summary_large_image","twitter:title":"Comunicaci\u00f3n y marketing - RABUSO","twitter:description":"Estos son los servicios que ofrecemos en esta \u00e1rea: Comunicaci\u00f3n interna y externa Redacci\u00f3n y publicaci\u00f3n de contenidos, art\u00edculos y notas de prensa. Creaci\u00f3n y env\u00edo de boletines y difusi\u00f3n de las noticias de su asociaci\u00f3n. Memorias y anuarios Maquetaci\u00f3n y elaboraci\u00f3n de contenidos para memorias y anuarios de su asociaci\u00f3n, en formato","twitter:image":"https:\/\/www.rabuso.com\/es\/cms\/files\/RABUSO_logo_h_rgb.jpg"},"aioseo_meta_data":{"post_id":"5155","title":"#post_title #separator_sa #site_title","description":"#post_excerpt","keywords":null,"keyphrases":null,"primary_term":null,"canonical_url":null,"og_title":null,"og_description":null,"og_object_type":"default","og_image_type":"default","og_image_url":null,"og_image_width":null,"og_image_height":null,"og_image_custom_url":null,"og_image_custom_fields":null,"og_video":null,"og_custom_url":null,"og_article_section":null,"og_article_tags":null,"twitter_use_og":false,"twitter_card":"default","twitter_image_type":"default","twitter_image_url":null,"twitter_image_custom_url":null,"twitter_image_custom_fields":null,"twitter_title":null,"twitter_description":null,"schema":{"blockGraphs":[],"customGraphs":[],"default":{"data":{"Article":[],"Course":[],"Dataset":[],"FAQPage":[],"Movie":[],"Person":[],"Product":[],"ProductReview":[],"Car":[],"Recipe":[],"Service":[],"SoftwareApplication":[],"WebPage":[]},"graphName":"","isEnabled":true},"graphs":[]},"schema_type":"default","schema_type_options":null,"pillar_content":false,"robots_default":true,"robots_noindex":false,"robots_noarchive":false,"robots_nosnippet":false,"robots_nofollow":false,"robots_noimageindex":false,"robots_noodp":false,"robots_notranslate":false,"robots_max_snippet":null,"robots_max_videopreview":null,"robots_max_imagepreview":"large","priority":null,"frequency":null,"local_seo":null,"seo_analyzer_scan_date":"2026-01-11 18:31:50","breadcrumb_settings":null,"limit_modified_date":false,"open_ai":null,"ai":null,"created":"2024-05-02 15:09:53","updated":"2026-01-11 18:31:50"},"aioseo_breadcrumb":"<div class=\"aioseo-breadcrumbs\"><span class=\"aioseo-breadcrumb\">\n\t<a href=\"https:\/\/www.rabuso.com\/es\" title=\"Home\">Home<\/a>\n<\/span><span class=\"aioseo-breadcrumb-separator\">&raquo;<\/span><span class=\"aioseo-breadcrumb\">\n\t<a href=\"https:\/\/www.rabuso.com\/es\/servicios\/\" title=\"Servicios\">Servicios<\/a>\n<\/span><span class=\"aioseo-breadcrumb-separator\">&raquo;<\/span><span class=\"aioseo-breadcrumb\">\n\t<a href=\"https:\/\/www.rabuso.com\/es\/servicios\/areas-de-trabajo\/\" title=\"\u00c1reas de trabajo\">\u00c1reas de trabajo<\/a>\n<\/span><span class=\"aioseo-breadcrumb-separator\">&raquo;<\/span><span class=\"aioseo-breadcrumb\">\n\tComunicaci\u00f3n y marketing\n<\/span><\/div>","aioseo_breadcrumb_json":[{"label":"Home","link":"https:\/\/www.rabuso.com\/es"},{"label":"Servicios","link":"https:\/\/www.rabuso.com\/es\/servicios\/"},{"label":"\u00c1reas de trabajo","link":"https:\/\/www.rabuso.com\/es\/servicios\/areas-de-trabajo\/"},{"label":"Comunicaci\u00f3n y marketing","link":"https:\/\/www.rabuso.com\/es\/servicios\/areas-de-trabajo\/comunicacion-y-marketing\/"}],"_links":{"self":[{"href":"https:\/\/www.rabuso.com\/es\/wp-json\/wp\/v2\/pages\/5155","targetHints":{"allow":["GET"]}}],"collection":[{"href":"https:\/\/www.rabuso.com\/es\/wp-json\/wp\/v2\/pages"}],"about":[{"href":"https:\/\/www.rabuso.com\/es\/wp-json\/wp\/v2\/types\/page"}],"author":[{"embeddable":true,"href":"https:\/\/www.rabuso.com\/es\/wp-json\/wp\/v2\/users\/373"}],"replies":[{"embeddable":true,"href":"https:\/\/www.rabuso.com\/es\/wp-json\/wp\/v2\/comments?post=5155"}],"version-history":[{"count":0,"href":"https:\/\/www.rabuso.com\/es\/wp-json\/wp\/v2\/pages\/5155\/revisions"}],"up":[{"embeddable":true,"href":"https:\/\/www.rabuso.com\/es\/wp-json\/wp\/v2\/pages\/9475"}],"wp:attachment":[{"href":"https:\/\/www.rabuso.com\/es\/wp-json\/wp\/v2\/media?parent=5155"}],"curies":[{"name":"wp","href":"https:\/\/api.w.org\/{rel}","templated":true}]}}