{"id":5141,"date":"2021-02-11T09:59:17","date_gmt":"2021-02-11T08:59:17","guid":{"rendered":"https:\/\/www.rabuso.com\/es\/?page_id=5141"},"modified":"2026-01-11T18:37:43","modified_gmt":"2026-01-11T17:37:43","slug":"metodologia","status":"publish","type":"page","link":"https:\/\/www.rabuso.com\/es\/empresa\/metodologia\/","title":{"rendered":"Metodolog\u00eda"},"content":{"rendered":"<p><img decoding=\"async\" class=\"size-full wp-image-8375 aligncenter\" src=\"https:\/\/www.rabuso.com\/es\/cms\/files\/RABUSO_Internet_Ilustraciones_Metodologia_690x390.jpg\" alt=\"\" width=\"690\" height=\"390\" srcset=\"https:\/\/www.rabuso.com\/es\/cms\/files\/RABUSO_Internet_Ilustraciones_Metodologia_690x390.jpg 690w, https:\/\/www.rabuso.com\/es\/cms\/files\/RABUSO_Internet_Ilustraciones_Metodologia_690x390-230x130.jpg 230w\" sizes=\"(max-width: 690px) 100vw, 690px\" \/><\/p>\n<p>Nuestra metodolog\u00eda de trabajo consiste en ayudar de forma creativa e innovadora a las asociaciones a volver a pensar su propia misi\u00f3n y objetivos.<\/p>\n<p>Enfocar sus acciones de un modo muy pr\u00e1ctico para conseguir resultados directos para sus miembros.<\/p>\n<p>En Rabuso, aportamos el conocimiento de un equipo completamente centrado en esta actividad, junto con muchas sinergias derivadas de una gran red contactos, amplia experiencia en campos y proyectos muy variados, junto con un alto grado de innovaci\u00f3n aplicado al \u00e1mbito asociativo.<\/p>\n<p>&nbsp;<\/p>\n<table border=\"0\">\n<tbody>\n<tr>\n<td width=\"230\"><img decoding=\"async\" class=\"wp-image-8373 size-thumbnail aligncenter\" src=\"https:\/\/www.rabuso.com\/es\/cms\/files\/RABUSO_Internet_Icono_Sesiones_de_Networking_690x390-230x130.jpg\" alt=\"\" width=\"230\" height=\"130\" srcset=\"https:\/\/www.rabuso.com\/es\/cms\/files\/RABUSO_Internet_Icono_Sesiones_de_Networking_690x390-230x130.jpg 230w, https:\/\/www.rabuso.com\/es\/cms\/files\/RABUSO_Internet_Icono_Sesiones_de_Networking_690x390.jpg 690w\" sizes=\"(max-width: 230px) 100vw, 230px\" \/><\/p>\n<p style=\"text-align: center;\">Sesiones de Networking<\/p>\n<\/td>\n<td width=\"230\"><img decoding=\"async\" class=\"wp-image-8371 size-thumbnail aligncenter\" src=\"https:\/\/www.rabuso.com\/es\/cms\/files\/RABUSO_Internet_Icono_Grupos_de_trabajo690x390-230x130.jpg\" alt=\"\" width=\"230\" height=\"130\" srcset=\"https:\/\/www.rabuso.com\/es\/cms\/files\/RABUSO_Internet_Icono_Grupos_de_trabajo690x390-230x130.jpg 230w, https:\/\/www.rabuso.com\/es\/cms\/files\/RABUSO_Internet_Icono_Grupos_de_trabajo690x390.jpg 690w\" sizes=\"(max-width: 230px) 100vw, 230px\" \/><\/p>\n<p style=\"text-align: center;\">Grupos de trabajo<\/p>\n<\/td>\n<\/tr>\n<tr>\n<td width=\"230\"><img decoding=\"async\" class=\"wp-image-8378 size-thumbnail aligncenter\" src=\"https:\/\/www.rabuso.com\/es\/cms\/files\/RABUSO_Internet_Icono_Conferencias_divulgativas_690x390-230x130.jpg\" alt=\"\" width=\"230\" height=\"130\" srcset=\"https:\/\/www.rabuso.com\/es\/cms\/files\/RABUSO_Internet_Icono_Conferencias_divulgativas_690x390-230x130.jpg 230w, https:\/\/www.rabuso.com\/es\/cms\/files\/RABUSO_Internet_Icono_Conferencias_divulgativas_690x390.jpg 690w\" sizes=\"(max-width: 230px) 100vw, 230px\" \/><\/p>\n<p style=\"text-align: center;\">Conferencias divulgativas<\/p>\n<\/td>\n<td width=\"230\"><img decoding=\"async\" class=\"wp-image-8372 size-thumbnail aligncenter\" src=\"https:\/\/www.rabuso.com\/es\/cms\/files\/RABUSO_Internet_Icono_Sesiones_Tematicas_390x690-230x130.jpg\" alt=\"\" width=\"230\" height=\"130\" srcset=\"https:\/\/www.rabuso.com\/es\/cms\/files\/RABUSO_Internet_Icono_Sesiones_Tematicas_390x690-230x130.jpg 230w, https:\/\/www.rabuso.com\/es\/cms\/files\/RABUSO_Internet_Icono_Sesiones_Tematicas_390x690.jpg 690w\" sizes=\"(max-width: 230px) 100vw, 230px\" \/><\/p>\n<p style=\"text-align: center;\">Sesiones tem\u00e1ticas<\/p>\n<\/td>\n<\/tr>\n<\/tbody>\n<\/table>\n<p>&nbsp;<\/p>\n","protected":false},"excerpt":{"rendered":"<p>Nuestra metodolog\u00eda de trabajo consiste en ayudar de forma creativa e innovadora a las asociaciones a volver a pensar su propia misi\u00f3n y objetivos. Enfocar sus acciones de un modo muy pr\u00e1ctico para conseguir resultados directos para sus miembros. En Rabuso, aportamos el conocimiento de un equipo completamente centrado en esta actividad, junto con muchas [&hellip;]<\/p>\n","protected":false},"author":373,"featured_media":0,"parent":4,"menu_order":4,"comment_status":"closed","ping_status":"closed","template":"","meta":{"_acf_changed":false,"footnotes":""},"class_list":["post-5141","page","type-page","status-publish","hentry"],"acf":[],"aioseo_notices":[],"aioseo_head":"\n\t\t<!-- All in One SEO Pro 4.9.6.1 - aioseo.com -->\n\t<meta name=\"description\" content=\"Nuestra metodolog\u00eda de trabajo consiste en ayudar de forma creativa e innovadora a las asociaciones a volver a pensar su propia misi\u00f3n y objetivos. Enfocar sus acciones de un modo muy pr\u00e1ctico para conseguir resultados directos para sus miembros. En Rabuso, aportamos el conocimiento de un equipo completamente centrado en esta actividad, junto con muchas\" \/>\n\t<meta name=\"robots\" content=\"max-image-preview:large\" \/>\n\t<link rel=\"canonical\" href=\"https:\/\/www.rabuso.com\/es\/empresa\/metodologia\/\" \/>\n\t<meta name=\"generator\" content=\"All in One SEO Pro (AIOSEO) 4.9.6.1\" \/>\n\t\t<meta property=\"og:locale\" content=\"es_ES\" \/>\n\t\t<meta property=\"og:site_name\" content=\"RABUSO - Soluciones para asociaciones\" \/>\n\t\t<meta property=\"og:type\" content=\"article\" \/>\n\t\t<meta property=\"og:title\" content=\"Metodolog\u00eda - RABUSO\" \/>\n\t\t<meta property=\"og:description\" content=\"Nuestra metodolog\u00eda de trabajo consiste en ayudar de forma creativa e innovadora a las asociaciones a volver a pensar su propia misi\u00f3n y objetivos. Enfocar sus acciones de un modo muy pr\u00e1ctico para conseguir resultados directos para sus miembros. En Rabuso, aportamos el conocimiento de un equipo completamente centrado en esta actividad, junto con muchas\" \/>\n\t\t<meta property=\"og:url\" content=\"https:\/\/www.rabuso.com\/es\/empresa\/metodologia\/\" \/>\n\t\t<meta property=\"og:image\" content=\"https:\/\/www.rabuso.com\/es\/cms\/files\/RABUSO_logo_h_rgb.jpg\" \/>\n\t\t<meta property=\"og:image:secure_url\" content=\"https:\/\/www.rabuso.com\/es\/cms\/files\/RABUSO_logo_h_rgb.jpg\" \/>\n\t\t<meta property=\"og:image:width\" content=\"945\" \/>\n\t\t<meta property=\"og:image:height\" content=\"354\" \/>\n\t\t<meta property=\"article:published_time\" content=\"2021-02-11T08:59:17+00:00\" \/>\n\t\t<meta property=\"article:modified_time\" content=\"2026-01-11T17:37:43+00:00\" \/>\n\t\t<meta name=\"twitter:card\" content=\"summary_large_image\" \/>\n\t\t<meta name=\"twitter:title\" content=\"Metodolog\u00eda - RABUSO\" \/>\n\t\t<meta name=\"twitter:description\" content=\"Nuestra metodolog\u00eda de trabajo consiste en ayudar de forma creativa e innovadora a las asociaciones a volver a pensar su propia misi\u00f3n y objetivos. Enfocar sus acciones de un modo muy pr\u00e1ctico para conseguir resultados directos para sus miembros. En Rabuso, aportamos el conocimiento de un equipo completamente centrado en esta actividad, junto con muchas\" \/>\n\t\t<meta name=\"twitter:image\" content=\"https:\/\/www.rabuso.com\/es\/cms\/files\/RABUSO_logo_h_rgb.jpg\" \/>\n\t\t<script type=\"application\/ld+json\" class=\"aioseo-schema\">\n\t\t\t{\"@context\":\"https:\\\/\\\/schema.org\",\"@graph\":[{\"@type\":\"BreadcrumbList\",\"@id\":\"https:\\\/\\\/www.rabuso.com\\\/es\\\/empresa\\\/metodologia\\\/#breadcrumblist\",\"itemListElement\":[{\"@type\":\"ListItem\",\"@id\":\"https:\\\/\\\/www.rabuso.com\\\/es#listItem\",\"position\":1,\"name\":\"Home\",\"item\":\"https:\\\/\\\/www.rabuso.com\\\/es\",\"nextItem\":{\"@type\":\"ListItem\",\"@id\":\"https:\\\/\\\/www.rabuso.com\\\/es\\\/empresa\\\/#listItem\",\"name\":\"Empresa\"}},{\"@type\":\"ListItem\",\"@id\":\"https:\\\/\\\/www.rabuso.com\\\/es\\\/empresa\\\/#listItem\",\"position\":2,\"name\":\"Empresa\",\"item\":\"https:\\\/\\\/www.rabuso.com\\\/es\\\/empresa\\\/\",\"nextItem\":{\"@type\":\"ListItem\",\"@id\":\"https:\\\/\\\/www.rabuso.com\\\/es\\\/empresa\\\/metodologia\\\/#listItem\",\"name\":\"Metodolog\\u00eda\"},\"previousItem\":{\"@type\":\"ListItem\",\"@id\":\"https:\\\/\\\/www.rabuso.com\\\/es#listItem\",\"name\":\"Home\"}},{\"@type\":\"ListItem\",\"@id\":\"https:\\\/\\\/www.rabuso.com\\\/es\\\/empresa\\\/metodologia\\\/#listItem\",\"position\":3,\"name\":\"Metodolog\\u00eda\",\"previousItem\":{\"@type\":\"ListItem\",\"@id\":\"https:\\\/\\\/www.rabuso.com\\\/es\\\/empresa\\\/#listItem\",\"name\":\"Empresa\"}}]},{\"@type\":\"Organization\",\"@id\":\"https:\\\/\\\/www.rabuso.com\\\/es\\\/#organization\",\"name\":\"RABUSO\",\"description\":\"Soluciones para asociaciones\",\"url\":\"https:\\\/\\\/www.rabuso.com\\\/es\\\/\",\"telephone\":\"+34912772037\",\"logo\":{\"@type\":\"ImageObject\",\"url\":\"https:\\\/\\\/www.rabuso.com\\\/es\\\/cms\\\/files\\\/RABUSO_logo_h_rgb.jpg\",\"@id\":\"https:\\\/\\\/www.rabuso.com\\\/es\\\/empresa\\\/metodologia\\\/#organizationLogo\",\"width\":945,\"height\":354},\"image\":{\"@id\":\"https:\\\/\\\/www.rabuso.com\\\/es\\\/empresa\\\/metodologia\\\/#organizationLogo\"},\"sameAs\":[\"https:\\\/\\\/www.youtube.com\\\/@RABUSOamc\",\"https:\\\/\\\/www.linkedin.com\\\/company\\\/RABUSOamc\"]},{\"@type\":\"WebPage\",\"@id\":\"https:\\\/\\\/www.rabuso.com\\\/es\\\/empresa\\\/metodologia\\\/#webpage\",\"url\":\"https:\\\/\\\/www.rabuso.com\\\/es\\\/empresa\\\/metodologia\\\/\",\"name\":\"Metodolog\\u00eda - RABUSO\",\"description\":\"Nuestra metodolog\\u00eda de trabajo consiste en ayudar de forma creativa e innovadora a las asociaciones a volver a pensar su propia misi\\u00f3n y objetivos. Enfocar sus acciones de un modo muy pr\\u00e1ctico para conseguir resultados directos para sus miembros. En Rabuso, aportamos el conocimiento de un equipo completamente centrado en esta actividad, junto con muchas\",\"inLanguage\":\"es-ES\",\"isPartOf\":{\"@id\":\"https:\\\/\\\/www.rabuso.com\\\/es\\\/#website\"},\"breadcrumb\":{\"@id\":\"https:\\\/\\\/www.rabuso.com\\\/es\\\/empresa\\\/metodologia\\\/#breadcrumblist\"},\"datePublished\":\"2021-02-11T09:59:17+01:00\",\"dateModified\":\"2026-01-11T18:37:43+01:00\"},{\"@type\":\"WebSite\",\"@id\":\"https:\\\/\\\/www.rabuso.com\\\/es\\\/#website\",\"url\":\"https:\\\/\\\/www.rabuso.com\\\/es\\\/\",\"name\":\"RABUSO\",\"description\":\"Soluciones para asociaciones\",\"inLanguage\":\"es-ES\",\"publisher\":{\"@id\":\"https:\\\/\\\/www.rabuso.com\\\/es\\\/#organization\"}}]}\n\t\t<\/script>\n\t\t<!-- All in One SEO Pro -->\r\n\t\t<title>Metodolog\u00eda - RABUSO<\/title>\n\n","aioseo_head_json":{"title":"Metodolog\u00eda - RABUSO","description":"Nuestra metodolog\u00eda de trabajo consiste en ayudar de forma creativa e innovadora a las asociaciones a volver a pensar su propia misi\u00f3n y objetivos. Enfocar sus acciones de un modo muy pr\u00e1ctico para conseguir resultados directos para sus miembros. En Rabuso, aportamos el conocimiento de un equipo completamente centrado en esta actividad, junto con muchas","canonical_url":"https:\/\/www.rabuso.com\/es\/empresa\/metodologia\/","robots":"max-image-preview:large","keywords":"","webmasterTools":{"miscellaneous":""},"schema":{"@context":"https:\/\/schema.org","@graph":[{"@type":"BreadcrumbList","@id":"https:\/\/www.rabuso.com\/es\/empresa\/metodologia\/#breadcrumblist","itemListElement":[{"@type":"ListItem","@id":"https:\/\/www.rabuso.com\/es#listItem","position":1,"name":"Home","item":"https:\/\/www.rabuso.com\/es","nextItem":{"@type":"ListItem","@id":"https:\/\/www.rabuso.com\/es\/empresa\/#listItem","name":"Empresa"}},{"@type":"ListItem","@id":"https:\/\/www.rabuso.com\/es\/empresa\/#listItem","position":2,"name":"Empresa","item":"https:\/\/www.rabuso.com\/es\/empresa\/","nextItem":{"@type":"ListItem","@id":"https:\/\/www.rabuso.com\/es\/empresa\/metodologia\/#listItem","name":"Metodolog\u00eda"},"previousItem":{"@type":"ListItem","@id":"https:\/\/www.rabuso.com\/es#listItem","name":"Home"}},{"@type":"ListItem","@id":"https:\/\/www.rabuso.com\/es\/empresa\/metodologia\/#listItem","position":3,"name":"Metodolog\u00eda","previousItem":{"@type":"ListItem","@id":"https:\/\/www.rabuso.com\/es\/empresa\/#listItem","name":"Empresa"}}]},{"@type":"Organization","@id":"https:\/\/www.rabuso.com\/es\/#organization","name":"RABUSO","description":"Soluciones para asociaciones","url":"https:\/\/www.rabuso.com\/es\/","telephone":"+34912772037","logo":{"@type":"ImageObject","url":"https:\/\/www.rabuso.com\/es\/cms\/files\/RABUSO_logo_h_rgb.jpg","@id":"https:\/\/www.rabuso.com\/es\/empresa\/metodologia\/#organizationLogo","width":945,"height":354},"image":{"@id":"https:\/\/www.rabuso.com\/es\/empresa\/metodologia\/#organizationLogo"},"sameAs":["https:\/\/www.youtube.com\/@RABUSOamc","https:\/\/www.linkedin.com\/company\/RABUSOamc"]},{"@type":"WebPage","@id":"https:\/\/www.rabuso.com\/es\/empresa\/metodologia\/#webpage","url":"https:\/\/www.rabuso.com\/es\/empresa\/metodologia\/","name":"Metodolog\u00eda - RABUSO","description":"Nuestra metodolog\u00eda de trabajo consiste en ayudar de forma creativa e innovadora a las asociaciones a volver a pensar su propia misi\u00f3n y objetivos. Enfocar sus acciones de un modo muy pr\u00e1ctico para conseguir resultados directos para sus miembros. En Rabuso, aportamos el conocimiento de un equipo completamente centrado en esta actividad, junto con muchas","inLanguage":"es-ES","isPartOf":{"@id":"https:\/\/www.rabuso.com\/es\/#website"},"breadcrumb":{"@id":"https:\/\/www.rabuso.com\/es\/empresa\/metodologia\/#breadcrumblist"},"datePublished":"2021-02-11T09:59:17+01:00","dateModified":"2026-01-11T18:37:43+01:00"},{"@type":"WebSite","@id":"https:\/\/www.rabuso.com\/es\/#website","url":"https:\/\/www.rabuso.com\/es\/","name":"RABUSO","description":"Soluciones para asociaciones","inLanguage":"es-ES","publisher":{"@id":"https:\/\/www.rabuso.com\/es\/#organization"}}]},"og:locale":"es_ES","og:site_name":"RABUSO - Soluciones para asociaciones","og:type":"article","og:title":"Metodolog\u00eda - RABUSO","og:description":"Nuestra metodolog\u00eda de trabajo consiste en ayudar de forma creativa e innovadora a las asociaciones a volver a pensar su propia misi\u00f3n y objetivos. Enfocar sus acciones de un modo muy pr\u00e1ctico para conseguir resultados directos para sus miembros. En Rabuso, aportamos el conocimiento de un equipo completamente centrado en esta actividad, junto con muchas","og:url":"https:\/\/www.rabuso.com\/es\/empresa\/metodologia\/","og:image":"https:\/\/www.rabuso.com\/es\/cms\/files\/RABUSO_logo_h_rgb.jpg","og:image:secure_url":"https:\/\/www.rabuso.com\/es\/cms\/files\/RABUSO_logo_h_rgb.jpg","og:image:width":945,"og:image:height":354,"article:published_time":"2021-02-11T08:59:17+00:00","article:modified_time":"2026-01-11T17:37:43+00:00","twitter:card":"summary_large_image","twitter:title":"Metodolog\u00eda - RABUSO","twitter:description":"Nuestra metodolog\u00eda de trabajo consiste en ayudar de forma creativa e innovadora a las asociaciones a volver a pensar su propia misi\u00f3n y objetivos. Enfocar sus acciones de un modo muy pr\u00e1ctico para conseguir resultados directos para sus miembros. En Rabuso, aportamos el conocimiento de un equipo completamente centrado en esta actividad, junto con muchas","twitter:image":"https:\/\/www.rabuso.com\/es\/cms\/files\/RABUSO_logo_h_rgb.jpg"},"aioseo_meta_data":{"post_id":"5141","title":"#post_title #separator_sa #site_title","description":"#post_excerpt","keywords":null,"keyphrases":{"focus":{"keyphrase":"","score":0,"analysis":{"keyphraseInTitle":{"score":0,"maxScore":9,"error":1}}},"additional":[]},"primary_term":null,"canonical_url":null,"og_title":null,"og_description":null,"og_object_type":"default","og_image_type":"default","og_image_url":null,"og_image_width":null,"og_image_height":null,"og_image_custom_url":null,"og_image_custom_fields":null,"og_video":"","og_custom_url":null,"og_article_section":null,"og_article_tags":null,"twitter_use_og":false,"twitter_card":"default","twitter_image_type":"default","twitter_image_url":null,"twitter_image_custom_url":null,"twitter_image_custom_fields":null,"twitter_title":null,"twitter_description":null,"schema":{"blockGraphs":[],"customGraphs":[],"default":{"data":{"Article":[],"Course":[],"Dataset":[],"FAQPage":[],"Movie":[],"Person":[],"Product":[],"ProductReview":[],"Car":[],"Recipe":[],"Service":[],"SoftwareApplication":[],"WebPage":[]},"graphName":"WebPage","isEnabled":true},"graphs":[]},"schema_type":"default","schema_type_options":null,"pillar_content":false,"robots_default":true,"robots_noindex":false,"robots_noarchive":false,"robots_nosnippet":false,"robots_nofollow":false,"robots_noimageindex":false,"robots_noodp":false,"robots_notranslate":false,"robots_max_snippet":"-1","robots_max_videopreview":"-1","robots_max_imagepreview":"large","priority":null,"frequency":"default","local_seo":null,"seo_analyzer_scan_date":"2026-01-11 17:50:46","breadcrumb_settings":null,"limit_modified_date":false,"open_ai":"{\"title\":{\"suggestions\":[],\"usage\":0},\"description\":{\"suggestions\":[],\"usage\":0}}","ai":null,"created":"2024-05-02 15:09:53","updated":"2026-01-11 17:50:46"},"aioseo_breadcrumb":"<div class=\"aioseo-breadcrumbs\"><span class=\"aioseo-breadcrumb\">\n\t<a href=\"https:\/\/www.rabuso.com\/es\" title=\"Home\">Home<\/a>\n<\/span><span class=\"aioseo-breadcrumb-separator\">&raquo;<\/span><span class=\"aioseo-breadcrumb\">\n\t<a href=\"https:\/\/www.rabuso.com\/es\/empresa\/\" title=\"Empresa\">Empresa<\/a>\n<\/span><span class=\"aioseo-breadcrumb-separator\">&raquo;<\/span><span class=\"aioseo-breadcrumb\">\n\tMetodolog\u00eda\n<\/span><\/div>","aioseo_breadcrumb_json":[{"label":"Home","link":"https:\/\/www.rabuso.com\/es"},{"label":"Empresa","link":"https:\/\/www.rabuso.com\/es\/empresa\/"},{"label":"Metodolog\u00eda","link":"https:\/\/www.rabuso.com\/es\/empresa\/metodologia\/"}],"_links":{"self":[{"href":"https:\/\/www.rabuso.com\/es\/wp-json\/wp\/v2\/pages\/5141","targetHints":{"allow":["GET"]}}],"collection":[{"href":"https:\/\/www.rabuso.com\/es\/wp-json\/wp\/v2\/pages"}],"about":[{"href":"https:\/\/www.rabuso.com\/es\/wp-json\/wp\/v2\/types\/page"}],"author":[{"embeddable":true,"href":"https:\/\/www.rabuso.com\/es\/wp-json\/wp\/v2\/users\/373"}],"replies":[{"embeddable":true,"href":"https:\/\/www.rabuso.com\/es\/wp-json\/wp\/v2\/comments?post=5141"}],"version-history":[{"count":0,"href":"https:\/\/www.rabuso.com\/es\/wp-json\/wp\/v2\/pages\/5141\/revisions"}],"up":[{"embeddable":true,"href":"https:\/\/www.rabuso.com\/es\/wp-json\/wp\/v2\/pages\/4"}],"wp:attachment":[{"href":"https:\/\/www.rabuso.com\/es\/wp-json\/wp\/v2\/media?parent=5141"}],"curies":[{"name":"wp","href":"https:\/\/api.w.org\/{rel}","templated":true}]}}