{"id":16,"date":"2012-03-10T14:42:47","date_gmt":"2012-03-10T13:42:47","guid":{"rendered":"http:\/\/www.rabuso.com\/es\/?page_id=16"},"modified":"2025-01-29T13:01:03","modified_gmt":"2025-01-29T12:01:03","slug":"nombre-y-marca","status":"publish","type":"page","link":"https:\/\/www.rabuso.com\/es\/empresa\/nombre-y-marca\/","title":{"rendered":"Principios y objetivos"},"content":{"rendered":"<p><img decoding=\"async\" class=\"size-full wp-image-8376 aligncenter\" src=\"https:\/\/www.rabuso.com\/es\/cms\/files\/RABUSO_Internet_Ilustraciones_Principios_Objetivos_690x390.jpg\" alt=\"\" width=\"690\" height=\"390\" srcset=\"https:\/\/www.rabuso.com\/es\/cms\/files\/RABUSO_Internet_Ilustraciones_Principios_Objetivos_690x390.jpg 690w, https:\/\/www.rabuso.com\/es\/cms\/files\/RABUSO_Internet_Ilustraciones_Principios_Objetivos_690x390-230x130.jpg 230w\" sizes=\"(max-width: 690px) 100vw, 690px\" \/><\/p>\n<h2>Principios<\/h2>\n<p>Nuestro principio b\u00e1sico como empresa en Rabuso es el <strong>trabajo en equipo<\/strong>.<\/p>\n<p>Cualquier <strong>asociaci\u00f3n empresarial<\/strong> con la que trabajamos es un <strong>ejemplo de competidores uniendo fuerzas<\/strong>, para conseguir objetivos comunes.<\/p>\n<p>Eso mismo se refleja en nuestra forma de trabajar y desarrollar nuestro d\u00eda a d\u00eda.<\/p>\n<p>Como<strong> empresa especializada<\/strong> en asociaciones, nos centramos sobre todo en el <strong>desarrollo de negocio de cada colectivo<\/strong>.<\/p>\n<p>Es decir, en ayudar a las empresas especializadas que son miembros de las asociaciones a <strong>aumentar su repercusi\u00f3n<\/strong>, la <strong>importancia\/reconocimiento del gremio<\/strong> al que pertenece y a <strong>estar m\u00e1s cerca de su cliente final<\/strong>.<\/p>\n<p>Como empresa, somos una organizaci\u00f3n muy horizontal, con un <a href=\"https:\/\/www.rabuso.com\/es\/empresa\/equipo\/\"><strong>equipo integrado<\/strong><\/a>, de modo que cada persona participa en proyectos en funci\u00f3n de su \u00e1rea de trabajo.<\/p>\n<p>Creemos en el trabajo asociativo y en la posibilidad real que ofrece de cambiar el mundo. Por eso, nos implicamos en las asociaciones en las que trabajamos desde una<strong> perspectiva de 360 grados<\/strong>.<\/p>\n<p>&nbsp;<\/p>\n<h2>Objetivos<\/h2>\n<p>Nuestro objetivo principal es ser la <strong>palanca que ayude a crecer las asociaciones con las que trabajamos<\/strong>, sea a trav\u00e9s de los modelos de <strong><a href=\"https:\/\/www.rabuso.com\/es\/servicios\/soluciones\/representacion\/\">representaci\u00f3n<\/a><\/strong> o <strong><a href=\"https:\/\/www.rabuso.com\/es\/servicios\/soluciones\/asistencia\/\">asistencia<\/a><\/strong>.<\/p>\n<p>Como empresa, en Rabuso queremos ser una <strong>referencia en lo que hacemos<\/strong>, creando una red con profesionales e instituciones relacionadas, con medios de comunicaci\u00f3n, Administraci\u00f3n P\u00fablica,&#8230;<\/p>\n<p>Adem\u00e1s de ayudar a nuestros clientes, tambi\u00e9n queremos <strong>sentirnos realizados en el trabajo<\/strong> y que las personas que estamos implicadas en el proyecto de Rabuso seamos felices.<\/p>\n<p>&nbsp;<\/p>\n<p><!--:--><\/p>\n","protected":false},"excerpt":{"rendered":"<p>Principios Nuestro principio b\u00e1sico como empresa en Rabuso es el trabajo en equipo. Cualquier asociaci\u00f3n empresarial con la que trabajamos es un ejemplo de competidores uniendo fuerzas, para conseguir objetivos comunes. Eso mismo se refleja en nuestra forma de trabajar y desarrollar nuestro d\u00eda a d\u00eda. Como empresa especializada en asociaciones, nos centramos sobre todo [&hellip;]<\/p>\n","protected":false},"author":373,"featured_media":0,"parent":4,"menu_order":2,"comment_status":"closed","ping_status":"closed","template":"","meta":{"_acf_changed":false,"footnotes":""},"class_list":["post-16","page","type-page","status-publish","hentry"],"acf":[],"aioseo_notices":[],"aioseo_head":"\n\t\t<!-- All in One SEO Pro 4.9.6.2 - aioseo.com -->\n\t<meta name=\"description\" content=\"Principios Nuestro principio b\u00e1sico como empresa en Rabuso es el trabajo en equipo. Cualquier asociaci\u00f3n empresarial con la que trabajamos es un ejemplo de competidores uniendo fuerzas, para conseguir objetivos comunes. Eso mismo se refleja en nuestra forma de trabajar y desarrollar nuestro d\u00eda a d\u00eda. Como empresa especializada en asociaciones, nos centramos sobre todo\" \/>\n\t<meta name=\"robots\" content=\"max-image-preview:large\" \/>\n\t<link rel=\"canonical\" href=\"https:\/\/www.rabuso.com\/es\/empresa\/nombre-y-marca\/\" \/>\n\t<meta name=\"generator\" content=\"All in One SEO Pro (AIOSEO) 4.9.6.2\" \/>\n\t\t<meta property=\"og:locale\" content=\"es_ES\" \/>\n\t\t<meta property=\"og:site_name\" content=\"RABUSO - Soluciones para asociaciones\" \/>\n\t\t<meta property=\"og:type\" content=\"article\" \/>\n\t\t<meta property=\"og:title\" content=\"Principios y objetivos - RABUSO\" \/>\n\t\t<meta property=\"og:description\" content=\"Principios Nuestro principio b\u00e1sico como empresa en Rabuso es el trabajo en equipo. Cualquier asociaci\u00f3n empresarial con la que trabajamos es un ejemplo de competidores uniendo fuerzas, para conseguir objetivos comunes. Eso mismo se refleja en nuestra forma de trabajar y desarrollar nuestro d\u00eda a d\u00eda. Como empresa especializada en asociaciones, nos centramos sobre todo\" \/>\n\t\t<meta property=\"og:url\" content=\"https:\/\/www.rabuso.com\/es\/empresa\/nombre-y-marca\/\" \/>\n\t\t<meta property=\"og:image\" content=\"https:\/\/www.rabuso.com\/es\/cms\/files\/RABUSO_logo_h_rgb.jpg\" \/>\n\t\t<meta property=\"og:image:secure_url\" content=\"https:\/\/www.rabuso.com\/es\/cms\/files\/RABUSO_logo_h_rgb.jpg\" \/>\n\t\t<meta property=\"og:image:width\" content=\"945\" \/>\n\t\t<meta property=\"og:image:height\" content=\"354\" \/>\n\t\t<meta property=\"article:published_time\" content=\"2012-03-10T13:42:47+00:00\" \/>\n\t\t<meta property=\"article:modified_time\" content=\"2025-01-29T12:01:03+00:00\" \/>\n\t\t<meta name=\"twitter:card\" content=\"summary_large_image\" \/>\n\t\t<meta name=\"twitter:title\" content=\"Principios y objetivos - RABUSO\" \/>\n\t\t<meta name=\"twitter:description\" content=\"Principios Nuestro principio b\u00e1sico como empresa en Rabuso es el trabajo en equipo. Cualquier asociaci\u00f3n empresarial con la que trabajamos es un ejemplo de competidores uniendo fuerzas, para conseguir objetivos comunes. Eso mismo se refleja en nuestra forma de trabajar y desarrollar nuestro d\u00eda a d\u00eda. Como empresa especializada en asociaciones, nos centramos sobre todo\" \/>\n\t\t<meta name=\"twitter:image\" content=\"https:\/\/www.rabuso.com\/es\/cms\/files\/RABUSO_logo_h_rgb.jpg\" \/>\n\t\t<script type=\"application\/ld+json\" class=\"aioseo-schema\">\n\t\t\t{\"@context\":\"https:\\\/\\\/schema.org\",\"@graph\":[{\"@type\":\"BreadcrumbList\",\"@id\":\"https:\\\/\\\/www.rabuso.com\\\/es\\\/empresa\\\/nombre-y-marca\\\/#breadcrumblist\",\"itemListElement\":[{\"@type\":\"ListItem\",\"@id\":\"https:\\\/\\\/www.rabuso.com\\\/es#listItem\",\"position\":1,\"name\":\"Home\",\"item\":\"https:\\\/\\\/www.rabuso.com\\\/es\",\"nextItem\":{\"@type\":\"ListItem\",\"@id\":\"https:\\\/\\\/www.rabuso.com\\\/es\\\/empresa\\\/#listItem\",\"name\":\"Empresa\"}},{\"@type\":\"ListItem\",\"@id\":\"https:\\\/\\\/www.rabuso.com\\\/es\\\/empresa\\\/#listItem\",\"position\":2,\"name\":\"Empresa\",\"item\":\"https:\\\/\\\/www.rabuso.com\\\/es\\\/empresa\\\/\",\"nextItem\":{\"@type\":\"ListItem\",\"@id\":\"https:\\\/\\\/www.rabuso.com\\\/es\\\/empresa\\\/nombre-y-marca\\\/#listItem\",\"name\":\"Principios y objetivos\"},\"previousItem\":{\"@type\":\"ListItem\",\"@id\":\"https:\\\/\\\/www.rabuso.com\\\/es#listItem\",\"name\":\"Home\"}},{\"@type\":\"ListItem\",\"@id\":\"https:\\\/\\\/www.rabuso.com\\\/es\\\/empresa\\\/nombre-y-marca\\\/#listItem\",\"position\":3,\"name\":\"Principios y objetivos\",\"previousItem\":{\"@type\":\"ListItem\",\"@id\":\"https:\\\/\\\/www.rabuso.com\\\/es\\\/empresa\\\/#listItem\",\"name\":\"Empresa\"}}]},{\"@type\":\"Organization\",\"@id\":\"https:\\\/\\\/www.rabuso.com\\\/es\\\/#organization\",\"name\":\"RABUSO\",\"description\":\"Soluciones para asociaciones\",\"url\":\"https:\\\/\\\/www.rabuso.com\\\/es\\\/\",\"telephone\":\"+34912772037\",\"logo\":{\"@type\":\"ImageObject\",\"url\":\"https:\\\/\\\/www.rabuso.com\\\/es\\\/cms\\\/files\\\/RABUSO_logo_h_rgb.jpg\",\"@id\":\"https:\\\/\\\/www.rabuso.com\\\/es\\\/empresa\\\/nombre-y-marca\\\/#organizationLogo\",\"width\":945,\"height\":354},\"image\":{\"@id\":\"https:\\\/\\\/www.rabuso.com\\\/es\\\/empresa\\\/nombre-y-marca\\\/#organizationLogo\"},\"sameAs\":[\"https:\\\/\\\/www.youtube.com\\\/@RABUSOamc\",\"https:\\\/\\\/www.linkedin.com\\\/company\\\/RABUSOamc\"]},{\"@type\":\"WebPage\",\"@id\":\"https:\\\/\\\/www.rabuso.com\\\/es\\\/empresa\\\/nombre-y-marca\\\/#webpage\",\"url\":\"https:\\\/\\\/www.rabuso.com\\\/es\\\/empresa\\\/nombre-y-marca\\\/\",\"name\":\"Principios y objetivos - RABUSO\",\"description\":\"Principios Nuestro principio b\\u00e1sico como empresa en Rabuso es el trabajo en equipo. Cualquier asociaci\\u00f3n empresarial con la que trabajamos es un ejemplo de competidores uniendo fuerzas, para conseguir objetivos comunes. Eso mismo se refleja en nuestra forma de trabajar y desarrollar nuestro d\\u00eda a d\\u00eda. Como empresa especializada en asociaciones, nos centramos sobre todo\",\"inLanguage\":\"es-ES\",\"isPartOf\":{\"@id\":\"https:\\\/\\\/www.rabuso.com\\\/es\\\/#website\"},\"breadcrumb\":{\"@id\":\"https:\\\/\\\/www.rabuso.com\\\/es\\\/empresa\\\/nombre-y-marca\\\/#breadcrumblist\"},\"datePublished\":\"2012-03-10T14:42:47+01:00\",\"dateModified\":\"2025-01-29T13:01:03+01:00\"},{\"@type\":\"WebSite\",\"@id\":\"https:\\\/\\\/www.rabuso.com\\\/es\\\/#website\",\"url\":\"https:\\\/\\\/www.rabuso.com\\\/es\\\/\",\"name\":\"RABUSO\",\"description\":\"Soluciones para asociaciones\",\"inLanguage\":\"es-ES\",\"publisher\":{\"@id\":\"https:\\\/\\\/www.rabuso.com\\\/es\\\/#organization\"}}]}\n\t\t<\/script>\n\t\t<!-- All in One SEO Pro -->\r\n\t\t<title>Principios y objetivos - RABUSO<\/title>\n\n","aioseo_head_json":{"title":"Principios y objetivos - RABUSO","description":"Principios Nuestro principio b\u00e1sico como empresa en Rabuso es el trabajo en equipo. Cualquier asociaci\u00f3n empresarial con la que trabajamos es un ejemplo de competidores uniendo fuerzas, para conseguir objetivos comunes. Eso mismo se refleja en nuestra forma de trabajar y desarrollar nuestro d\u00eda a d\u00eda. Como empresa especializada en asociaciones, nos centramos sobre todo","canonical_url":"https:\/\/www.rabuso.com\/es\/empresa\/nombre-y-marca\/","robots":"max-image-preview:large","keywords":"","webmasterTools":{"miscellaneous":""},"schema":{"@context":"https:\/\/schema.org","@graph":[{"@type":"BreadcrumbList","@id":"https:\/\/www.rabuso.com\/es\/empresa\/nombre-y-marca\/#breadcrumblist","itemListElement":[{"@type":"ListItem","@id":"https:\/\/www.rabuso.com\/es#listItem","position":1,"name":"Home","item":"https:\/\/www.rabuso.com\/es","nextItem":{"@type":"ListItem","@id":"https:\/\/www.rabuso.com\/es\/empresa\/#listItem","name":"Empresa"}},{"@type":"ListItem","@id":"https:\/\/www.rabuso.com\/es\/empresa\/#listItem","position":2,"name":"Empresa","item":"https:\/\/www.rabuso.com\/es\/empresa\/","nextItem":{"@type":"ListItem","@id":"https:\/\/www.rabuso.com\/es\/empresa\/nombre-y-marca\/#listItem","name":"Principios y objetivos"},"previousItem":{"@type":"ListItem","@id":"https:\/\/www.rabuso.com\/es#listItem","name":"Home"}},{"@type":"ListItem","@id":"https:\/\/www.rabuso.com\/es\/empresa\/nombre-y-marca\/#listItem","position":3,"name":"Principios y objetivos","previousItem":{"@type":"ListItem","@id":"https:\/\/www.rabuso.com\/es\/empresa\/#listItem","name":"Empresa"}}]},{"@type":"Organization","@id":"https:\/\/www.rabuso.com\/es\/#organization","name":"RABUSO","description":"Soluciones para asociaciones","url":"https:\/\/www.rabuso.com\/es\/","telephone":"+34912772037","logo":{"@type":"ImageObject","url":"https:\/\/www.rabuso.com\/es\/cms\/files\/RABUSO_logo_h_rgb.jpg","@id":"https:\/\/www.rabuso.com\/es\/empresa\/nombre-y-marca\/#organizationLogo","width":945,"height":354},"image":{"@id":"https:\/\/www.rabuso.com\/es\/empresa\/nombre-y-marca\/#organizationLogo"},"sameAs":["https:\/\/www.youtube.com\/@RABUSOamc","https:\/\/www.linkedin.com\/company\/RABUSOamc"]},{"@type":"WebPage","@id":"https:\/\/www.rabuso.com\/es\/empresa\/nombre-y-marca\/#webpage","url":"https:\/\/www.rabuso.com\/es\/empresa\/nombre-y-marca\/","name":"Principios y objetivos - RABUSO","description":"Principios Nuestro principio b\u00e1sico como empresa en Rabuso es el trabajo en equipo. Cualquier asociaci\u00f3n empresarial con la que trabajamos es un ejemplo de competidores uniendo fuerzas, para conseguir objetivos comunes. Eso mismo se refleja en nuestra forma de trabajar y desarrollar nuestro d\u00eda a d\u00eda. Como empresa especializada en asociaciones, nos centramos sobre todo","inLanguage":"es-ES","isPartOf":{"@id":"https:\/\/www.rabuso.com\/es\/#website"},"breadcrumb":{"@id":"https:\/\/www.rabuso.com\/es\/empresa\/nombre-y-marca\/#breadcrumblist"},"datePublished":"2012-03-10T14:42:47+01:00","dateModified":"2025-01-29T13:01:03+01:00"},{"@type":"WebSite","@id":"https:\/\/www.rabuso.com\/es\/#website","url":"https:\/\/www.rabuso.com\/es\/","name":"RABUSO","description":"Soluciones para asociaciones","inLanguage":"es-ES","publisher":{"@id":"https:\/\/www.rabuso.com\/es\/#organization"}}]},"og:locale":"es_ES","og:site_name":"RABUSO - Soluciones para asociaciones","og:type":"article","og:title":"Principios y objetivos - RABUSO","og:description":"Principios Nuestro principio b\u00e1sico como empresa en Rabuso es el trabajo en equipo. Cualquier asociaci\u00f3n empresarial con la que trabajamos es un ejemplo de competidores uniendo fuerzas, para conseguir objetivos comunes. Eso mismo se refleja en nuestra forma de trabajar y desarrollar nuestro d\u00eda a d\u00eda. Como empresa especializada en asociaciones, nos centramos sobre todo","og:url":"https:\/\/www.rabuso.com\/es\/empresa\/nombre-y-marca\/","og:image":"https:\/\/www.rabuso.com\/es\/cms\/files\/RABUSO_logo_h_rgb.jpg","og:image:secure_url":"https:\/\/www.rabuso.com\/es\/cms\/files\/RABUSO_logo_h_rgb.jpg","og:image:width":945,"og:image:height":354,"article:published_time":"2012-03-10T13:42:47+00:00","article:modified_time":"2025-01-29T12:01:03+00:00","twitter:card":"summary_large_image","twitter:title":"Principios y objetivos - RABUSO","twitter:description":"Principios Nuestro principio b\u00e1sico como empresa en Rabuso es el trabajo en equipo. Cualquier asociaci\u00f3n empresarial con la que trabajamos es un ejemplo de competidores uniendo fuerzas, para conseguir objetivos comunes. Eso mismo se refleja en nuestra forma de trabajar y desarrollar nuestro d\u00eda a d\u00eda. Como empresa especializada en asociaciones, nos centramos sobre todo","twitter:image":"https:\/\/www.rabuso.com\/es\/cms\/files\/RABUSO_logo_h_rgb.jpg"},"aioseo_meta_data":{"post_id":"16","title":null,"description":null,"keywords":null,"keyphrases":{"focus":{"keyphrase":"","score":0,"analysis":{"keyphraseInTitle":{"score":0,"maxScore":9,"error":1}}},"additional":[]},"primary_term":null,"canonical_url":null,"og_title":null,"og_description":null,"og_object_type":"default","og_image_type":"default","og_image_url":null,"og_image_width":null,"og_image_height":null,"og_image_custom_url":null,"og_image_custom_fields":null,"og_video":"","og_custom_url":null,"og_article_section":null,"og_article_tags":null,"twitter_use_og":false,"twitter_card":"default","twitter_image_type":"default","twitter_image_url":null,"twitter_image_custom_url":null,"twitter_image_custom_fields":null,"twitter_title":null,"twitter_description":null,"schema":{"blockGraphs":[],"customGraphs":[],"default":{"data":{"Article":[],"Course":[],"Dataset":[],"FAQPage":[],"Movie":[],"Person":[],"Product":[],"ProductReview":[],"Car":[],"Recipe":[],"Service":[],"SoftwareApplication":[],"WebPage":[]},"graphName":"WebPage","isEnabled":true},"graphs":[]},"schema_type":"default","schema_type_options":null,"pillar_content":false,"robots_default":true,"robots_noindex":false,"robots_noarchive":false,"robots_nosnippet":false,"robots_nofollow":false,"robots_noimageindex":false,"robots_noodp":false,"robots_notranslate":false,"robots_max_snippet":"-1","robots_max_videopreview":"-1","robots_max_imagepreview":"large","priority":null,"frequency":"default","local_seo":null,"seo_analyzer_scan_date":"2025-08-15 07:10:19","breadcrumb_settings":null,"limit_modified_date":false,"open_ai":"{\"title\":{\"suggestions\":[],\"usage\":0},\"description\":{\"suggestions\":[],\"usage\":0}}","ai":null,"created":"2024-05-02 15:07:52","updated":"2025-08-15 07:10:19"},"aioseo_breadcrumb":"<div class=\"aioseo-breadcrumbs\"><span class=\"aioseo-breadcrumb\">\n\t<a href=\"https:\/\/www.rabuso.com\/es\" title=\"Home\">Home<\/a>\n<\/span><span class=\"aioseo-breadcrumb-separator\">&raquo;<\/span><span class=\"aioseo-breadcrumb\">\n\t<a href=\"https:\/\/www.rabuso.com\/es\/empresa\/\" title=\"Empresa\">Empresa<\/a>\n<\/span><span class=\"aioseo-breadcrumb-separator\">&raquo;<\/span><span class=\"aioseo-breadcrumb\">\n\tPrincipios y objetivos\n<\/span><\/div>","aioseo_breadcrumb_json":[{"label":"Home","link":"https:\/\/www.rabuso.com\/es"},{"label":"Empresa","link":"https:\/\/www.rabuso.com\/es\/empresa\/"},{"label":"Principios y objetivos","link":"https:\/\/www.rabuso.com\/es\/empresa\/nombre-y-marca\/"}],"_links":{"self":[{"href":"https:\/\/www.rabuso.com\/es\/wp-json\/wp\/v2\/pages\/16","targetHints":{"allow":["GET"]}}],"collection":[{"href":"https:\/\/www.rabuso.com\/es\/wp-json\/wp\/v2\/pages"}],"about":[{"href":"https:\/\/www.rabuso.com\/es\/wp-json\/wp\/v2\/types\/page"}],"author":[{"embeddable":true,"href":"https:\/\/www.rabuso.com\/es\/wp-json\/wp\/v2\/users\/373"}],"replies":[{"embeddable":true,"href":"https:\/\/www.rabuso.com\/es\/wp-json\/wp\/v2\/comments?post=16"}],"version-history":[{"count":0,"href":"https:\/\/www.rabuso.com\/es\/wp-json\/wp\/v2\/pages\/16\/revisions"}],"up":[{"embeddable":true,"href":"https:\/\/www.rabuso.com\/es\/wp-json\/wp\/v2\/pages\/4"}],"wp:attachment":[{"href":"https:\/\/www.rabuso.com\/es\/wp-json\/wp\/v2\/media?parent=16"}],"curies":[{"name":"wp","href":"https:\/\/api.w.org\/{rel}","templated":true}]}}