{"id":14,"date":"2012-03-10T14:42:28","date_gmt":"2012-03-10T12:42:28","guid":{"rendered":"http:\/\/www.rabuso.com\/es\/?page_id=14"},"modified":"2025-01-29T13:00:28","modified_gmt":"2025-01-29T12:00:28","slug":"presentacion","status":"publish","type":"page","link":"https:\/\/www.rabuso.com\/es\/empresa\/presentacion\/","title":{"rendered":"Presentaci\u00f3n"},"content":{"rendered":"<p><img decoding=\"async\" class=\"size-full wp-image-8377 aligncenter\" src=\"https:\/\/www.rabuso.com\/es\/cms\/files\/RABUSO_Internet_Ilustraciones_Presentacion_690x390.jpg\" alt=\"\" width=\"690\" height=\"390\" srcset=\"https:\/\/www.rabuso.com\/es\/cms\/files\/RABUSO_Internet_Ilustraciones_Presentacion_690x390.jpg 690w, https:\/\/www.rabuso.com\/es\/cms\/files\/RABUSO_Internet_Ilustraciones_Presentacion_690x390-230x130.jpg 230w\" sizes=\"(max-width: 690px) 100vw, 690px\" \/><\/p>\n<p>\u00a1Hola!<\/p>\n<p>Somos <strong>Rabuso<\/strong>, una empresa especializada en aportar <a href=\"https:\/\/www.rabuso.com\/es\/servicios\/soluciones\/\"><strong>soluciones para asociaciones empresariales y colectivos profesionales<\/strong><\/a>, prestando servicios en <a href=\"https:\/\/www.rabuso.com\/es\/servicios\/areas-de-trabajo\/\"><strong>diversas \u00e1reas<\/strong><\/a>, como podr\u00e1s ver en nuestra web, con un <a href=\"https:\/\/www.rabuso.com\/es\/empresa\/equipo\/\"><strong>equipo multidisciplinar<\/strong><\/a>.<\/p>\n<p>Nacimos en 2006, tras a\u00f1os de experiencia trabajando con asociaciones, desarrollando en Espa\u00f1a y Europa el <strong>modelo AMC <\/strong>(Association Management Company) que est\u00e1 muy extendido en Estados Unidos.<\/p>\n<p>Nuestro \u00e1mbito de actuaci\u00f3n incluye la <strong>creaci\u00f3n, transformaci\u00f3n y desarrollo de entidades<\/strong> sin \u00e1nimo de lucro de car\u00e1cter <strong>empresarial o profesional<\/strong>, a nivel nacional (en Espa\u00f1a e Italia) e internacional (a nivel europeo o mundial).<\/p>\n<p>Trabajamos con asociaciones empresariales especializadas, nacionales e internacionales, mediante <a href=\"https:\/\/www.rabuso.com\/es\/servicios\/soluciones\/representacion\/\"><strong>soluciones de representaci\u00f3n<\/strong><\/a>, y colegios\/asociaciones de profesionales (generalmente de \u00e1mbito nacional) a los que damos apoyo con <strong><a href=\"https:\/\/www.rabuso.com\/es\/servicios\/soluciones\/asistencia\/\">soluciones de asistencia<\/a><\/strong> y apoyo en diversas \u00e1reas.<\/p>\n<p>Aportamos valor a la sociedad y a las organizaciones con nuestro trabajo directo y tambi\u00e9n con las sinergias de los diferentes sectores, gremios y actividades en los que est\u00e1n presentes las asociaciones.<\/p>\n<p>Desde Rabuso fomentamos el desarrollo y crecimiento de las asociaciones y colectivos, con <a href=\"https:\/\/www.rabuso.com\/es\/empresa\/metodologia\/\"><strong>metodolog\u00eda innovadora<\/strong><\/a>\u00a0y trabajo en equipo con los miembros de cada organizaci\u00f3n y con otras entidades relacionadas, como Administraciones P\u00fablicas y organismos de estandarizaci\u00f3n.<\/p>\n<blockquote><p><em>Creemos plenamente en lo que hacemos y en la importancia de las asociaciones para el desarrollo conjunto de las empresas, profesionales y de toda la sociedad, y \u00a1nos encanta nuestro trabajo!<\/em><\/p>\n<p><strong><em>Nuestro lema es: Trabajando juntos \u00a1cambiamos el mundo!<\/em><\/strong><\/p><\/blockquote>\n<p>Estamos inscritos en el <a href=\"https:\/\/ec.europa.eu\/transparencyregister\" target=\"_blank\" rel=\"noopener\"><strong>Registro de Transparencia<\/strong><\/a> de la Uni\u00f3n Europea con el n\u00famero de registro 505876041722-32.<\/p>\n<p>&nbsp;<\/p>\n","protected":false},"excerpt":{"rendered":"<p>\u00a1Hola! Somos Rabuso, una empresa especializada en aportar soluciones para asociaciones empresariales y colectivos profesionales, prestando servicios en diversas \u00e1reas, como podr\u00e1s ver en nuestra web, con un equipo multidisciplinar. Nacimos en 2006, tras a\u00f1os de experiencia trabajando con asociaciones, desarrollando en Espa\u00f1a y Europa el modelo AMC (Association Management Company) que est\u00e1 muy extendido [&hellip;]<\/p>\n","protected":false},"author":373,"featured_media":0,"parent":4,"menu_order":1,"comment_status":"closed","ping_status":"closed","template":"","meta":{"_acf_changed":false,"footnotes":""},"class_list":["post-14","page","type-page","status-publish","hentry"],"acf":[],"aioseo_notices":[],"aioseo_head":"\n\t\t<!-- All in One SEO Pro 4.9.6.2 - aioseo.com -->\n\t<meta name=\"description\" content=\"\u00a1Hola! Somos Rabuso, una empresa especializada en aportar soluciones para asociaciones empresariales y colectivos profesionales, prestando servicios en diversas \u00e1reas, como podr\u00e1s ver en nuestra web, con un equipo multidisciplinar. Nacimos en 2006, tras a\u00f1os de experiencia trabajando con asociaciones, desarrollando en Espa\u00f1a y Europa el modelo AMC (Association Management Company) que est\u00e1 muy extendido\" \/>\n\t<meta name=\"robots\" content=\"max-image-preview:large\" \/>\n\t<link rel=\"canonical\" href=\"https:\/\/www.rabuso.com\/es\/empresa\/presentacion\/\" \/>\n\t<meta name=\"generator\" content=\"All in One SEO Pro (AIOSEO) 4.9.6.2\" \/>\n\t\t<meta property=\"og:locale\" content=\"es_ES\" \/>\n\t\t<meta property=\"og:site_name\" content=\"RABUSO - Soluciones para asociaciones\" \/>\n\t\t<meta property=\"og:type\" content=\"article\" \/>\n\t\t<meta property=\"og:title\" content=\"Presentaci\u00f3n - RABUSO\" \/>\n\t\t<meta property=\"og:description\" content=\"\u00a1Hola! Somos Rabuso, una empresa especializada en aportar soluciones para asociaciones empresariales y colectivos profesionales, prestando servicios en diversas \u00e1reas, como podr\u00e1s ver en nuestra web, con un equipo multidisciplinar. Nacimos en 2006, tras a\u00f1os de experiencia trabajando con asociaciones, desarrollando en Espa\u00f1a y Europa el modelo AMC (Association Management Company) que est\u00e1 muy extendido\" \/>\n\t\t<meta property=\"og:url\" content=\"https:\/\/www.rabuso.com\/es\/empresa\/presentacion\/\" \/>\n\t\t<meta property=\"og:image\" content=\"https:\/\/www.rabuso.com\/es\/cms\/files\/RABUSO_logo_h_rgb.jpg\" \/>\n\t\t<meta property=\"og:image:secure_url\" content=\"https:\/\/www.rabuso.com\/es\/cms\/files\/RABUSO_logo_h_rgb.jpg\" \/>\n\t\t<meta property=\"og:image:width\" content=\"945\" \/>\n\t\t<meta property=\"og:image:height\" content=\"354\" \/>\n\t\t<meta property=\"article:published_time\" content=\"2012-03-10T12:42:28+00:00\" \/>\n\t\t<meta property=\"article:modified_time\" content=\"2025-01-29T12:00:28+00:00\" \/>\n\t\t<meta name=\"twitter:card\" content=\"summary_large_image\" \/>\n\t\t<meta name=\"twitter:title\" content=\"Presentaci\u00f3n - RABUSO\" \/>\n\t\t<meta name=\"twitter:description\" content=\"\u00a1Hola! Somos Rabuso, una empresa especializada en aportar soluciones para asociaciones empresariales y colectivos profesionales, prestando servicios en diversas \u00e1reas, como podr\u00e1s ver en nuestra web, con un equipo multidisciplinar. Nacimos en 2006, tras a\u00f1os de experiencia trabajando con asociaciones, desarrollando en Espa\u00f1a y Europa el modelo AMC (Association Management Company) que est\u00e1 muy extendido\" \/>\n\t\t<meta name=\"twitter:image\" content=\"https:\/\/www.rabuso.com\/es\/cms\/files\/RABUSO_logo_h_rgb.jpg\" \/>\n\t\t<script type=\"application\/ld+json\" class=\"aioseo-schema\">\n\t\t\t{\"@context\":\"https:\\\/\\\/schema.org\",\"@graph\":[{\"@type\":\"BreadcrumbList\",\"@id\":\"https:\\\/\\\/www.rabuso.com\\\/es\\\/empresa\\\/presentacion\\\/#breadcrumblist\",\"itemListElement\":[{\"@type\":\"ListItem\",\"@id\":\"https:\\\/\\\/www.rabuso.com\\\/es#listItem\",\"position\":1,\"name\":\"Home\",\"item\":\"https:\\\/\\\/www.rabuso.com\\\/es\",\"nextItem\":{\"@type\":\"ListItem\",\"@id\":\"https:\\\/\\\/www.rabuso.com\\\/es\\\/empresa\\\/#listItem\",\"name\":\"Empresa\"}},{\"@type\":\"ListItem\",\"@id\":\"https:\\\/\\\/www.rabuso.com\\\/es\\\/empresa\\\/#listItem\",\"position\":2,\"name\":\"Empresa\",\"item\":\"https:\\\/\\\/www.rabuso.com\\\/es\\\/empresa\\\/\",\"nextItem\":{\"@type\":\"ListItem\",\"@id\":\"https:\\\/\\\/www.rabuso.com\\\/es\\\/empresa\\\/presentacion\\\/#listItem\",\"name\":\"Presentaci\\u00f3n\"},\"previousItem\":{\"@type\":\"ListItem\",\"@id\":\"https:\\\/\\\/www.rabuso.com\\\/es#listItem\",\"name\":\"Home\"}},{\"@type\":\"ListItem\",\"@id\":\"https:\\\/\\\/www.rabuso.com\\\/es\\\/empresa\\\/presentacion\\\/#listItem\",\"position\":3,\"name\":\"Presentaci\\u00f3n\",\"previousItem\":{\"@type\":\"ListItem\",\"@id\":\"https:\\\/\\\/www.rabuso.com\\\/es\\\/empresa\\\/#listItem\",\"name\":\"Empresa\"}}]},{\"@type\":\"Organization\",\"@id\":\"https:\\\/\\\/www.rabuso.com\\\/es\\\/#organization\",\"name\":\"RABUSO\",\"description\":\"Soluciones para asociaciones\",\"url\":\"https:\\\/\\\/www.rabuso.com\\\/es\\\/\",\"telephone\":\"+34912772037\",\"logo\":{\"@type\":\"ImageObject\",\"url\":\"https:\\\/\\\/www.rabuso.com\\\/es\\\/cms\\\/files\\\/RABUSO_logo_h_rgb.jpg\",\"@id\":\"https:\\\/\\\/www.rabuso.com\\\/es\\\/empresa\\\/presentacion\\\/#organizationLogo\",\"width\":945,\"height\":354},\"image\":{\"@id\":\"https:\\\/\\\/www.rabuso.com\\\/es\\\/empresa\\\/presentacion\\\/#organizationLogo\"},\"sameAs\":[\"https:\\\/\\\/www.youtube.com\\\/@RABUSOamc\",\"https:\\\/\\\/www.linkedin.com\\\/company\\\/RABUSOamc\"]},{\"@type\":\"WebPage\",\"@id\":\"https:\\\/\\\/www.rabuso.com\\\/es\\\/empresa\\\/presentacion\\\/#webpage\",\"url\":\"https:\\\/\\\/www.rabuso.com\\\/es\\\/empresa\\\/presentacion\\\/\",\"name\":\"Presentaci\\u00f3n - RABUSO\",\"description\":\"\\u00a1Hola! Somos Rabuso, una empresa especializada en aportar soluciones para asociaciones empresariales y colectivos profesionales, prestando servicios en diversas \\u00e1reas, como podr\\u00e1s ver en nuestra web, con un equipo multidisciplinar. Nacimos en 2006, tras a\\u00f1os de experiencia trabajando con asociaciones, desarrollando en Espa\\u00f1a y Europa el modelo AMC (Association Management Company) que est\\u00e1 muy extendido\",\"inLanguage\":\"es-ES\",\"isPartOf\":{\"@id\":\"https:\\\/\\\/www.rabuso.com\\\/es\\\/#website\"},\"breadcrumb\":{\"@id\":\"https:\\\/\\\/www.rabuso.com\\\/es\\\/empresa\\\/presentacion\\\/#breadcrumblist\"},\"datePublished\":\"2012-03-10T14:42:28+01:00\",\"dateModified\":\"2025-01-29T13:00:28+01:00\"},{\"@type\":\"WebSite\",\"@id\":\"https:\\\/\\\/www.rabuso.com\\\/es\\\/#website\",\"url\":\"https:\\\/\\\/www.rabuso.com\\\/es\\\/\",\"name\":\"RABUSO\",\"description\":\"Soluciones para asociaciones\",\"inLanguage\":\"es-ES\",\"publisher\":{\"@id\":\"https:\\\/\\\/www.rabuso.com\\\/es\\\/#organization\"}}]}\n\t\t<\/script>\n\t\t<!-- All in One SEO Pro -->\r\n\t\t<title>Presentaci\u00f3n - RABUSO<\/title>\n\n","aioseo_head_json":{"title":"Presentaci\u00f3n - RABUSO","description":"\u00a1Hola! Somos Rabuso, una empresa especializada en aportar soluciones para asociaciones empresariales y colectivos profesionales, prestando servicios en diversas \u00e1reas, como podr\u00e1s ver en nuestra web, con un equipo multidisciplinar. Nacimos en 2006, tras a\u00f1os de experiencia trabajando con asociaciones, desarrollando en Espa\u00f1a y Europa el modelo AMC (Association Management Company) que est\u00e1 muy extendido","canonical_url":"https:\/\/www.rabuso.com\/es\/empresa\/presentacion\/","robots":"max-image-preview:large","keywords":"","webmasterTools":{"miscellaneous":""},"schema":{"@context":"https:\/\/schema.org","@graph":[{"@type":"BreadcrumbList","@id":"https:\/\/www.rabuso.com\/es\/empresa\/presentacion\/#breadcrumblist","itemListElement":[{"@type":"ListItem","@id":"https:\/\/www.rabuso.com\/es#listItem","position":1,"name":"Home","item":"https:\/\/www.rabuso.com\/es","nextItem":{"@type":"ListItem","@id":"https:\/\/www.rabuso.com\/es\/empresa\/#listItem","name":"Empresa"}},{"@type":"ListItem","@id":"https:\/\/www.rabuso.com\/es\/empresa\/#listItem","position":2,"name":"Empresa","item":"https:\/\/www.rabuso.com\/es\/empresa\/","nextItem":{"@type":"ListItem","@id":"https:\/\/www.rabuso.com\/es\/empresa\/presentacion\/#listItem","name":"Presentaci\u00f3n"},"previousItem":{"@type":"ListItem","@id":"https:\/\/www.rabuso.com\/es#listItem","name":"Home"}},{"@type":"ListItem","@id":"https:\/\/www.rabuso.com\/es\/empresa\/presentacion\/#listItem","position":3,"name":"Presentaci\u00f3n","previousItem":{"@type":"ListItem","@id":"https:\/\/www.rabuso.com\/es\/empresa\/#listItem","name":"Empresa"}}]},{"@type":"Organization","@id":"https:\/\/www.rabuso.com\/es\/#organization","name":"RABUSO","description":"Soluciones para asociaciones","url":"https:\/\/www.rabuso.com\/es\/","telephone":"+34912772037","logo":{"@type":"ImageObject","url":"https:\/\/www.rabuso.com\/es\/cms\/files\/RABUSO_logo_h_rgb.jpg","@id":"https:\/\/www.rabuso.com\/es\/empresa\/presentacion\/#organizationLogo","width":945,"height":354},"image":{"@id":"https:\/\/www.rabuso.com\/es\/empresa\/presentacion\/#organizationLogo"},"sameAs":["https:\/\/www.youtube.com\/@RABUSOamc","https:\/\/www.linkedin.com\/company\/RABUSOamc"]},{"@type":"WebPage","@id":"https:\/\/www.rabuso.com\/es\/empresa\/presentacion\/#webpage","url":"https:\/\/www.rabuso.com\/es\/empresa\/presentacion\/","name":"Presentaci\u00f3n - RABUSO","description":"\u00a1Hola! Somos Rabuso, una empresa especializada en aportar soluciones para asociaciones empresariales y colectivos profesionales, prestando servicios en diversas \u00e1reas, como podr\u00e1s ver en nuestra web, con un equipo multidisciplinar. Nacimos en 2006, tras a\u00f1os de experiencia trabajando con asociaciones, desarrollando en Espa\u00f1a y Europa el modelo AMC (Association Management Company) que est\u00e1 muy extendido","inLanguage":"es-ES","isPartOf":{"@id":"https:\/\/www.rabuso.com\/es\/#website"},"breadcrumb":{"@id":"https:\/\/www.rabuso.com\/es\/empresa\/presentacion\/#breadcrumblist"},"datePublished":"2012-03-10T14:42:28+01:00","dateModified":"2025-01-29T13:00:28+01:00"},{"@type":"WebSite","@id":"https:\/\/www.rabuso.com\/es\/#website","url":"https:\/\/www.rabuso.com\/es\/","name":"RABUSO","description":"Soluciones para asociaciones","inLanguage":"es-ES","publisher":{"@id":"https:\/\/www.rabuso.com\/es\/#organization"}}]},"og:locale":"es_ES","og:site_name":"RABUSO - Soluciones para asociaciones","og:type":"article","og:title":"Presentaci\u00f3n - RABUSO","og:description":"\u00a1Hola! Somos Rabuso, una empresa especializada en aportar soluciones para asociaciones empresariales y colectivos profesionales, prestando servicios en diversas \u00e1reas, como podr\u00e1s ver en nuestra web, con un equipo multidisciplinar. Nacimos en 2006, tras a\u00f1os de experiencia trabajando con asociaciones, desarrollando en Espa\u00f1a y Europa el modelo AMC (Association Management Company) que est\u00e1 muy extendido","og:url":"https:\/\/www.rabuso.com\/es\/empresa\/presentacion\/","og:image":"https:\/\/www.rabuso.com\/es\/cms\/files\/RABUSO_logo_h_rgb.jpg","og:image:secure_url":"https:\/\/www.rabuso.com\/es\/cms\/files\/RABUSO_logo_h_rgb.jpg","og:image:width":945,"og:image:height":354,"article:published_time":"2012-03-10T12:42:28+00:00","article:modified_time":"2025-01-29T12:00:28+00:00","twitter:card":"summary_large_image","twitter:title":"Presentaci\u00f3n - RABUSO","twitter:description":"\u00a1Hola! Somos Rabuso, una empresa especializada en aportar soluciones para asociaciones empresariales y colectivos profesionales, prestando servicios en diversas \u00e1reas, como podr\u00e1s ver en nuestra web, con un equipo multidisciplinar. Nacimos en 2006, tras a\u00f1os de experiencia trabajando con asociaciones, desarrollando en Espa\u00f1a y Europa el modelo AMC (Association Management Company) que est\u00e1 muy extendido","twitter:image":"https:\/\/www.rabuso.com\/es\/cms\/files\/RABUSO_logo_h_rgb.jpg"},"aioseo_meta_data":{"post_id":"14","title":null,"description":null,"keywords":null,"keyphrases":{"focus":{"keyphrase":"","score":0,"analysis":{"keyphraseInTitle":{"score":0,"maxScore":9,"error":1}}},"additional":[]},"primary_term":null,"canonical_url":null,"og_title":null,"og_description":null,"og_object_type":"default","og_image_type":"default","og_image_url":null,"og_image_width":null,"og_image_height":null,"og_image_custom_url":null,"og_image_custom_fields":null,"og_video":"","og_custom_url":null,"og_article_section":null,"og_article_tags":null,"twitter_use_og":false,"twitter_card":"default","twitter_image_type":"default","twitter_image_url":null,"twitter_image_custom_url":null,"twitter_image_custom_fields":null,"twitter_title":null,"twitter_description":null,"schema":{"blockGraphs":[],"customGraphs":[],"default":{"data":{"Article":[],"Course":[],"Dataset":[],"FAQPage":[],"Movie":[],"Person":[],"Product":[],"ProductReview":[],"Car":[],"Recipe":[],"Service":[],"SoftwareApplication":[],"WebPage":[]},"graphName":"WebPage","isEnabled":true},"graphs":[]},"schema_type":"default","schema_type_options":null,"pillar_content":false,"robots_default":true,"robots_noindex":false,"robots_noarchive":false,"robots_nosnippet":false,"robots_nofollow":false,"robots_noimageindex":false,"robots_noodp":false,"robots_notranslate":false,"robots_max_snippet":"-1","robots_max_videopreview":"-1","robots_max_imagepreview":"large","priority":null,"frequency":"default","local_seo":null,"seo_analyzer_scan_date":"2025-08-15 07:10:18","breadcrumb_settings":null,"limit_modified_date":false,"open_ai":"{\"title\":{\"suggestions\":[],\"usage\":0},\"description\":{\"suggestions\":[],\"usage\":0}}","ai":null,"created":"2024-05-02 15:07:52","updated":"2025-08-15 07:10:18"},"aioseo_breadcrumb":"<div class=\"aioseo-breadcrumbs\"><span class=\"aioseo-breadcrumb\">\n\t<a href=\"https:\/\/www.rabuso.com\/es\" title=\"Home\">Home<\/a>\n<\/span><span class=\"aioseo-breadcrumb-separator\">&raquo;<\/span><span class=\"aioseo-breadcrumb\">\n\t<a href=\"https:\/\/www.rabuso.com\/es\/empresa\/\" title=\"Empresa\">Empresa<\/a>\n<\/span><span class=\"aioseo-breadcrumb-separator\">&raquo;<\/span><span class=\"aioseo-breadcrumb\">\n\tPresentaci\u00f3n\n<\/span><\/div>","aioseo_breadcrumb_json":[{"label":"Home","link":"https:\/\/www.rabuso.com\/es"},{"label":"Empresa","link":"https:\/\/www.rabuso.com\/es\/empresa\/"},{"label":"Presentaci\u00f3n","link":"https:\/\/www.rabuso.com\/es\/empresa\/presentacion\/"}],"_links":{"self":[{"href":"https:\/\/www.rabuso.com\/es\/wp-json\/wp\/v2\/pages\/14","targetHints":{"allow":["GET"]}}],"collection":[{"href":"https:\/\/www.rabuso.com\/es\/wp-json\/wp\/v2\/pages"}],"about":[{"href":"https:\/\/www.rabuso.com\/es\/wp-json\/wp\/v2\/types\/page"}],"author":[{"embeddable":true,"href":"https:\/\/www.rabuso.com\/es\/wp-json\/wp\/v2\/users\/373"}],"replies":[{"embeddable":true,"href":"https:\/\/www.rabuso.com\/es\/wp-json\/wp\/v2\/comments?post=14"}],"version-history":[{"count":0,"href":"https:\/\/www.rabuso.com\/es\/wp-json\/wp\/v2\/pages\/14\/revisions"}],"up":[{"embeddable":true,"href":"https:\/\/www.rabuso.com\/es\/wp-json\/wp\/v2\/pages\/4"}],"wp:attachment":[{"href":"https:\/\/www.rabuso.com\/es\/wp-json\/wp\/v2\/media?parent=14"}],"curies":[{"name":"wp","href":"https:\/\/api.w.org\/{rel}","templated":true}]}}